{"id":9746,"date":"2021-11-08T08:24:29","date_gmt":"2021-11-08T08:24:29","guid":{"rendered":"https:\/\/ograsmarknad.com\/?post_type=product&#038;p=9746"},"modified":"2026-03-14T06:51:06","modified_gmt":"2026-03-14T06:51:06","slug":"hawaiian-snow","status":"publish","type":"product","link":"https:\/\/ograsmarknad.com\/ga\/product\/hawaiian-snow\/","title":{"rendered":"Hawaiian Snow"},"content":{"rendered":"<h2 style=\"text-align: justify;\">An \u00e1it is fearr le Sneachta Hav\u00e1\u00edoch a cheannach ar l\u00edne sa tSualainn, san Fhionlainn, in \u00c5land, sa Danmhairg, san East\u00f3in, san Iorua ar phraghsanna saora \u2013 Ogras Marknad!<\/h2>\n<p style=\"text-align: justify;\"><strong>Is cine\u00e1l Sativa \u00edon \u00e9 Hawaiian Snow at\u00e1 ar d\u00edol a bhuaigh go leor craobhchom\u00f3rtais agus a tuairisc\u00edodh go bhfuil leibh\u00e9al THC suas le 24% ann. Mar gheall ar a \u00e9ifeachta\u00ed inchinne cumhachtacha, ceoacha agus mearbhallta, aicm\u00edtear an cine\u00e1l seo mar Haze.<\/strong><\/p>\n<p style=\"text-align: justify;\"><a href=\"https:\/\/ograsmarknad.com\/ga\/product\/hawaiian-snow\/\">Hawaiian Snows<\/a> Is minic a bh\u00edonn fuinneamh agus bunaidh ag gabh\u00e1il le gi\u00famar ard Hawaiian Snow. Tosa\u00edonn na tonnta sonais seo sa cheann agus scaipeann siad ar fud an choirp, ag suaimhneas agus ag sc\u00edth a ligean d\u00f3. B\u00edonn greim\u00edn\u00ed cumhachtacha ag roinnt \u00fas\u00e1ideoir\u00ed, agus b\u00edonn na h\u00e9ifeachta\u00ed inchinne cumhachtach agus spreag\u00fail ag daoine eile. T\u00e1 boladh p\u00e9ine agus bl\u00e1thanna i measc na bhfo-iarsma\u00ed f\u00e9ideartha at\u00e1 sa chine\u00e1l seo. Is fo-iarsma\u00ed f\u00e9ideartha iad bata\u00ed cad\u00e1is, s\u00faile tirime, mearbhall, s\u00edce\u00f3is n\u00f3 eagla \u2013 ordaigh Hawaiian Snow ar l\u00edne san Eoraip, sa tSualainn, san Fhionlainn, in \u00c5land, sa Danmhairg, san East\u00f3in, san Iorua anois!<\/p>\n<h3 style=\"text-align: justify;\">Gn\u00e9ithe<\/h3>\n<p style=\"text-align: justify;\">T\u00e1 Sneachta Hav\u00e1\u00edoch iontach i rith an lae agus is minic a mholtar \u00e9 do dhaoine at\u00e1 strusmhar, imn\u00edoch n\u00f3 d\u00falagarach. Ar an l\u00e1imh eile, is f\u00e9idir leis na h\u00e9ifeachta\u00ed fisici\u00fala cabhr\u00fa le pian ainsealach, amhail pian comhph\u00e1irteach. Is f\u00e9idir athlasadh a laghd\u00fa freisin tr\u00ed nochtadh. \u00das\u00e1ideann othair \u00e9 uaireanta chun masmas agus neamhoird itheach\u00e1in a ch\u00f3ire\u00e1il. D\u00e9antar m\u00edograin, glaucoma, tinneas cinn agus insomnia a ch\u00f3ire\u00e1il leis ar bhealach n\u00edos l\u00fa.<\/p>\n<p style=\"text-align: justify;\">Is iad na cnoic, go h\u00e1irithe Cnoic \u00edon, Cnoic Hav\u00e1\u00edoch agus Cnoic Neville, foinse Sneachta Hav\u00e1\u00edoch. D'fhorbair Green House Seeds an cine\u00e1l ar f\u00e9idir \u00e9 a fh\u00e1s laistigh agus lasmuigh. Laistigh, is f\u00e9idir leis na planda\u00ed seo suas le 700 gram in aghaidh an mh\u00e9adair chearnaigh a thabhairt agus bl\u00e1thanna a dh\u00e9anamh ar feadh aon seachtain d\u00e9ag. De ghn\u00e1th, b\u00edonn siad aib\u00ed timpeall mh\u00ed an Mheithimh sa Leathsf\u00e9ar Theas. F\u00e1star iad sa Leathsf\u00e9ar Thuaidh idir Deireadh F\u00f3mhair agus Samhain agus is f\u00e9idir leo suas le 1200 gram in aghaidh an phlanda a thabhairt.<\/p>\n<h3 style=\"text-align: justify;\">Roinn sonra\u00ed d\u2019ordaithe inniu!<\/h3>\n<p style=\"text-align: justify;\"><a href=\"https:\/\/ograsmarknad.com\/ga\/\">Ogras Marknad<\/a> ar f\u00e1il i gc\u00f3na\u00ed nuair is mian leat Sneachta Hav\u00e1\u00edoch a cheannach ar l\u00edne san Eoraip, sa tSualainn, san Fhionlainn, in \u00c5land, sa Danmhairg, san East\u00f3in, san Iorua. D\u00e9anfaimid d\u2019ord\u00fa a phac\u00e1il go cinnte agus a sheoladh chugat go s\u00e1bh\u00e1ilte laistigh de thr\u00e9imhse ghearr ama. Is f\u00e9idir leat teagmh\u00e1il a dh\u00e9anamh linn go d\u00edreach agus do riachtanais maidir le Ogras Marknad at\u00e1 ar d\u00edol a roinnt linn. T\u00e1imid anseo chun \u00e9 a sheachadadh in am. Cuir d\u2019ord\u00fa isteach anois!<\/p>","protected":false},"excerpt":{"rendered":"<p>For Wholesale please contact us at<br \/>\nWickr ID: @williamspro<br \/>\nor via Whatsapp<br \/>\n<img loading=\"lazy\" decoding=\"async\" class=\"size-full wp-image-10162 alignleft\" src=\"https:\/\/ograsmarknad.com\/wp-content\/uploads\/2021\/11\/trust.jpg\" alt=\"Trust German\" width=\"300\" height=\"129\" srcset=\"https:\/\/ograsmarknad.com\/wp-content\/uploads\/2021\/11\/trust.jpg 300w, https:\/\/ograsmarknad.com\/wp-content\/uploads\/2021\/11\/trust-18x8.jpg 18w\" sizes=\"auto, (max-width: 300px) 100vw, 300px\" \/><\/p>","protected":false},"featured_media":9751,"comment_status":"open","ping_status":"closed","template":"","meta":{"_joinchat":[]},"product_cat":[71],"product_tag":[],"class_list":{"0":"post-9746","1":"product","2":"type-product","3":"status-publish","4":"has-post-thumbnail","6":"product_cat-gras-sw","8":"first","9":"instock","10":"shipping-taxable","11":"purchasable","12":"product-type-variable","13":"has-default-attributes"},"yoast_head":"<!-- This site is optimized with the Yoast SEO plugin v26.3 - https:\/\/yoast.com\/wordpress\/plugins\/seo\/ -->\n<title>Hawaiian Snow ogr\u00e4ssort till salu \u2013 K\u00f6p Hawaiian Snow online<\/title>\n<meta name=\"description\" content=\"K\u00f6p Hawaiian Snow ogr\u00e4ssort online fr\u00e5n Ograsmarknad. Hawaiian Snow till salu k\u00e4nd f\u00f6r sina upplyftande sativaeffekter och tropiska cannabisarom.\" \/>\n<meta name=\"robots\" content=\"index, follow, max-snippet:-1, max-image-preview:large, max-video-preview:-1\" \/>\n<link rel=\"canonical\" href=\"https:\/\/ograsmarknad.com\/ga\/product\/hawaiian-snow\/\" \/>\n<meta property=\"og:locale\" content=\"en_US\" \/>\n<meta property=\"og:type\" content=\"article\" \/>\n<meta property=\"og:title\" content=\"Hawaiian Snow ogr\u00e4ssort till salu \u2013 K\u00f6p Hawaiian Snow online\" \/>\n<meta property=\"og:description\" content=\"K\u00f6p Hawaiian Snow ogr\u00e4ssort online fr\u00e5n Ograsmarknad. Hawaiian Snow till salu k\u00e4nd f\u00f6r sina upplyftande sativaeffekter och tropiska cannabisarom.\" \/>\n<meta property=\"og:url\" content=\"https:\/\/ograsmarknad.com\/ga\/product\/hawaiian-snow\/\" \/>\n<meta property=\"og:site_name\" content=\"Ogras Marknad\" \/>\n<meta property=\"article:modified_time\" content=\"2026-03-14T06:51:06+00:00\" \/>\n<meta property=\"og:image\" content=\"https:\/\/ograsmarknad.com\/wp-content\/uploads\/2021\/11\/hawaiian-snow.jpg\" \/>\n\t<meta property=\"og:image:width\" content=\"600\" \/>\n\t<meta property=\"og:image:height\" content=\"600\" \/>\n\t<meta property=\"og:image:type\" content=\"image\/jpeg\" \/>\n<meta name=\"twitter:card\" content=\"summary_large_image\" \/>\n<meta name=\"twitter:label1\" content=\"Est. reading time\" \/>\n\t<meta name=\"twitter:data1\" content=\"2 minutes\" \/>\n<!-- \/ Yoast SEO plugin. -->","yoast_head_json":{"title":"Cine\u00e1l luibh Hawaiian Snow ar d\u00edol \u2013 Ceannaigh Hawaiian Snow ar l\u00edne","description":"Ceannaigh an cine\u00e1l luibh Hawaiian Snow ar l\u00edne \u00f3 Weed Market. T\u00e1 Hawaiian Snow ar d\u00edol ar a dtugtar a chuid \u00e9ifeachta\u00ed sativa spreag\u00fala agus a bholadh cannabais tr\u00f3paiceach.","robots":{"index":"index","follow":"follow","max-snippet":"max-snippet:-1","max-image-preview":"max-image-preview:large","max-video-preview":"max-video-preview:-1"},"canonical":"https:\/\/ograsmarknad.com\/ga\/product\/hawaiian-snow\/","og_locale":"en_US","og_type":"article","og_title":"Hawaiian Snow ogr\u00e4ssort till salu \u2013 K\u00f6p Hawaiian Snow online","og_description":"K\u00f6p Hawaiian Snow ogr\u00e4ssort online fr\u00e5n Ograsmarknad. Hawaiian Snow till salu k\u00e4nd f\u00f6r sina upplyftande sativaeffekter och tropiska cannabisarom.","og_url":"https:\/\/ograsmarknad.com\/ga\/product\/hawaiian-snow\/","og_site_name":"Ogras Marknad","article_modified_time":"2026-03-14T06:51:06+00:00","og_image":[{"width":600,"height":600,"url":"https:\/\/ograsmarknad.com\/wp-content\/uploads\/2021\/11\/hawaiian-snow.jpg","type":"image\/jpeg"}],"twitter_card":"summary_large_image","twitter_misc":{"Est. reading time":"2 minutes"},"schema":{"@context":"https:\/\/schema.org","@graph":[{"@type":"WebPage","@id":"https:\/\/ograsmarknad.com\/product\/hawaiian-snow\/","url":"https:\/\/ograsmarknad.com\/product\/hawaiian-snow\/","name":"Cine\u00e1l luibh Hawaiian Snow ar d\u00edol \u2013 Ceannaigh Hawaiian Snow ar l\u00edne","isPartOf":{"@id":"https:\/\/ograsmarknad.com\/#website"},"primaryImageOfPage":{"@id":"https:\/\/ograsmarknad.com\/product\/hawaiian-snow\/#primaryimage"},"image":{"@id":"https:\/\/ograsmarknad.com\/product\/hawaiian-snow\/#primaryimage"},"thumbnailUrl":"https:\/\/ograsmarknad.com\/wp-content\/uploads\/2021\/11\/hawaiian-snow.jpg","datePublished":"2021-11-08T08:24:29+00:00","dateModified":"2026-03-14T06:51:06+00:00","description":"Ceannaigh an cine\u00e1l luibh Hawaiian Snow ar l\u00edne \u00f3 Weed Market. T\u00e1 Hawaiian Snow ar d\u00edol ar a dtugtar a chuid \u00e9ifeachta\u00ed sativa spreag\u00fala agus a bholadh cannabais tr\u00f3paiceach.","breadcrumb":{"@id":"https:\/\/ograsmarknad.com\/product\/hawaiian-snow\/#breadcrumb"},"inLanguage":"ga","potentialAction":[{"@type":"ReadAction","target":["https:\/\/ograsmarknad.com\/product\/hawaiian-snow\/"]}]},{"@type":"ImageObject","inLanguage":"ga","@id":"https:\/\/ograsmarknad.com\/product\/hawaiian-snow\/#primaryimage","url":"https:\/\/ograsmarknad.com\/wp-content\/uploads\/2021\/11\/hawaiian-snow.jpg","contentUrl":"https:\/\/ograsmarknad.com\/wp-content\/uploads\/2021\/11\/hawaiian-snow.jpg","width":600,"height":600,"caption":"hawaiian-snow"},{"@type":"BreadcrumbList","@id":"https:\/\/ograsmarknad.com\/product\/hawaiian-snow\/#breadcrumb","itemListElement":[{"@type":"ListItem","position":1,"name":"Home","item":"https:\/\/ograsmarknad.com\/"},{"@type":"ListItem","position":2,"name":"Shop","item":"https:\/\/ograsmarknad.com\/shop\/"},{"@type":"ListItem","position":3,"name":"Hawaiian Snow"}]},{"@type":"WebSite","@id":"https:\/\/ograsmarknad.com\/#website","url":"https:\/\/ograsmarknad.com\/","name":"Ogras Marknad","description":"Ogras Marknad","potentialAction":[{"@type":"SearchAction","target":{"@type":"EntryPoint","urlTemplate":"https:\/\/ograsmarknad.com\/?s={search_term_string}"},"query-input":{"@type":"PropertyValueSpecification","valueRequired":true,"valueName":"search_term_string"}}],"inLanguage":"ga"}]}},"_links":{"self":[{"href":"https:\/\/ograsmarknad.com\/ga\/wp-json\/wp\/v2\/product\/9746","targetHints":{"allow":["GET"]}}],"collection":[{"href":"https:\/\/ograsmarknad.com\/ga\/wp-json\/wp\/v2\/product"}],"about":[{"href":"https:\/\/ograsmarknad.com\/ga\/wp-json\/wp\/v2\/types\/product"}],"replies":[{"embeddable":true,"href":"https:\/\/ograsmarknad.com\/ga\/wp-json\/wp\/v2\/comments?post=9746"}],"wp:featuredmedia":[{"embeddable":true,"href":"https:\/\/ograsmarknad.com\/ga\/wp-json\/wp\/v2\/media\/9751"}],"wp:attachment":[{"href":"https:\/\/ograsmarknad.com\/ga\/wp-json\/wp\/v2\/media?parent=9746"}],"wp:term":[{"taxonomy":"product_cat","embeddable":true,"href":"https:\/\/ograsmarknad.com\/ga\/wp-json\/wp\/v2\/product_cat?post=9746"},{"taxonomy":"product_tag","embeddable":true,"href":"https:\/\/ograsmarknad.com\/ga\/wp-json\/wp\/v2\/product_tag?post=9746"}],"curies":[{"name":"wp","href":"https:\/\/api.w.org\/{rel}","templated":true}]}}