{"id":9752,"date":"2021-11-08T08:26:11","date_gmt":"2021-11-08T08:26:11","guid":{"rendered":"https:\/\/ograsmarknad.com\/?post_type=product&#038;p=9752"},"modified":"2026-03-14T06:50:54","modified_gmt":"2026-03-14T06:50:54","slug":"lemon-haze","status":"publish","type":"product","link":"https:\/\/ograsmarknad.com\/ga\/product\/lemon-haze\/","title":{"rendered":"Lemon Haze"},"content":{"rendered":"<h2 style=\"text-align: justify;\">Ceannaigh Lemon Haze Ar L\u00edne sa tSualainn, san Fhionlainn, in \u00c5land, sa Danmhairg, san East\u00f3in, san Iorua ar na praghsanna is fearr ar Ogras Marknad!<\/h2>\n<p style=\"text-align: justify;\"><a href=\"https:\/\/ograsmarknad.com\/ga\/product\/lemon-haze\/\">Cnoc\u00e1n L\u00edom\u00f3ide ar d\u00edol<\/a> at\u00e1 ar d\u00edol a bhfuil fr\u00e9amhacha l\u00e1idre aige i gcult\u00far cannabais an Ch\u00f3sta Thiar. Rinneadh trasn\u00fa idir Silver Haze agus Lemon Skunk chun an hibrideach gleoite seo at\u00e1 ceannasach le Sativa a chruth\u00fa. A bhu\u00edochas leis an gcumhra agus an blas g\u00e9ar, citris agus p\u00e9ine at\u00e1 ar leith, in \u00e9ineacht le n\u00e1d\u00far g\u00e1ire agus spreag\u00fail an chine\u00e1il, is rogha dhomhanda \u00e9. Ceannaigh Lemon Haze ar l\u00edne san Eoraip, sa tSualainn, san Fhionlainn, in \u00c5land, sa Danmhairg, san East\u00f3in, san Iorua in\u00e1r siopa ar l\u00edne inniu!<\/p>\n<h3 style=\"text-align: justify;\">G\u00e9ineola\u00edocht<\/h3>\n<p style=\"text-align: justify;\">T\u00e1 Lemon Skunk agus Super Silver Haze trasnaithe chun an cine\u00e1l cannabais seo a chruth\u00fa.<\/p>\n<h3 style=\"text-align: justify;\">\u00c9ifeachta\u00ed Ceilg L\u00edom\u00f3ide<\/h3>\n<p style=\"text-align: justify;\">L\u00e9ir\u00edonn t\u00e1st\u00e1lacha saotharlainne cumhacht an chine\u00e1il seo don hibrideach foirfe seo. T\u00e1 me\u00e1n\u00e1bhar THC de 15-18% sa chine\u00e1il seo, at\u00e1 s\u00e1ch ard do hibrideach ceannasach Sativa. Crutha\u00edonn c\u00f3imheasa l\u00e1idre THC agus CBD \u00edsle (1% CBD) Lemon Haze ard spreag\u00fail, s\u00edcideileach at\u00e1 l\u00e1n de thonnta sona agus aoibh gh\u00e1ire.<\/p>\n<p style=\"text-align: justify;\">A bhu\u00edochas d\u00e1 air\u00edonna inchinne, spreag\u00fala at\u00e1 ag an gcine\u00e1l seo, t\u00e1 s\u00e9 den scoth chun imn\u00ed, d\u00falagar agus strus ginear\u00e1lta \u00f3n saol laeth\u00fail a ch\u00f3ire\u00e1il. F\u00e1gann s\u00e9 seo gur cine\u00e1l den scoth \u00e9 le haghaidh gach lae mar go gcabhra\u00edonn s\u00e9 le ti\u00fachan agus go gcuireann s\u00e9 rannph\u00e1irt\u00edocht sh\u00f3isialta chun cinn. T\u00e1 na h\u00e9ifeachta\u00ed faoisimh pian agus suaimhneacha measartha, rud at\u00e1 tipici\u00fail do chine\u00e1lacha at\u00e1 ceannasach ag Sativa.<\/p>\n<h3 style=\"text-align: justify;\">Dealramh agus boladh<\/h3>\n<p style=\"text-align: justify;\">Is \u00e9 an ghn\u00e9 is suntasa\u00ed de Lemon Haze a bholadh mealltach, a chuireann l\u00edoman\u00e1id \u00far-bhr\u00faite i gcuimhne d\u00fainn - meascann craiceann citris s\u00famhar le fo-th\u00f3n milis, p\u00e9ineach chun boladh taitneamhach a chruth\u00fa. T\u00e1 bachl\u00f3ga c\u00f3n\u00fala pac\u00e1ilte go dl\u00fath agus t\u00e1 go leor tr\u00edch\u00f3im bhoga le feice\u00e1il orthu. Neada\u00edonn c\u00fapla pistil or\u00e1iste \u00e9adrom go n\u00e9ata sna bl\u00e1thanna glasa \u00e9adroma, agus nuair a bhriseann siad \u00f3na ch\u00e9ile, scaoileann na bachl\u00f3ga n\u00edos m\u00f3 THC f\u00f3s.<\/p>\n<p style=\"text-align: justify;\">Is c\u00fais le euphoria cheirbreach an cine\u00e1l marijuana seo agus ina dhiaidh sin glas tolg. M\u00e9ada\u00edonn s\u00e9 leibh\u00e9il fuinnimh, g\u00e1ire, naisc sh\u00f3isialta, faoiseamh struis, br\u00f3n agus masmas, \u00e9ifeachta\u00ed measartha faoisimh pian, agus spreagadh ocrais.<\/p>\n<p style=\"text-align: justify;\"><a href=\"https:\/\/ograsmarknad.com\/ga\/\">Glaoigh<\/a> linn ag Ogras Marknad agus roinn sonra\u00ed d\u2019ordaithe le haghaidh Lemon Haze at\u00e1 ar d\u00edol ar phraghsanna r\u00e9as\u00fanta. Ordaigh Lemon Haze ar l\u00edne san Eoraip, sa tSualainn, san Fhionlainn, in \u00c5land, sa Danmhairg, san East\u00f3in, san Iorua anois!<\/p>","protected":false},"excerpt":{"rendered":"<p>For Wholesale please contact us at<br \/>\nWickr ID: @williamspro<br \/>\nor via Whatsapp<br \/>\n<img loading=\"lazy\" decoding=\"async\" class=\"size-full wp-image-10162 alignleft\" src=\"https:\/\/ograsmarknad.com\/wp-content\/uploads\/2021\/11\/trust.jpg\" alt=\"Trust German\" width=\"300\" height=\"129\" srcset=\"https:\/\/ograsmarknad.com\/wp-content\/uploads\/2021\/11\/trust.jpg 300w, https:\/\/ograsmarknad.com\/wp-content\/uploads\/2021\/11\/trust-18x8.jpg 18w\" sizes=\"auto, (max-width: 300px) 100vw, 300px\" \/><\/p>","protected":false},"featured_media":9757,"comment_status":"open","ping_status":"closed","template":"","meta":{"_joinchat":[]},"product_cat":[71],"product_tag":[],"class_list":{"0":"post-9752","1":"product","2":"type-product","3":"status-publish","4":"has-post-thumbnail","6":"product_cat-gras-sw","8":"first","9":"instock","10":"shipping-taxable","11":"purchasable","12":"product-type-variable","13":"has-default-attributes"},"yoast_head":"<!-- This site is optimized with the Yoast SEO plugin v26.3 - https:\/\/yoast.com\/wordpress\/plugins\/seo\/ -->\n<title>Lemon Haze ogr\u00e4ssort till salu \u2013 K\u00f6p Lemon Haze online<\/title>\n<meta name=\"description\" content=\"K\u00f6p Lemon Haze ogr\u00e4ssort online fr\u00e5n Ograsmarknad. Lemon Haze till salu med citruscitronsmak och upplyftande energiska cannabiseffekter.\" \/>\n<meta name=\"robots\" content=\"index, follow, max-snippet:-1, max-image-preview:large, max-video-preview:-1\" \/>\n<link rel=\"canonical\" href=\"https:\/\/ograsmarknad.com\/ga\/product\/lemon-haze\/\" \/>\n<meta property=\"og:locale\" content=\"en_US\" \/>\n<meta property=\"og:type\" content=\"article\" \/>\n<meta property=\"og:title\" content=\"Lemon Haze ogr\u00e4ssort till salu \u2013 K\u00f6p Lemon Haze online\" \/>\n<meta property=\"og:description\" content=\"K\u00f6p Lemon Haze ogr\u00e4ssort online fr\u00e5n Ograsmarknad. Lemon Haze till salu med citruscitronsmak och upplyftande energiska cannabiseffekter.\" \/>\n<meta property=\"og:url\" content=\"https:\/\/ograsmarknad.com\/ga\/product\/lemon-haze\/\" \/>\n<meta property=\"og:site_name\" content=\"Ogras Marknad\" \/>\n<meta property=\"article:modified_time\" content=\"2026-03-14T06:50:54+00:00\" \/>\n<meta property=\"og:image\" content=\"https:\/\/ograsmarknad.com\/wp-content\/uploads\/2021\/11\/lemon-haze.jpg\" \/>\n\t<meta property=\"og:image:width\" content=\"600\" \/>\n\t<meta property=\"og:image:height\" content=\"600\" \/>\n\t<meta property=\"og:image:type\" content=\"image\/jpeg\" \/>\n<meta name=\"twitter:card\" content=\"summary_large_image\" \/>\n<meta name=\"twitter:label1\" content=\"Est. reading time\" \/>\n\t<meta name=\"twitter:data1\" content=\"2 minutes\" \/>\n<!-- \/ Yoast SEO plugin. -->","yoast_head_json":{"title":"Cine\u00e1l fiail\u00ed Lemon Haze ar d\u00edol \u2013 Ceannaigh Lemon Haze ar l\u00edne","description":"Ceannaigh an cine\u00e1l fiail\u00ed Lemon Haze ar l\u00edne \u00f3 Ograsmarknad. Lemon Haze ar d\u00edol le blas l\u00edom\u00f3ide citris agus \u00e9ifeachta\u00ed cannabais fuinni\u00fala spreag\u00fala.","robots":{"index":"index","follow":"follow","max-snippet":"max-snippet:-1","max-image-preview":"max-image-preview:large","max-video-preview":"max-video-preview:-1"},"canonical":"https:\/\/ograsmarknad.com\/ga\/product\/lemon-haze\/","og_locale":"en_US","og_type":"article","og_title":"Lemon Haze ogr\u00e4ssort till salu \u2013 K\u00f6p Lemon Haze online","og_description":"K\u00f6p Lemon Haze ogr\u00e4ssort online fr\u00e5n Ograsmarknad. Lemon Haze till salu med citruscitronsmak och upplyftande energiska cannabiseffekter.","og_url":"https:\/\/ograsmarknad.com\/ga\/product\/lemon-haze\/","og_site_name":"Ogras Marknad","article_modified_time":"2026-03-14T06:50:54+00:00","og_image":[{"width":600,"height":600,"url":"https:\/\/ograsmarknad.com\/wp-content\/uploads\/2021\/11\/lemon-haze.jpg","type":"image\/jpeg"}],"twitter_card":"summary_large_image","twitter_misc":{"Est. reading time":"2 minutes"},"schema":{"@context":"https:\/\/schema.org","@graph":[{"@type":"WebPage","@id":"https:\/\/ograsmarknad.com\/product\/lemon-haze\/","url":"https:\/\/ograsmarknad.com\/product\/lemon-haze\/","name":"Cine\u00e1l fiail\u00ed Lemon Haze ar d\u00edol \u2013 Ceannaigh Lemon Haze ar l\u00edne","isPartOf":{"@id":"https:\/\/ograsmarknad.com\/#website"},"primaryImageOfPage":{"@id":"https:\/\/ograsmarknad.com\/product\/lemon-haze\/#primaryimage"},"image":{"@id":"https:\/\/ograsmarknad.com\/product\/lemon-haze\/#primaryimage"},"thumbnailUrl":"https:\/\/ograsmarknad.com\/wp-content\/uploads\/2021\/11\/lemon-haze.jpg","datePublished":"2021-11-08T08:26:11+00:00","dateModified":"2026-03-14T06:50:54+00:00","description":"Ceannaigh an cine\u00e1l fiail\u00ed Lemon Haze ar l\u00edne \u00f3 Ograsmarknad. Lemon Haze ar d\u00edol le blas l\u00edom\u00f3ide citris agus \u00e9ifeachta\u00ed cannabais fuinni\u00fala spreag\u00fala.","breadcrumb":{"@id":"https:\/\/ograsmarknad.com\/product\/lemon-haze\/#breadcrumb"},"inLanguage":"ga","potentialAction":[{"@type":"ReadAction","target":["https:\/\/ograsmarknad.com\/product\/lemon-haze\/"]}]},{"@type":"ImageObject","inLanguage":"ga","@id":"https:\/\/ograsmarknad.com\/product\/lemon-haze\/#primaryimage","url":"https:\/\/ograsmarknad.com\/wp-content\/uploads\/2021\/11\/lemon-haze.jpg","contentUrl":"https:\/\/ograsmarknad.com\/wp-content\/uploads\/2021\/11\/lemon-haze.jpg","width":600,"height":600,"caption":"lemon-haze"},{"@type":"BreadcrumbList","@id":"https:\/\/ograsmarknad.com\/product\/lemon-haze\/#breadcrumb","itemListElement":[{"@type":"ListItem","position":1,"name":"Home","item":"https:\/\/ograsmarknad.com\/"},{"@type":"ListItem","position":2,"name":"Shop","item":"https:\/\/ograsmarknad.com\/shop\/"},{"@type":"ListItem","position":3,"name":"Lemon Haze"}]},{"@type":"WebSite","@id":"https:\/\/ograsmarknad.com\/#website","url":"https:\/\/ograsmarknad.com\/","name":"Ogras Marknad","description":"Ogras Marknad","potentialAction":[{"@type":"SearchAction","target":{"@type":"EntryPoint","urlTemplate":"https:\/\/ograsmarknad.com\/?s={search_term_string}"},"query-input":{"@type":"PropertyValueSpecification","valueRequired":true,"valueName":"search_term_string"}}],"inLanguage":"ga"}]}},"_links":{"self":[{"href":"https:\/\/ograsmarknad.com\/ga\/wp-json\/wp\/v2\/product\/9752","targetHints":{"allow":["GET"]}}],"collection":[{"href":"https:\/\/ograsmarknad.com\/ga\/wp-json\/wp\/v2\/product"}],"about":[{"href":"https:\/\/ograsmarknad.com\/ga\/wp-json\/wp\/v2\/types\/product"}],"replies":[{"embeddable":true,"href":"https:\/\/ograsmarknad.com\/ga\/wp-json\/wp\/v2\/comments?post=9752"}],"wp:featuredmedia":[{"embeddable":true,"href":"https:\/\/ograsmarknad.com\/ga\/wp-json\/wp\/v2\/media\/9757"}],"wp:attachment":[{"href":"https:\/\/ograsmarknad.com\/ga\/wp-json\/wp\/v2\/media?parent=9752"}],"wp:term":[{"taxonomy":"product_cat","embeddable":true,"href":"https:\/\/ograsmarknad.com\/ga\/wp-json\/wp\/v2\/product_cat?post=9752"},{"taxonomy":"product_tag","embeddable":true,"href":"https:\/\/ograsmarknad.com\/ga\/wp-json\/wp\/v2\/product_tag?post=9752"}],"curies":[{"name":"wp","href":"https:\/\/api.w.org\/{rel}","templated":true}]}}