{"id":9759,"date":"2021-11-08T08:46:54","date_gmt":"2021-11-08T08:46:54","guid":{"rendered":"https:\/\/ograsmarknad.com\/?post_type=product&#038;p=9759"},"modified":"2026-03-16T10:34:58","modified_gmt":"2026-03-16T10:34:58","slug":"orange-kush","status":"publish","type":"product","link":"https:\/\/ograsmarknad.com\/ga\/product\/orange-kush\/","title":{"rendered":"Orange Kush"},"content":{"rendered":"<h2 style=\"text-align: justify;\">Ord\u00fa Orange Kush ar l\u00edne san Eoraip, sa tSualainn, san Fhionlainn, san \u00c5land, sa Danmhairg, san East\u00f3in, san Iorua, ar f\u00e1il ag na praghsanna is fearr inniu ag Ogras Marknad!<\/h2>\n<p style=\"text-align: justify;\">Chruthaigh Green Devil Genetics Orange Kush, arb \u00e9 sliocht Orange Bud agus <a href=\"https:\/\/ograsmarknad.com\/ga\/product\/orange-kush\/\">OG Kush<\/a>. T\u00e1 blas citris milis agus spicy aige a shocra\u00edonn an corp agus a arda\u00edonn na biot\u00e1ill\u00ed. T\u00e1 bachl\u00f3ga fada dl\u00fath ar an mbr\u00fa seo le go leor rib\u00ed or\u00e1iste agus criostail trichome agus t\u00e1 s\u00e9 frithsheasmhach in aghaidh an chuid is m\u00f3 de lotnaid\u00ed agus m\u00fanla\u00ed. Ceannaigh Orange Kush ar l\u00edne san Eoraip, sa tSualainn, san Fhionlainn, san \u00c5land, sa Danmhairg, san East\u00f3in, san Iorua \u00f3n\u00e1r siopa ar l\u00edne inniu.<\/p>\n<p style=\"text-align: justify;\">Is sliocht Orange Bud agus OG Kush \u00e9 Orange Kush ar d\u00edol. T\u00e1 blas citris milis agus spicy aige a shocra\u00edonn an corp agus a arda\u00edonn na biot\u00e1ill\u00ed. T\u00e1 bachl\u00f3ga fada dl\u00fath ar an mbr\u00fa seo le go leor rib\u00ed or\u00e1iste agus criostail trichome agus t\u00e1 s\u00e9 in aghaidh an chuid is m\u00f3 lotnaid\u00ed agus m\u00fanla.<\/p>\n<p style=\"text-align: justify;\">Crutha\u00edodh an br\u00fa marijuana hibrideach ceannasach Sativa seo le bheith ina shaothr\u00f3ir inbhuanaithe agus iontaofa. T\u00e1 planda\u00ed Org\u00e1nach Kush de shliocht tuismitheoir\u00ed OG Kush agus SAGE agus, cos\u00fail le go leor sativas, t\u00f3gann s\u00e9 10-11 seachtaine chun bl\u00e1th\u00fa. T\u00e1 go leor duilleoga dorcha glasa ar a gcuid brains\u00ed ag na planda\u00ed seo, ach t\u00e1 a gcuid bachl\u00f3ga glas \u00e9adrom agus boladh cos\u00fail le c\u00f3in \u00farghearrtha. Is rogha iontach \u00e9 Org\u00e1nach Kush do ard cheirbreach a fh\u00e9adfaidh t\u00fa a spreagadh le bheith n\u00edos cruthaith\u00ed.<\/p>\n<h3 style=\"text-align: justify;\">Dealramh<\/h3>\n<p style=\"text-align: justify;\">T\u00e1 s\u00e9 glas \u00e9adrom le gruaig or\u00e1iste tiubh geal. Glow na criostail ar s\u00e9 freisin sa solas.<\/p>\n<h3 style=\"text-align: justify;\">Aroma<\/h3>\n<p style=\"text-align: justify;\">T\u00e1 boladh \u00e9adrom luibheanna cr\u00e9achta ach n\u00edl aon bholadh breise ann. R\u00fanda, ar nd\u00f3igh.<\/p>\n<h3 style=\"text-align: justify;\">Blas<\/h3>\n<p style=\"text-align: justify;\">N\u00edl m\u00f3r\u00e1n blas ann ach an oiread, ar an mbealach c\u00e9anna nach bhfuil m\u00f3r\u00e1n boladh ann. T\u00e1 blas \u00e9adrom, beag\u00e1n cr\u00e9iteach, luibhe air.<\/p>\n<h3 style=\"text-align: justify;\">\u00c9ifeachta\u00ed<\/h3>\n<p style=\"text-align: justify;\">Is fearr \u00e9 a \u00fas\u00e1id ar an o\u00edche. T\u00e1 \u00e9ifeachta\u00ed t\u00e1scacha l\u00e1idre aige le ceann measartha soil\u00e9ir. T\u00e1 s\u00e9 \u00e9ifeachtach i gcoinne pian agus l\u00e1ithreacht r\u00fanda.<\/p>\n<h3 style=\"text-align: justify;\">Sochair<\/h3>\n<p style=\"text-align: justify;\">Cuid\u00edonn Orange Kush le goile a mh\u00e9ad\u00fa agus t\u00e1 s\u00e9 go maith le haghaidh masmas, faoiseamh pian \u00e9adrom, strus, asma agus sc\u00edthe. M\u00e1 t\u00e1 suim agat i Orange Kush a cheannach ar l\u00edne san Eoraip, sa tSualainn, san Fhionlainn, san \u00c5land, sa Danmhairg, san East\u00f3in, san Iorua, d\u00e9an teagmh\u00e1il linn go d\u00edreach agus roinnt sonra\u00ed do ord\u00fa. D\u00e9an teagmh\u00e1il inniu!<\/p>","protected":false},"excerpt":{"rendered":"<p>For Wholesale please contact us at<br \/>\nWickr ID: @williamspro<br \/>\nor via Whatsapp<br \/>\n<img loading=\"lazy\" decoding=\"async\" class=\"size-full wp-image-10162 alignleft\" src=\"https:\/\/ograsmarknad.com\/wp-content\/uploads\/2021\/11\/trust.jpg\" alt=\"Trust German\" width=\"300\" height=\"129\" srcset=\"https:\/\/ograsmarknad.com\/wp-content\/uploads\/2021\/11\/trust.jpg 300w, https:\/\/ograsmarknad.com\/wp-content\/uploads\/2021\/11\/trust-18x8.jpg 18w\" sizes=\"auto, (max-width: 300px) 100vw, 300px\" \/><\/p>","protected":false},"featured_media":9764,"comment_status":"open","ping_status":"closed","template":"","meta":{"_joinchat":[]},"product_cat":[71],"product_tag":[],"class_list":{"0":"post-9759","1":"product","2":"type-product","3":"status-publish","4":"has-post-thumbnail","6":"product_cat-gras-sw","8":"first","9":"instock","10":"shipping-taxable","11":"purchasable","12":"product-type-variable","13":"has-default-attributes"},"yoast_head":"<!-- This site is optimized with the Yoast SEO plugin v26.3 - https:\/\/yoast.com\/wordpress\/plugins\/seo\/ -->\n<title>Orange Kush ogr\u00e4ssort till salu \u2013 K\u00f6p Orange Kush online<\/title>\n<meta name=\"description\" content=\"K\u00f6p Orange Kush ogr\u00e4ssort online fr\u00e5n Ograsmarknad. Orange Kush till salu med citrusarom och avslappnande indica-dominanta cannabiseffekter.\" \/>\n<meta name=\"robots\" content=\"index, follow, max-snippet:-1, max-image-preview:large, max-video-preview:-1\" \/>\n<link rel=\"canonical\" href=\"https:\/\/ograsmarknad.com\/ga\/product\/orange-kush\/\" \/>\n<meta property=\"og:locale\" content=\"en_US\" \/>\n<meta property=\"og:type\" content=\"article\" \/>\n<meta property=\"og:title\" content=\"Orange Kush ogr\u00e4ssort till salu \u2013 K\u00f6p Orange Kush online\" \/>\n<meta property=\"og:description\" content=\"K\u00f6p Orange Kush ogr\u00e4ssort online fr\u00e5n Ograsmarknad. Orange Kush till salu med citrusarom och avslappnande indica-dominanta cannabiseffekter.\" \/>\n<meta property=\"og:url\" content=\"https:\/\/ograsmarknad.com\/ga\/product\/orange-kush\/\" \/>\n<meta property=\"og:site_name\" content=\"Ogras Marknad\" \/>\n<meta property=\"article:modified_time\" content=\"2026-03-16T10:34:58+00:00\" \/>\n<meta property=\"og:image\" content=\"https:\/\/ograsmarknad.com\/wp-content\/uploads\/2021\/11\/orange-kush.jpg\" \/>\n\t<meta property=\"og:image:width\" content=\"600\" \/>\n\t<meta property=\"og:image:height\" content=\"600\" \/>\n\t<meta property=\"og:image:type\" content=\"image\/jpeg\" \/>\n<meta name=\"twitter:card\" content=\"summary_large_image\" \/>\n<meta name=\"twitter:label1\" content=\"Est. reading time\" \/>\n\t<meta name=\"twitter:data1\" content=\"2 minutes\" \/>\n<!-- \/ Yoast SEO plugin. -->","yoast_head_json":{"title":"Cine\u00e1l fiail\u00ed Orange Kush ar d\u00edol \u2013 Ceannaigh Orange Kush ar l\u00edne","description":"Ceannaigh cine\u00e1l luibh Orange Kush ar l\u00edne \u00f3 Ograsmarknad. Orange Kush ar d\u00edol le cumhra citris agus \u00e9ifeachta\u00ed cannabais suaimhneacha at\u00e1 ceannasach ar indica.","robots":{"index":"index","follow":"follow","max-snippet":"max-snippet:-1","max-image-preview":"max-image-preview:large","max-video-preview":"max-video-preview:-1"},"canonical":"https:\/\/ograsmarknad.com\/ga\/product\/orange-kush\/","og_locale":"en_US","og_type":"article","og_title":"Orange Kush ogr\u00e4ssort till salu \u2013 K\u00f6p Orange Kush online","og_description":"K\u00f6p Orange Kush ogr\u00e4ssort online fr\u00e5n Ograsmarknad. Orange Kush till salu med citrusarom och avslappnande indica-dominanta cannabiseffekter.","og_url":"https:\/\/ograsmarknad.com\/ga\/product\/orange-kush\/","og_site_name":"Ogras Marknad","article_modified_time":"2026-03-16T10:34:58+00:00","og_image":[{"width":600,"height":600,"url":"https:\/\/ograsmarknad.com\/wp-content\/uploads\/2021\/11\/orange-kush.jpg","type":"image\/jpeg"}],"twitter_card":"summary_large_image","twitter_misc":{"Est. reading time":"2 minutes"},"schema":{"@context":"https:\/\/schema.org","@graph":[{"@type":"WebPage","@id":"https:\/\/ograsmarknad.com\/product\/orange-kush\/","url":"https:\/\/ograsmarknad.com\/product\/orange-kush\/","name":"Cine\u00e1l fiail\u00ed Orange Kush ar d\u00edol \u2013 Ceannaigh Orange Kush ar l\u00edne","isPartOf":{"@id":"https:\/\/ograsmarknad.com\/#website"},"primaryImageOfPage":{"@id":"https:\/\/ograsmarknad.com\/product\/orange-kush\/#primaryimage"},"image":{"@id":"https:\/\/ograsmarknad.com\/product\/orange-kush\/#primaryimage"},"thumbnailUrl":"https:\/\/ograsmarknad.com\/wp-content\/uploads\/2021\/11\/orange-kush.jpg","datePublished":"2021-11-08T08:46:54+00:00","dateModified":"2026-03-16T10:34:58+00:00","description":"Ceannaigh cine\u00e1l luibh Orange Kush ar l\u00edne \u00f3 Ograsmarknad. Orange Kush ar d\u00edol le cumhra citris agus \u00e9ifeachta\u00ed cannabais suaimhneacha at\u00e1 ceannasach ar indica.","breadcrumb":{"@id":"https:\/\/ograsmarknad.com\/product\/orange-kush\/#breadcrumb"},"inLanguage":"ga","potentialAction":[{"@type":"ReadAction","target":["https:\/\/ograsmarknad.com\/product\/orange-kush\/"]}]},{"@type":"ImageObject","inLanguage":"ga","@id":"https:\/\/ograsmarknad.com\/product\/orange-kush\/#primaryimage","url":"https:\/\/ograsmarknad.com\/wp-content\/uploads\/2021\/11\/orange-kush.jpg","contentUrl":"https:\/\/ograsmarknad.com\/wp-content\/uploads\/2021\/11\/orange-kush.jpg","width":600,"height":600,"caption":"orange-kush"},{"@type":"BreadcrumbList","@id":"https:\/\/ograsmarknad.com\/product\/orange-kush\/#breadcrumb","itemListElement":[{"@type":"ListItem","position":1,"name":"Home","item":"https:\/\/ograsmarknad.com\/"},{"@type":"ListItem","position":2,"name":"Shop","item":"https:\/\/ograsmarknad.com\/shop\/"},{"@type":"ListItem","position":3,"name":"Orange Kush"}]},{"@type":"WebSite","@id":"https:\/\/ograsmarknad.com\/#website","url":"https:\/\/ograsmarknad.com\/","name":"Ogras Marknad","description":"Ogras Marknad","potentialAction":[{"@type":"SearchAction","target":{"@type":"EntryPoint","urlTemplate":"https:\/\/ograsmarknad.com\/?s={search_term_string}"},"query-input":{"@type":"PropertyValueSpecification","valueRequired":true,"valueName":"search_term_string"}}],"inLanguage":"ga"}]}},"_links":{"self":[{"href":"https:\/\/ograsmarknad.com\/ga\/wp-json\/wp\/v2\/product\/9759","targetHints":{"allow":["GET"]}}],"collection":[{"href":"https:\/\/ograsmarknad.com\/ga\/wp-json\/wp\/v2\/product"}],"about":[{"href":"https:\/\/ograsmarknad.com\/ga\/wp-json\/wp\/v2\/types\/product"}],"replies":[{"embeddable":true,"href":"https:\/\/ograsmarknad.com\/ga\/wp-json\/wp\/v2\/comments?post=9759"}],"wp:featuredmedia":[{"embeddable":true,"href":"https:\/\/ograsmarknad.com\/ga\/wp-json\/wp\/v2\/media\/9764"}],"wp:attachment":[{"href":"https:\/\/ograsmarknad.com\/ga\/wp-json\/wp\/v2\/media?parent=9759"}],"wp:term":[{"taxonomy":"product_cat","embeddable":true,"href":"https:\/\/ograsmarknad.com\/ga\/wp-json\/wp\/v2\/product_cat?post=9759"},{"taxonomy":"product_tag","embeddable":true,"href":"https:\/\/ograsmarknad.com\/ga\/wp-json\/wp\/v2\/product_tag?post=9759"}],"curies":[{"name":"wp","href":"https:\/\/api.w.org\/{rel}","templated":true}]}}