{"id":9765,"date":"2021-11-08T08:50:29","date_gmt":"2021-11-08T08:50:29","guid":{"rendered":"https:\/\/ograsmarknad.com\/?post_type=product&#038;p=9765"},"modified":"2026-03-16T10:34:46","modified_gmt":"2026-03-16T10:34:46","slug":"pineapple-express","status":"publish","type":"product","link":"https:\/\/ograsmarknad.com\/ga\/product\/pineapple-express\/","title":{"rendered":"Pineapple Express"},"content":{"rendered":"<h2 style=\"text-align: justify;\">Ceannaigh Pineapple Express Ar L\u00edne sa tSualainn, san Fhionlainn, in \u00c5land, sa Danmhairg, san East\u00f3in, san Iorua ag Margadh Ogras ar phraghsanna saora!<\/h2>\n<p style=\"text-align: justify;\">I dessa tider kan <a href=\"https:\/\/ograsmarknad.com\/ga\/product\/pineapple-express\/\">Pineapple Express till salu<\/a> k\u00f6pas p\u00e5 <a href=\"https:\/\/ograsmarknad.com\/ga\/\">Ogras Marknad<\/a> till ett rimligt pris. Hela v\u00e5rt n\u00e4tverk av s\u00e4ljare och leverant\u00f6rer \u00e4r h\u00e4r f\u00f6r att hj\u00e4lpa dig att k\u00f6pa Pineapple Express online n\u00e4r som helst, var som helst. Vi \u00e4r en erfaren online\u00e5terf\u00f6rs\u00e4ljare med stor f\u00f6rst\u00e5else f\u00f6r v\u00e5ra kunders behov. Du kan f\u00e5 de b\u00e4sta produkterna h\u00e4r. Best\u00e4ll Pineapple Express online nu!<\/p>\n<h3 style=\"text-align: justify;\">Gn\u00e9ithe<\/h3>\n<p style=\"text-align: justify;\">Is hibrideach coitianta de Trainwreck agus Hav\u00e1\u00edoch \u00e9 Pineapple Express at\u00e1 ar d\u00edol san Eoraip, sa tSualainn, san Fhionlainn, in \u00c5land, sa Danmhairg, san East\u00f3in, san Iorua. Is bachl\u00f3g \u00f3 na tr\u00f3paic\u00ed \u00e9. T\u00e1irgeann s\u00e9 deatach m\u00edn, milis a spreagann euphoria i measc daoine a chaitheann tobac. Is cine\u00e1l cumhachtach \u00e9 a bhfuil go leor tarraingthe aige ar an idirl\u00edon. De ghn\u00e1th b\u00edonn ti\u00fachan THC os cionn 24% ag an gcine\u00e1l seo. T\u00e1 boladh seast\u00e1in tortha\u00ed air. T\u00e1 bachl\u00f3ga daite ol\u00f3ige ag Pineapple Express at\u00e1 cruth cloiche. T\u00e1 blas p\u00edosa anann \u00far-ghearrtha orthu. Leis an gcine\u00e1l seo, is f\u00e9idir leat liosta beag le d\u00e9anamh a chruth\u00fa gan mhoill. Is f\u00e9idir an planda seo a fh\u00e1s go h\u00e9asca laistigh agus lasmuigh. T\u00f3gann s\u00e9 thart ar 7-8 seachtaine don phlanda bl\u00e1th\u00fa.<\/p>\n<h3 style=\"text-align: justify;\">Sochair<\/h3>\n<ul style=\"text-align: justify;\">\n<li>De smaak is echt intens.<\/li>\n<li>T\u00e1 s\u00e9 ag cruth\u00fa corra\u00edl mh\u00f3r.<\/li>\n<li>Het geeft je het gevoel alsof je door de lucht zweeft.<\/li>\n<li>Tugann s\u00e9 moth\u00fa beag\u00e1in\u00edn neamhshuime duit chomh maith le hard spreag\u00fail agus taitneamhach.<\/li>\n<li>Het stimuleert mensen om creatief en communicatief te zijn.<\/li>\n<li>Cuid\u00edonn s\u00e9 le ti\u00fachan agus t\u00e1irgi\u00falacht.<\/li>\n<li>Het is gunstig voor mensen die last hebben van angst, vermoeidheid, depressie, chronische stress of algemene rusteloosheid.<\/li>\n<li>T\u00e1 air\u00edonna suaimhneacha measartha aige freisin.<\/li>\n<\/ul>\n<h3 style=\"text-align: justify;\">Conas is f\u00e9idir liom Pineapple Express a ord\u00fa ar l\u00edne?<\/h3>\n<p style=\"text-align: justify;\">Chun Pineapple Express a ord\u00fa ar l\u00edne, is f\u00e9idir leat ceangal go d\u00edreach len\u00e1r siopa ar l\u00edne. D\u00e9anfaimid d\u2019ord\u00fa a sheachadadh laistigh de thr\u00e9imhse ghearr ama. Pac\u00e1laimid gach ord\u00fa go sl\u00e1n agus d\u00e9anaimid seachadadh ar fud an domhain. N\u00ed bheidh aon ghear\u00e1in agat maidir len\u00e1r dt\u00e1irg\u00ed. N\u00e1 d\u00e9an moill, cuir d\u2019ord\u00fa isteach inniu!<\/p>","protected":false},"excerpt":{"rendered":"<p>For Wholesale please contact us at<br \/>\nWickr ID: @williamspro<br \/>\nor via Whatsapp<br \/>\n<img loading=\"lazy\" decoding=\"async\" class=\"size-full wp-image-10162 alignleft\" src=\"https:\/\/ograsmarknad.com\/wp-content\/uploads\/2021\/11\/trust.jpg\" alt=\"Trust German\" width=\"300\" height=\"129\" srcset=\"https:\/\/ograsmarknad.com\/wp-content\/uploads\/2021\/11\/trust.jpg 300w, https:\/\/ograsmarknad.com\/wp-content\/uploads\/2021\/11\/trust-18x8.jpg 18w\" sizes=\"auto, (max-width: 300px) 100vw, 300px\" \/><\/p>","protected":false},"featured_media":9770,"comment_status":"open","ping_status":"closed","template":"","meta":{"_joinchat":[]},"product_cat":[71],"product_tag":[],"class_list":{"0":"post-9765","1":"product","2":"type-product","3":"status-publish","4":"has-post-thumbnail","6":"product_cat-gras-sw","8":"first","9":"instock","10":"shipping-taxable","11":"purchasable","12":"product-type-variable","13":"has-default-attributes"},"yoast_head":"<!-- This site is optimized with the Yoast SEO plugin v26.3 - https:\/\/yoast.com\/wordpress\/plugins\/seo\/ -->\n<title>Pineapple Express ogr\u00e4ssort till salu \u2013 K\u00f6p Pineapple online<\/title>\n<meta name=\"description\" content=\"K\u00f6p Pineapple Express ogr\u00e4ssort online fr\u00e5n Ograsmarknad. Pineapple Express till salu, k\u00e4nd f\u00f6r sin tropiska smak och energiska upplyftande cannabiseffekter.\" \/>\n<meta name=\"robots\" content=\"index, follow, max-snippet:-1, max-image-preview:large, max-video-preview:-1\" \/>\n<link rel=\"canonical\" href=\"https:\/\/ograsmarknad.com\/ga\/product\/pineapple-express\/\" \/>\n<meta property=\"og:locale\" content=\"en_US\" \/>\n<meta property=\"og:type\" content=\"article\" \/>\n<meta property=\"og:title\" content=\"Pineapple Express ogr\u00e4ssort till salu \u2013 K\u00f6p Pineapple online\" \/>\n<meta property=\"og:description\" content=\"K\u00f6p Pineapple Express ogr\u00e4ssort online fr\u00e5n Ograsmarknad. Pineapple Express till salu, k\u00e4nd f\u00f6r sin tropiska smak och energiska upplyftande cannabiseffekter.\" \/>\n<meta property=\"og:url\" content=\"https:\/\/ograsmarknad.com\/ga\/product\/pineapple-express\/\" \/>\n<meta property=\"og:site_name\" content=\"Ogras Marknad\" \/>\n<meta property=\"article:modified_time\" content=\"2026-03-16T10:34:46+00:00\" \/>\n<meta property=\"og:image\" content=\"https:\/\/ograsmarknad.com\/wp-content\/uploads\/2021\/11\/pineapple-express.jpg\" \/>\n\t<meta property=\"og:image:width\" content=\"600\" \/>\n\t<meta property=\"og:image:height\" content=\"600\" \/>\n\t<meta property=\"og:image:type\" content=\"image\/jpeg\" \/>\n<meta name=\"twitter:card\" content=\"summary_large_image\" \/>\n<meta name=\"twitter:label1\" content=\"Est. reading time\" \/>\n\t<meta name=\"twitter:data1\" content=\"2 minutes\" \/>\n<!-- \/ Yoast SEO plugin. -->","yoast_head_json":{"title":"Cine\u00e1l luibh Pineapple Express ar d\u00edol \u2013 Ceannaigh Pineapple ar l\u00edne","description":"Ceannaigh an cine\u00e1l luibh Pineapple Express ar l\u00edne \u00f3 Ograsmarknad. T\u00e1 Pineapple Express ar d\u00edol, ar a dtugtar a bhlas tr\u00f3paiceach agus a \u00e9ifeachta\u00ed cannabais spreag\u00fala fuinni\u00fala.","robots":{"index":"index","follow":"follow","max-snippet":"max-snippet:-1","max-image-preview":"max-image-preview:large","max-video-preview":"max-video-preview:-1"},"canonical":"https:\/\/ograsmarknad.com\/ga\/product\/pineapple-express\/","og_locale":"en_US","og_type":"article","og_title":"Pineapple Express ogr\u00e4ssort till salu \u2013 K\u00f6p Pineapple online","og_description":"K\u00f6p Pineapple Express ogr\u00e4ssort online fr\u00e5n Ograsmarknad. Pineapple Express till salu, k\u00e4nd f\u00f6r sin tropiska smak och energiska upplyftande cannabiseffekter.","og_url":"https:\/\/ograsmarknad.com\/ga\/product\/pineapple-express\/","og_site_name":"Ogras Marknad","article_modified_time":"2026-03-16T10:34:46+00:00","og_image":[{"width":600,"height":600,"url":"https:\/\/ograsmarknad.com\/wp-content\/uploads\/2021\/11\/pineapple-express.jpg","type":"image\/jpeg"}],"twitter_card":"summary_large_image","twitter_misc":{"Est. reading time":"2 minutes"},"schema":{"@context":"https:\/\/schema.org","@graph":[{"@type":"WebPage","@id":"https:\/\/ograsmarknad.com\/product\/pineapple-express\/","url":"https:\/\/ograsmarknad.com\/product\/pineapple-express\/","name":"Cine\u00e1l luibh Pineapple Express ar d\u00edol \u2013 Ceannaigh Pineapple ar l\u00edne","isPartOf":{"@id":"https:\/\/ograsmarknad.com\/#website"},"primaryImageOfPage":{"@id":"https:\/\/ograsmarknad.com\/product\/pineapple-express\/#primaryimage"},"image":{"@id":"https:\/\/ograsmarknad.com\/product\/pineapple-express\/#primaryimage"},"thumbnailUrl":"https:\/\/ograsmarknad.com\/wp-content\/uploads\/2021\/11\/pineapple-express.jpg","datePublished":"2021-11-08T08:50:29+00:00","dateModified":"2026-03-16T10:34:46+00:00","description":"Ceannaigh an cine\u00e1l luibh Pineapple Express ar l\u00edne \u00f3 Ograsmarknad. T\u00e1 Pineapple Express ar d\u00edol, ar a dtugtar a bhlas tr\u00f3paiceach agus a \u00e9ifeachta\u00ed cannabais spreag\u00fala fuinni\u00fala.","breadcrumb":{"@id":"https:\/\/ograsmarknad.com\/product\/pineapple-express\/#breadcrumb"},"inLanguage":"ga","potentialAction":[{"@type":"ReadAction","target":["https:\/\/ograsmarknad.com\/product\/pineapple-express\/"]}]},{"@type":"ImageObject","inLanguage":"ga","@id":"https:\/\/ograsmarknad.com\/product\/pineapple-express\/#primaryimage","url":"https:\/\/ograsmarknad.com\/wp-content\/uploads\/2021\/11\/pineapple-express.jpg","contentUrl":"https:\/\/ograsmarknad.com\/wp-content\/uploads\/2021\/11\/pineapple-express.jpg","width":600,"height":600,"caption":"pineapple-express"},{"@type":"BreadcrumbList","@id":"https:\/\/ograsmarknad.com\/product\/pineapple-express\/#breadcrumb","itemListElement":[{"@type":"ListItem","position":1,"name":"Home","item":"https:\/\/ograsmarknad.com\/"},{"@type":"ListItem","position":2,"name":"Shop","item":"https:\/\/ograsmarknad.com\/shop\/"},{"@type":"ListItem","position":3,"name":"Pineapple Express"}]},{"@type":"WebSite","@id":"https:\/\/ograsmarknad.com\/#website","url":"https:\/\/ograsmarknad.com\/","name":"Ogras Marknad","description":"Ogras Marknad","potentialAction":[{"@type":"SearchAction","target":{"@type":"EntryPoint","urlTemplate":"https:\/\/ograsmarknad.com\/?s={search_term_string}"},"query-input":{"@type":"PropertyValueSpecification","valueRequired":true,"valueName":"search_term_string"}}],"inLanguage":"ga"}]}},"_links":{"self":[{"href":"https:\/\/ograsmarknad.com\/ga\/wp-json\/wp\/v2\/product\/9765","targetHints":{"allow":["GET"]}}],"collection":[{"href":"https:\/\/ograsmarknad.com\/ga\/wp-json\/wp\/v2\/product"}],"about":[{"href":"https:\/\/ograsmarknad.com\/ga\/wp-json\/wp\/v2\/types\/product"}],"replies":[{"embeddable":true,"href":"https:\/\/ograsmarknad.com\/ga\/wp-json\/wp\/v2\/comments?post=9765"}],"wp:featuredmedia":[{"embeddable":true,"href":"https:\/\/ograsmarknad.com\/ga\/wp-json\/wp\/v2\/media\/9770"}],"wp:attachment":[{"href":"https:\/\/ograsmarknad.com\/ga\/wp-json\/wp\/v2\/media?parent=9765"}],"wp:term":[{"taxonomy":"product_cat","embeddable":true,"href":"https:\/\/ograsmarknad.com\/ga\/wp-json\/wp\/v2\/product_cat?post=9765"},{"taxonomy":"product_tag","embeddable":true,"href":"https:\/\/ograsmarknad.com\/ga\/wp-json\/wp\/v2\/product_tag?post=9765"}],"curies":[{"name":"wp","href":"https:\/\/api.w.org\/{rel}","templated":true}]}}