{"id":9771,"date":"2021-11-08T08:52:15","date_gmt":"2021-11-08T08:52:15","guid":{"rendered":"https:\/\/ograsmarknad.com\/?post_type=product&#038;p=9771"},"modified":"2026-03-16T10:34:10","modified_gmt":"2026-03-16T10:34:10","slug":"sour-diesel","status":"publish","type":"product","link":"https:\/\/ograsmarknad.com\/ga\/product\/sour-diesel\/","title":{"rendered":"Sour Diesel"},"content":{"rendered":"<h2 style=\"text-align: justify;\">Faigh D\u00edosal G\u00e9ar \u00f3n Eoraip , ar phraghsanna saor in Ogras Marknad !<\/h2>\n<p style=\"text-align: justify;\">Av en bra anledning \u00e4r <a href=\"https:\/\/ograsmarknad.com\/ga\/product\/sour-diesel\/\">Sour Diesel till salu<\/a> Ar ch\u00fais mhaith, is eol go bhfuil D\u00edosal G\u00e9ar ar d\u00edol ar cheann de na cine\u00e1lacha is suntasa\u00ed riamh. Eascra\u00edonn boladh g\u00e9ar scunk, peitril agus l\u00edom\u00f3ide uaidh. Mar sin, c\u00e9 go mb\u2019fh\u00e9idir nach \u00e9 an ceann is blasta (mura fearr leat tr\u00e9ithchine\u00e1lacha dank), is cinnte go n-\u00edocann s\u00e9 punch nuair a thagann s\u00e9 chun \u00e9ifeachta\u00ed. Mar gheall ar a chumhacht urghn\u00e1ch chun spreagadh agus ard\u00fa, is rogha iontach \u00e9 Sour Diesel do dhaoine at\u00e1 ag dul tr\u00ed neamhoird ghi\u00famar cos\u00fail le d\u00falagar n\u00f3 neamhord bipolar. Ceannaigh Sour Diesel ar l\u00edne san Eoraip, sa tSualainn, san Fhionlainn, san \u00c5land, sa Danmhairg, san East\u00f3in, san Iorua \u00f3n\u00e1r siopa inniu!<\/p>\n<h3 style=\"text-align: justify;\">Boladh, blas agus cuma an d\u00edosail gh\u00e9ar<\/h3>\n<p style=\"text-align: justify;\">T\u00e1 an focal \"d\u00edosal\" le feice\u00e1il in ainm an strain G\u00e9ar Diesel chun cr\u00edche an-sonrach. T\u00e1 aromas pungent ag Sour Diesel d'aon marijuana, at\u00e1 ar cheann de na c\u00faiseanna lena rath agus ainm domhanda.<\/p>\n<p style=\"text-align: justify;\">T\u00e1 aroma pungent agus skunky air, ach t\u00e1 s\u00e9 freisin undertones de craiceann l\u00edom\u00f3id agus tortha\u00ed citris eile sa blas, agus is d\u00f3cha an f\u00e1th go bhfuil s\u00e9 ar a dtugtar \"G\u00e9ar\". B\u00edonn blas an ph\u00f3r marijuana seo talmha\u00ed agus uaireanta measctar \u00e9 le leid citris nuair a bh\u00edonn s\u00e9 deataithe. N\u00edos t\u00e1bhachta\u00ed f\u00f3s, b\u00ed ag s\u00fail go nd\u00e9anfaidh c\u00e1il\u00edocht dusky agus pungent Sour Diesel r\u00f3-chumhacht a dh\u00e9anamh ar na blasanna eile sa chumasc\u00f3ir, ag f\u00e1g\u00e1il citris agus sp\u00edosra ar an taobh.<\/p>\n<p style=\"text-align: justify;\">T\u00e1 cuma pota clasaiceach ag Sour Diesel ar l\u00edne, le duilleoga si\u00facra lush glas agus pistils beag\u00e1n b\u00e1ndearg-or\u00e1iste a chuireann dath agus beogacht le h\u00edomh\u00e1 an fh\u00f3mhair fuar seo. Is minic a bh\u00edonn siocair ag baint le cnap\u00e1in d\u00edosail g\u00e9ara, le raidhse de chriostail ghlioscarnach b\u00eddeacha, iad seo ar fad ina siombail ar chumhacht ollmh\u00f3r an D\u00edosail Sour Diesel  .<\/p>\n<p style=\"text-align: justify;\">Fi\u00fa amh\u00e1in tar \u00e9is duit caitheamh tobac a chaitheamh, fanfaidh boladh marijuana g\u00e9ar Diesel. M\u00e1 t\u00e1 t\u00fa ag iarraidh a bheith discr\u00e9ideach le do iont\u00f3g\u00e1il, coinnigh \u00e9 seo san \u00e1ireamh. Tar \u00e9is c\u00fapla amas, ba cheart go mbeife\u00e1 in ann an marijuana a bhlaiseadh i do bh\u00e9al.<\/p>\n<p style=\"text-align: justify;\">Ord\u00fa Sour Diesel ar l\u00edne san Eoraip, sa tSualainn, san Fhionlainn, san \u00c5land, sa Danmhairg, san East\u00f3in, san Iorua, ar f\u00e1il ag na praghsanna is fearr inniu ag <a href=\"https:\/\/ograsmarknad.com\/ga\/\">Ogras Marknad!<\/a><\/p>","protected":false},"excerpt":{"rendered":"<p>For Wholesale please contact us at<br \/>\nWickr ID: @williamspro<br \/>\nor via Whatsapp<br \/>\n<img loading=\"lazy\" decoding=\"async\" class=\"size-full wp-image-10162 alignleft\" src=\"https:\/\/ograsmarknad.com\/wp-content\/uploads\/2021\/11\/trust.jpg\" alt=\"Trust German\" width=\"300\" height=\"129\" srcset=\"https:\/\/ograsmarknad.com\/wp-content\/uploads\/2021\/11\/trust.jpg 300w, https:\/\/ograsmarknad.com\/wp-content\/uploads\/2021\/11\/trust-18x8.jpg 18w\" sizes=\"auto, (max-width: 300px) 100vw, 300px\" \/><\/p>","protected":false},"featured_media":9739,"comment_status":"open","ping_status":"closed","template":"","meta":{"_joinchat":[]},"product_cat":[71],"product_tag":[],"class_list":{"0":"post-9771","1":"product","2":"type-product","3":"status-publish","4":"has-post-thumbnail","6":"product_cat-gras-sw","8":"first","9":"instock","10":"shipping-taxable","11":"purchasable","12":"product-type-variable","13":"has-default-attributes"},"yoast_head":"<!-- This site is optimized with the Yoast SEO plugin v26.3 - https:\/\/yoast.com\/wordpress\/plugins\/seo\/ -->\n<title>Sour Diesel Weed-sort till salu \u2013 K\u00f6p Sour Diesel Online<\/title>\n<meta name=\"description\" content=\"K\u00f6p Sour Diesel-w\u00e4issort online fr\u00e5n Ograsmarknad. Sour Diesel till salu k\u00e4nd f\u00f6r sin dieselarom och energigivande sativa-cannabiseffekter.\" \/>\n<meta name=\"robots\" content=\"index, follow, max-snippet:-1, max-image-preview:large, max-video-preview:-1\" \/>\n<link rel=\"canonical\" href=\"https:\/\/ograsmarknad.com\/ga\/product\/sour-diesel\/\" \/>\n<meta property=\"og:locale\" content=\"en_US\" \/>\n<meta property=\"og:type\" content=\"article\" \/>\n<meta property=\"og:title\" content=\"Sour Diesel Weed-sort till salu \u2013 K\u00f6p Sour Diesel Online\" \/>\n<meta property=\"og:description\" content=\"K\u00f6p Sour Diesel-w\u00e4issort online fr\u00e5n Ograsmarknad. Sour Diesel till salu k\u00e4nd f\u00f6r sin dieselarom och energigivande sativa-cannabiseffekter.\" \/>\n<meta property=\"og:url\" content=\"https:\/\/ograsmarknad.com\/ga\/product\/sour-diesel\/\" \/>\n<meta property=\"og:site_name\" content=\"Ogras Marknad\" \/>\n<meta property=\"article:modified_time\" content=\"2026-03-16T10:34:10+00:00\" \/>\n<meta property=\"og:image\" content=\"https:\/\/ograsmarknad.com\/wp-content\/uploads\/2021\/11\/blueberry-kush.jpg\" \/>\n\t<meta property=\"og:image:width\" content=\"600\" \/>\n\t<meta property=\"og:image:height\" content=\"600\" \/>\n\t<meta property=\"og:image:type\" content=\"image\/jpeg\" \/>\n<meta name=\"twitter:card\" content=\"summary_large_image\" \/>\n<meta name=\"twitter:label1\" content=\"Est. reading time\" \/>\n\t<meta name=\"twitter:data1\" content=\"2 minutes\" \/>\n<!-- \/ Yoast SEO plugin. -->","yoast_head_json":{"title":"Cine\u00e1l Fiail\u00ed Sour Diesel Ar D\u00edol \u2013 Ceannaigh Sour Diesel Ar L\u00edne","description":"Ceannaigh fiail\u00ed Sour Diesel ar l\u00edne \u00f3 Ograsmarknad. T\u00e1 Sour Diesel ar d\u00edol ar a dtugtar a bholadh d\u00edosail agus a \u00e9ifeachta\u00ed cannabais sativa fuinni\u00fala.","robots":{"index":"index","follow":"follow","max-snippet":"max-snippet:-1","max-image-preview":"max-image-preview:large","max-video-preview":"max-video-preview:-1"},"canonical":"https:\/\/ograsmarknad.com\/ga\/product\/sour-diesel\/","og_locale":"en_US","og_type":"article","og_title":"Sour Diesel Weed-sort till salu \u2013 K\u00f6p Sour Diesel Online","og_description":"K\u00f6p Sour Diesel-w\u00e4issort online fr\u00e5n Ograsmarknad. Sour Diesel till salu k\u00e4nd f\u00f6r sin dieselarom och energigivande sativa-cannabiseffekter.","og_url":"https:\/\/ograsmarknad.com\/ga\/product\/sour-diesel\/","og_site_name":"Ogras Marknad","article_modified_time":"2026-03-16T10:34:10+00:00","og_image":[{"width":600,"height":600,"url":"https:\/\/ograsmarknad.com\/wp-content\/uploads\/2021\/11\/blueberry-kush.jpg","type":"image\/jpeg"}],"twitter_card":"summary_large_image","twitter_misc":{"Est. reading time":"2 minutes"},"schema":{"@context":"https:\/\/schema.org","@graph":[{"@type":"WebPage","@id":"https:\/\/ograsmarknad.com\/product\/sour-diesel\/","url":"https:\/\/ograsmarknad.com\/product\/sour-diesel\/","name":"Cine\u00e1l Fiail\u00ed Sour Diesel Ar D\u00edol \u2013 Ceannaigh Sour Diesel Ar L\u00edne","isPartOf":{"@id":"https:\/\/ograsmarknad.com\/#website"},"primaryImageOfPage":{"@id":"https:\/\/ograsmarknad.com\/product\/sour-diesel\/#primaryimage"},"image":{"@id":"https:\/\/ograsmarknad.com\/product\/sour-diesel\/#primaryimage"},"thumbnailUrl":"https:\/\/ograsmarknad.com\/wp-content\/uploads\/2021\/11\/blueberry-kush.jpg","datePublished":"2021-11-08T08:52:15+00:00","dateModified":"2026-03-16T10:34:10+00:00","description":"Ceannaigh fiail\u00ed Sour Diesel ar l\u00edne \u00f3 Ograsmarknad. T\u00e1 Sour Diesel ar d\u00edol ar a dtugtar a bholadh d\u00edosail agus a \u00e9ifeachta\u00ed cannabais sativa fuinni\u00fala.","breadcrumb":{"@id":"https:\/\/ograsmarknad.com\/product\/sour-diesel\/#breadcrumb"},"inLanguage":"ga","potentialAction":[{"@type":"ReadAction","target":["https:\/\/ograsmarknad.com\/product\/sour-diesel\/"]}]},{"@type":"ImageObject","inLanguage":"ga","@id":"https:\/\/ograsmarknad.com\/product\/sour-diesel\/#primaryimage","url":"https:\/\/ograsmarknad.com\/wp-content\/uploads\/2021\/11\/blueberry-kush.jpg","contentUrl":"https:\/\/ograsmarknad.com\/wp-content\/uploads\/2021\/11\/blueberry-kush.jpg","width":600,"height":600,"caption":"blueberry-kush"},{"@type":"BreadcrumbList","@id":"https:\/\/ograsmarknad.com\/product\/sour-diesel\/#breadcrumb","itemListElement":[{"@type":"ListItem","position":1,"name":"Home","item":"https:\/\/ograsmarknad.com\/"},{"@type":"ListItem","position":2,"name":"Shop","item":"https:\/\/ograsmarknad.com\/shop\/"},{"@type":"ListItem","position":3,"name":"Sour Diesel"}]},{"@type":"WebSite","@id":"https:\/\/ograsmarknad.com\/#website","url":"https:\/\/ograsmarknad.com\/","name":"Ogras Marknad","description":"Ogras Marknad","potentialAction":[{"@type":"SearchAction","target":{"@type":"EntryPoint","urlTemplate":"https:\/\/ograsmarknad.com\/?s={search_term_string}"},"query-input":{"@type":"PropertyValueSpecification","valueRequired":true,"valueName":"search_term_string"}}],"inLanguage":"ga"}]}},"_links":{"self":[{"href":"https:\/\/ograsmarknad.com\/ga\/wp-json\/wp\/v2\/product\/9771","targetHints":{"allow":["GET"]}}],"collection":[{"href":"https:\/\/ograsmarknad.com\/ga\/wp-json\/wp\/v2\/product"}],"about":[{"href":"https:\/\/ograsmarknad.com\/ga\/wp-json\/wp\/v2\/types\/product"}],"replies":[{"embeddable":true,"href":"https:\/\/ograsmarknad.com\/ga\/wp-json\/wp\/v2\/comments?post=9771"}],"wp:featuredmedia":[{"embeddable":true,"href":"https:\/\/ograsmarknad.com\/ga\/wp-json\/wp\/v2\/media\/9739"}],"wp:attachment":[{"href":"https:\/\/ograsmarknad.com\/ga\/wp-json\/wp\/v2\/media?parent=9771"}],"wp:term":[{"taxonomy":"product_cat","embeddable":true,"href":"https:\/\/ograsmarknad.com\/ga\/wp-json\/wp\/v2\/product_cat?post=9771"},{"taxonomy":"product_tag","embeddable":true,"href":"https:\/\/ograsmarknad.com\/ga\/wp-json\/wp\/v2\/product_tag?post=9771"}],"curies":[{"name":"wp","href":"https:\/\/api.w.org\/{rel}","templated":true}]}}