{"id":9776,"date":"2021-11-08T08:54:37","date_gmt":"2021-11-08T08:54:37","guid":{"rendered":"https:\/\/ograsmarknad.com\/?post_type=product&#038;p=9776"},"modified":"2026-03-16T10:33:59","modified_gmt":"2026-03-16T10:33:59","slug":"strawberry-haze","status":"publish","type":"product","link":"https:\/\/ograsmarknad.com\/ga\/product\/strawberry-haze\/","title":{"rendered":"Strawberry Haze"},"content":{"rendered":"<h2 style=\"text-align: justify;\">Ceannaigh Strawberry Haze ar l\u00edne ag praghsanna \u00edseal \u00f3 Ogras Marknad<\/h2>\n<p style=\"text-align: justify;\"><a href=\"https:\/\/ograsmarknad.com\/ga\/product\/strawberry-haze\/\">Strawberry Haze<\/a>, ar a dtugtar freisin mar Arjan's Strawberry Haze, is br\u00fa Sativa-ceannasach ainmnithe i ndiaidh Arjan Roskam, t\u00e1irgeoir cannabais suntasach agus bunaitheoir an Dutch Green House Seed Co. Bh\u00ed Strawberry Haze le feice\u00e1il ar an margadh ar dt\u00fas i l\u00e1r na 2000\u00ed le pedigree ilchasta a ndeirtear go bhfuil measc\u00e1n de Sativa na hEilv\u00e9ise, Northern Lights #5, Haze agus Kali Mist ann. Ceannaigh Strawberry Haze ar l\u00edne san Eoraip, sa tSualainn, san Fhionlainn, sna hOile\u00e1in \u00c5land, sa Danmhairg, san East\u00f3in, sa Phortaing\u00e9il, san Iorua ag Ogras Marknad. <a href=\"https:\/\/ograsmarknad.com\/ga\/\">Ogras Marknad<\/a>.<\/p>\n<p style=\"text-align: justify;\">T\u00e1 boladh s\u00fatha tal\u00fan an-bhlasta ag Strawberry Haze ar d\u00edol le huala\u00ed bl\u00e1thanna, a aistr\u00edonn go blas milis agus cr\u00e9achta. T\u00e1irgeann an br\u00fa seo airde coirp measartha agus \u00e9ifeachta\u00ed cheirbreacha l\u00e1idre. Is rogha mhealltach \u00e9 Strawberry Haze do mharc\u00f3ir\u00ed at\u00e1 ag lorg bu\u00edoch\u00e1n cruthaitheach n\u00f3 s\u00f3isialta.<\/p>\n<h3 style=\"text-align: justify;\">Tuilleadh eolais<\/h3>\n<p style=\"text-align: justify;\"><strong>Strawberry Haze online <\/strong>Is planda ard \u00e9 le craobhacha fada is f\u00e9idir a fh\u00e1s laistigh n\u00f3 lasmuigh, rud a fh\u00e1gann gur iarrth\u00f3ir maith \u00e9 don mhodh Sc\u00e1ile\u00e1n Glas (ScrOG), a bhaineann le sc\u00e1ile\u00e1n a bhun\u00fa chun nochtadh solais a uasmh\u00e9ad\u00fa. Is f\u00e9idir le saothr\u00f3ir\u00ed a bheith ag s\u00fail le t\u00e1irgeacht suas le 600 gram in aghaidh an mh\u00e9adair chearnaigh laistigh agus suas le 800 gram in aghaidh an ghl\u00e9asra lasmuigh tar \u00e9is tr\u00e9imhse bl\u00e1thanna 10 seachtaine. Sa leathsf\u00e9ar thuaidh, t\u00e1 coinn\u00edollacha me\u00e1nchiorcal n\u00f3 tr\u00f3paiceach oiri\u00fanach le haghaidh saothr\u00fa lasmuigh, agus ba ch\u00f3ir go mbeadh an gl\u00e9asra bl\u00e1thanna faoi l\u00e1r mh\u00ed Dheireadh F\u00f3mhair sa leathsf\u00e9ar thuaidh agus l\u00e1r mh\u00ed Aibre\u00e1in sa leathsf\u00e9ar theas.<\/p>\n<h3 style=\"text-align: justify;\">Sochair<\/h3>\n<p style=\"text-align: justify;\">T\u00e1 thart ar 1% CBD in Strawberry Haze, murab ionann agus go leor cine\u00e1lacha hibrideacha eile, rud a fh\u00e1gann gur rogha iontach \u00ed maidir le c\u00f3ire\u00e1il riochta\u00ed leighis. T\u00e1 s\u00e9 r\u00e1ite ag go leor daoine go gcabhra\u00edonn an br\u00fa seo leo dul i ngleic le himn\u00ed agus \u00e9ad\u00f3chas, agus go bhf\u00e9adfadh s\u00e9 cabhr\u00fa freisin le hair\u00edonna ADD n\u00f3 ADHD. Is f\u00e9idir le Strawberry Haze cuidi\u00fa le h\u00e9ags\u00falacht pianta agus pianta coirp, lena n-\u00e1ir\u00edtear migraines, cramps mat\u00e1n, pian comhph\u00e1irteach agus go leor eile. Is fearr \u00e9 a dh\u00e9anamh \u00e9asca leis an mbr\u00fa seo mar d\u2019fh\u00e9adfadh go spreagfadh a bhlasanna blasta t\u00fa r\u00f3-ithe.<\/p>\n<p style=\"text-align: justify;\">Ordaigh Strawberry Haze san Eoraip, sa tSualainn, san Fhionlainn, sa Ghearm\u00e1in, an Danmhairg, san East\u00f3in, san Iorua in\u00e1r siopa ar l\u00edne agus b\u00ed ag s\u00fail le seachadadh go luath!<\/p>","protected":false},"excerpt":{"rendered":"<p>For Wholesale please contact us at<br \/>\nWickr ID: @williamspro<br \/>\nor via Whatsapp<br \/>\n<img loading=\"lazy\" decoding=\"async\" class=\"size-full wp-image-10162 alignleft\" src=\"https:\/\/ograsmarknad.com\/wp-content\/uploads\/2021\/11\/trust.jpg\" alt=\"Trust German\" width=\"300\" height=\"129\" srcset=\"https:\/\/ograsmarknad.com\/wp-content\/uploads\/2021\/11\/trust.jpg 300w, https:\/\/ograsmarknad.com\/wp-content\/uploads\/2021\/11\/trust-18x8.jpg 18w\" sizes=\"auto, (max-width: 300px) 100vw, 300px\" \/><\/p>","protected":false},"featured_media":9781,"comment_status":"open","ping_status":"closed","template":"","meta":{"_joinchat":[]},"product_cat":[71],"product_tag":[],"class_list":{"0":"post-9776","1":"product","2":"type-product","3":"status-publish","4":"has-post-thumbnail","6":"product_cat-gras-sw","8":"first","9":"instock","10":"shipping-taxable","11":"purchasable","12":"product-type-variable","13":"has-default-attributes"},"yoast_head":"<!-- This site is optimized with the Yoast SEO plugin v26.3 - https:\/\/yoast.com\/wordpress\/plugins\/seo\/ -->\n<title>Strawberry Haze ogr\u00e4ssort till salu \u2013 K\u00f6p Strawberry Haze online<\/title>\n<meta name=\"description\" content=\"K\u00f6p Strawberry Haze ogr\u00e4ssort online fr\u00e5n Ograsmarknad. Strawberry Haze till salu med s\u00f6t b\u00e4rsmak och upplyftande sativa-cannabiseffekter.\" \/>\n<meta name=\"robots\" content=\"index, follow, max-snippet:-1, max-image-preview:large, max-video-preview:-1\" \/>\n<link rel=\"canonical\" href=\"https:\/\/ograsmarknad.com\/ga\/product\/strawberry-haze\/\" \/>\n<meta property=\"og:locale\" content=\"en_US\" \/>\n<meta property=\"og:type\" content=\"article\" \/>\n<meta property=\"og:title\" content=\"Strawberry Haze ogr\u00e4ssort till salu \u2013 K\u00f6p Strawberry Haze online\" \/>\n<meta property=\"og:description\" content=\"K\u00f6p Strawberry Haze ogr\u00e4ssort online fr\u00e5n Ograsmarknad. Strawberry Haze till salu med s\u00f6t b\u00e4rsmak och upplyftande sativa-cannabiseffekter.\" \/>\n<meta property=\"og:url\" content=\"https:\/\/ograsmarknad.com\/ga\/product\/strawberry-haze\/\" \/>\n<meta property=\"og:site_name\" content=\"Ogras Marknad\" \/>\n<meta property=\"article:modified_time\" content=\"2026-03-16T10:33:59+00:00\" \/>\n<meta property=\"og:image\" content=\"https:\/\/ograsmarknad.com\/wp-content\/uploads\/2021\/11\/strawberry-haze.jpg\" \/>\n\t<meta property=\"og:image:width\" content=\"600\" \/>\n\t<meta property=\"og:image:height\" content=\"600\" \/>\n\t<meta property=\"og:image:type\" content=\"image\/jpeg\" \/>\n<meta name=\"twitter:card\" content=\"summary_large_image\" \/>\n<meta name=\"twitter:label1\" content=\"Est. reading time\" \/>\n\t<meta name=\"twitter:data1\" content=\"2 minutes\" \/>\n<!-- \/ Yoast SEO plugin. -->","yoast_head_json":{"title":"Cine\u00e1l fiail\u00ed Strawberry Haze ar d\u00edol \u2013 Ceannaigh Strawberry Haze ar l\u00edne","description":"Ceannaigh an cine\u00e1l fiail\u00ed Strawberry Haze ar l\u00edne \u00f3 Ograsmarknad. Strawberry Haze ar d\u00edol le blas caora milis agus \u00e9ifeachta\u00ed spreag\u00fala cannabais sativa.","robots":{"index":"index","follow":"follow","max-snippet":"max-snippet:-1","max-image-preview":"max-image-preview:large","max-video-preview":"max-video-preview:-1"},"canonical":"https:\/\/ograsmarknad.com\/ga\/product\/strawberry-haze\/","og_locale":"en_US","og_type":"article","og_title":"Strawberry Haze ogr\u00e4ssort till salu \u2013 K\u00f6p Strawberry Haze online","og_description":"K\u00f6p Strawberry Haze ogr\u00e4ssort online fr\u00e5n Ograsmarknad. Strawberry Haze till salu med s\u00f6t b\u00e4rsmak och upplyftande sativa-cannabiseffekter.","og_url":"https:\/\/ograsmarknad.com\/ga\/product\/strawberry-haze\/","og_site_name":"Ogras Marknad","article_modified_time":"2026-03-16T10:33:59+00:00","og_image":[{"width":600,"height":600,"url":"https:\/\/ograsmarknad.com\/wp-content\/uploads\/2021\/11\/strawberry-haze.jpg","type":"image\/jpeg"}],"twitter_card":"summary_large_image","twitter_misc":{"Est. reading time":"2 minutes"},"schema":{"@context":"https:\/\/schema.org","@graph":[{"@type":"WebPage","@id":"https:\/\/ograsmarknad.com\/product\/strawberry-haze\/","url":"https:\/\/ograsmarknad.com\/product\/strawberry-haze\/","name":"Cine\u00e1l fiail\u00ed Strawberry Haze ar d\u00edol \u2013 Ceannaigh Strawberry Haze ar l\u00edne","isPartOf":{"@id":"https:\/\/ograsmarknad.com\/#website"},"primaryImageOfPage":{"@id":"https:\/\/ograsmarknad.com\/product\/strawberry-haze\/#primaryimage"},"image":{"@id":"https:\/\/ograsmarknad.com\/product\/strawberry-haze\/#primaryimage"},"thumbnailUrl":"https:\/\/ograsmarknad.com\/wp-content\/uploads\/2021\/11\/strawberry-haze.jpg","datePublished":"2021-11-08T08:54:37+00:00","dateModified":"2026-03-16T10:33:59+00:00","description":"Ceannaigh an cine\u00e1l fiail\u00ed Strawberry Haze ar l\u00edne \u00f3 Ograsmarknad. Strawberry Haze ar d\u00edol le blas caora milis agus \u00e9ifeachta\u00ed spreag\u00fala cannabais sativa.","breadcrumb":{"@id":"https:\/\/ograsmarknad.com\/product\/strawberry-haze\/#breadcrumb"},"inLanguage":"ga","potentialAction":[{"@type":"ReadAction","target":["https:\/\/ograsmarknad.com\/product\/strawberry-haze\/"]}]},{"@type":"ImageObject","inLanguage":"ga","@id":"https:\/\/ograsmarknad.com\/product\/strawberry-haze\/#primaryimage","url":"https:\/\/ograsmarknad.com\/wp-content\/uploads\/2021\/11\/strawberry-haze.jpg","contentUrl":"https:\/\/ograsmarknad.com\/wp-content\/uploads\/2021\/11\/strawberry-haze.jpg","width":600,"height":600,"caption":"strawberry-haze"},{"@type":"BreadcrumbList","@id":"https:\/\/ograsmarknad.com\/product\/strawberry-haze\/#breadcrumb","itemListElement":[{"@type":"ListItem","position":1,"name":"Home","item":"https:\/\/ograsmarknad.com\/"},{"@type":"ListItem","position":2,"name":"Shop","item":"https:\/\/ograsmarknad.com\/shop\/"},{"@type":"ListItem","position":3,"name":"Strawberry Haze"}]},{"@type":"WebSite","@id":"https:\/\/ograsmarknad.com\/#website","url":"https:\/\/ograsmarknad.com\/","name":"Ogras Marknad","description":"Ogras Marknad","potentialAction":[{"@type":"SearchAction","target":{"@type":"EntryPoint","urlTemplate":"https:\/\/ograsmarknad.com\/?s={search_term_string}"},"query-input":{"@type":"PropertyValueSpecification","valueRequired":true,"valueName":"search_term_string"}}],"inLanguage":"ga"}]}},"_links":{"self":[{"href":"https:\/\/ograsmarknad.com\/ga\/wp-json\/wp\/v2\/product\/9776","targetHints":{"allow":["GET"]}}],"collection":[{"href":"https:\/\/ograsmarknad.com\/ga\/wp-json\/wp\/v2\/product"}],"about":[{"href":"https:\/\/ograsmarknad.com\/ga\/wp-json\/wp\/v2\/types\/product"}],"replies":[{"embeddable":true,"href":"https:\/\/ograsmarknad.com\/ga\/wp-json\/wp\/v2\/comments?post=9776"}],"wp:featuredmedia":[{"embeddable":true,"href":"https:\/\/ograsmarknad.com\/ga\/wp-json\/wp\/v2\/media\/9781"}],"wp:attachment":[{"href":"https:\/\/ograsmarknad.com\/ga\/wp-json\/wp\/v2\/media?parent=9776"}],"wp:term":[{"taxonomy":"product_cat","embeddable":true,"href":"https:\/\/ograsmarknad.com\/ga\/wp-json\/wp\/v2\/product_cat?post=9776"},{"taxonomy":"product_tag","embeddable":true,"href":"https:\/\/ograsmarknad.com\/ga\/wp-json\/wp\/v2\/product_tag?post=9776"}],"curies":[{"name":"wp","href":"https:\/\/api.w.org\/{rel}","templated":true}]}}