{"id":9782,"date":"2021-11-08T09:02:04","date_gmt":"2021-11-08T09:02:04","guid":{"rendered":"https:\/\/ograsmarknad.com\/?post_type=product&#038;p=9782"},"modified":"2026-03-16T10:33:50","modified_gmt":"2026-03-16T10:33:50","slug":"super-silver-haze","status":"publish","type":"product","link":"https:\/\/ograsmarknad.com\/ga\/product\/super-silver-haze\/","title":{"rendered":"Super Silver Haze"},"content":{"rendered":"<h2 style=\"text-align: justify;\">Ceannaigh Super Silver Haze  ar l\u00edne ag praghsanna \u00edseal \u00f3 Ogras Marknad<\/h2>\n<p style=\"text-align: justify;\"><a href=\"https:\/\/ograsmarknad.com\/ga\/product\/super-silver-haze\/\">Super Silver Haze<\/a> Is hibrideach de Haze, Northern Lights agus amhr\u00e1n Skunk \u00e9 Super Silver Haze. T\u00e1 Super Silver Haze againn ar d\u00edol ag na praghsanna is fearr. T\u00e1 an toradh deiridh dochreidte agus tugann s\u00e9 an taith\u00ed uath\u00fail Sativa duit a bh\u00ed uait i gc\u00f3na\u00ed. Tugann Super Silver Haze an corp ard is fuinni\u00fala duit a mhaireann ar feadh i bhfad. T\u00e1 tionchar cumhachtach agus spreag\u00fail acu freisin. Mar thoradh air sin, m\u00e1 t\u00e1 t\u00fa tinn n\u00f3 mura n-ith t\u00fa i gceann tamaill, beidh seans n\u00edos fearr agat d\u00e9ile\u00e1il le leibh\u00e9al ard struis. D\u00e9anfar \u00e9 seo go l\u00e9ir a athch\u00f3iri\u00fa a bhu\u00edochas le Super Silver Haze. Ceannaigh Super Silver Haze sa tSualainn, san Fhionlainn, san \u00c5land, sa Danmhairg, san East\u00f3in, san Iorua \u00f3n\u00e1r siopa anois!<\/p>\n<p style=\"text-align: justify;\">Is hibrideach Sativa-ceannasach \u00e9 Super Silver Haze ar l\u00edne san Eoraip a th\u00e1irgeann leibh\u00e9al ard a mhaireann go fada. T\u00e1 me\u00e1n-\u00e1bhar THC aige de 18% agus \u00e1bhar CBD de 0.10%. N\u00ed hamh\u00e1in go mbraitheann t\u00fa socair agus suaimhneas, ach beidh t\u00fa in ann tascanna t\u00e1bhachtacha a dh\u00e9anamh i rith an lae freisin. T\u00e1 s\u00e9 seo i gcodarsnacht le roinnt amhr\u00e1n eile, a bhraitheann t\u00fa cos\u00fail le pr\u00e1ta\u00ed couch.<\/p>\n<h3 style=\"text-align: justify;\">Sochair<\/h3>\n<p style=\"text-align: justify;\">T\u00e1 s\u00e9 r\u00e1ite ag go leor \u00fas\u00e1ideoir\u00ed an br\u00fa seo go bhfuil air\u00edonna teiripeacha den scoth aige. Is blasanna iad spice, skunk agus citris a fhaightear i Super Silver Haze, a bhfuil \u00e9ifeachta\u00ed s\u00edceatr\u00f3pacha agus fisiceacha l\u00e1idre aige. Aistr\u00edonn Super Silver Haze agus tosa\u00edonn s\u00e9 ar an gcorp a sc\u00edth a ligean sa dara cuid d\u00e1 ard fada buan, at\u00e1 chomh spreag\u00fail agus a fhaigheann s\u00e9. \u00c9ir\u00edonn dathanna n\u00edos gile agus g\u00e9ara\u00edonn siad toin ionas gur f\u00e9idir le h\u00fas\u00e1ideoir\u00ed taitneamh a bhaint as. D'fhormh\u00f3r na n-\u00fas\u00e1ideoir\u00ed, f\u00e9adfaidh an br\u00fa a bheith ina ch\u00f3ire\u00e1il \u00fas\u00e1ideach laeth\u00fail le haghaidh tuirse, fadhbanna gi\u00famar, masmas agus migraines. D\u2019fh\u00e9adfadh comhartha\u00ed fisiceacha n\u00edos m\u00f3 a bheith ag daoine eile n\u00e1 daoine eile, ach is f\u00e9idir leis cabhr\u00fa le riochta\u00ed ainsealacha.<\/p>\n<p style=\"text-align: justify;\">Is cinnte go bhfuil m\u00e9ad\u00fa tagtha ar an \u00e9ileamh seo le blianta beaga anuas. Mar sin f\u00e9in, t\u00e1 fadhbanna f\u00f3s ag \u00fas\u00e1ideoir\u00ed an bhr\u00fa seo Super Silver Haze a aimsi\u00fa ar l\u00edne. T\u00e1 s\u00e9 seo mar gheall ar an bhf\u00edric gur fearr leis an gcuid is m\u00f3 acu siopad\u00f3ireacht a dh\u00e9anamh \u00f3 ch\u00f3gaslanna ar l\u00edne. Mar sin f\u00e9in, t\u00e1imid i gc\u00f3na\u00ed ann chun do riachtanais cheannaigh a chomhl\u00edonadh. Bain sult as do l\u00e1 agus ag siopad\u00f3ireacht spraoi len\u00e1r siopa ar l\u00edne. Faigh d\u2019ord\u00fa chun Super Silver Haze a cheannach sa tSualainn, san Fhionlainn, san \u00c5land, sa Danmhairg, san East\u00f3in, san Iorua inniu!<\/p>","protected":false},"excerpt":{"rendered":"<p>For Wholesale please contact us at<br \/>\nWickr ID: @williamspro<br \/>\nor via Whatsapp<br \/>\n<img loading=\"lazy\" decoding=\"async\" class=\"size-full wp-image-10162 alignleft\" src=\"https:\/\/ograsmarknad.com\/wp-content\/uploads\/2021\/11\/trust.jpg\" alt=\"Trust German\" width=\"300\" height=\"129\" srcset=\"https:\/\/ograsmarknad.com\/wp-content\/uploads\/2021\/11\/trust.jpg 300w, https:\/\/ograsmarknad.com\/wp-content\/uploads\/2021\/11\/trust-18x8.jpg 18w\" sizes=\"auto, (max-width: 300px) 100vw, 300px\" \/><\/p>","protected":false},"featured_media":9787,"comment_status":"open","ping_status":"closed","template":"","meta":{"_joinchat":[]},"product_cat":[71],"product_tag":[],"class_list":{"0":"post-9782","1":"product","2":"type-product","3":"status-publish","4":"has-post-thumbnail","6":"product_cat-gras-sw","8":"first","9":"instock","10":"shipping-taxable","11":"purchasable","12":"product-type-variable","13":"has-default-attributes"},"yoast_head":"<!-- This site is optimized with the Yoast SEO plugin v26.3 - https:\/\/yoast.com\/wordpress\/plugins\/seo\/ -->\n<title>Super Silver Haze ogr\u00e4ssort till salu \u2013 K\u00f6p Super Silver Haze online<\/title>\n<meta name=\"description\" content=\"K\u00f6p Super Silver Haze ogr\u00e4ssort online fr\u00e5n Ograsmarknad. Super Silver Haze till salu k\u00e4nd f\u00f6r sina energiska, upplyftande sativa-effekter och citrus-tallarom.\" \/>\n<meta name=\"robots\" content=\"index, follow, max-snippet:-1, max-image-preview:large, max-video-preview:-1\" \/>\n<link rel=\"canonical\" href=\"https:\/\/ograsmarknad.com\/ga\/product\/super-silver-haze\/\" \/>\n<meta property=\"og:locale\" content=\"en_US\" \/>\n<meta property=\"og:type\" content=\"article\" \/>\n<meta property=\"og:title\" content=\"Super Silver Haze ogr\u00e4ssort till salu \u2013 K\u00f6p Super Silver Haze online\" \/>\n<meta property=\"og:description\" content=\"K\u00f6p Super Silver Haze ogr\u00e4ssort online fr\u00e5n Ograsmarknad. Super Silver Haze till salu k\u00e4nd f\u00f6r sina energiska, upplyftande sativa-effekter och citrus-tallarom.\" \/>\n<meta property=\"og:url\" content=\"https:\/\/ograsmarknad.com\/ga\/product\/super-silver-haze\/\" \/>\n<meta property=\"og:site_name\" content=\"Ogras Marknad\" \/>\n<meta property=\"article:modified_time\" content=\"2026-03-16T10:33:50+00:00\" \/>\n<meta property=\"og:image\" content=\"https:\/\/ograsmarknad.com\/wp-content\/uploads\/2021\/11\/super-silver-haze.jpg\" \/>\n\t<meta property=\"og:image:width\" content=\"600\" \/>\n\t<meta property=\"og:image:height\" content=\"600\" \/>\n\t<meta property=\"og:image:type\" content=\"image\/jpeg\" \/>\n<meta name=\"twitter:card\" content=\"summary_large_image\" \/>\n<meta name=\"twitter:label1\" content=\"Est. reading time\" \/>\n\t<meta name=\"twitter:data1\" content=\"2 minutes\" \/>\n<!-- \/ Yoast SEO plugin. -->","yoast_head_json":{"title":"Cine\u00e1l fiail\u00ed Super Silver Haze ar d\u00edol \u2013 Ceannaigh Super Silver Haze ar l\u00edne","description":"Ceannaigh an cine\u00e1l fiail\u00ed Super Silver Haze ar l\u00edne \u00f3 Weed Market. T\u00e1 Super Silver Haze ar d\u00edol agus t\u00e1 c\u00e1il air as a \u00e9ifeachta\u00ed sativa fuinni\u00fala, spreag\u00fala agus a bholadh citris-ghi\u00faise.","robots":{"index":"index","follow":"follow","max-snippet":"max-snippet:-1","max-image-preview":"max-image-preview:large","max-video-preview":"max-video-preview:-1"},"canonical":"https:\/\/ograsmarknad.com\/ga\/product\/super-silver-haze\/","og_locale":"en_US","og_type":"article","og_title":"Super Silver Haze ogr\u00e4ssort till salu \u2013 K\u00f6p Super Silver Haze online","og_description":"K\u00f6p Super Silver Haze ogr\u00e4ssort online fr\u00e5n Ograsmarknad. Super Silver Haze till salu k\u00e4nd f\u00f6r sina energiska, upplyftande sativa-effekter och citrus-tallarom.","og_url":"https:\/\/ograsmarknad.com\/ga\/product\/super-silver-haze\/","og_site_name":"Ogras Marknad","article_modified_time":"2026-03-16T10:33:50+00:00","og_image":[{"width":600,"height":600,"url":"https:\/\/ograsmarknad.com\/wp-content\/uploads\/2021\/11\/super-silver-haze.jpg","type":"image\/jpeg"}],"twitter_card":"summary_large_image","twitter_misc":{"Est. reading time":"2 minutes"},"schema":{"@context":"https:\/\/schema.org","@graph":[{"@type":"WebPage","@id":"https:\/\/ograsmarknad.com\/product\/super-silver-haze\/","url":"https:\/\/ograsmarknad.com\/product\/super-silver-haze\/","name":"Cine\u00e1l fiail\u00ed Super Silver Haze ar d\u00edol \u2013 Ceannaigh Super Silver Haze ar l\u00edne","isPartOf":{"@id":"https:\/\/ograsmarknad.com\/#website"},"primaryImageOfPage":{"@id":"https:\/\/ograsmarknad.com\/product\/super-silver-haze\/#primaryimage"},"image":{"@id":"https:\/\/ograsmarknad.com\/product\/super-silver-haze\/#primaryimage"},"thumbnailUrl":"https:\/\/ograsmarknad.com\/wp-content\/uploads\/2021\/11\/super-silver-haze.jpg","datePublished":"2021-11-08T09:02:04+00:00","dateModified":"2026-03-16T10:33:50+00:00","description":"Ceannaigh an cine\u00e1l fiail\u00ed Super Silver Haze ar l\u00edne \u00f3 Weed Market. T\u00e1 Super Silver Haze ar d\u00edol agus t\u00e1 c\u00e1il air as a \u00e9ifeachta\u00ed sativa fuinni\u00fala, spreag\u00fala agus a bholadh citris-ghi\u00faise.","breadcrumb":{"@id":"https:\/\/ograsmarknad.com\/product\/super-silver-haze\/#breadcrumb"},"inLanguage":"ga","potentialAction":[{"@type":"ReadAction","target":["https:\/\/ograsmarknad.com\/product\/super-silver-haze\/"]}]},{"@type":"ImageObject","inLanguage":"ga","@id":"https:\/\/ograsmarknad.com\/product\/super-silver-haze\/#primaryimage","url":"https:\/\/ograsmarknad.com\/wp-content\/uploads\/2021\/11\/super-silver-haze.jpg","contentUrl":"https:\/\/ograsmarknad.com\/wp-content\/uploads\/2021\/11\/super-silver-haze.jpg","width":600,"height":600,"caption":"super-silver-haze"},{"@type":"BreadcrumbList","@id":"https:\/\/ograsmarknad.com\/product\/super-silver-haze\/#breadcrumb","itemListElement":[{"@type":"ListItem","position":1,"name":"Home","item":"https:\/\/ograsmarknad.com\/"},{"@type":"ListItem","position":2,"name":"Shop","item":"https:\/\/ograsmarknad.com\/shop\/"},{"@type":"ListItem","position":3,"name":"Super Silver Haze"}]},{"@type":"WebSite","@id":"https:\/\/ograsmarknad.com\/#website","url":"https:\/\/ograsmarknad.com\/","name":"Ogras Marknad","description":"Ogras Marknad","potentialAction":[{"@type":"SearchAction","target":{"@type":"EntryPoint","urlTemplate":"https:\/\/ograsmarknad.com\/?s={search_term_string}"},"query-input":{"@type":"PropertyValueSpecification","valueRequired":true,"valueName":"search_term_string"}}],"inLanguage":"ga"}]}},"_links":{"self":[{"href":"https:\/\/ograsmarknad.com\/ga\/wp-json\/wp\/v2\/product\/9782","targetHints":{"allow":["GET"]}}],"collection":[{"href":"https:\/\/ograsmarknad.com\/ga\/wp-json\/wp\/v2\/product"}],"about":[{"href":"https:\/\/ograsmarknad.com\/ga\/wp-json\/wp\/v2\/types\/product"}],"replies":[{"embeddable":true,"href":"https:\/\/ograsmarknad.com\/ga\/wp-json\/wp\/v2\/comments?post=9782"}],"wp:featuredmedia":[{"embeddable":true,"href":"https:\/\/ograsmarknad.com\/ga\/wp-json\/wp\/v2\/media\/9787"}],"wp:attachment":[{"href":"https:\/\/ograsmarknad.com\/ga\/wp-json\/wp\/v2\/media?parent=9782"}],"wp:term":[{"taxonomy":"product_cat","embeddable":true,"href":"https:\/\/ograsmarknad.com\/ga\/wp-json\/wp\/v2\/product_cat?post=9782"},{"taxonomy":"product_tag","embeddable":true,"href":"https:\/\/ograsmarknad.com\/ga\/wp-json\/wp\/v2\/product_tag?post=9782"}],"curies":[{"name":"wp","href":"https:\/\/api.w.org\/{rel}","templated":true}]}}