{"id":9817,"date":"2021-11-08T15:09:58","date_gmt":"2021-11-08T15:09:58","guid":{"rendered":"https:\/\/ograsmarknad.com\/?post_type=product&#038;p=9817"},"modified":"2024-05-31T05:26:05","modified_gmt":"2024-05-31T05:26:05","slug":"lemon-tree-hash","status":"publish","type":"product","link":"https:\/\/ograsmarknad.com\/ga\/product\/lemon-tree-hash\/","title":{"rendered":"Lemon Tree Hash"},"content":{"rendered":"<h2 style=\"text-align: justify;\">Ceannaigh Lemon Tree Hash ar l\u00edne ag na praghsanna is fearr ag Margadh Ogras!<\/h2>\n<p style=\"text-align: justify;\">Is hash crann l\u00edom\u00f3ide, n\u00f3 d\u00edreach \"crann l\u00edom\u00f3ide\", br\u00fa hibrideach 50\/50 a ghintear tr\u00ed na heala\u00edona l\u00edom\u00f3ide iontach agus na cine\u00e1lacha d\u00edosail g\u00e9ar a mheascadh. A bhu\u00edochas d\u00e1 blas oscailte s\u00fal agus me\u00e1nleibh\u00e9al THC iontach 20-25 faoin gc\u00e9ad, fuair an t-ollph\u00e9ist seo an ch\u00e9ad \u00e1it i gCorn Cannabas Seattle 2014 don Hibrid is Fearr. M\u00e1s mian leat hash crann l\u00edom\u00f3ide a cheannach ar l\u00edne sa tSualainn, san Fhionlainn, san \u00c5land, sa Danmhairg, san East\u00f3in agus san Iorua, ansin t\u00e1 muid ar an rogha is fearr duit. Cuir d\u2019ord\u00fa le haghaidh crann l\u00edom\u00f3ide ar l\u00edne inniu!<\/p>\n<h3 style=\"text-align: justify;\">Blas<\/h3>\n<p style=\"text-align: justify;\">T\u00e1 blas an-gh\u00e9ar l\u00edom\u00f3ide agus d\u00edosail skunky ar an gcrann l\u00edom\u00f3ide at\u00e1 ar d\u00edol a mbeife\u00e1 ag s\u00fail leis \u00f3na bhun\u00fas. T\u00e1 an t-aroma chomh dian c\u00e9anna, le undertone earthy d\u00edosail agus g\u00e9ar, skunk g\u00e9ar agus crua, l\u00edom\u00f3id tangy.<\/p>\n<h3 style=\"text-align: justify;\">Dealramh<\/h3>\n<p style=\"text-align: justify;\">T\u00e1 bachl\u00f3ga cruinne, dorcha ol\u00f3ige-uaine i bachl\u00f3ga crann l\u00edom\u00f3ide le brat\u00fa dl\u00fath de thr\u00edch\u00f3im criostail bh\u00e1na ultra-tana\u00ed, dazzling agus brat tiubh de rib\u00ed bu\u00ed doil\u00e9ir.<\/p>\n<h3 style=\"text-align: justify;\">\u00c9ifeachta\u00ed<\/h3>\n<p style=\"text-align: justify;\">Is hibrideach tipici\u00fail \u00e9 an crann l\u00edom\u00f3ide, le h\u00e9ifeachta\u00ed a th\u00e9ann i bhfeidhm ar an intinn agus ar an gcomhlacht araon le potency gan choinne, in ann fi\u00fa an t-\u00fas\u00e1ideoir is m\u00f3 taith\u00ed a sh\u00e1r\u00fa. Gheobhaidh t\u00fa taith\u00ed ar Rush euphoric ag t\u00fas an ard, a thuilte do cheann le f\u00edseanna sona agus a fh\u00e1gann t\u00fa exhilarated. Tos\u00f3idh do chorp ag f\u00e1il taith\u00ed ar tingle \u00e9adrom a thiocfaidh chun bheith ina dord\u00e1n ioml\u00e1n gan mhoill, a choinneoidh compordach agus beag\u00e1n numb t\u00fa, saor \u00f3 phianta n\u00f3 pianta fisiceacha de r\u00e9ir mar a fh\u00e1sann do staid mheabhrach. Mar aon lena \u00e1bhar ard THC, tugann na h\u00e9ifeachta\u00ed measctha seo bunt\u00e1iste don chrann l\u00edom\u00f3ide maidir le c\u00f3ire\u00e1il a dh\u00e9anamh ar thinnis cos\u00fail le pian ainsealach, athlasadh, tuirse agus insomnia.<\/p>\n<p style=\"text-align: justify;\"><em>Ordaigh hash crann l\u00edom\u00f3ide ar l\u00edne sa tSualainn, san Fhionlainn, san \u00c5land, sa Danmhairg, san East\u00f3in agus san Iorua inniu ag Ogras Marknad inniu!<\/em><\/p>","protected":false},"excerpt":{"rendered":"<p>For Wholesale please contact us at<br \/>\nWickr ID: @williamspro<br \/>\nor via Whatsapp<br \/>\n<img loading=\"lazy\" decoding=\"async\" class=\"size-full wp-image-10162 alignleft\" src=\"https:\/\/ograsmarknad.com\/wp-content\/uploads\/2021\/11\/trust.jpg\" alt=\"Trust German\" width=\"300\" height=\"129\" srcset=\"https:\/\/ograsmarknad.com\/wp-content\/uploads\/2021\/11\/trust.jpg 300w, https:\/\/ograsmarknad.com\/wp-content\/uploads\/2021\/11\/trust-18x8.jpg 18w\" sizes=\"auto, (max-width: 300px) 100vw, 300px\" \/><\/p>","protected":false},"featured_media":9822,"comment_status":"open","ping_status":"closed","template":"","meta":{"_joinchat":[]},"product_cat":[72],"product_tag":[],"class_list":{"0":"post-9817","1":"product","2":"type-product","3":"status-publish","4":"has-post-thumbnail","6":"product_cat-hash","8":"first","9":"instock","10":"shipping-taxable","11":"purchasable","12":"product-type-variable","13":"has-default-attributes"},"yoast_head":"<!-- This site is optimized with the Yoast SEO plugin v26.3 - https:\/\/yoast.com\/wordpress\/plugins\/seo\/ -->\n<title>Lemon Tree Hash - Ogras Marknad<\/title>\n<meta name=\"robots\" content=\"index, follow, max-snippet:-1, max-image-preview:large, max-video-preview:-1\" \/>\n<link rel=\"canonical\" href=\"https:\/\/ograsmarknad.com\/ga\/product\/lemon-tree-hash\/\" \/>\n<meta property=\"og:locale\" content=\"en_US\" \/>\n<meta property=\"og:type\" content=\"article\" \/>\n<meta property=\"og:title\" content=\"Lemon Tree Hash - Ogras Marknad\" \/>\n<meta property=\"og:description\" content=\"For Wholesale please contact us at Wickr ID: @williamspro or via Whatsapp\" \/>\n<meta property=\"og:url\" content=\"https:\/\/ograsmarknad.com\/ga\/product\/lemon-tree-hash\/\" \/>\n<meta property=\"og:site_name\" content=\"Ogras Marknad\" \/>\n<meta property=\"article:modified_time\" content=\"2024-05-31T05:26:05+00:00\" \/>\n<meta property=\"og:image\" content=\"https:\/\/ograsmarknad.com\/wp-content\/uploads\/2021\/11\/lemon-tree-hash.jpg\" \/>\n\t<meta property=\"og:image:width\" content=\"600\" \/>\n\t<meta property=\"og:image:height\" content=\"600\" \/>\n\t<meta property=\"og:image:type\" content=\"image\/jpeg\" \/>\n<meta name=\"twitter:card\" content=\"summary_large_image\" \/>\n<meta name=\"twitter:label1\" content=\"Est. reading time\" \/>\n\t<meta name=\"twitter:data1\" content=\"2 minutes\" \/>\n<!-- \/ Yoast SEO plugin. -->","yoast_head_json":{"title":"Hash Crann L\u00edom\u00f3ide - OgrasMarknad","robots":{"index":"index","follow":"follow","max-snippet":"max-snippet:-1","max-image-preview":"max-image-preview:large","max-video-preview":"max-video-preview:-1"},"canonical":"https:\/\/ograsmarknad.com\/ga\/product\/lemon-tree-hash\/","og_locale":"en_US","og_type":"article","og_title":"Lemon Tree Hash - Ogras Marknad","og_description":"For Wholesale please contact us at Wickr ID: @williamspro or via Whatsapp","og_url":"https:\/\/ograsmarknad.com\/ga\/product\/lemon-tree-hash\/","og_site_name":"Ogras Marknad","article_modified_time":"2024-05-31T05:26:05+00:00","og_image":[{"width":600,"height":600,"url":"https:\/\/ograsmarknad.com\/wp-content\/uploads\/2021\/11\/lemon-tree-hash.jpg","type":"image\/jpeg"}],"twitter_card":"summary_large_image","twitter_misc":{"Est. reading time":"2 minutes"},"schema":{"@context":"https:\/\/schema.org","@graph":[{"@type":"WebPage","@id":"https:\/\/ograsmarknad.com\/product\/lemon-tree-hash\/","url":"https:\/\/ograsmarknad.com\/product\/lemon-tree-hash\/","name":"Hash Crann L\u00edom\u00f3ide - OgrasMarknad","isPartOf":{"@id":"https:\/\/ograsmarknad.com\/#website"},"primaryImageOfPage":{"@id":"https:\/\/ograsmarknad.com\/product\/lemon-tree-hash\/#primaryimage"},"image":{"@id":"https:\/\/ograsmarknad.com\/product\/lemon-tree-hash\/#primaryimage"},"thumbnailUrl":"https:\/\/ograsmarknad.com\/wp-content\/uploads\/2021\/11\/lemon-tree-hash.jpg","datePublished":"2021-11-08T15:09:58+00:00","dateModified":"2024-05-31T05:26:05+00:00","breadcrumb":{"@id":"https:\/\/ograsmarknad.com\/product\/lemon-tree-hash\/#breadcrumb"},"inLanguage":"ga","potentialAction":[{"@type":"ReadAction","target":["https:\/\/ograsmarknad.com\/product\/lemon-tree-hash\/"]}]},{"@type":"ImageObject","inLanguage":"ga","@id":"https:\/\/ograsmarknad.com\/product\/lemon-tree-hash\/#primaryimage","url":"https:\/\/ograsmarknad.com\/wp-content\/uploads\/2021\/11\/lemon-tree-hash.jpg","contentUrl":"https:\/\/ograsmarknad.com\/wp-content\/uploads\/2021\/11\/lemon-tree-hash.jpg","width":600,"height":600,"caption":"lemon-tree-hash"},{"@type":"BreadcrumbList","@id":"https:\/\/ograsmarknad.com\/product\/lemon-tree-hash\/#breadcrumb","itemListElement":[{"@type":"ListItem","position":1,"name":"Home","item":"https:\/\/ograsmarknad.com\/"},{"@type":"ListItem","position":2,"name":"Shop","item":"https:\/\/ograsmarknad.com\/shop\/"},{"@type":"ListItem","position":3,"name":"Lemon Tree Hash"}]},{"@type":"WebSite","@id":"https:\/\/ograsmarknad.com\/#website","url":"https:\/\/ograsmarknad.com\/","name":"Ogras Marknad","description":"Ogras Marknad","potentialAction":[{"@type":"SearchAction","target":{"@type":"EntryPoint","urlTemplate":"https:\/\/ograsmarknad.com\/?s={search_term_string}"},"query-input":{"@type":"PropertyValueSpecification","valueRequired":true,"valueName":"search_term_string"}}],"inLanguage":"ga"}]}},"_links":{"self":[{"href":"https:\/\/ograsmarknad.com\/ga\/wp-json\/wp\/v2\/product\/9817","targetHints":{"allow":["GET"]}}],"collection":[{"href":"https:\/\/ograsmarknad.com\/ga\/wp-json\/wp\/v2\/product"}],"about":[{"href":"https:\/\/ograsmarknad.com\/ga\/wp-json\/wp\/v2\/types\/product"}],"replies":[{"embeddable":true,"href":"https:\/\/ograsmarknad.com\/ga\/wp-json\/wp\/v2\/comments?post=9817"}],"wp:featuredmedia":[{"embeddable":true,"href":"https:\/\/ograsmarknad.com\/ga\/wp-json\/wp\/v2\/media\/9822"}],"wp:attachment":[{"href":"https:\/\/ograsmarknad.com\/ga\/wp-json\/wp\/v2\/media?parent=9817"}],"wp:term":[{"taxonomy":"product_cat","embeddable":true,"href":"https:\/\/ograsmarknad.com\/ga\/wp-json\/wp\/v2\/product_cat?post=9817"},{"taxonomy":"product_tag","embeddable":true,"href":"https:\/\/ograsmarknad.com\/ga\/wp-json\/wp\/v2\/product_tag?post=9817"}],"curies":[{"name":"wp","href":"https:\/\/api.w.org\/{rel}","templated":true}]}}