{"id":9867,"date":"2021-11-09T09:46:58","date_gmt":"2021-11-09T09:46:58","guid":{"rendered":"https:\/\/ograsmarknad.com\/?post_type=product&#038;p=9867"},"modified":"2026-03-16T10:48:49","modified_gmt":"2026-03-16T10:48:49","slug":"thc-olja-i-grossistledet","status":"publish","type":"product","link":"https:\/\/ograsmarknad.com\/ga\/product\/thc-olja-i-grossistledet\/","title":{"rendered":"THC ola ag m\u00f3rdh\u00edola"},"content":{"rendered":"<h2 style=\"text-align: justify;\">Ceannaigh Ola THC ar phraghsanna saor anseo - THC Oil Ar d\u00edol - Ogras Marknad!<\/h2>\n<p style=\"text-align: justify;\">Kvalitet <a href=\"https:\/\/ograsmarknad.com\/ga\/product\/thc-olja-i-grossistledet\/\">THC online till salu<\/a>C\u00e1il\u00edocht THC ar l\u00edne ar d\u00edol, Nuair a bh\u00edonn caitheamh tobac bl\u00e1thanna cannabais chun THC (tetrahydrocannabinol) f\u00f3s ar an modh ionghabh\u00e1la is coitianta, sol\u00e1thra\u00edonn Thc Oils bealach nua chun taitneamh a bhaint as cannabas. D\u00e9antar ola\u00ed THC a th\u00e1irgeadh tr\u00ed THC luachmhar agus cannabinoids eile a bhaint as an bplanda cannabais. is f\u00e9idir leat ola\u00ed k2 n\u00f3 p\u00e1ip\u00e9ir k2 a ord\u00fa uainn freisin <a href=\"https:\/\/en.wikipedia.org\/w\/index.php?search=thc+oil+for+sale+&amp;title=Special%3ASearch&amp;go=Go&amp;ns0=1\">av<\/a> pr\u00f3isis east\u00f3sctha \u00e9ags\u00fala, ansin na cannabinoid\u00ed a chur ar fionra\u00ed in ola iompr\u00f3ra amhail ola MCT n\u00f3 cn\u00e1ibe. Ag Ogras Marknad t\u00e1imid ar f\u00e1il le hola THC le d\u00edol sa tSualainn, san Fhionlainn, in \u00c5land, sa Danmhairg, san East\u00f3in agus san Iorua. Is f\u00e9idir leat teagmh\u00e1il a dh\u00e9anamh linn go d\u00edreach agus d\u2019ord\u00fa a chur gan str\u00f3.<\/p>\n<h3 style=\"text-align: justify;\">Cad \u00e9 an bealach is fearr chun cannabas ola THC a \u00fas\u00e1id ar l\u00edne le d\u00edol ar l\u00edne - c\u00e1 h\u00e1it ar f\u00e9idir liom marijuana ardchaighde\u00e1in a cheannach ar l\u00edne?<\/h3>\n<p style=\"text-align: justify;\">C\u00e1il\u00edocht THC ar l\u00edne ar d\u00edol, Nuair a bh\u00edonn caitheamh tobac bl\u00e1thanna cannabais chun THC (tetrahydrocannabinol) f\u00f3s ar an modh ionghabh\u00e1la is coitianta, sol\u00e1thra\u00edonn Thc Oils bealach nua chun taitneamh a bhaint as cannabas. D\u00e9antar ola\u00ed THC a th\u00e1irgeadh tr\u00ed THC luachmhar agus cannabinoids eile a bhaint as an bplanda cannabais. is f\u00e9idir leat ola\u00ed k2 n\u00f3 p\u00e1ip\u00e9ir k2 a ord\u00fa uainn freisin <a href=\"https:\/\/ograsmarknad.com\/ga\/product\/thc-olja-i-grossistledet\/\">en<\/a> Ar an l\u00e1imh eile, is f\u00e9idir le rig n\u00edos m\u00f3 smachta a thabhairt duit; is f\u00e9idir leat an m\u00e9id ola is mian leat a scaoileadh go d\u00edreach ar d\u2019ingne t\u00e9ite. Ina theannta sin, deir daoine \u00e1irithe go dtugann dabbing tortha\u00ed n\u00edos fearr. Ceannaigh Ola Thc Ar L\u00edne sa tSualainn, san Fhionlainn, in \u00c5land, sa Danmhairg, san East\u00f3in agus san Iorua inniu!<\/p>\n<h3 style=\"text-align: justify;\">An bhfuil ola THC s\u00e1bh\u00e1ilte le h\u00eddi\u00fa? - Ceannaigh Ola Cannabas Ar L\u00edne<\/h3>\n<p style=\"text-align: justify;\">Is f\u00e9idir ola THC a shlogadh, c\u00e9 gur fearr leis an chuid is m\u00f3 daoine aonair riarach\u00e1n sublingual mar go mbraitheann na h\u00e9ifeachta\u00ed nuair a bh\u00edonn siad <a href=\"https:\/\/ograsmarknad.com\/ga\/\">15<\/a> go 30 n\u00f3im\u00e9ad, nach bhfuil ach c\u00fapla n\u00f3im\u00e9ad n\u00edos faide n\u00e1 ionan\u00e1l\u00fa. Cos\u00fail le haon chine\u00e1l eile cannabais inite, glacann an ola agus tomhaltas f\u00e9adfaidh s\u00e9 30 go 60 n\u00f3im\u00e9ad a ghlacadh chun sochair ioml\u00e1na a bhaint amach.<\/p>\n<p style=\"text-align: justify;\">T\u00e1imid anseo chun cabhr\u00fa leat Thc Oil a ord\u00fa ar l\u00edne ar phraghsanna saor. T\u00e9igh i dteagmh\u00e1il len\u00e1r siopa ar l\u00edne agus cuir isteach do riachtanais!<\/p>\n<h3>Us DE THC OIL<\/h3>\n<p>Is leagan scagtha, comhchruinnithe de THC \u00e9 an steallaire driog\u00e1it THC chun a chinnti\u00fa gur f\u00e9idir leat taitneamh a bhaint as cannabas go hioml\u00e1n. Ina theannta sin, is f\u00e9idir driog\u00e1it\u00ed THC a \u00fas\u00e1id chun cr\u00edocha \u00e1ineasa, ag cuidi\u00fa leat \u00e9ir\u00ed suas laistigh de n\u00f3im\u00e9ad. D'fh\u00e9adf\u00e1 a bheith faoi l\u00e9igear ag an m\u00e9id m\u00f3r faisn\u00e9ise at\u00e1 ar f\u00e1il, mar sin t\u00e1 treoir ghairid curtha le ch\u00e9ile ag Cannabud Post th\u00edos. T\u00e1 an t -eolas th\u00edos deartha chun cabhr\u00fa leat a bheith i do pro ag gal cannabais agus t\u00e1 s\u00fail againn gur f\u00e9idir linn roinnt comhairle a thabhairt duit roimh do ch\u00e9ad seisi\u00fan tobac eile.<\/p>\n<p>M\u00e1s mian leat an OLA fiail\u00ed a choinne\u00e1il ar do theanga, t\u00e1 s\u00e9 cruthaithe gur rogha \u00e9ifeachtach iad driog\u00e1it\u00ed THC, mar sin d\u00e9an iarracht iad, f\u00e9ach conas a bhraitheann t\u00fa agus ansin lean ar aghaidh. Ceannaigh driog\u00e1it Bulc THC ar l\u00edne<\/p>\n<p>Fi\u00fa sa l\u00e1 at\u00e1 inniu ann, n\u00edl go leor tomhalt\u00f3ir\u00ed nach bhfuil taith\u00ed acu cinnte faoi na difr\u00edochta\u00ed idir THC agus CBD. Le cart\u00fais driogtha t\u00e1 s\u00e9 an-\u00e9asca a roghn\u00fa idir bianna inite ard-chumhachta le h\u00e1bhar ard THC agus \u00e1bhar \u00edseal CBD. Maidir le comhchruinnithe, is gn\u00e1ch le h\u00fas\u00e1ideoir\u00ed leighis bianna inite ard-chumhachta, CBD ard agus\/n\u00f3 THC \u00edseal.<\/p>\n<h3><strong>Ola THC m\u00f3rdh\u00edola ar l\u00edne \\ Ola THC c\u00e1il\u00edochta ar d\u00edol<\/strong><\/h3>\n<p>Dia duit, daoine san Eoraip a \u00fas\u00e1ideann an ola thc go laeth\u00fail, t\u00e1 dea-sc\u00e9al againn duit. Tairgeann Ograsmarknad na hola\u00ed cannabais is fearr duit ar l\u00edne. D\u00e1ileann muid ola THC ardchaighde\u00e1in ar fud na hEorpa, an tSualainn, an Danmhairg, an Bheilg agus an chuid eile den domhan. Is f\u00e9idir leat teagmh\u00e1il a dh\u00e9anamh linn le haghaidh an praghas is fearr agus do thc ola a ord\u00fa faoi l\u00e1thair.<\/p>\n<p>&nbsp;<\/p>","protected":false},"excerpt":{"rendered":"<p>For Wholesale please contact us at<br \/>\nWickr ID: @williamspro<br \/>\nor via Whatsapp<br \/>\n<img loading=\"lazy\" decoding=\"async\" class=\"size-full wp-image-10162 alignleft\" src=\"https:\/\/ograsmarknad.com\/wp-content\/uploads\/2021\/11\/trust.jpg\" alt=\"Trust German\" width=\"300\" height=\"129\" srcset=\"https:\/\/ograsmarknad.com\/wp-content\/uploads\/2021\/11\/trust.jpg 300w, https:\/\/ograsmarknad.com\/wp-content\/uploads\/2021\/11\/trust-18x8.jpg 18w\" sizes=\"auto, (max-width: 300px) 100vw, 300px\" \/><\/p>","protected":false},"featured_media":9872,"comment_status":"open","ping_status":"closed","template":"","meta":{"_joinchat":[]},"product_cat":[74],"product_tag":[],"class_list":{"0":"post-9867","1":"product","2":"type-product","3":"status-publish","4":"has-post-thumbnail","6":"product_cat-thc-olja","8":"first","9":"instock","10":"shipping-taxable","11":"purchasable","12":"product-type-variable","13":"has-default-attributes"},"yoast_head":"<!-- This site is optimized with the Yoast SEO plugin v26.3 - https:\/\/yoast.com\/wordpress\/plugins\/seo\/ -->\n<title>THC-olja grossist till salu \u2013 K\u00f6p THC-olja i Grossistledet online<\/title>\n<meta name=\"description\" content=\"K\u00f6p THC-olja i Grossistledet online fr\u00e5n Ograsmarknad. THC-olja grossist till salu som erbjuder cannabisextrakt i bulk.\" \/>\n<meta name=\"robots\" content=\"index, follow, max-snippet:-1, max-image-preview:large, max-video-preview:-1\" \/>\n<link rel=\"canonical\" href=\"https:\/\/ograsmarknad.com\/ga\/product\/thc-olja-i-grossistledet\/\" \/>\n<meta property=\"og:locale\" content=\"en_US\" \/>\n<meta property=\"og:type\" content=\"article\" \/>\n<meta property=\"og:title\" content=\"THC-olja grossist till salu \u2013 K\u00f6p THC-olja i Grossistledet online\" \/>\n<meta property=\"og:description\" content=\"K\u00f6p THC-olja i Grossistledet online fr\u00e5n Ograsmarknad. THC-olja grossist till salu som erbjuder cannabisextrakt i bulk.\" \/>\n<meta property=\"og:url\" content=\"https:\/\/ograsmarknad.com\/ga\/product\/thc-olja-i-grossistledet\/\" \/>\n<meta property=\"og:site_name\" content=\"Ogras Marknad\" \/>\n<meta property=\"article:modified_time\" content=\"2026-03-16T10:48:49+00:00\" \/>\n<meta property=\"og:image\" content=\"https:\/\/ograsmarknad.com\/wp-content\/uploads\/2021\/11\/thc-oil.jpg\" \/>\n\t<meta property=\"og:image:width\" content=\"600\" \/>\n\t<meta property=\"og:image:height\" content=\"600\" \/>\n\t<meta property=\"og:image:type\" content=\"image\/jpeg\" \/>\n<meta name=\"twitter:card\" content=\"summary_large_image\" \/>\n<meta name=\"twitter:label1\" content=\"Est. reading time\" \/>\n\t<meta name=\"twitter:data1\" content=\"3 minutes\" \/>\n<!-- \/ Yoast SEO plugin. -->","yoast_head_json":{"title":"Ola THC m\u00f3rdh\u00edola ar d\u00edol - Ceannaigh ola THC m\u00f3rdh\u00edola ar l\u00edne","description":"Ceannaigh ola THC i M\u00f3rdh\u00edol ar l\u00edne \u00f3 Ograsmarknad. M\u00f3rdh\u00edolt\u00f3ir ola THC ar d\u00edol ag tairiscint sliocht cannabais i m\u00f3rch\u00f3ir.","robots":{"index":"index","follow":"follow","max-snippet":"max-snippet:-1","max-image-preview":"max-image-preview:large","max-video-preview":"max-video-preview:-1"},"canonical":"https:\/\/ograsmarknad.com\/ga\/product\/thc-olja-i-grossistledet\/","og_locale":"en_US","og_type":"article","og_title":"THC-olja grossist till salu \u2013 K\u00f6p THC-olja i Grossistledet online","og_description":"K\u00f6p THC-olja i Grossistledet online fr\u00e5n Ograsmarknad. THC-olja grossist till salu som erbjuder cannabisextrakt i bulk.","og_url":"https:\/\/ograsmarknad.com\/ga\/product\/thc-olja-i-grossistledet\/","og_site_name":"Ogras Marknad","article_modified_time":"2026-03-16T10:48:49+00:00","og_image":[{"width":600,"height":600,"url":"https:\/\/ograsmarknad.com\/wp-content\/uploads\/2021\/11\/thc-oil.jpg","type":"image\/jpeg"}],"twitter_card":"summary_large_image","twitter_misc":{"Est. reading time":"3 minutes"},"schema":{"@context":"https:\/\/schema.org","@graph":[{"@type":"WebPage","@id":"https:\/\/ograsmarknad.com\/product\/thc-olja-i-grossistledet\/","url":"https:\/\/ograsmarknad.com\/product\/thc-olja-i-grossistledet\/","name":"Ola THC m\u00f3rdh\u00edola ar d\u00edol - Ceannaigh ola THC m\u00f3rdh\u00edola ar l\u00edne","isPartOf":{"@id":"https:\/\/ograsmarknad.com\/#website"},"primaryImageOfPage":{"@id":"https:\/\/ograsmarknad.com\/product\/thc-olja-i-grossistledet\/#primaryimage"},"image":{"@id":"https:\/\/ograsmarknad.com\/product\/thc-olja-i-grossistledet\/#primaryimage"},"thumbnailUrl":"https:\/\/ograsmarknad.com\/wp-content\/uploads\/2021\/11\/thc-oil.jpg","datePublished":"2021-11-09T09:46:58+00:00","dateModified":"2026-03-16T10:48:49+00:00","description":"Ceannaigh ola THC i M\u00f3rdh\u00edol ar l\u00edne \u00f3 Ograsmarknad. M\u00f3rdh\u00edolt\u00f3ir ola THC ar d\u00edol ag tairiscint sliocht cannabais i m\u00f3rch\u00f3ir.","breadcrumb":{"@id":"https:\/\/ograsmarknad.com\/product\/thc-olja-i-grossistledet\/#breadcrumb"},"inLanguage":"ga","potentialAction":[{"@type":"ReadAction","target":["https:\/\/ograsmarknad.com\/product\/thc-olja-i-grossistledet\/"]}]},{"@type":"ImageObject","inLanguage":"ga","@id":"https:\/\/ograsmarknad.com\/product\/thc-olja-i-grossistledet\/#primaryimage","url":"https:\/\/ograsmarknad.com\/wp-content\/uploads\/2021\/11\/thc-oil.jpg","contentUrl":"https:\/\/ograsmarknad.com\/wp-content\/uploads\/2021\/11\/thc-oil.jpg","width":600,"height":600,"caption":"thc-oil"},{"@type":"BreadcrumbList","@id":"https:\/\/ograsmarknad.com\/product\/thc-olja-i-grossistledet\/#breadcrumb","itemListElement":[{"@type":"ListItem","position":1,"name":"Home","item":"https:\/\/ograsmarknad.com\/"},{"@type":"ListItem","position":2,"name":"Shop","item":"https:\/\/ograsmarknad.com\/shop\/"},{"@type":"ListItem","position":3,"name":"THC-olja i grossistledet"}]},{"@type":"WebSite","@id":"https:\/\/ograsmarknad.com\/#website","url":"https:\/\/ograsmarknad.com\/","name":"Ogras Marknad","description":"Ogras Marknad","potentialAction":[{"@type":"SearchAction","target":{"@type":"EntryPoint","urlTemplate":"https:\/\/ograsmarknad.com\/?s={search_term_string}"},"query-input":{"@type":"PropertyValueSpecification","valueRequired":true,"valueName":"search_term_string"}}],"inLanguage":"ga"}]}},"_links":{"self":[{"href":"https:\/\/ograsmarknad.com\/ga\/wp-json\/wp\/v2\/product\/9867","targetHints":{"allow":["GET"]}}],"collection":[{"href":"https:\/\/ograsmarknad.com\/ga\/wp-json\/wp\/v2\/product"}],"about":[{"href":"https:\/\/ograsmarknad.com\/ga\/wp-json\/wp\/v2\/types\/product"}],"replies":[{"embeddable":true,"href":"https:\/\/ograsmarknad.com\/ga\/wp-json\/wp\/v2\/comments?post=9867"}],"wp:featuredmedia":[{"embeddable":true,"href":"https:\/\/ograsmarknad.com\/ga\/wp-json\/wp\/v2\/media\/9872"}],"wp:attachment":[{"href":"https:\/\/ograsmarknad.com\/ga\/wp-json\/wp\/v2\/media?parent=9867"}],"wp:term":[{"taxonomy":"product_cat","embeddable":true,"href":"https:\/\/ograsmarknad.com\/ga\/wp-json\/wp\/v2\/product_cat?post=9867"},{"taxonomy":"product_tag","embeddable":true,"href":"https:\/\/ograsmarknad.com\/ga\/wp-json\/wp\/v2\/product_tag?post=9867"}],"curies":[{"name":"wp","href":"https:\/\/api.w.org\/{rel}","templated":true}]}}