{"id":10221,"date":"2022-08-04T06:26:34","date_gmt":"2022-08-04T06:26:34","guid":{"rendered":"https:\/\/ograsmarknad.com\/?post_type=product&#038;p=10221"},"modified":"2026-03-16T10:49:01","modified_gmt":"2026-03-16T10:49:01","slug":"tahoe-og-cannabis-oil","status":"publish","type":"product","link":"https:\/\/ograsmarknad.com\/hu\/product\/tahoe-og-cannabis-oil\/","title":{"rendered":"Tahoe OG Cannabis Oil"},"content":{"rendered":"<h2>V\u00e1s\u00e1roljon Tahoe Original kannabiszolajat online<\/h2>\n<p><a href=\"https:\/\/ograsmarknad.com\/hu\/product\/tahoe-og-cannabis-oil\/\">Tahoe OG kannabiszolaj online<\/a>Ez a kannabiszfajta a testre f\u00f3kusz\u00e1l\u00f3 indica \u00e9s a felemel\u0151 sativa er\u0151teljes kombin\u00e1ci\u00f3j\u00e1t k\u00edn\u00e1lja, 90:10 sativa\/indica ar\u00e1nnyal. Ak\u00e1r 20% THC-t is tartalmaz, \u00edgy k\u00fcl\u00f6n\u00f6sen j\u00f3 azok sz\u00e1m\u00e1ra, akik boldogabbnak \u00e9s kev\u00e9sb\u00e9 stresszesnek szeretn\u00e9k \u00e9rezni magukat. Az olaj hat\u00e1sa els\u0151sorban nyugtat\u00f3, mind ment\u00e1lisan, mind fizikailag, de a sativa komponens er\u0151s euforikus \u00e9s felemel\u0151 \u00e9lm\u00e9nyt ny\u00fajt. Ezt a kannabiszfajt\u00e1t gyakran haszn\u00e1lj\u00e1k kr\u00f3nikus f\u00e1jdalom, szorong\u00e1s, depresszi\u00f3 \u00e9s migr\u00e9n kezel\u00e9s\u00e9re.<\/p>\n<h3>Tov\u00e1bbi inform\u00e1ci\u00f3k a Tahoe OG-r\u00f3l<\/h3>\n<p>A Tahoe OG kimutatt\u00e1k, hogy relax\u00e1ci\u00f3t, boldogs\u00e1got, euf\u00f3ri\u00e1t, \u00e1lmoss\u00e1got \u00e9s fokozott \u00e9hs\u00e9get okoz.<\/p>\n<p>A felhaszn\u00e1l\u00f3k szerint a Tahoe OG enyh\u00edti a f\u00e1jdalmat, a stresszt, a szomor\u00fas\u00e1got, az \u00e1lmatlans\u00e1got \u00e9s az \u00e9tv\u00e1gytalans\u00e1got.<\/p>\n<p>Es\u0151s \u200b\u200bnapokra a legjobb fajta a Tahoe OG. Nem szabad k\u00f6zvetlen\u00fcl otthonr\u00f3l indul\u00e1s el\u0151tt bevenni, mivel er\u0151s \u00e9s gyorsan hat. A Tahoe OG az Indica fajt\u00e1k k\u00f6z\u00f6tt j\u00f3l ismert a f\u00e1jdalom, az \u00e1lmatlans\u00e1g \u00e9s az \u00e9tv\u00e1gytalans\u00e1g enyh\u00edt\u00e9s\u00e9re val\u00f3 k\u00e9pess\u00e9g\u00e9r\u0151l. Mivel neh\u00e9znek \u00e9s letargikusnak \u00e9rz\u0151dik, kiv\u00e1l\u00f3an alkalmas esti fogyaszt\u00e1sra. A szok\u00e1sos Indica el\u0151ny\u00f6k mellett a Tahoe OG kiv\u00e1l\u00f3 nemes\u00edt\u00e9se euforikus, Sativa-szer\u0171 hat\u00e1st biztos\u00edt. Ez a fajta f\u00f6ldes, citrusos \u00edz\u0171, \u00e9s egy OG Kush vari\u00e1ns. [Marihu\u00e1na]<\/p>\n<h3>Az OG Kush kannabiszolajjal kapcsolatban jelentett hat\u00e1sok k\u00f6z\u00fcl n\u00e9h\u00e1ny:<\/h3>\n<p>Nyugodt<\/p>\n<p>Boldog<\/p>\n<p>Euforisk<\/p>\n<p>S\u00f6mnig<\/p>\n<p>Hungrig<\/p>\n<h3>A betegek besz\u00e1mol\u00f3i szerint az OG Kush kannabiszolaj seg\u00edt nekik a k\u00f6vetkez\u0151k kezel\u00e9s\u00e9ben:<\/h3>\n<p>\u00c5ngest<\/p>\n<p>Sm\u00e4rta<\/p>\n<p>S\u00f6mnl\u00f6shet<\/p>\n<p>Depression<\/p>\n<p>Aptitl\u00f6shet<\/p>\n<p>Vikt:<\/p>\n<p>5 ml, 10 ml, 15 ml<\/p>","protected":false},"excerpt":{"rendered":"<p>F\u00f6r partihandel kontakta oss p\u00e5<br \/>\nWickr ID: @williamspro<br \/>\neller via Whatsapp<br \/>\n<img loading=\"lazy\" decoding=\"async\" class=\"size-full wp-image-10162 alignleft\" src=\"https:\/\/ograsmarknad.com\/wp-content\/uploads\/2021\/11\/trust.jpg\" alt=\"Trust German\" width=\"300\" height=\"129\" srcset=\"https:\/\/ograsmarknad.com\/wp-content\/uploads\/2021\/11\/trust.jpg 300w, https:\/\/ograsmarknad.com\/wp-content\/uploads\/2021\/11\/trust-18x8.jpg 18w\" sizes=\"auto, (max-width: 300px) 100vw, 300px\" \/><\/p>","protected":false},"featured_media":10230,"comment_status":"open","ping_status":"closed","template":"","meta":{"_joinchat":[]},"product_cat":[74],"product_tag":[],"class_list":{"0":"post-10221","1":"product","2":"type-product","3":"status-publish","4":"has-post-thumbnail","6":"product_cat-thc-olja","8":"first","9":"instock","10":"shipping-taxable","11":"purchasable","12":"product-type-variable"},"yoast_head":"<!-- This site is optimized with the Yoast SEO plugin v26.3 - https:\/\/yoast.com\/wordpress\/plugins\/seo\/ -->\n<title>Tahoe OG Cannabisolja till salu \u2013 K\u00f6p Tahoe OG Olja Online<\/title>\n<meta name=\"description\" content=\"K\u00f6p Tahoe OG cannabisolja online fr\u00e5n Ograsmarknad. Tahoe OG-olja till salu som ger avslappnande indica-cannabisextrakteffekter.\" \/>\n<meta name=\"robots\" content=\"index, follow, max-snippet:-1, max-image-preview:large, max-video-preview:-1\" \/>\n<link rel=\"canonical\" href=\"https:\/\/ograsmarknad.com\/hu\/product\/tahoe-og-cannabis-oil\/\" \/>\n<meta property=\"og:locale\" content=\"hu_HU\" \/>\n<meta property=\"og:type\" content=\"article\" \/>\n<meta property=\"og:title\" content=\"Tahoe OG Cannabisolja till salu \u2013 K\u00f6p Tahoe OG Olja Online\" \/>\n<meta property=\"og:description\" content=\"K\u00f6p Tahoe OG cannabisolja online fr\u00e5n Ograsmarknad. Tahoe OG-olja till salu som ger avslappnande indica-cannabisextrakteffekter.\" \/>\n<meta property=\"og:url\" content=\"https:\/\/ograsmarknad.com\/hu\/product\/tahoe-og-cannabis-oil\/\" \/>\n<meta property=\"og:site_name\" content=\"Ogras Marknad\" \/>\n<meta property=\"article:modified_time\" content=\"2026-03-16T10:49:01+00:00\" \/>\n<meta property=\"og:image\" content=\"https:\/\/ograsmarknad.com\/wp-content\/uploads\/2022\/08\/Bubble-Gum-Cannabis-Oil-2.jpg\" \/>\n\t<meta property=\"og:image:width\" content=\"700\" \/>\n\t<meta property=\"og:image:height\" content=\"700\" \/>\n\t<meta property=\"og:image:type\" content=\"image\/jpeg\" \/>\n<meta name=\"twitter:card\" content=\"summary_large_image\" \/>\n<meta name=\"twitter:label1\" content=\"Becs\u00fclt olvas\u00e1si id\u0151\" \/>\n\t<meta name=\"twitter:data1\" content=\"2 perc\" \/>\n<!-- \/ Yoast SEO plugin. -->","yoast_head_json":{"title":"Tahoe OG Cannabis Oil elad\u00f3 \u2013 V\u00e1s\u00e1roljon Tahoe OG olajat online","description":"V\u00e1s\u00e1roljon Tahoe OG kannabiszolajat online az Ograsmarknad-t\u00f3l. Elad\u00f3 Tahoe OG olaj, amely relax\u00e1l\u00f3 indica kannabiszkivonat hat\u00e1sokat biztos\u00edt.","robots":{"index":"index","follow":"follow","max-snippet":"max-snippet:-1","max-image-preview":"max-image-preview:large","max-video-preview":"max-video-preview:-1"},"canonical":"https:\/\/ograsmarknad.com\/hu\/product\/tahoe-og-cannabis-oil\/","og_locale":"hu_HU","og_type":"article","og_title":"Tahoe OG Cannabisolja till salu \u2013 K\u00f6p Tahoe OG Olja Online","og_description":"K\u00f6p Tahoe OG cannabisolja online fr\u00e5n Ograsmarknad. Tahoe OG-olja till salu som ger avslappnande indica-cannabisextrakteffekter.","og_url":"https:\/\/ograsmarknad.com\/hu\/product\/tahoe-og-cannabis-oil\/","og_site_name":"Ogras Marknad","article_modified_time":"2026-03-16T10:49:01+00:00","og_image":[{"width":700,"height":700,"url":"https:\/\/ograsmarknad.com\/wp-content\/uploads\/2022\/08\/Bubble-Gum-Cannabis-Oil-2.jpg","type":"image\/jpeg"}],"twitter_card":"summary_large_image","twitter_misc":{"Becs\u00fclt olvas\u00e1si id\u0151":"2 perc"},"schema":{"@context":"https:\/\/schema.org","@graph":[{"@type":"WebPage","@id":"https:\/\/ograsmarknad.com\/product\/tahoe-og-cannabis-oil\/","url":"https:\/\/ograsmarknad.com\/product\/tahoe-og-cannabis-oil\/","name":"Tahoe OG Cannabis Oil elad\u00f3 \u2013 V\u00e1s\u00e1roljon Tahoe OG olajat online","isPartOf":{"@id":"https:\/\/ograsmarknad.com\/#website"},"primaryImageOfPage":{"@id":"https:\/\/ograsmarknad.com\/product\/tahoe-og-cannabis-oil\/#primaryimage"},"image":{"@id":"https:\/\/ograsmarknad.com\/product\/tahoe-og-cannabis-oil\/#primaryimage"},"thumbnailUrl":"https:\/\/ograsmarknad.com\/wp-content\/uploads\/2022\/08\/Bubble-Gum-Cannabis-Oil-2.jpg","datePublished":"2022-08-04T06:26:34+00:00","dateModified":"2026-03-16T10:49:01+00:00","description":"V\u00e1s\u00e1roljon Tahoe OG kannabiszolajat online az Ograsmarknad-t\u00f3l. Elad\u00f3 Tahoe OG olaj, amely relax\u00e1l\u00f3 indica kannabiszkivonat hat\u00e1sokat biztos\u00edt.","breadcrumb":{"@id":"https:\/\/ograsmarknad.com\/product\/tahoe-og-cannabis-oil\/#breadcrumb"},"inLanguage":"hu","potentialAction":[{"@type":"ReadAction","target":["https:\/\/ograsmarknad.com\/product\/tahoe-og-cannabis-oil\/"]}]},{"@type":"ImageObject","inLanguage":"hu","@id":"https:\/\/ograsmarknad.com\/product\/tahoe-og-cannabis-oil\/#primaryimage","url":"https:\/\/ograsmarknad.com\/wp-content\/uploads\/2022\/08\/Bubble-Gum-Cannabis-Oil-2.jpg","contentUrl":"https:\/\/ograsmarknad.com\/wp-content\/uploads\/2022\/08\/Bubble-Gum-Cannabis-Oil-2.jpg","width":700,"height":700,"caption":"Bubble-Gum-Cannabis-Oil"},{"@type":"BreadcrumbList","@id":"https:\/\/ograsmarknad.com\/product\/tahoe-og-cannabis-oil\/#breadcrumb","itemListElement":[{"@type":"ListItem","position":1,"name":"Home","item":"https:\/\/ograsmarknad.com\/"},{"@type":"ListItem","position":2,"name":"Shop","item":"https:\/\/ograsmarknad.com\/shop\/"},{"@type":"ListItem","position":3,"name":"Tahoe OG Cannabis Oil"}]},{"@type":"WebSite","@id":"https:\/\/ograsmarknad.com\/#website","url":"https:\/\/ograsmarknad.com\/","name":"Ogras Marknad","description":"Ogras Marknad","potentialAction":[{"@type":"SearchAction","target":{"@type":"EntryPoint","urlTemplate":"https:\/\/ograsmarknad.com\/?s={search_term_string}"},"query-input":{"@type":"PropertyValueSpecification","valueRequired":true,"valueName":"search_term_string"}}],"inLanguage":"hu"}]}},"_links":{"self":[{"href":"https:\/\/ograsmarknad.com\/hu\/wp-json\/wp\/v2\/product\/10221","targetHints":{"allow":["GET"]}}],"collection":[{"href":"https:\/\/ograsmarknad.com\/hu\/wp-json\/wp\/v2\/product"}],"about":[{"href":"https:\/\/ograsmarknad.com\/hu\/wp-json\/wp\/v2\/types\/product"}],"replies":[{"embeddable":true,"href":"https:\/\/ograsmarknad.com\/hu\/wp-json\/wp\/v2\/comments?post=10221"}],"wp:featuredmedia":[{"embeddable":true,"href":"https:\/\/ograsmarknad.com\/hu\/wp-json\/wp\/v2\/media\/10230"}],"wp:attachment":[{"href":"https:\/\/ograsmarknad.com\/hu\/wp-json\/wp\/v2\/media?parent=10221"}],"wp:term":[{"taxonomy":"product_cat","embeddable":true,"href":"https:\/\/ograsmarknad.com\/hu\/wp-json\/wp\/v2\/product_cat?post=10221"},{"taxonomy":"product_tag","embeddable":true,"href":"https:\/\/ograsmarknad.com\/hu\/wp-json\/wp\/v2\/product_tag?post=10221"}],"curies":[{"name":"wp","href":"https:\/\/api.w.org\/{rel}","templated":true}]}}