{"id":9734,"date":"2021-11-08T08:15:52","date_gmt":"2021-11-08T08:15:52","guid":{"rendered":"https:\/\/ograsmarknad.com\/?post_type=product&#038;p=9734"},"modified":"2026-04-08T07:26:57","modified_gmt":"2026-04-08T07:26:57","slug":"blueberry-kush","status":"publish","type":"product","link":"https:\/\/ograsmarknad.com\/hu\/product\/blueberry-kush\/","title":{"rendered":"Blueberry Kush"},"content":{"rendered":"<h2 style=\"text-align: justify;\">Rendelje meg a Orange Kush online Eur\u00f3p\u00e1ban, Sv\u00e9dorsz\u00e1gban, Finnorsz\u00e1gban, \u00c5landon, D\u00e1ni\u00e1ban, \u00c9sztorsz\u00e1gban, Norv\u00e9gi\u00e1ban, a legjobb \u00e1ron m\u00e9g ma az Ogras Marketn\u00e9l!<\/h2>\n<p data-start=\"151\" data-end=\"993\">Detta v\u00e4stkustkors av lugnande bl\u00e5b\u00e4r och v\u00e4lk\u00e4nda OG Kush erbjuder djupt lugna, indica-drivna effekter som kan hj\u00e4lpa till med \u00e4ven den mest envisa s\u00f6mnl\u00f6sheten och sm\u00e4rtlindring. Denna <strong data-start=\"338\" data-end=\"367\">avslappnande cannabissort<\/strong> med <strong data-start=\"372\" data-end=\"401\">indica-dominanta effekter<\/strong> fungerar som ett effektivt <strong data-start=\"429\" data-end=\"460\">s\u00f6mnhj\u00e4lpmedel f\u00f6r cannabis<\/strong> och ger <strong data-start=\"469\" data-end=\"502\">s\u00f6mnl\u00f6shetslindring och ogr\u00e4s<\/strong> samt <strong data-start=\"508\" data-end=\"539\">sm\u00e4rtlindring och marijuana<\/strong>. Du kan behandla sm\u00e4rta med Blueberry Kush till salu, ett helt naturligt alternativ till receptbelagda opioider och s\u00f6mntabletter som tidigare h\u00f6ll dig vaken. P\u00e5 Ogras Marknad hj\u00e4lper vi dig att <a href=\"https:\/\/ograsmarknad.com\/hu\/product\/blueberry-kush\/\"><strong>k\u00f6pa Blueberry Kush online<\/strong><\/a>, inklusive <strong data-start=\"777\" data-end=\"804\">Blueberry Kush cannabis<\/strong>, <strong data-start=\"806\" data-end=\"830\">Blueberry Kush ogr\u00e4s<\/strong>, <strong data-start=\"832\" data-end=\"857\">Blueberry Kush indica<\/strong> \u00e9s <strong data-start=\"862\" data-end=\"885\">Blueberry Kush-sort<\/strong> i Europa, Sverige, Finland, \u00c5land, Danmark, Estland, Norge till \u00f6verkomliga priser. L\u00e4gg en best\u00e4llning nu! <a href=\"https:\/\/ograsmarknad.com\/hu\/\"><strong>ograsmarknad<\/strong><\/a><\/p>\n<h3 data-section-id=\"94jnm6\" data-start=\"995\" data-end=\"1007\">Hat\u00e1sok<\/h3>\n<p data-start=\"1009\" data-end=\"1598\">Innan du somnar kommer Blueberry Kush online fr\u00e5n v\u00e5r webbutik att f\u00e5 dig att k\u00e4nna dig glad, lugn och lite h\u00f6g. Denna <strong data-start=\"1128\" data-end=\"1157\">lugnande cannabiseffekter<\/strong> profil tillsammans med en <a href=\"https:\/\/en.wikipedia.org\/wiki\/Kush_(cannabis)\"><strong data-start=\"1184\" data-end=\"1208\">euforisk indica-sort<\/strong><\/a> g\u00f6r upplevelsen behaglig. Blueberry Kush cannabis kan bota depression och \u00f6ka stress och sp\u00e4nningar tack vare dess egenskaper som <strong data-start=\"1339\" data-end=\"1363\">stresslindrande sort<\/strong>. De medicinska egenskaperna hos CBD och en unik blandning av andra indica cannabinoider bidrar till effekten. Den l\u00e4tta eufori av denna stam b\u00f6r inte avskr\u00e4cka m\u00e4nniskor som s\u00f6ker medicinsk hj\u00e4lp, eftersom s\u00f6mn snart kommer att f\u00f6lja.<\/p>\n<h3 data-section-id=\"1tiszqe\" data-start=\"1600\" data-end=\"1624\">Orvosi felhaszn\u00e1l\u00e1s<\/h3>\n<p data-start=\"1626\" data-end=\"1981\"><strong data-start=\"1626\" data-end=\"1649\">Blueberry Kush fr\u00f6n<\/strong> \u00e9s <strong data-start=\"1654\" data-end=\"1681\">Blueberry Kush cannabis<\/strong> har anv\u00e4nts f\u00f6r att behandla \u00e5ngest och migr\u00e4n, illam\u00e5ende, hum\u00f6rst\u00f6rningar och sjukdomar som ADHD med utm\u00e4rkt framg\u00e5ng. Denna fruktiga variation av \u00f6rter kan orsaka f\u00f6r\u00f6delse f\u00f6r kemoterapisymptom, och vissa m\u00e4nniskor tycker att de m\u00e5ttliga m\u00e4ngderna CBD hj\u00e4lper dem att undvika kramper och anfall.<\/p>\n<h3 data-section-id=\"1uls736\" data-start=\"1983\" data-end=\"2044\">Mi\u00e9rt mi vagyunk a legjobb v\u00e1laszt\u00e1s a Blueberry Kush v\u00e1s\u00e1rl\u00e1s\u00e1hoz?<\/h3>\n<p data-start=\"2046\" data-end=\"2327\">Efter att dina <strong data-start=\"2061\" data-end=\"2084\">Blueberry Kush fr\u00f6n<\/strong> har grott, b\u00f6r du observera <strong><a href=\"https:\/\/ograsmarknad.com\/hu\/product\/cherry-pie\/\">medelstora v\u00e4xter<\/a><\/strong>. F\u00f6r att lyckas i odlingen beh\u00f6ver de lite kunskap. N\u00e4r den odlas inomhus b\u00f6r en sex till nio veckors blomningscykel ge en m\u00e5ttlig sk\u00f6rd av hartsartade knoppar, upp till 400 gram per kvadratmeter.<\/p>\n<p data-start=\"2329\" data-end=\"2577\">Szabadban ak\u00e1r 600 grammot is betakar\u00edthatunk n\u00f6v\u00e9nyenk\u00e9nt ide\u00e1lis id\u0151ben. Alacsonyabb hozamok is lehets\u00e9gesek a k\u00f6r\u00fclm\u00e9nyekt\u0151l f\u00fcgg\u0151en, de a hazai p\u00e1cienseket jobban \u00e9rdekli ennek a kiv\u00e1l\u00f3 gy\u00f3gyhat\u00e1s\u00fa fajt\u00e1nak a hat\u00e9kony hat\u00e1sa, mint a nagy term\u00e9s.<\/p>\n<p data-start=\"2579\" data-end=\"3002\">Vi s\u00e4ljer endast de b\u00e4sta produkterna p\u00e5 Ogras Marknad. V\u00e5ra <a href=\"https:\/\/steemit.com\/cannabis\/@writesbackwards\/blueberry-kush-review\"><strong data-start=\"2640\" data-end=\"2671\">h\u00f6gkvalitativa cannabisfr\u00f6n<\/strong><\/a>, inklusive <strong data-start=\"2683\" data-end=\"2706\">Blueberry Kush fr\u00f6n<\/strong>, \u00e4r ett bevis p\u00e5 v\u00e5r h\u00e4ngivenhet till excellens. Alla v\u00e5ra fr\u00f6n \u00e4r <strong data-start=\"2774\" data-end=\"2803\">labbtestade marijuanafr\u00f6n<\/strong> med <strong data-start=\"2808\" data-end=\"2832\">premium ogr\u00e4sgenetik<\/strong> \u00e9s <strong data-start=\"2837\" data-end=\"2866\">fr\u00f6n med h\u00f6g groningsgrad<\/strong>. V\u00e5ra produkter kommer med s\u00e4ker och p\u00e5litlig <strong data-start=\"2913\" data-end=\"2951\">f\u00f6rpackning av f\u00e4rska cannabisfr\u00f6n<\/strong> som s\u00e4kerst\u00e4ller l\u00e5ngvarig kvalitet och livskraft.<\/p>\n<p data-start=\"3004\" data-end=\"3274\">90%-os bakt\u00e9riumgaranci\u00e1nk minden rendel\u00e9sre vonatkozik. Ha b\u00e1rmilyen k\u00e9rd\u00e9se van ezzel a pr\u00e9mium term\u00e9kkel kapcsolatban, k\u00e9rj\u00fck, vegye fel a kapcsolatot professzion\u00e1lis \u00e9s bar\u00e1ts\u00e1gos \u00fcgyf\u00e9lszolg\u00e1latunkkal. Rendeljen Blueberry Kush-t online Eur\u00f3p\u00e1ban, Sv\u00e9dorsz\u00e1gban, Finnorsz\u00e1gban, \u00c5landon, D\u00e1ni\u00e1ban, \u00c9sztorsz\u00e1gban \u00e9s Norv\u00e9gi\u00e1ban most! <a href=\"https:\/\/ograsmarknad.com\/hu\/shop\/\"><strong>J\u00e4mf\u00f6r alternativ<\/strong><\/a><\/p>","protected":false},"excerpt":{"rendered":"<p>For Wholesale please contact us at<br \/>\nWickr ID: @williamspro<br \/>\nor via Whatsapp<br \/>\n<img loading=\"lazy\" decoding=\"async\" class=\"size-full wp-image-10162 alignleft\" src=\"https:\/\/ograsmarknad.com\/wp-content\/uploads\/2021\/11\/trust.jpg\" alt=\"Trust German\" width=\"300\" height=\"129\" srcset=\"https:\/\/ograsmarknad.com\/wp-content\/uploads\/2021\/11\/trust.jpg 300w, https:\/\/ograsmarknad.com\/wp-content\/uploads\/2021\/11\/trust-18x8.jpg 18w\" sizes=\"auto, (max-width: 300px) 100vw, 300px\" \/><\/p>","protected":false},"featured_media":9739,"comment_status":"open","ping_status":"closed","template":"","meta":{"_joinchat":[]},"product_cat":[71],"product_tag":[],"class_list":{"0":"post-9734","1":"product","2":"type-product","3":"status-publish","4":"has-post-thumbnail","6":"product_cat-gras-sw","8":"first","9":"instock","10":"shipping-taxable","11":"purchasable","12":"product-type-variable","13":"has-default-attributes"},"yoast_head":"<!-- This site is optimized with the Yoast SEO plugin v26.3 - https:\/\/yoast.com\/wordpress\/plugins\/seo\/ -->\n<title>Blueberry Kush ogr\u00e4ssort till salu \u2013 K\u00f6p Blueberry Kush online<\/title>\n<meta name=\"description\" content=\"K\u00f6p Blueberry Kush ogr\u00e4ssort online fr\u00e5n Ograsmarknad. Blueberry Kush till salu k\u00e4nd f\u00f6r sin b\u00e4rsmak och djupt avslappnande cannabiseffekter.\" \/>\n<meta name=\"robots\" content=\"index, follow, max-snippet:-1, max-image-preview:large, max-video-preview:-1\" \/>\n<link rel=\"canonical\" href=\"https:\/\/ograsmarknad.com\/hu\/product\/blueberry-kush\/\" \/>\n<meta property=\"og:locale\" content=\"hu_HU\" \/>\n<meta property=\"og:type\" content=\"article\" \/>\n<meta property=\"og:title\" content=\"Blueberry Kush ogr\u00e4ssort till salu \u2013 K\u00f6p Blueberry Kush online\" \/>\n<meta property=\"og:description\" content=\"K\u00f6p Blueberry Kush ogr\u00e4ssort online fr\u00e5n Ograsmarknad. Blueberry Kush till salu k\u00e4nd f\u00f6r sin b\u00e4rsmak och djupt avslappnande cannabiseffekter.\" \/>\n<meta property=\"og:url\" content=\"https:\/\/ograsmarknad.com\/hu\/product\/blueberry-kush\/\" \/>\n<meta property=\"og:site_name\" content=\"Ogras Marknad\" \/>\n<meta property=\"article:modified_time\" content=\"2026-04-08T07:26:57+00:00\" \/>\n<meta property=\"og:image\" content=\"https:\/\/ograsmarknad.com\/wp-content\/uploads\/2021\/11\/blueberry-kush.jpg\" \/>\n\t<meta property=\"og:image:width\" content=\"600\" \/>\n\t<meta property=\"og:image:height\" content=\"600\" \/>\n\t<meta property=\"og:image:type\" content=\"image\/jpeg\" \/>\n<meta name=\"twitter:card\" content=\"summary_large_image\" \/>\n<meta name=\"twitter:label1\" content=\"Becs\u00fclt olvas\u00e1si id\u0151\" \/>\n\t<meta name=\"twitter:data1\" content=\"3 perc\" \/>\n<!-- \/ Yoast SEO plugin. -->","yoast_head_json":{"title":"Blueberry Kush gyomn\u00f6v\u00e9nyfajta elad\u00f3 \u2013 V\u00e1s\u00e1roljon Blueberry Kush-t online","description":"V\u00e1s\u00e1roljon Blueberry Kush kannabiszfajt\u00e1t online az Ograsmarknadt\u00f3l. Elad\u00f3 Blueberry Kush, amely bogy\u00f3s \u00edz\u00e9r\u0151l \u00e9s m\u00e9lyen pihentet\u0151 kannabiszhat\u00e1sair\u00f3l ismert.","robots":{"index":"index","follow":"follow","max-snippet":"max-snippet:-1","max-image-preview":"max-image-preview:large","max-video-preview":"max-video-preview:-1"},"canonical":"https:\/\/ograsmarknad.com\/hu\/product\/blueberry-kush\/","og_locale":"hu_HU","og_type":"article","og_title":"Blueberry Kush ogr\u00e4ssort till salu \u2013 K\u00f6p Blueberry Kush online","og_description":"K\u00f6p Blueberry Kush ogr\u00e4ssort online fr\u00e5n Ograsmarknad. Blueberry Kush till salu k\u00e4nd f\u00f6r sin b\u00e4rsmak och djupt avslappnande cannabiseffekter.","og_url":"https:\/\/ograsmarknad.com\/hu\/product\/blueberry-kush\/","og_site_name":"Ogras Marknad","article_modified_time":"2026-04-08T07:26:57+00:00","og_image":[{"width":600,"height":600,"url":"https:\/\/ograsmarknad.com\/wp-content\/uploads\/2021\/11\/blueberry-kush.jpg","type":"image\/jpeg"}],"twitter_card":"summary_large_image","twitter_misc":{"Becs\u00fclt olvas\u00e1si id\u0151":"3 perc"},"schema":{"@context":"https:\/\/schema.org","@graph":[{"@type":"WebPage","@id":"https:\/\/ograsmarknad.com\/product\/blueberry-kush\/","url":"https:\/\/ograsmarknad.com\/product\/blueberry-kush\/","name":"Blueberry Kush gyomn\u00f6v\u00e9nyfajta elad\u00f3 \u2013 V\u00e1s\u00e1roljon Blueberry Kush-t online","isPartOf":{"@id":"https:\/\/ograsmarknad.com\/#website"},"primaryImageOfPage":{"@id":"https:\/\/ograsmarknad.com\/product\/blueberry-kush\/#primaryimage"},"image":{"@id":"https:\/\/ograsmarknad.com\/product\/blueberry-kush\/#primaryimage"},"thumbnailUrl":"https:\/\/ograsmarknad.com\/wp-content\/uploads\/2021\/11\/blueberry-kush.jpg","datePublished":"2021-11-08T08:15:52+00:00","dateModified":"2026-04-08T07:26:57+00:00","description":"V\u00e1s\u00e1roljon Blueberry Kush kannabiszfajt\u00e1t online az Ograsmarknadt\u00f3l. Elad\u00f3 Blueberry Kush, amely bogy\u00f3s \u00edz\u00e9r\u0151l \u00e9s m\u00e9lyen pihentet\u0151 kannabiszhat\u00e1sair\u00f3l ismert.","breadcrumb":{"@id":"https:\/\/ograsmarknad.com\/product\/blueberry-kush\/#breadcrumb"},"inLanguage":"hu","potentialAction":[{"@type":"ReadAction","target":["https:\/\/ograsmarknad.com\/product\/blueberry-kush\/"]}]},{"@type":"ImageObject","inLanguage":"hu","@id":"https:\/\/ograsmarknad.com\/product\/blueberry-kush\/#primaryimage","url":"https:\/\/ograsmarknad.com\/wp-content\/uploads\/2021\/11\/blueberry-kush.jpg","contentUrl":"https:\/\/ograsmarknad.com\/wp-content\/uploads\/2021\/11\/blueberry-kush.jpg","width":600,"height":600,"caption":"blueberry-kush"},{"@type":"BreadcrumbList","@id":"https:\/\/ograsmarknad.com\/product\/blueberry-kush\/#breadcrumb","itemListElement":[{"@type":"ListItem","position":1,"name":"Home","item":"https:\/\/ograsmarknad.com\/"},{"@type":"ListItem","position":2,"name":"Shop","item":"https:\/\/ograsmarknad.com\/shop\/"},{"@type":"ListItem","position":3,"name":"Blueberry Kush"}]},{"@type":"WebSite","@id":"https:\/\/ograsmarknad.com\/#website","url":"https:\/\/ograsmarknad.com\/","name":"Ogras Marknad","description":"Ogras Marknad","potentialAction":[{"@type":"SearchAction","target":{"@type":"EntryPoint","urlTemplate":"https:\/\/ograsmarknad.com\/?s={search_term_string}"},"query-input":{"@type":"PropertyValueSpecification","valueRequired":true,"valueName":"search_term_string"}}],"inLanguage":"hu"}]}},"_links":{"self":[{"href":"https:\/\/ograsmarknad.com\/hu\/wp-json\/wp\/v2\/product\/9734","targetHints":{"allow":["GET"]}}],"collection":[{"href":"https:\/\/ograsmarknad.com\/hu\/wp-json\/wp\/v2\/product"}],"about":[{"href":"https:\/\/ograsmarknad.com\/hu\/wp-json\/wp\/v2\/types\/product"}],"replies":[{"embeddable":true,"href":"https:\/\/ograsmarknad.com\/hu\/wp-json\/wp\/v2\/comments?post=9734"}],"wp:featuredmedia":[{"embeddable":true,"href":"https:\/\/ograsmarknad.com\/hu\/wp-json\/wp\/v2\/media\/9739"}],"wp:attachment":[{"href":"https:\/\/ograsmarknad.com\/hu\/wp-json\/wp\/v2\/media?parent=9734"}],"wp:term":[{"taxonomy":"product_cat","embeddable":true,"href":"https:\/\/ograsmarknad.com\/hu\/wp-json\/wp\/v2\/product_cat?post=9734"},{"taxonomy":"product_tag","embeddable":true,"href":"https:\/\/ograsmarknad.com\/hu\/wp-json\/wp\/v2\/product_tag?post=9734"}],"curies":[{"name":"wp","href":"https:\/\/api.w.org\/{rel}","templated":true}]}}