{"id":9740,"date":"2021-11-08T08:21:35","date_gmt":"2021-11-08T08:21:35","guid":{"rendered":"https:\/\/ograsmarknad.com\/?post_type=product&#038;p=9740"},"modified":"2026-03-14T06:51:15","modified_gmt":"2026-03-14T06:51:15","slug":"cherry-pie","status":"publish","type":"product","link":"https:\/\/ograsmarknad.com\/hu\/product\/cherry-pie\/","title":{"rendered":"Cherry Pie"},"content":{"rendered":"<h2 style=\"text-align: justify;\">V\u00e1s\u00e1roljon Cherry Pie t\u00f6rzset online Sv\u00e9dorsz\u00e1gban, Finnorsz\u00e1gban, \u00c5landon, D\u00e1ni\u00e1ban, \u00c9sztorsz\u00e1gban, Norv\u00e9gi\u00e1ban olcs\u00f3 \u00e1ron az Ogras Marknad-on!<\/h2>\n<p style=\"text-align: justify;\"><a href=\"https:\/\/ograsmarknad.com\/hu\/product\/cherry-pie\/\">Csereszny\u00e9s pite elad\u00f3<\/a>, a Durban Poison \u00e9s a Granddaddy Purple keresztez\u00e9s\u00e9b\u0151l sz\u00e1rmaz\u00f3, nagyon indica dominanci\u00e1j\u00fa (ak\u00e1r 80%-ban domin\u00e1ns) hibrid. Ilyen rockszt\u00e1r sz\u00fcl\u0151kt\u0151l elv\u00e1rhat\u00f3, hogy ez a fajta a legmagasabb min\u0151s\u00e9g\u0171 legyen, \u00e9s nem fog csal\u00f3dni, ha a megfelel\u0151 forr\u00e1sb\u00f3l v\u00e1s\u00e1rolja.<\/p>\n<p style=\"text-align: justify;\">A Cherry Kush halv\u00e1ny narancss\u00e1rga sz\u0151rsz\u00e1lakat, er\u0151teljes r\u00fcgyet \u00e9s er\u0151s arom\u00e1t k\u00edn\u00e1l. S\u00f6t\u00e9tz\u00f6ld k\u00f6zep\u00e9vel, vastag barna sz\u0151rsz\u00e1lakkal \u00e9s krist\u00e1lyokkal k\u00f6r\u00fclv\u00e9ve leny\u0171g\u00f6z\u0151 l\u00e1tv\u00e1nyt ny\u00fajt. \u00daj krist\u00e1lyokat l\u00e1that, amelyek csak akkor vil\u00e1g\u00edtanak a f\u00e9nyben, ha felt\u00f6r egy r\u00fcgyet. <a href=\"https:\/\/ograsmarknad.com\/hu\/\">Kapcsolatfelv\u00e9tel<\/a> \u00e9s v\u00e1s\u00e1roljon meggyes pit\u00e9t online Eur\u00f3p\u00e1ban, Sv\u00e9dorsz\u00e1gban, Finnorsz\u00e1gban, \u00c5landon, D\u00e1ni\u00e1ban, \u00c9sztorsz\u00e1gban \u00e9s Norv\u00e9gi\u00e1ban megfizethet\u0151 \u00e1ron.<\/p>\n<h3 style=\"text-align: justify;\">H\u00e1tt\u00e9r<\/h3>\n<p style=\"text-align: justify;\">A Grand Daddy Purple-t Durban Poisonnal keresztezt\u00e9k, \u00edgy hozt\u00e1k l\u00e9tre a Cherry Pie-t, egy indica-domin\u00e1ns hibridet. Ennek az orvosi marihu\u00e1na fajt\u00e1nak az igazi v\u00e1ltozatoss\u00e1g\u00e1t azonban neh\u00e9z megtal\u00e1lni. Nem neh\u00e9z meg\u00e9rteni, hogy ez a legjobb fajta. S\u0171r\u0171, narancss\u00e1rga sz\u0151r\u00f6kkel rendelkez\u0151 r\u00fcgyekkel \u00e9s enyh\u00e9n lila \u00e1rnyalattal rendelkezik a szerkezet\u00e9ben. Ennek a ter\u00e1pi\u00e1s marihu\u00e1na fajt\u00e1nak a neve inspir\u00e1ci\u00f3k\u00e9nt szolg\u00e1lt. A Cherry Pie csereszny\u00e9s pite arom\u00e1j\u00fa. A poszttraum\u00e1s stressz szindr\u00f3ma, szorong\u00e1s, bipol\u00e1ris zavar, migr\u00e9n \u00e9s m\u00e1s stresszel kapcsolatos rendelleness\u00e9gek nyilv\u00e1nval\u00f3 t\u00fcneteivel k\u00fczd\u0151 betegek haszn\u00e1lj\u00e1k leggyakrabban.<\/p>\n<p style=\"text-align: justify;\">Amikor a beteg haszn\u00e1lja, sz\u00e1raz szemet \u00e9s sz\u00e1jat okozhat. Seg\u00edthet euf\u00f3rikus \u00e9rz\u00e9st el\u00e9rni, ellaz\u00edtani a testet \u00e9s az elm\u00e9t, felemelni az \u00e9rzelmeket \u00e9s f\u00f3kusz\u00e1lni a gondolkod\u00e1st. Ez k\u00e9ts\u00e9gtelen\u00fcl bizony\u00edthatja a megment\u0151 erej\u00e9t azoknak a betegeknek, akik az izommerevs\u00e9g \u00e9s az ezzel j\u00e1r\u00f3 kellemetlens\u00e9gek enyh\u00edt\u00e9s\u00e9re keresnek megold\u00e1st. \u00d6sszefoglalva, az emberek az\u00e9rt r\u00e9szes\u00edtik el\u0151nyben ezt a fajta orvosilag hasznos marihu\u00e1na fajt\u00e1t minden m\u00e1ssal szemben, mert a fent eml\u00edtett szindr\u00f3m\u00e1kat a legpihentet\u0151bb sorrendben enyh\u00edti, \u00e9s b\u00e1r a szed\u00e1ci\u00f3 irrit\u00e1ci\u00f3t okozhat, az el\u0151nye tagadhatatlan.<\/p>\n<p style=\"text-align: justify;\">Ha online szeretn\u00e9l Cherry Pie t\u00f6rzset v\u00e1s\u00e1rolni, mi vagyunk a legjobb hely sz\u00e1modra. Oszd meg vel\u00fcnk a Cherry Pie t\u00f6rzsre vonatkoz\u00f3 rendel\u00e9si adataidat, melyek Eur\u00f3p\u00e1ban, Sv\u00e9dorsz\u00e1gban, Finnorsz\u00e1gban, \u00c5landon, D\u00e1ni\u00e1ban, \u00c9sztorsz\u00e1gban \u00e9s Norv\u00e9gi\u00e1ban kaphat\u00f3k!<\/p>","protected":false},"excerpt":{"rendered":"<p>For Wholesale please contact us at<br \/>\nWickr ID: @williamspro<br \/>\nor via Whatsapp<br \/>\n<img loading=\"lazy\" decoding=\"async\" class=\"size-full wp-image-10162 alignleft\" src=\"https:\/\/ograsmarknad.com\/wp-content\/uploads\/2021\/11\/trust.jpg\" alt=\"Trust German\" width=\"300\" height=\"129\" srcset=\"https:\/\/ograsmarknad.com\/wp-content\/uploads\/2021\/11\/trust.jpg 300w, https:\/\/ograsmarknad.com\/wp-content\/uploads\/2021\/11\/trust-18x8.jpg 18w\" sizes=\"auto, (max-width: 300px) 100vw, 300px\" \/><\/p>","protected":false},"featured_media":9745,"comment_status":"open","ping_status":"closed","template":"","meta":{"_joinchat":[]},"product_cat":[71],"product_tag":[],"class_list":{"0":"post-9740","1":"product","2":"type-product","3":"status-publish","4":"has-post-thumbnail","6":"product_cat-gras-sw","8":"first","9":"instock","10":"shipping-taxable","11":"purchasable","12":"product-type-variable","13":"has-default-attributes"},"yoast_head":"<!-- This site is optimized with the Yoast SEO plugin v26.3 - https:\/\/yoast.com\/wordpress\/plugins\/seo\/ -->\n<title>Cherry Pie ogr\u00e4ssort till salu \u2013 K\u00f6p Cherry Pie online<\/title>\n<meta name=\"description\" content=\"K\u00f6p Cherry Pie ogr\u00e4ssort online fr\u00e5n Ograsmarknad. Cherry Pie till salu med s\u00f6t k\u00f6rsb\u00e4rssmak och balanserade avslappnande cannabiseffekter.\" \/>\n<meta name=\"robots\" content=\"index, follow, max-snippet:-1, max-image-preview:large, max-video-preview:-1\" \/>\n<link rel=\"canonical\" href=\"https:\/\/ograsmarknad.com\/hu\/product\/cherry-pie\/\" \/>\n<meta property=\"og:locale\" content=\"hu_HU\" \/>\n<meta property=\"og:type\" content=\"article\" \/>\n<meta property=\"og:title\" content=\"Cherry Pie ogr\u00e4ssort till salu \u2013 K\u00f6p Cherry Pie online\" \/>\n<meta property=\"og:description\" content=\"K\u00f6p Cherry Pie ogr\u00e4ssort online fr\u00e5n Ograsmarknad. Cherry Pie till salu med s\u00f6t k\u00f6rsb\u00e4rssmak och balanserade avslappnande cannabiseffekter.\" \/>\n<meta property=\"og:url\" content=\"https:\/\/ograsmarknad.com\/hu\/product\/cherry-pie\/\" \/>\n<meta property=\"og:site_name\" content=\"Ogras Marknad\" \/>\n<meta property=\"article:modified_time\" content=\"2026-03-14T06:51:15+00:00\" \/>\n<meta property=\"og:image\" content=\"https:\/\/ograsmarknad.com\/wp-content\/uploads\/2021\/11\/cheery-pie.jpg\" \/>\n\t<meta property=\"og:image:width\" content=\"600\" \/>\n\t<meta property=\"og:image:height\" content=\"600\" \/>\n\t<meta property=\"og:image:type\" content=\"image\/jpeg\" \/>\n<meta name=\"twitter:card\" content=\"summary_large_image\" \/>\n<meta name=\"twitter:label1\" content=\"Becs\u00fclt olvas\u00e1si id\u0151\" \/>\n\t<meta name=\"twitter:data1\" content=\"2 perc\" \/>\n<!-- \/ Yoast SEO plugin. -->","yoast_head_json":{"title":"Cherry Pie gyomn\u00f6v\u00e9nyfajta elad\u00f3 \u2013 V\u00e1s\u00e1roljon Cherry Pie-t online","description":"V\u00e1s\u00e1roljon Cherry Pie kannabiszfajt\u00e1t online az Ograsmarknadt\u00f3l. Elad\u00f3 Cherry Pie \u00e9des cseresznye \u00edzzel \u00e9s kiegyens\u00falyozott, pihentet\u0151 kannabiszhat\u00e1sokkal.","robots":{"index":"index","follow":"follow","max-snippet":"max-snippet:-1","max-image-preview":"max-image-preview:large","max-video-preview":"max-video-preview:-1"},"canonical":"https:\/\/ograsmarknad.com\/hu\/product\/cherry-pie\/","og_locale":"hu_HU","og_type":"article","og_title":"Cherry Pie ogr\u00e4ssort till salu \u2013 K\u00f6p Cherry Pie online","og_description":"K\u00f6p Cherry Pie ogr\u00e4ssort online fr\u00e5n Ograsmarknad. Cherry Pie till salu med s\u00f6t k\u00f6rsb\u00e4rssmak och balanserade avslappnande cannabiseffekter.","og_url":"https:\/\/ograsmarknad.com\/hu\/product\/cherry-pie\/","og_site_name":"Ogras Marknad","article_modified_time":"2026-03-14T06:51:15+00:00","og_image":[{"width":600,"height":600,"url":"https:\/\/ograsmarknad.com\/wp-content\/uploads\/2021\/11\/cheery-pie.jpg","type":"image\/jpeg"}],"twitter_card":"summary_large_image","twitter_misc":{"Becs\u00fclt olvas\u00e1si id\u0151":"2 perc"},"schema":{"@context":"https:\/\/schema.org","@graph":[{"@type":"WebPage","@id":"https:\/\/ograsmarknad.com\/product\/cherry-pie\/","url":"https:\/\/ograsmarknad.com\/product\/cherry-pie\/","name":"Cherry Pie gyomn\u00f6v\u00e9nyfajta elad\u00f3 \u2013 V\u00e1s\u00e1roljon Cherry Pie-t online","isPartOf":{"@id":"https:\/\/ograsmarknad.com\/#website"},"primaryImageOfPage":{"@id":"https:\/\/ograsmarknad.com\/product\/cherry-pie\/#primaryimage"},"image":{"@id":"https:\/\/ograsmarknad.com\/product\/cherry-pie\/#primaryimage"},"thumbnailUrl":"https:\/\/ograsmarknad.com\/wp-content\/uploads\/2021\/11\/cheery-pie.jpg","datePublished":"2021-11-08T08:21:35+00:00","dateModified":"2026-03-14T06:51:15+00:00","description":"V\u00e1s\u00e1roljon Cherry Pie kannabiszfajt\u00e1t online az Ograsmarknadt\u00f3l. Elad\u00f3 Cherry Pie \u00e9des cseresznye \u00edzzel \u00e9s kiegyens\u00falyozott, pihentet\u0151 kannabiszhat\u00e1sokkal.","breadcrumb":{"@id":"https:\/\/ograsmarknad.com\/product\/cherry-pie\/#breadcrumb"},"inLanguage":"hu","potentialAction":[{"@type":"ReadAction","target":["https:\/\/ograsmarknad.com\/product\/cherry-pie\/"]}]},{"@type":"ImageObject","inLanguage":"hu","@id":"https:\/\/ograsmarknad.com\/product\/cherry-pie\/#primaryimage","url":"https:\/\/ograsmarknad.com\/wp-content\/uploads\/2021\/11\/cheery-pie.jpg","contentUrl":"https:\/\/ograsmarknad.com\/wp-content\/uploads\/2021\/11\/cheery-pie.jpg","width":600,"height":600,"caption":"cheery-pie"},{"@type":"BreadcrumbList","@id":"https:\/\/ograsmarknad.com\/product\/cherry-pie\/#breadcrumb","itemListElement":[{"@type":"ListItem","position":1,"name":"Home","item":"https:\/\/ograsmarknad.com\/"},{"@type":"ListItem","position":2,"name":"Shop","item":"https:\/\/ograsmarknad.com\/shop\/"},{"@type":"ListItem","position":3,"name":"Cherry Pie"}]},{"@type":"WebSite","@id":"https:\/\/ograsmarknad.com\/#website","url":"https:\/\/ograsmarknad.com\/","name":"Ogras Marknad","description":"Ogras Marknad","potentialAction":[{"@type":"SearchAction","target":{"@type":"EntryPoint","urlTemplate":"https:\/\/ograsmarknad.com\/?s={search_term_string}"},"query-input":{"@type":"PropertyValueSpecification","valueRequired":true,"valueName":"search_term_string"}}],"inLanguage":"hu"}]}},"_links":{"self":[{"href":"https:\/\/ograsmarknad.com\/hu\/wp-json\/wp\/v2\/product\/9740","targetHints":{"allow":["GET"]}}],"collection":[{"href":"https:\/\/ograsmarknad.com\/hu\/wp-json\/wp\/v2\/product"}],"about":[{"href":"https:\/\/ograsmarknad.com\/hu\/wp-json\/wp\/v2\/types\/product"}],"replies":[{"embeddable":true,"href":"https:\/\/ograsmarknad.com\/hu\/wp-json\/wp\/v2\/comments?post=9740"}],"wp:featuredmedia":[{"embeddable":true,"href":"https:\/\/ograsmarknad.com\/hu\/wp-json\/wp\/v2\/media\/9745"}],"wp:attachment":[{"href":"https:\/\/ograsmarknad.com\/hu\/wp-json\/wp\/v2\/media?parent=9740"}],"wp:term":[{"taxonomy":"product_cat","embeddable":true,"href":"https:\/\/ograsmarknad.com\/hu\/wp-json\/wp\/v2\/product_cat?post=9740"},{"taxonomy":"product_tag","embeddable":true,"href":"https:\/\/ograsmarknad.com\/hu\/wp-json\/wp\/v2\/product_tag?post=9740"}],"curies":[{"name":"wp","href":"https:\/\/api.w.org\/{rel}","templated":true}]}}