{"id":9752,"date":"2021-11-08T08:26:11","date_gmt":"2021-11-08T08:26:11","guid":{"rendered":"https:\/\/ograsmarknad.com\/?post_type=product&#038;p=9752"},"modified":"2026-03-14T06:50:54","modified_gmt":"2026-03-14T06:50:54","slug":"lemon-haze","status":"publish","type":"product","link":"https:\/\/ograsmarknad.com\/hu\/product\/lemon-haze\/","title":{"rendered":"Lemon Haze"},"content":{"rendered":"<h2 style=\"text-align: justify;\">V\u00e1s\u00e1roljon Lemon Haze-t online Sv\u00e9dorsz\u00e1gban, Finnorsz\u00e1gban, \u00c5landon, D\u00e1ni\u00e1ban, \u00c9sztorsz\u00e1gban, Norv\u00e9gi\u00e1ban a legjobb \u00e1ron az Ogras Marknad-on!<\/h2>\n<p style=\"text-align: justify;\"><a href=\"https:\/\/ograsmarknad.com\/hu\/product\/lemon-haze\/\">Citromhaze elad\u00f3<\/a> amelynek szil\u00e1rd gy\u00f6kerei a nyugati parti kannabiszkult\u00far\u00e1ban rejlenek. A Silver Haze-t \u00e9s a Lemon Skunk-ot keresztezt\u00e9k, hogy l\u00e9trehozz\u00e1k ezt az im\u00e1dnival\u00f3, Sativa-domin\u00e1ns hibridet. A jellegzetes savanyk\u00e1s, citrusos \u00e9s feny\u0151szer\u0171 aroma \u00e9s \u00edz, valamint a fajta vicces \u00e9s felemel\u0151 jellege vil\u00e1gszerte kedveltt\u00e9 tette. V\u00e1s\u00e1rolj Lemon Haze-t online Eur\u00f3p\u00e1ban, Sv\u00e9dorsz\u00e1gban, Finnorsz\u00e1gban, \u00c5landon, D\u00e1ni\u00e1ban, \u00c9sztorsz\u00e1gban \u00e9s Norv\u00e9gi\u00e1ban online \u00e1ruh\u00e1zunkban m\u00e9g ma!<\/p>\n<h3 style=\"text-align: justify;\">Genetika<\/h3>\n<p style=\"text-align: justify;\">A Lemon Skunk \u00e9s a Super Silver Haze keresztez\u00e9s\u00e9b\u0151l j\u00f6tt l\u00e9tre ez a kannabiszfajta.<\/p>\n<h3 style=\"text-align: justify;\">A citromk\u00f6d hat\u00e1sai<\/h3>\n<p style=\"text-align: justify;\">Laborat\u00f3riumi tesztek igazolj\u00e1k ennek a fajt\u00e1nak a hat\u00e9konys\u00e1g\u00e1t egy t\u00f6k\u00e9letes hibrid eset\u00e9ben. A fajta \u00e1tlagos THC-tartalma 15-18%, ami egy Sativa dominanci\u00e1j\u00fa hibridhez k\u00e9pest meglehet\u0151sen magas. A Lemon Haze er\u0151s THC- \u00e9s alacsony CBD-ar\u00e1nya (1% CBD) izgalmas, pszichedelikus hat\u00e1st kelt, tele vid\u00e1m hangulattal \u00e9s mosollyal.<\/p>\n<p style=\"text-align: justify;\">Ennek a t\u00f6rzsnek az agyat serkent\u0151, \u00e9l\u00e9nk\u00edt\u0151 tulajdons\u00e1gai kiv\u00e1l\u00f3v\u00e1 teszik a szorong\u00e1s, a depresszi\u00f3 \u00e9s a mindennapi \u00e9letb\u0151l ad\u00f3d\u00f3 \u00e1ltal\u00e1nos stressz kezel\u00e9s\u00e9re. Ez\u00e1ltal kiv\u00e1l\u00f3 eg\u00e9sz napos fajta, mivel seg\u00edti a koncentr\u00e1ci\u00f3t \u00e9s el\u0151seg\u00edti a t\u00e1rsas\u00e1gi \u00e9letet. A f\u00e1jdalomcsillap\u00edt\u00f3 \u00e9s nyugtat\u00f3 hat\u00e1s m\u00e9rs\u00e9kelt, ami jellemz\u0151 a Sativa-domin\u00e1ns t\u00f6rzsekre.<\/p>\n<h3 style=\"text-align: justify;\">Megjelen\u00e9s \u00e9s aroma<\/h3>\n<p style=\"text-align: justify;\">A Lemon Haze legkiemelked\u0151bb tulajdons\u00e1ga a cs\u00e1b\u00edt\u00f3 arom\u00e1ja, amely a frissen facsart limon\u00e1d\u00e9ra eml\u00e9keztet \u2013 a l\u00e9d\u00fas citrusf\u00e9l\u00e9k h\u00e9ja \u00e9des, feny\u0151s t\u00f3nussal keveredik, kellemes arom\u00e1t hozva l\u00e9tre. A k\u00fapos r\u00fcgyek s\u0171r\u0171n helyezkednek el, \u00e9s sok l\u00e1that\u00f3, bolyhos trich\u00f3m\u00e1val rendelkeznek. N\u00e9h\u00e1ny halv\u00e1nynarancss\u00e1rga bibe sz\u00e9pen megb\u00fajik a vil\u00e1gosz\u00f6ld vir\u00e1gokban, \u00e9s amikor sz\u00e9tny\u00edlnak, a r\u00fcgyek m\u00e9g t\u00f6bb THC-t szabad\u00edtanak fel.<\/p>\n<p style=\"text-align: justify;\">Ez a marihu\u00e1nafajta agyi euf\u00f3ri\u00e1t okoz, majd kanap\u00e9ra z\u00e1rja mag\u00e1t. N\u00f6veli az energiaszintet, a nevet\u00e9st, a t\u00e1rsas kapcsolatokat, oldja a stresszt, cs\u00f6kkenti a szomor\u00fas\u00e1got \u00e9s a h\u00e1nyingert, m\u00e9rs\u00e9kelt f\u00e1jdalomcsillap\u00edt\u00f3 hat\u00e1ssal b\u00edr, \u00e9s fokozza az \u00e9hs\u00e9get.<\/p>\n<p style=\"text-align: justify;\"><a href=\"https:\/\/ograsmarknad.com\/hu\/\">Kapcsolatfelv\u00e9tel<\/a> vel\u00fcnk az Ogras Marknadn\u00e1l, \u00e9s ossza meg vel\u00fcnk rendel\u00e9si adatait a Lemon Haze-re, amelyet megfizethet\u0151 \u00e1ron k\u00edn\u00e1lunk. Rendeljen Lemon Haze-t online Eur\u00f3p\u00e1ban, Sv\u00e9dorsz\u00e1gban, Finnorsz\u00e1gban, \u00c5landon, D\u00e1ni\u00e1ban, \u00c9sztorsz\u00e1gban \u00e9s Norv\u00e9gi\u00e1ban most!<\/p>","protected":false},"excerpt":{"rendered":"<p>For Wholesale please contact us at<br \/>\nWickr ID: @williamspro<br \/>\nor via Whatsapp<br \/>\n<img loading=\"lazy\" decoding=\"async\" class=\"size-full wp-image-10162 alignleft\" src=\"https:\/\/ograsmarknad.com\/wp-content\/uploads\/2021\/11\/trust.jpg\" alt=\"Trust German\" width=\"300\" height=\"129\" srcset=\"https:\/\/ograsmarknad.com\/wp-content\/uploads\/2021\/11\/trust.jpg 300w, https:\/\/ograsmarknad.com\/wp-content\/uploads\/2021\/11\/trust-18x8.jpg 18w\" sizes=\"auto, (max-width: 300px) 100vw, 300px\" \/><\/p>","protected":false},"featured_media":9757,"comment_status":"open","ping_status":"closed","template":"","meta":{"_joinchat":[]},"product_cat":[71],"product_tag":[],"class_list":{"0":"post-9752","1":"product","2":"type-product","3":"status-publish","4":"has-post-thumbnail","6":"product_cat-gras-sw","8":"first","9":"instock","10":"shipping-taxable","11":"purchasable","12":"product-type-variable","13":"has-default-attributes"},"yoast_head":"<!-- This site is optimized with the Yoast SEO plugin v26.3 - https:\/\/yoast.com\/wordpress\/plugins\/seo\/ -->\n<title>Lemon Haze ogr\u00e4ssort till salu \u2013 K\u00f6p Lemon Haze online<\/title>\n<meta name=\"description\" content=\"K\u00f6p Lemon Haze ogr\u00e4ssort online fr\u00e5n Ograsmarknad. Lemon Haze till salu med citruscitronsmak och upplyftande energiska cannabiseffekter.\" \/>\n<meta name=\"robots\" content=\"index, follow, max-snippet:-1, max-image-preview:large, max-video-preview:-1\" \/>\n<link rel=\"canonical\" href=\"https:\/\/ograsmarknad.com\/hu\/product\/lemon-haze\/\" \/>\n<meta property=\"og:locale\" content=\"hu_HU\" \/>\n<meta property=\"og:type\" content=\"article\" \/>\n<meta property=\"og:title\" content=\"Lemon Haze ogr\u00e4ssort till salu \u2013 K\u00f6p Lemon Haze online\" \/>\n<meta property=\"og:description\" content=\"K\u00f6p Lemon Haze ogr\u00e4ssort online fr\u00e5n Ograsmarknad. Lemon Haze till salu med citruscitronsmak och upplyftande energiska cannabiseffekter.\" \/>\n<meta property=\"og:url\" content=\"https:\/\/ograsmarknad.com\/hu\/product\/lemon-haze\/\" \/>\n<meta property=\"og:site_name\" content=\"Ogras Marknad\" \/>\n<meta property=\"article:modified_time\" content=\"2026-03-14T06:50:54+00:00\" \/>\n<meta property=\"og:image\" content=\"https:\/\/ograsmarknad.com\/wp-content\/uploads\/2021\/11\/lemon-haze.jpg\" \/>\n\t<meta property=\"og:image:width\" content=\"600\" \/>\n\t<meta property=\"og:image:height\" content=\"600\" \/>\n\t<meta property=\"og:image:type\" content=\"image\/jpeg\" \/>\n<meta name=\"twitter:card\" content=\"summary_large_image\" \/>\n<meta name=\"twitter:label1\" content=\"Becs\u00fclt olvas\u00e1si id\u0151\" \/>\n\t<meta name=\"twitter:data1\" content=\"2 perc\" \/>\n<!-- \/ Yoast SEO plugin. -->","yoast_head_json":{"title":"Lemon Haze gyomn\u00f6v\u00e9nyfajta elad\u00f3 \u2013 V\u00e1s\u00e1roljon Lemon Haze-t online","description":"V\u00e1s\u00e1roljon Lemon Haze kannabiszfajt\u00e1t online az Ograsmarknad-t\u00f3l. Elad\u00f3 Lemon Haze citrusos-citromos \u00edzzel \u00e9s felemel\u0151, energikus kannabiszhat\u00e1sokkal.","robots":{"index":"index","follow":"follow","max-snippet":"max-snippet:-1","max-image-preview":"max-image-preview:large","max-video-preview":"max-video-preview:-1"},"canonical":"https:\/\/ograsmarknad.com\/hu\/product\/lemon-haze\/","og_locale":"hu_HU","og_type":"article","og_title":"Lemon Haze ogr\u00e4ssort till salu \u2013 K\u00f6p Lemon Haze online","og_description":"K\u00f6p Lemon Haze ogr\u00e4ssort online fr\u00e5n Ograsmarknad. Lemon Haze till salu med citruscitronsmak och upplyftande energiska cannabiseffekter.","og_url":"https:\/\/ograsmarknad.com\/hu\/product\/lemon-haze\/","og_site_name":"Ogras Marknad","article_modified_time":"2026-03-14T06:50:54+00:00","og_image":[{"width":600,"height":600,"url":"https:\/\/ograsmarknad.com\/wp-content\/uploads\/2021\/11\/lemon-haze.jpg","type":"image\/jpeg"}],"twitter_card":"summary_large_image","twitter_misc":{"Becs\u00fclt olvas\u00e1si id\u0151":"2 perc"},"schema":{"@context":"https:\/\/schema.org","@graph":[{"@type":"WebPage","@id":"https:\/\/ograsmarknad.com\/product\/lemon-haze\/","url":"https:\/\/ograsmarknad.com\/product\/lemon-haze\/","name":"Lemon Haze gyomn\u00f6v\u00e9nyfajta elad\u00f3 \u2013 V\u00e1s\u00e1roljon Lemon Haze-t online","isPartOf":{"@id":"https:\/\/ograsmarknad.com\/#website"},"primaryImageOfPage":{"@id":"https:\/\/ograsmarknad.com\/product\/lemon-haze\/#primaryimage"},"image":{"@id":"https:\/\/ograsmarknad.com\/product\/lemon-haze\/#primaryimage"},"thumbnailUrl":"https:\/\/ograsmarknad.com\/wp-content\/uploads\/2021\/11\/lemon-haze.jpg","datePublished":"2021-11-08T08:26:11+00:00","dateModified":"2026-03-14T06:50:54+00:00","description":"V\u00e1s\u00e1roljon Lemon Haze kannabiszfajt\u00e1t online az Ograsmarknad-t\u00f3l. Elad\u00f3 Lemon Haze citrusos-citromos \u00edzzel \u00e9s felemel\u0151, energikus kannabiszhat\u00e1sokkal.","breadcrumb":{"@id":"https:\/\/ograsmarknad.com\/product\/lemon-haze\/#breadcrumb"},"inLanguage":"hu","potentialAction":[{"@type":"ReadAction","target":["https:\/\/ograsmarknad.com\/product\/lemon-haze\/"]}]},{"@type":"ImageObject","inLanguage":"hu","@id":"https:\/\/ograsmarknad.com\/product\/lemon-haze\/#primaryimage","url":"https:\/\/ograsmarknad.com\/wp-content\/uploads\/2021\/11\/lemon-haze.jpg","contentUrl":"https:\/\/ograsmarknad.com\/wp-content\/uploads\/2021\/11\/lemon-haze.jpg","width":600,"height":600,"caption":"lemon-haze"},{"@type":"BreadcrumbList","@id":"https:\/\/ograsmarknad.com\/product\/lemon-haze\/#breadcrumb","itemListElement":[{"@type":"ListItem","position":1,"name":"Home","item":"https:\/\/ograsmarknad.com\/"},{"@type":"ListItem","position":2,"name":"Shop","item":"https:\/\/ograsmarknad.com\/shop\/"},{"@type":"ListItem","position":3,"name":"Lemon Haze"}]},{"@type":"WebSite","@id":"https:\/\/ograsmarknad.com\/#website","url":"https:\/\/ograsmarknad.com\/","name":"Ogras Marknad","description":"Ogras Marknad","potentialAction":[{"@type":"SearchAction","target":{"@type":"EntryPoint","urlTemplate":"https:\/\/ograsmarknad.com\/?s={search_term_string}"},"query-input":{"@type":"PropertyValueSpecification","valueRequired":true,"valueName":"search_term_string"}}],"inLanguage":"hu"}]}},"_links":{"self":[{"href":"https:\/\/ograsmarknad.com\/hu\/wp-json\/wp\/v2\/product\/9752","targetHints":{"allow":["GET"]}}],"collection":[{"href":"https:\/\/ograsmarknad.com\/hu\/wp-json\/wp\/v2\/product"}],"about":[{"href":"https:\/\/ograsmarknad.com\/hu\/wp-json\/wp\/v2\/types\/product"}],"replies":[{"embeddable":true,"href":"https:\/\/ograsmarknad.com\/hu\/wp-json\/wp\/v2\/comments?post=9752"}],"wp:featuredmedia":[{"embeddable":true,"href":"https:\/\/ograsmarknad.com\/hu\/wp-json\/wp\/v2\/media\/9757"}],"wp:attachment":[{"href":"https:\/\/ograsmarknad.com\/hu\/wp-json\/wp\/v2\/media?parent=9752"}],"wp:term":[{"taxonomy":"product_cat","embeddable":true,"href":"https:\/\/ograsmarknad.com\/hu\/wp-json\/wp\/v2\/product_cat?post=9752"},{"taxonomy":"product_tag","embeddable":true,"href":"https:\/\/ograsmarknad.com\/hu\/wp-json\/wp\/v2\/product_tag?post=9752"}],"curies":[{"name":"wp","href":"https:\/\/api.w.org\/{rel}","templated":true}]}}