{"id":9759,"date":"2021-11-08T08:46:54","date_gmt":"2021-11-08T08:46:54","guid":{"rendered":"https:\/\/ograsmarknad.com\/?post_type=product&#038;p=9759"},"modified":"2026-03-16T10:34:58","modified_gmt":"2026-03-16T10:34:58","slug":"orange-kush","status":"publish","type":"product","link":"https:\/\/ograsmarknad.com\/hu\/product\/orange-kush\/","title":{"rendered":"Orange Kush"},"content":{"rendered":"<h2 style=\"text-align: justify;\">Rendelje meg a Orange Kush online Eur\u00f3p\u00e1ban, Sv\u00e9dorsz\u00e1gban, Finnorsz\u00e1gban, \u00c5landon, D\u00e1ni\u00e1ban, \u00c9sztorsz\u00e1gban, Norv\u00e9gi\u00e1ban, a legjobb \u00e1ron m\u00e9g ma az Ogras Marketn\u00e9l!<\/h2>\n<p style=\"text-align: justify;\">A Green Devil Genetics l\u00e9trehozta az Orange Kush-t, amely az Orange Bud \u00e9s <a href=\"https:\/\/ograsmarknad.com\/hu\/product\/orange-kush\/\">OG Kush<\/a>. \u00c9des \u00e9s f\u0171szeres citrusos \u00edzzel rendelkezik, amely megnyugtatja a testet \u00e9s felemeli a hangulatot. Ennek a fajt\u00e1nak hossz\u00fa, s\u0171r\u0171 r\u00fcgyei vannak, sok narancss\u00e1rga sz\u0151rrel \u00e9s trichomakrist\u00e1lyokkal, \u00e9s ellen\u00e1ll\u00f3 a legt\u00f6bb k\u00e1rtev\u0151vel \u00e9s pen\u00e9sszel szemben. V\u00e1s\u00e1roljon Orange Kush online Eur\u00f3p\u00e1ban, Sv\u00e9dorsz\u00e1gban, Finnorsz\u00e1gban, \u00c5landon, D\u00e1ni\u00e1ban, \u00c9sztorsz\u00e1gban \u00e9s Norv\u00e9gi\u00e1ban online \u00e1ruh\u00e1zunkban m\u00e9g ma.<\/p>\n<p style=\"text-align: justify;\">Az elad\u00f3 Orange Kush az Orange Bud \u00e9s az OG Kush ut\u00f3da. \u00c9des \u00e9s f\u0171szeres citrusos \u00edzzel rendelkezik, amely megnyugtatja a testet \u00e9s felemeli a hangulatot. Ennek a fajt\u00e1nak hossz\u00fa, s\u0171r\u0171 r\u00fcgyei vannak, sok narancss\u00e1rga sz\u0151rrel \u00e9s trichomakrist\u00e1lyokkal, \u00e9s ellen\u00e1ll a legt\u00f6bb k\u00e1rtev\u0151nek \u00e9s pen\u00e9sznek.<\/p>\n<p style=\"text-align: justify;\">Ezt a Sativa-domin\u00e1ns hibrid marihu\u00e1na t\u00f6rzset \u00fagy hozt\u00e1k l\u00e9tre, hogy fenntarthat\u00f3 \u00e9s megb\u00edzhat\u00f3 termeszt\u0151 legyen. Az Organic Kush n\u00f6v\u00e9nyek OG Kush \u00e9s SAGE sz\u00fcl\u0151kt\u0151l sz\u00e1rmaznak, \u00e9s mint sok szat\u00edva, 10-11 h\u00e9tig tart a vir\u00e1gz\u00e1s. Ezeknek a n\u00f6v\u00e9nyeknek sok s\u00f6t\u00e9tz\u00f6ld lev\u00e9l van az \u00e1gain, de a r\u00fcgyeik vil\u00e1gosz\u00f6ldek \u00e9s frissen v\u00e1gott tobozok illat\u00faak. Az Organic Kush nagyszer\u0171 v\u00e1laszt\u00e1s az agyi m\u00e1morhoz, amely kreativit\u00e1sra inspir\u00e1lhat.<\/p>\n<h3 style=\"text-align: justify;\">Megjelen\u00e9s<\/h3>\n<p style=\"text-align: justify;\">Vil\u00e1gosz\u00f6ld, f\u00e9nyes, vastag narancss\u00e1rga sz\u0151rzettel. A rajta l\u00e9v\u0151 krist\u00e1lyok is vil\u00e1g\u00edtanak a f\u00e9nyben.<\/p>\n<h3 style=\"text-align: justify;\">Aroma<\/h3>\n<p style=\"text-align: justify;\">Enyhe f\u00f6ldes gy\u00f3gyn\u00f6v\u00e9nyszagot \u00e9rezhet\u00fcnk, de tov\u00e1bbi szagokat nem. Titokban persze.<\/p>\n<h3 style=\"text-align: justify;\">\u00cdzl\u00e9s<\/h3>\n<p style=\"text-align: justify;\">\u00cdze sincs sok, ahogyan szaga sincs sok. Enyhe, enyh\u00e9n f\u00f6ldes, gy\u00f3gyn\u00f6v\u00e9nyes \u00edze van.<\/p>\n<h3 style=\"text-align: justify;\">Hat\u00e1sok<\/h3>\n<p style=\"text-align: justify;\">A legjobb \u00e9jszaka haszn\u00e1lni. Er\u0151s indica hat\u00e1sa van, meglehet\u0151sen tiszta fejjel. Hat\u00e9kony a f\u00e1jdalom \u00e9s a titkos jelenl\u00e9t ellen.<\/p>\n<h3 style=\"text-align: justify;\">El\u0151ny\u00f6k<\/h3>\n<p style=\"text-align: justify;\">Az Orange Kush seg\u00edt n\u00f6velni az \u00e9tv\u00e1gyat, \u00e9s j\u00f3 a h\u00e1nyinger, enyhe f\u00e1jdalomcsillap\u00edt\u00e1s, stressz, asztma \u00e9s relax\u00e1ci\u00f3 eset\u00e9n. Ha \u00e9rdekli az Orange Kush online v\u00e1s\u00e1rl\u00e1sa Eur\u00f3p\u00e1ban, Sv\u00e9dorsz\u00e1gban, Finnorsz\u00e1gban, \u00c5landon, D\u00e1ni\u00e1ban, \u00c9sztorsz\u00e1gban, Norv\u00e9gi\u00e1ban, k\u00e9rj\u00fck, l\u00e9pjen kapcsolatba vel\u00fcnk k\u00f6zvetlen\u00fcl, \u00e9s ossza meg vel\u00fcnk a rendel\u00e9s adatait. L\u00e9pjen kapcsolatba m\u00e9g ma!<\/p>","protected":false},"excerpt":{"rendered":"<p>For Wholesale please contact us at<br \/>\nWickr ID: @williamspro<br \/>\nor via Whatsapp<br \/>\n<img loading=\"lazy\" decoding=\"async\" class=\"size-full wp-image-10162 alignleft\" src=\"https:\/\/ograsmarknad.com\/wp-content\/uploads\/2021\/11\/trust.jpg\" alt=\"Trust German\" width=\"300\" height=\"129\" srcset=\"https:\/\/ograsmarknad.com\/wp-content\/uploads\/2021\/11\/trust.jpg 300w, https:\/\/ograsmarknad.com\/wp-content\/uploads\/2021\/11\/trust-18x8.jpg 18w\" sizes=\"auto, (max-width: 300px) 100vw, 300px\" \/><\/p>","protected":false},"featured_media":9764,"comment_status":"open","ping_status":"closed","template":"","meta":{"_joinchat":[]},"product_cat":[71],"product_tag":[],"class_list":{"0":"post-9759","1":"product","2":"type-product","3":"status-publish","4":"has-post-thumbnail","6":"product_cat-gras-sw","8":"first","9":"instock","10":"shipping-taxable","11":"purchasable","12":"product-type-variable","13":"has-default-attributes"},"yoast_head":"<!-- This site is optimized with the Yoast SEO plugin v26.3 - https:\/\/yoast.com\/wordpress\/plugins\/seo\/ -->\n<title>Orange Kush ogr\u00e4ssort till salu \u2013 K\u00f6p Orange Kush online<\/title>\n<meta name=\"description\" content=\"K\u00f6p Orange Kush ogr\u00e4ssort online fr\u00e5n Ograsmarknad. Orange Kush till salu med citrusarom och avslappnande indica-dominanta cannabiseffekter.\" \/>\n<meta name=\"robots\" content=\"index, follow, max-snippet:-1, max-image-preview:large, max-video-preview:-1\" \/>\n<link rel=\"canonical\" href=\"https:\/\/ograsmarknad.com\/hu\/product\/orange-kush\/\" \/>\n<meta property=\"og:locale\" content=\"hu_HU\" \/>\n<meta property=\"og:type\" content=\"article\" \/>\n<meta property=\"og:title\" content=\"Orange Kush ogr\u00e4ssort till salu \u2013 K\u00f6p Orange Kush online\" \/>\n<meta property=\"og:description\" content=\"K\u00f6p Orange Kush ogr\u00e4ssort online fr\u00e5n Ograsmarknad. Orange Kush till salu med citrusarom och avslappnande indica-dominanta cannabiseffekter.\" \/>\n<meta property=\"og:url\" content=\"https:\/\/ograsmarknad.com\/hu\/product\/orange-kush\/\" \/>\n<meta property=\"og:site_name\" content=\"Ogras Marknad\" \/>\n<meta property=\"article:modified_time\" content=\"2026-03-16T10:34:58+00:00\" \/>\n<meta property=\"og:image\" content=\"https:\/\/ograsmarknad.com\/wp-content\/uploads\/2021\/11\/orange-kush.jpg\" \/>\n\t<meta property=\"og:image:width\" content=\"600\" \/>\n\t<meta property=\"og:image:height\" content=\"600\" \/>\n\t<meta property=\"og:image:type\" content=\"image\/jpeg\" \/>\n<meta name=\"twitter:card\" content=\"summary_large_image\" \/>\n<meta name=\"twitter:label1\" content=\"Becs\u00fclt olvas\u00e1si id\u0151\" \/>\n\t<meta name=\"twitter:data1\" content=\"2 perc\" \/>\n<!-- \/ Yoast SEO plugin. -->","yoast_head_json":{"title":"Orange Kush gyomn\u00f6v\u00e9nyfajta elad\u00f3 \u2013 V\u00e1s\u00e1roljon Orange Kush-t online","description":"V\u00e1s\u00e1roljon Orange Kush kannabiszfajt\u00e1t online az Ograsmarknadt\u00f3l. Elad\u00f3 Orange Kush citrusos arom\u00e1val \u00e9s pihentet\u0151, indica-domin\u00e1ns kannabiszhat\u00e1sokkal.","robots":{"index":"index","follow":"follow","max-snippet":"max-snippet:-1","max-image-preview":"max-image-preview:large","max-video-preview":"max-video-preview:-1"},"canonical":"https:\/\/ograsmarknad.com\/hu\/product\/orange-kush\/","og_locale":"hu_HU","og_type":"article","og_title":"Orange Kush ogr\u00e4ssort till salu \u2013 K\u00f6p Orange Kush online","og_description":"K\u00f6p Orange Kush ogr\u00e4ssort online fr\u00e5n Ograsmarknad. Orange Kush till salu med citrusarom och avslappnande indica-dominanta cannabiseffekter.","og_url":"https:\/\/ograsmarknad.com\/hu\/product\/orange-kush\/","og_site_name":"Ogras Marknad","article_modified_time":"2026-03-16T10:34:58+00:00","og_image":[{"width":600,"height":600,"url":"https:\/\/ograsmarknad.com\/wp-content\/uploads\/2021\/11\/orange-kush.jpg","type":"image\/jpeg"}],"twitter_card":"summary_large_image","twitter_misc":{"Becs\u00fclt olvas\u00e1si id\u0151":"2 perc"},"schema":{"@context":"https:\/\/schema.org","@graph":[{"@type":"WebPage","@id":"https:\/\/ograsmarknad.com\/product\/orange-kush\/","url":"https:\/\/ograsmarknad.com\/product\/orange-kush\/","name":"Orange Kush gyomn\u00f6v\u00e9nyfajta elad\u00f3 \u2013 V\u00e1s\u00e1roljon Orange Kush-t online","isPartOf":{"@id":"https:\/\/ograsmarknad.com\/#website"},"primaryImageOfPage":{"@id":"https:\/\/ograsmarknad.com\/product\/orange-kush\/#primaryimage"},"image":{"@id":"https:\/\/ograsmarknad.com\/product\/orange-kush\/#primaryimage"},"thumbnailUrl":"https:\/\/ograsmarknad.com\/wp-content\/uploads\/2021\/11\/orange-kush.jpg","datePublished":"2021-11-08T08:46:54+00:00","dateModified":"2026-03-16T10:34:58+00:00","description":"V\u00e1s\u00e1roljon Orange Kush kannabiszfajt\u00e1t online az Ograsmarknadt\u00f3l. Elad\u00f3 Orange Kush citrusos arom\u00e1val \u00e9s pihentet\u0151, indica-domin\u00e1ns kannabiszhat\u00e1sokkal.","breadcrumb":{"@id":"https:\/\/ograsmarknad.com\/product\/orange-kush\/#breadcrumb"},"inLanguage":"hu","potentialAction":[{"@type":"ReadAction","target":["https:\/\/ograsmarknad.com\/product\/orange-kush\/"]}]},{"@type":"ImageObject","inLanguage":"hu","@id":"https:\/\/ograsmarknad.com\/product\/orange-kush\/#primaryimage","url":"https:\/\/ograsmarknad.com\/wp-content\/uploads\/2021\/11\/orange-kush.jpg","contentUrl":"https:\/\/ograsmarknad.com\/wp-content\/uploads\/2021\/11\/orange-kush.jpg","width":600,"height":600,"caption":"orange-kush"},{"@type":"BreadcrumbList","@id":"https:\/\/ograsmarknad.com\/product\/orange-kush\/#breadcrumb","itemListElement":[{"@type":"ListItem","position":1,"name":"Home","item":"https:\/\/ograsmarknad.com\/"},{"@type":"ListItem","position":2,"name":"Shop","item":"https:\/\/ograsmarknad.com\/shop\/"},{"@type":"ListItem","position":3,"name":"Orange Kush"}]},{"@type":"WebSite","@id":"https:\/\/ograsmarknad.com\/#website","url":"https:\/\/ograsmarknad.com\/","name":"Ogras Marknad","description":"Ogras Marknad","potentialAction":[{"@type":"SearchAction","target":{"@type":"EntryPoint","urlTemplate":"https:\/\/ograsmarknad.com\/?s={search_term_string}"},"query-input":{"@type":"PropertyValueSpecification","valueRequired":true,"valueName":"search_term_string"}}],"inLanguage":"hu"}]}},"_links":{"self":[{"href":"https:\/\/ograsmarknad.com\/hu\/wp-json\/wp\/v2\/product\/9759","targetHints":{"allow":["GET"]}}],"collection":[{"href":"https:\/\/ograsmarknad.com\/hu\/wp-json\/wp\/v2\/product"}],"about":[{"href":"https:\/\/ograsmarknad.com\/hu\/wp-json\/wp\/v2\/types\/product"}],"replies":[{"embeddable":true,"href":"https:\/\/ograsmarknad.com\/hu\/wp-json\/wp\/v2\/comments?post=9759"}],"wp:featuredmedia":[{"embeddable":true,"href":"https:\/\/ograsmarknad.com\/hu\/wp-json\/wp\/v2\/media\/9764"}],"wp:attachment":[{"href":"https:\/\/ograsmarknad.com\/hu\/wp-json\/wp\/v2\/media?parent=9759"}],"wp:term":[{"taxonomy":"product_cat","embeddable":true,"href":"https:\/\/ograsmarknad.com\/hu\/wp-json\/wp\/v2\/product_cat?post=9759"},{"taxonomy":"product_tag","embeddable":true,"href":"https:\/\/ograsmarknad.com\/hu\/wp-json\/wp\/v2\/product_tag?post=9759"}],"curies":[{"name":"wp","href":"https:\/\/api.w.org\/{rel}","templated":true}]}}