{"id":9765,"date":"2021-11-08T08:50:29","date_gmt":"2021-11-08T08:50:29","guid":{"rendered":"https:\/\/ograsmarknad.com\/?post_type=product&#038;p=9765"},"modified":"2026-03-16T10:34:46","modified_gmt":"2026-03-16T10:34:46","slug":"pineapple-express","status":"publish","type":"product","link":"https:\/\/ograsmarknad.com\/hu\/product\/pineapple-express\/","title":{"rendered":"Pineapple Express"},"content":{"rendered":"<h2 style=\"text-align: justify;\">V\u00e1s\u00e1roljon Pineapple Express-t online Sv\u00e9dorsz\u00e1gban, Finnorsz\u00e1gban, \u00c5landon, D\u00e1ni\u00e1ban, \u00c9sztorsz\u00e1gban, Norv\u00e9gi\u00e1ban az Ogras Marketen olcs\u00f3 \u00e1ron!<\/h2>\n<p style=\"text-align: justify;\">I dessa tider kan <a href=\"https:\/\/ograsmarknad.com\/hu\/product\/pineapple-express\/\">Pineapple Express till salu<\/a> k\u00f6pas p\u00e5 <a href=\"https:\/\/ograsmarknad.com\/hu\/\">Ogras Marknad<\/a> till ett rimligt pris. Hela v\u00e5rt n\u00e4tverk av s\u00e4ljare och leverant\u00f6rer \u00e4r h\u00e4r f\u00f6r att hj\u00e4lpa dig att k\u00f6pa Pineapple Express online n\u00e4r som helst, var som helst. Vi \u00e4r en erfaren online\u00e5terf\u00f6rs\u00e4ljare med stor f\u00f6rst\u00e5else f\u00f6r v\u00e5ra kunders behov. Du kan f\u00e5 de b\u00e4sta produkterna h\u00e4r. Best\u00e4ll Pineapple Express online nu!<\/p>\n<h3 style=\"text-align: justify;\">Tulajdons\u00e1gok<\/h3>\n<p style=\"text-align: justify;\">Az Eur\u00f3p\u00e1ban, Sv\u00e9dorsz\u00e1gban, Finnorsz\u00e1gban, \u00c5landon, D\u00e1ni\u00e1ban, \u00c9sztorsz\u00e1gban \u00e9s Norv\u00e9gi\u00e1ban kaphat\u00f3 Pineapple Express a Trainwreck \u00e9s a Hawaiian n\u00e9pszer\u0171 hibridje. Tr\u00f3pusokr\u00f3l sz\u00e1rmaz\u00f3 r\u00fcgy. Sima, \u00e9des f\u00fcst\u00f6t bocs\u00e1t ki, amely euf\u00f3ri\u00e1t v\u00e1lt ki a doh\u00e1nyosokban. Ez egy er\u0151s fajta, amely nagy n\u00e9pszer\u0171s\u00e9gre tett szert az interneten. Ennek a fajt\u00e1nak a THC-koncentr\u00e1ci\u00f3ja \u00e1ltal\u00e1ban meghaladja a 24%-ot. Gy\u00fcm\u00f6lcssal\u00e1ta arom\u00e1ja van. Az Pineapple Express olajz\u00f6ld, k\u0151 alak\u00fa r\u00fcgyekkel rendelkezik. \u00cdz\u00fck egy frissen v\u00e1gott anan\u00e1szdarabra hasonl\u00edt. Ezzel a fajt\u00e1val pillanatok alatt \u00f6ssze\u00e1ll\u00edthatsz egy r\u00f6vid teend\u0151list\u00e1t. Ez a n\u00f6v\u00e9ny k\u00f6nnyen termeszthet\u0151 belt\u00e9ren \u00e9s k\u00fclt\u00e9ren egyar\u00e1nt. A n\u00f6v\u00e9ny vir\u00e1gz\u00e1sa k\u00f6r\u00fclbel\u00fcl 7-8 h\u00e9tig tart.<\/p>\n<h3 style=\"text-align: justify;\">El\u0151ny\u00f6k<\/h3>\n<ul style=\"text-align: justify;\">\n<li>Az \u00edze igaz\u00e1n intenz\u00edv.<\/li>\n<li>El\u00e9g nagy felt\u0171n\u00e9st kelt.<\/li>\n<li>Olyan \u00e9rz\u00e9st ad, mintha a leveg\u0151ben lebegn\u00e9l.<\/li>\n<li>Enyhe zsibbad\u00e1st, valamint izgalmas \u00e9s kellemes euf\u00f3ri\u00e1t ad.<\/li>\n<li>Arra \u00f6szt\u00f6nzi az embereket, hogy kreat\u00edvak \u00e9s kommunikat\u00edvak legyenek.<\/li>\n<li>Seg\u00edti a koncentr\u00e1ci\u00f3t \u00e9s a termel\u00e9kenys\u00e9get.<\/li>\n<li>J\u00f3t\u00e9kony hat\u00e1ssal van a szorong\u00e1ssal, f\u00e1radts\u00e1ggal, depresszi\u00f3val, kr\u00f3nikus stresszel vagy \u00e1ltal\u00e1nos nyugtalans\u00e1ggal k\u00fczd\u0151kre.<\/li>\n<li>Enyhe pihentet\u0151 tulajdons\u00e1gokkal is rendelkezik.<\/li>\n<\/ul>\n<h3 style=\"text-align: justify;\">Hogyan rendelhetek Pineapple Express-t online?<\/h3>\n<p style=\"text-align: justify;\">A Pineapple Express online rendel\u00e9s\u00e9hez k\u00f6zvetlen\u00fcl online \u00e1ruh\u00e1zunkhoz csatlakozhat. Rendel\u00e9s\u00e9t r\u00f6vid id\u0151n bel\u00fcl kisz\u00e1ll\u00edtjuk. Minden megrendel\u00e9st biztons\u00e1gosan csomagolunk \u00e9s vil\u00e1gszerte sz\u00e1ll\u00edtunk. Soha nem lesz panasza term\u00e9keinkkel kapcsolatban. Ne k\u00e9slekedjen, adja le rendel\u00e9s\u00e9t m\u00e9g ma!<\/p>","protected":false},"excerpt":{"rendered":"<p>For Wholesale please contact us at<br \/>\nWickr ID: @williamspro<br \/>\nor via Whatsapp<br \/>\n<img loading=\"lazy\" decoding=\"async\" class=\"size-full wp-image-10162 alignleft\" src=\"https:\/\/ograsmarknad.com\/wp-content\/uploads\/2021\/11\/trust.jpg\" alt=\"Trust German\" width=\"300\" height=\"129\" srcset=\"https:\/\/ograsmarknad.com\/wp-content\/uploads\/2021\/11\/trust.jpg 300w, https:\/\/ograsmarknad.com\/wp-content\/uploads\/2021\/11\/trust-18x8.jpg 18w\" sizes=\"auto, (max-width: 300px) 100vw, 300px\" \/><\/p>","protected":false},"featured_media":9770,"comment_status":"open","ping_status":"closed","template":"","meta":{"_joinchat":[]},"product_cat":[71],"product_tag":[],"class_list":{"0":"post-9765","1":"product","2":"type-product","3":"status-publish","4":"has-post-thumbnail","6":"product_cat-gras-sw","8":"first","9":"instock","10":"shipping-taxable","11":"purchasable","12":"product-type-variable","13":"has-default-attributes"},"yoast_head":"<!-- This site is optimized with the Yoast SEO plugin v26.3 - https:\/\/yoast.com\/wordpress\/plugins\/seo\/ -->\n<title>Pineapple Express ogr\u00e4ssort till salu \u2013 K\u00f6p Pineapple online<\/title>\n<meta name=\"description\" content=\"K\u00f6p Pineapple Express ogr\u00e4ssort online fr\u00e5n Ograsmarknad. Pineapple Express till salu, k\u00e4nd f\u00f6r sin tropiska smak och energiska upplyftande cannabiseffekter.\" \/>\n<meta name=\"robots\" content=\"index, follow, max-snippet:-1, max-image-preview:large, max-video-preview:-1\" \/>\n<link rel=\"canonical\" href=\"https:\/\/ograsmarknad.com\/hu\/product\/pineapple-express\/\" \/>\n<meta property=\"og:locale\" content=\"hu_HU\" \/>\n<meta property=\"og:type\" content=\"article\" \/>\n<meta property=\"og:title\" content=\"Pineapple Express ogr\u00e4ssort till salu \u2013 K\u00f6p Pineapple online\" \/>\n<meta property=\"og:description\" content=\"K\u00f6p Pineapple Express ogr\u00e4ssort online fr\u00e5n Ograsmarknad. Pineapple Express till salu, k\u00e4nd f\u00f6r sin tropiska smak och energiska upplyftande cannabiseffekter.\" \/>\n<meta property=\"og:url\" content=\"https:\/\/ograsmarknad.com\/hu\/product\/pineapple-express\/\" \/>\n<meta property=\"og:site_name\" content=\"Ogras Marknad\" \/>\n<meta property=\"article:modified_time\" content=\"2026-03-16T10:34:46+00:00\" \/>\n<meta property=\"og:image\" content=\"https:\/\/ograsmarknad.com\/wp-content\/uploads\/2021\/11\/pineapple-express.jpg\" \/>\n\t<meta property=\"og:image:width\" content=\"600\" \/>\n\t<meta property=\"og:image:height\" content=\"600\" \/>\n\t<meta property=\"og:image:type\" content=\"image\/jpeg\" \/>\n<meta name=\"twitter:card\" content=\"summary_large_image\" \/>\n<meta name=\"twitter:label1\" content=\"Becs\u00fclt olvas\u00e1si id\u0151\" \/>\n\t<meta name=\"twitter:data1\" content=\"2 perc\" \/>\n<!-- \/ Yoast SEO plugin. -->","yoast_head_json":{"title":"Pineapple Express gyomn\u00f6v\u00e9ny elad\u00f3 \u2013 V\u00e1s\u00e1roljon anan\u00e1szt online","description":"V\u00e1s\u00e1roljon Pineapple Express kannabiszfajt\u00e1t online az Ograsmarknad-t\u00f3l. Elad\u00f3 Pineapple Express, amely tr\u00f3pusi \u00edz\u00e9r\u0151l \u00e9s energikus, felemel\u0151 kannabiszhat\u00e1sair\u00f3l ismert.","robots":{"index":"index","follow":"follow","max-snippet":"max-snippet:-1","max-image-preview":"max-image-preview:large","max-video-preview":"max-video-preview:-1"},"canonical":"https:\/\/ograsmarknad.com\/hu\/product\/pineapple-express\/","og_locale":"hu_HU","og_type":"article","og_title":"Pineapple Express ogr\u00e4ssort till salu \u2013 K\u00f6p Pineapple online","og_description":"K\u00f6p Pineapple Express ogr\u00e4ssort online fr\u00e5n Ograsmarknad. Pineapple Express till salu, k\u00e4nd f\u00f6r sin tropiska smak och energiska upplyftande cannabiseffekter.","og_url":"https:\/\/ograsmarknad.com\/hu\/product\/pineapple-express\/","og_site_name":"Ogras Marknad","article_modified_time":"2026-03-16T10:34:46+00:00","og_image":[{"width":600,"height":600,"url":"https:\/\/ograsmarknad.com\/wp-content\/uploads\/2021\/11\/pineapple-express.jpg","type":"image\/jpeg"}],"twitter_card":"summary_large_image","twitter_misc":{"Becs\u00fclt olvas\u00e1si id\u0151":"2 perc"},"schema":{"@context":"https:\/\/schema.org","@graph":[{"@type":"WebPage","@id":"https:\/\/ograsmarknad.com\/product\/pineapple-express\/","url":"https:\/\/ograsmarknad.com\/product\/pineapple-express\/","name":"Pineapple Express gyomn\u00f6v\u00e9ny elad\u00f3 \u2013 V\u00e1s\u00e1roljon anan\u00e1szt online","isPartOf":{"@id":"https:\/\/ograsmarknad.com\/#website"},"primaryImageOfPage":{"@id":"https:\/\/ograsmarknad.com\/product\/pineapple-express\/#primaryimage"},"image":{"@id":"https:\/\/ograsmarknad.com\/product\/pineapple-express\/#primaryimage"},"thumbnailUrl":"https:\/\/ograsmarknad.com\/wp-content\/uploads\/2021\/11\/pineapple-express.jpg","datePublished":"2021-11-08T08:50:29+00:00","dateModified":"2026-03-16T10:34:46+00:00","description":"V\u00e1s\u00e1roljon Pineapple Express kannabiszfajt\u00e1t online az Ograsmarknad-t\u00f3l. Elad\u00f3 Pineapple Express, amely tr\u00f3pusi \u00edz\u00e9r\u0151l \u00e9s energikus, felemel\u0151 kannabiszhat\u00e1sair\u00f3l ismert.","breadcrumb":{"@id":"https:\/\/ograsmarknad.com\/product\/pineapple-express\/#breadcrumb"},"inLanguage":"hu","potentialAction":[{"@type":"ReadAction","target":["https:\/\/ograsmarknad.com\/product\/pineapple-express\/"]}]},{"@type":"ImageObject","inLanguage":"hu","@id":"https:\/\/ograsmarknad.com\/product\/pineapple-express\/#primaryimage","url":"https:\/\/ograsmarknad.com\/wp-content\/uploads\/2021\/11\/pineapple-express.jpg","contentUrl":"https:\/\/ograsmarknad.com\/wp-content\/uploads\/2021\/11\/pineapple-express.jpg","width":600,"height":600,"caption":"pineapple-express"},{"@type":"BreadcrumbList","@id":"https:\/\/ograsmarknad.com\/product\/pineapple-express\/#breadcrumb","itemListElement":[{"@type":"ListItem","position":1,"name":"Home","item":"https:\/\/ograsmarknad.com\/"},{"@type":"ListItem","position":2,"name":"Shop","item":"https:\/\/ograsmarknad.com\/shop\/"},{"@type":"ListItem","position":3,"name":"Pineapple Express"}]},{"@type":"WebSite","@id":"https:\/\/ograsmarknad.com\/#website","url":"https:\/\/ograsmarknad.com\/","name":"Ogras Marknad","description":"Ogras Marknad","potentialAction":[{"@type":"SearchAction","target":{"@type":"EntryPoint","urlTemplate":"https:\/\/ograsmarknad.com\/?s={search_term_string}"},"query-input":{"@type":"PropertyValueSpecification","valueRequired":true,"valueName":"search_term_string"}}],"inLanguage":"hu"}]}},"_links":{"self":[{"href":"https:\/\/ograsmarknad.com\/hu\/wp-json\/wp\/v2\/product\/9765","targetHints":{"allow":["GET"]}}],"collection":[{"href":"https:\/\/ograsmarknad.com\/hu\/wp-json\/wp\/v2\/product"}],"about":[{"href":"https:\/\/ograsmarknad.com\/hu\/wp-json\/wp\/v2\/types\/product"}],"replies":[{"embeddable":true,"href":"https:\/\/ograsmarknad.com\/hu\/wp-json\/wp\/v2\/comments?post=9765"}],"wp:featuredmedia":[{"embeddable":true,"href":"https:\/\/ograsmarknad.com\/hu\/wp-json\/wp\/v2\/media\/9770"}],"wp:attachment":[{"href":"https:\/\/ograsmarknad.com\/hu\/wp-json\/wp\/v2\/media?parent=9765"}],"wp:term":[{"taxonomy":"product_cat","embeddable":true,"href":"https:\/\/ograsmarknad.com\/hu\/wp-json\/wp\/v2\/product_cat?post=9765"},{"taxonomy":"product_tag","embeddable":true,"href":"https:\/\/ograsmarknad.com\/hu\/wp-json\/wp\/v2\/product_tag?post=9765"}],"curies":[{"name":"wp","href":"https:\/\/api.w.org\/{rel}","templated":true}]}}