{"id":9771,"date":"2021-11-08T08:52:15","date_gmt":"2021-11-08T08:52:15","guid":{"rendered":"https:\/\/ograsmarknad.com\/?post_type=product&#038;p=9771"},"modified":"2026-03-16T10:34:10","modified_gmt":"2026-03-16T10:34:10","slug":"sour-diesel","status":"publish","type":"product","link":"https:\/\/ograsmarknad.com\/hu\/product\/sour-diesel\/","title":{"rendered":"Sour Diesel"},"content":{"rendered":"<h2 style=\"text-align: justify;\">Szerezze be a Sour Diesel-t Eur\u00f3p\u00e1b\u00f3l , olcs\u00f3 \u00e1ron az Ogras Marknad-n\u00e1l!<\/h2>\n<p style=\"text-align: justify;\">Av en bra anledning \u00e4r <a href=\"https:\/\/ograsmarknad.com\/hu\/product\/sour-diesel\/\">Sour Diesel till salu<\/a> v\u00e9letlen\u00fcl ismert minden id\u0151k egyik legcs\u00edp\u0151sebb fajt\u00e1ja. A skunk, a benzin \u00e9s a citrom cs\u00edp\u0151s szaga \u00e1rad bel\u0151le. Teh\u00e1t b\u00e1r lehet, hogy nem a legfinomabb (hacsak nem kedveled a nyirkos fajt\u00e1kat), de a hat\u00e1sok tekintet\u00e9ben mindenk\u00e9ppen \u00fct\u0151s. A Sour Diesel rendk\u00edv\u00fcli stimul\u00e1l\u00f3 \u00e9s felemel\u0151 ereje miatt remek v\u00e1laszt\u00e1s olyan emberek sz\u00e1m\u00e1ra, akik hangulati zavarokkal k\u00fczdenek, mint a depresszi\u00f3 vagy a bipol\u00e1ris zavar. V\u00e1s\u00e1roljon Sour Diesel online Eur\u00f3p\u00e1ban, Sv\u00e9dorsz\u00e1gban, Finnorsz\u00e1gban, \u00c5landon, D\u00e1ni\u00e1ban, \u00c9sztorsz\u00e1gban, Norv\u00e9gi\u00e1ban, Norv\u00e9gi\u00e1ban m\u00e9g ma!<\/p>\n<h3 style=\"text-align: justify;\">Savany\u00fa g\u00e1zolaj szaga, \u00edze \u00e9s megjelen\u00e9se<\/h3>\n<p style=\"text-align: justify;\">A Sour Diesel t\u00f6rzs nev\u00e9ben a \"diesel\" sz\u00f3 egy nagyon konkr\u00e9t c\u00e9llal szerepel. A Sour Diesel minden marihu\u00e1na k\u00f6z\u00fcl cs\u00edp\u0151s arom\u00e1val rendelkezik, ami az egyik oka a glob\u00e1lis siker\u00e9nek \u00e9s nev\u00e9nek.<\/p>\n<p style=\"text-align: justify;\">Illata cs\u00edp\u0151s \u00e9s b\u00fcd\u00f6s, de \u00edz\u00e9ben a citromh\u00e9j \u00e9s m\u00e1s citrusf\u00e9l\u00e9k jegyei is felfedezhet\u0151k, val\u00f3sz\u00edn\u0171leg ez\u00e9rt is nevezik savany\u00fanak. Ennek a marihu\u00e1na t\u00f6rzsnek az \u00edze f\u00f6ldes, \u00e9s n\u00e9ha egy csipetnyi citrusf\u00e9l\u00e9vel keveredik, amikor elf\u00fcst\u00f6lik. A legfontosabb, hogy sz\u00e1m\u00edtson arra, hogy a Sour Diesel sz\u00fcrk\u00e9s \u00e9s cs\u00edp\u0151s min\u0151s\u00e9ge elnyomja a kever\u00e9k t\u00f6bbi \u00edz\u00e9t, a citrusokat \u00e9s a f\u0171szereket pedig h\u00e1tt\u00e9rbe szor\u00edtja.<\/p>\n<p style=\"text-align: justify;\">A Sour Diesel online klasszikus cserepes megjelen\u00e9s\u0171, buja z\u00f6ld cukros levelekkel \u00e9s enyh\u00e9n r\u00f3zsasz\u00ednes-narancsos vir\u00e1gzattal, amelyek sz\u00ednt \u00e9s \u00e9l\u00e9nks\u00e9get k\u00f6lcs\u00f6n\u00f6znek ennek a hideg term\u00e9snek a k\u00e9p\u00e9hez. A Sour Diesel r\u00f6g\u00f6k gyakran fagyosak, apr\u00f3 csillog\u00f3 krist\u00e1lyok sokas\u00e1g\u00e1val, amelyek mind a Sour D hatalmas erej\u00e9t szimboliz\u00e1lj\u00e1k.<\/p>\n<p style=\"text-align: justify;\">A Sour Diesel marihu\u00e1na illata m\u00e9g a sz\u00edv\u00e1s befejez\u00e9se ut\u00e1n is megmarad. Ha diszkr\u00e9t pr\u00f3b\u00e1lsz lenni a fogyaszt\u00e1soddal, tartsd ezt szem el\u0151tt. M\u00e1r n\u00e9h\u00e1ny slukk ut\u00e1n \u00e9rezni fogod a marihu\u00e1na \u00edz\u00e9t a sz\u00e1dban.<\/p>\n<p style=\"text-align: justify;\">Rendelje meg a Sour Diesel online Eur\u00f3p\u00e1ban, Sv\u00e9dorsz\u00e1gban, Finnorsz\u00e1gban, \u00c5landon, D\u00e1ni\u00e1ban, \u00c9sztorsz\u00e1gban, Norv\u00e9gi\u00e1ban, a legjobb \u00e1ron m\u00e9g ma az <a href=\"https:\/\/ograsmarknad.com\/hu\/\">Ogras Marknad!<\/a><\/p>","protected":false},"excerpt":{"rendered":"<p>For Wholesale please contact us at<br \/>\nWickr ID: @williamspro<br \/>\nor via Whatsapp<br \/>\n<img loading=\"lazy\" decoding=\"async\" class=\"size-full wp-image-10162 alignleft\" src=\"https:\/\/ograsmarknad.com\/wp-content\/uploads\/2021\/11\/trust.jpg\" alt=\"Trust German\" width=\"300\" height=\"129\" srcset=\"https:\/\/ograsmarknad.com\/wp-content\/uploads\/2021\/11\/trust.jpg 300w, https:\/\/ograsmarknad.com\/wp-content\/uploads\/2021\/11\/trust-18x8.jpg 18w\" sizes=\"auto, (max-width: 300px) 100vw, 300px\" \/><\/p>","protected":false},"featured_media":9739,"comment_status":"open","ping_status":"closed","template":"","meta":{"_joinchat":[]},"product_cat":[71],"product_tag":[],"class_list":{"0":"post-9771","1":"product","2":"type-product","3":"status-publish","4":"has-post-thumbnail","6":"product_cat-gras-sw","8":"first","9":"instock","10":"shipping-taxable","11":"purchasable","12":"product-type-variable","13":"has-default-attributes"},"yoast_head":"<!-- This site is optimized with the Yoast SEO plugin v26.3 - https:\/\/yoast.com\/wordpress\/plugins\/seo\/ -->\n<title>Sour Diesel Weed-sort till salu \u2013 K\u00f6p Sour Diesel Online<\/title>\n<meta name=\"description\" content=\"K\u00f6p Sour Diesel-w\u00e4issort online fr\u00e5n Ograsmarknad. Sour Diesel till salu k\u00e4nd f\u00f6r sin dieselarom och energigivande sativa-cannabiseffekter.\" \/>\n<meta name=\"robots\" content=\"index, follow, max-snippet:-1, max-image-preview:large, max-video-preview:-1\" \/>\n<link rel=\"canonical\" href=\"https:\/\/ograsmarknad.com\/hu\/product\/sour-diesel\/\" \/>\n<meta property=\"og:locale\" content=\"hu_HU\" \/>\n<meta property=\"og:type\" content=\"article\" \/>\n<meta property=\"og:title\" content=\"Sour Diesel Weed-sort till salu \u2013 K\u00f6p Sour Diesel Online\" \/>\n<meta property=\"og:description\" content=\"K\u00f6p Sour Diesel-w\u00e4issort online fr\u00e5n Ograsmarknad. Sour Diesel till salu k\u00e4nd f\u00f6r sin dieselarom och energigivande sativa-cannabiseffekter.\" \/>\n<meta property=\"og:url\" content=\"https:\/\/ograsmarknad.com\/hu\/product\/sour-diesel\/\" \/>\n<meta property=\"og:site_name\" content=\"Ogras Marknad\" \/>\n<meta property=\"article:modified_time\" content=\"2026-03-16T10:34:10+00:00\" \/>\n<meta property=\"og:image\" content=\"https:\/\/ograsmarknad.com\/wp-content\/uploads\/2021\/11\/blueberry-kush.jpg\" \/>\n\t<meta property=\"og:image:width\" content=\"600\" \/>\n\t<meta property=\"og:image:height\" content=\"600\" \/>\n\t<meta property=\"og:image:type\" content=\"image\/jpeg\" \/>\n<meta name=\"twitter:card\" content=\"summary_large_image\" \/>\n<meta name=\"twitter:label1\" content=\"Becs\u00fclt olvas\u00e1si id\u0151\" \/>\n\t<meta name=\"twitter:data1\" content=\"2 perc\" \/>\n<!-- \/ Yoast SEO plugin. -->","yoast_head_json":{"title":"Sour Diesel gyomn\u00f6v\u00e9nyfajta elad\u00f3 \u2013 V\u00e1s\u00e1roljon Sour Diesel-t online","description":"V\u00e1s\u00e1roljon Sour Diesel f\u00fcvet online az Ograsmarknad-t\u00f3l. Elad\u00f3 a Sour Diesel, amely d\u00edzel arom\u00e1j\u00e1r\u00f3l \u00e9s energiz\u00e1l\u00f3 sativa kannabisz hat\u00e1sair\u00f3l ismert.","robots":{"index":"index","follow":"follow","max-snippet":"max-snippet:-1","max-image-preview":"max-image-preview:large","max-video-preview":"max-video-preview:-1"},"canonical":"https:\/\/ograsmarknad.com\/hu\/product\/sour-diesel\/","og_locale":"hu_HU","og_type":"article","og_title":"Sour Diesel Weed-sort till salu \u2013 K\u00f6p Sour Diesel Online","og_description":"K\u00f6p Sour Diesel-w\u00e4issort online fr\u00e5n Ograsmarknad. Sour Diesel till salu k\u00e4nd f\u00f6r sin dieselarom och energigivande sativa-cannabiseffekter.","og_url":"https:\/\/ograsmarknad.com\/hu\/product\/sour-diesel\/","og_site_name":"Ogras Marknad","article_modified_time":"2026-03-16T10:34:10+00:00","og_image":[{"width":600,"height":600,"url":"https:\/\/ograsmarknad.com\/wp-content\/uploads\/2021\/11\/blueberry-kush.jpg","type":"image\/jpeg"}],"twitter_card":"summary_large_image","twitter_misc":{"Becs\u00fclt olvas\u00e1si id\u0151":"2 perc"},"schema":{"@context":"https:\/\/schema.org","@graph":[{"@type":"WebPage","@id":"https:\/\/ograsmarknad.com\/product\/sour-diesel\/","url":"https:\/\/ograsmarknad.com\/product\/sour-diesel\/","name":"Sour Diesel gyomn\u00f6v\u00e9nyfajta elad\u00f3 \u2013 V\u00e1s\u00e1roljon Sour Diesel-t online","isPartOf":{"@id":"https:\/\/ograsmarknad.com\/#website"},"primaryImageOfPage":{"@id":"https:\/\/ograsmarknad.com\/product\/sour-diesel\/#primaryimage"},"image":{"@id":"https:\/\/ograsmarknad.com\/product\/sour-diesel\/#primaryimage"},"thumbnailUrl":"https:\/\/ograsmarknad.com\/wp-content\/uploads\/2021\/11\/blueberry-kush.jpg","datePublished":"2021-11-08T08:52:15+00:00","dateModified":"2026-03-16T10:34:10+00:00","description":"V\u00e1s\u00e1roljon Sour Diesel f\u00fcvet online az Ograsmarknad-t\u00f3l. Elad\u00f3 a Sour Diesel, amely d\u00edzel arom\u00e1j\u00e1r\u00f3l \u00e9s energiz\u00e1l\u00f3 sativa kannabisz hat\u00e1sair\u00f3l ismert.","breadcrumb":{"@id":"https:\/\/ograsmarknad.com\/product\/sour-diesel\/#breadcrumb"},"inLanguage":"hu","potentialAction":[{"@type":"ReadAction","target":["https:\/\/ograsmarknad.com\/product\/sour-diesel\/"]}]},{"@type":"ImageObject","inLanguage":"hu","@id":"https:\/\/ograsmarknad.com\/product\/sour-diesel\/#primaryimage","url":"https:\/\/ograsmarknad.com\/wp-content\/uploads\/2021\/11\/blueberry-kush.jpg","contentUrl":"https:\/\/ograsmarknad.com\/wp-content\/uploads\/2021\/11\/blueberry-kush.jpg","width":600,"height":600,"caption":"blueberry-kush"},{"@type":"BreadcrumbList","@id":"https:\/\/ograsmarknad.com\/product\/sour-diesel\/#breadcrumb","itemListElement":[{"@type":"ListItem","position":1,"name":"Home","item":"https:\/\/ograsmarknad.com\/"},{"@type":"ListItem","position":2,"name":"Shop","item":"https:\/\/ograsmarknad.com\/shop\/"},{"@type":"ListItem","position":3,"name":"Sour Diesel"}]},{"@type":"WebSite","@id":"https:\/\/ograsmarknad.com\/#website","url":"https:\/\/ograsmarknad.com\/","name":"Ogras Marknad","description":"Ogras Marknad","potentialAction":[{"@type":"SearchAction","target":{"@type":"EntryPoint","urlTemplate":"https:\/\/ograsmarknad.com\/?s={search_term_string}"},"query-input":{"@type":"PropertyValueSpecification","valueRequired":true,"valueName":"search_term_string"}}],"inLanguage":"hu"}]}},"_links":{"self":[{"href":"https:\/\/ograsmarknad.com\/hu\/wp-json\/wp\/v2\/product\/9771","targetHints":{"allow":["GET"]}}],"collection":[{"href":"https:\/\/ograsmarknad.com\/hu\/wp-json\/wp\/v2\/product"}],"about":[{"href":"https:\/\/ograsmarknad.com\/hu\/wp-json\/wp\/v2\/types\/product"}],"replies":[{"embeddable":true,"href":"https:\/\/ograsmarknad.com\/hu\/wp-json\/wp\/v2\/comments?post=9771"}],"wp:featuredmedia":[{"embeddable":true,"href":"https:\/\/ograsmarknad.com\/hu\/wp-json\/wp\/v2\/media\/9739"}],"wp:attachment":[{"href":"https:\/\/ograsmarknad.com\/hu\/wp-json\/wp\/v2\/media?parent=9771"}],"wp:term":[{"taxonomy":"product_cat","embeddable":true,"href":"https:\/\/ograsmarknad.com\/hu\/wp-json\/wp\/v2\/product_cat?post=9771"},{"taxonomy":"product_tag","embeddable":true,"href":"https:\/\/ograsmarknad.com\/hu\/wp-json\/wp\/v2\/product_tag?post=9771"}],"curies":[{"name":"wp","href":"https:\/\/api.w.org\/{rel}","templated":true}]}}