{"id":9776,"date":"2021-11-08T08:54:37","date_gmt":"2021-11-08T08:54:37","guid":{"rendered":"https:\/\/ograsmarknad.com\/?post_type=product&#038;p=9776"},"modified":"2026-03-16T10:33:59","modified_gmt":"2026-03-16T10:33:59","slug":"strawberry-haze","status":"publish","type":"product","link":"https:\/\/ograsmarknad.com\/hu\/product\/strawberry-haze\/","title":{"rendered":"Strawberry Haze"},"content":{"rendered":"<h2 style=\"text-align: justify;\">V\u00e1s\u00e1rolja Strawberry Haze online alacsony \u00e1ron az Ogras Marknad-t\u00f3l<\/h2>\n<p style=\"text-align: justify;\"><a href=\"https:\/\/ograsmarknad.com\/hu\/product\/strawberry-haze\/\">Strawberry Haze<\/a>, m\u00e1s n\u00e9ven Arjan's Strawberry Haze, egy Sativa domin\u00e1ns fajta, amelyet Arjan Roskamr\u00f3l, egy kiemelked\u0151 kannabisztermel\u0151r\u0151l \u00e9s a holland Green House Seed Co. alap\u00edt\u00f3j\u00e1r\u00f3l neveztek el. A Strawberry Haze eredetileg a 2000-es \u00e9vek k\u00f6zep\u00e9n jelent meg a piacon, bonyolult t\u00f6rzsk\u00f6nyvvel, amely \u00e1ll\u00edt\u00f3lag a Swiss Sativa, Northern Lights #5, Haze \u00e9s Kali Mist kever\u00e9k\u00e9t tartalmazza. V\u00e1s\u00e1roljon Strawberry Haze online Eur\u00f3p\u00e1ban, Sv\u00e9dorsz\u00e1gban, Finnorsz\u00e1gban, \u00c5land-szigeteken, D\u00e1ni\u00e1ban, \u00c9sztorsz\u00e1gban, Portug\u00e1li\u00e1ban, Norv\u00e9gi\u00e1ban az Ogras Marknad-on. <a href=\"https:\/\/ograsmarknad.com\/hu\/\">Ogras Marknad<\/a>.<\/p>\n<p style=\"text-align: justify;\">Az elad\u00f3 Strawberry Haze finom eper illat\u00e1val rendelkezik, vir\u00e1gos felhangokkal, ami \u00e9des \u00e9s f\u00f6ldes \u00edzben nyilv\u00e1nul meg. Ez a fajta szer\u00e9ny testmagass\u00e1got \u00e9s er\u0151s agyi hat\u00e1sokat produk\u00e1l. A Strawberry Haze cs\u00e1b\u00edt\u00f3 opci\u00f3v\u00e1 teszi a kreat\u00edv vagy t\u00e1rsas\u00e1gi \u00e9lvezetet keres\u0151 tokkerek sz\u00e1m\u00e1ra.<\/p>\n<h3 style=\"text-align: justify;\">Tov\u00e1bbi inform\u00e1ci\u00f3<\/h3>\n<p style=\"text-align: justify;\"><strong>Strawberry Haze online <\/strong>magas, hossz\u00fa \u00e1gakkal rendelkez\u0151 n\u00f6v\u00e9ny, amely belt\u00e9ren \u00e9s k\u00fclt\u00e9ren is termeszthet\u0151, \u00edgy j\u00f3 jel\u00f6lt a Screen of Green m\u00f3dszer (ScrOG) alkalmaz\u00e1s\u00e1ra, amely egy k\u00e9perny\u0151 fel\u00e1ll\u00edt\u00e1s\u00e1t jelenti a f\u00e9nyexpoz\u00edci\u00f3 maximaliz\u00e1l\u00e1sa \u00e9rdek\u00e9ben. A termeszt\u0151k a 10 hetes vir\u00e1gz\u00e1si id\u0151szak ut\u00e1n belt\u00e9ren n\u00e9gyzetm\u00e9terenk\u00e9nt ak\u00e1r 600 grammos, k\u00fclt\u00e9ren pedig n\u00f6v\u00e9nyenk\u00e9nt ak\u00e1r 800 grammos term\u00e9sre sz\u00e1m\u00edthatnak. Az \u00e9szaki f\u00e9ltek\u00e9n az egyenl\u00edt\u0151i vagy tr\u00f3pusi k\u00f6r\u00fclm\u00e9nyek ide\u00e1lisak a k\u00fclt\u00e9ri termeszt\u00e9shez, \u00e9s a n\u00f6v\u00e9nynek az \u00e9szaki f\u00e9ltek\u00e9n okt\u00f3ber k\u00f6zep\u00e9re, a d\u00e9li f\u00e9ltek\u00e9n pedig \u00e1prilis k\u00f6zep\u00e9re kell vir\u00e1goznia.<\/p>\n<h3 style=\"text-align: justify;\">El\u0151ny\u00f6k<\/h3>\n<p style=\"text-align: justify;\">A Strawberry Haze, ellent\u00e9tben sok m\u00e1s hibrid fajt\u00e1val, k\u00f6r\u00fclbel\u00fcl 1% CBD-t tartalmaz, \u00edgy kiv\u00e1l\u00f3 v\u00e1laszt\u00e1s eg\u00e9szs\u00e9g\u00fcgyi \u00e1llapotok kezel\u00e9s\u00e9re. Sokan mondt\u00e1k, hogy ez a t\u00f6rzs seg\u00edt nekik megbirk\u00f3zni a szorong\u00e1ssal \u00e9s a k\u00e9ts\u00e9gbees\u00e9ssel, \u00e9s hogy seg\u00edthet az ADD vagy ADHD t\u00fcnetein is. A Strawberry Haze seg\u00edthet a k\u00fcl\u00f6nb\u00f6z\u0151 testi f\u00e1jdalmak \u00e9s f\u00e1jdalmak, bele\u00e9rtve a migr\u00e9nt, az izomg\u00f6rcs\u00f6ket, az \u00edz\u00fcleti f\u00e1jdalmakat \u00e9s egyebeket. A legjobb, ha \u00f3vatosan b\u00e1nsz ezzel a t\u00f6rzzsel, mert a finom \u00edzek t\u00falev\u00e9sre cs\u00e1b\u00edthatnak.<\/p>\n<p style=\"text-align: justify;\">Rendelje meg a Strawberry Haze-t Eur\u00f3p\u00e1ban, Sv\u00e9dorsz\u00e1gban, Finnorsz\u00e1gban, N\u00e9metorsz\u00e1gban, D\u00e1ni\u00e1ban, \u00c9sztorsz\u00e1gban, Norv\u00e9gi\u00e1ban az online \u00e1ruh\u00e1zunkban, \u00e9s v\u00e1rjon hamarosan sz\u00e1ll\u00edt\u00e1st!<\/p>","protected":false},"excerpt":{"rendered":"<p>For Wholesale please contact us at<br \/>\nWickr ID: @williamspro<br \/>\nor via Whatsapp<br \/>\n<img loading=\"lazy\" decoding=\"async\" class=\"size-full wp-image-10162 alignleft\" src=\"https:\/\/ograsmarknad.com\/wp-content\/uploads\/2021\/11\/trust.jpg\" alt=\"Trust German\" width=\"300\" height=\"129\" srcset=\"https:\/\/ograsmarknad.com\/wp-content\/uploads\/2021\/11\/trust.jpg 300w, https:\/\/ograsmarknad.com\/wp-content\/uploads\/2021\/11\/trust-18x8.jpg 18w\" sizes=\"auto, (max-width: 300px) 100vw, 300px\" \/><\/p>","protected":false},"featured_media":9781,"comment_status":"open","ping_status":"closed","template":"","meta":{"_joinchat":[]},"product_cat":[71],"product_tag":[],"class_list":{"0":"post-9776","1":"product","2":"type-product","3":"status-publish","4":"has-post-thumbnail","6":"product_cat-gras-sw","8":"first","9":"instock","10":"shipping-taxable","11":"purchasable","12":"product-type-variable","13":"has-default-attributes"},"yoast_head":"<!-- This site is optimized with the Yoast SEO plugin v26.3 - https:\/\/yoast.com\/wordpress\/plugins\/seo\/ -->\n<title>Strawberry Haze ogr\u00e4ssort till salu \u2013 K\u00f6p Strawberry Haze online<\/title>\n<meta name=\"description\" content=\"K\u00f6p Strawberry Haze ogr\u00e4ssort online fr\u00e5n Ograsmarknad. Strawberry Haze till salu med s\u00f6t b\u00e4rsmak och upplyftande sativa-cannabiseffekter.\" \/>\n<meta name=\"robots\" content=\"index, follow, max-snippet:-1, max-image-preview:large, max-video-preview:-1\" \/>\n<link rel=\"canonical\" href=\"https:\/\/ograsmarknad.com\/hu\/product\/strawberry-haze\/\" \/>\n<meta property=\"og:locale\" content=\"hu_HU\" \/>\n<meta property=\"og:type\" content=\"article\" \/>\n<meta property=\"og:title\" content=\"Strawberry Haze ogr\u00e4ssort till salu \u2013 K\u00f6p Strawberry Haze online\" \/>\n<meta property=\"og:description\" content=\"K\u00f6p Strawberry Haze ogr\u00e4ssort online fr\u00e5n Ograsmarknad. Strawberry Haze till salu med s\u00f6t b\u00e4rsmak och upplyftande sativa-cannabiseffekter.\" \/>\n<meta property=\"og:url\" content=\"https:\/\/ograsmarknad.com\/hu\/product\/strawberry-haze\/\" \/>\n<meta property=\"og:site_name\" content=\"Ogras Marknad\" \/>\n<meta property=\"article:modified_time\" content=\"2026-03-16T10:33:59+00:00\" \/>\n<meta property=\"og:image\" content=\"https:\/\/ograsmarknad.com\/wp-content\/uploads\/2021\/11\/strawberry-haze.jpg\" \/>\n\t<meta property=\"og:image:width\" content=\"600\" \/>\n\t<meta property=\"og:image:height\" content=\"600\" \/>\n\t<meta property=\"og:image:type\" content=\"image\/jpeg\" \/>\n<meta name=\"twitter:card\" content=\"summary_large_image\" \/>\n<meta name=\"twitter:label1\" content=\"Becs\u00fclt olvas\u00e1si id\u0151\" \/>\n\t<meta name=\"twitter:data1\" content=\"2 perc\" \/>\n<!-- \/ Yoast SEO plugin. -->","yoast_head_json":{"title":"Strawberry Haze gyomn\u00f6v\u00e9nyfajta elad\u00f3 \u2013 V\u00e1s\u00e1roljon Strawberry Haze-t online","description":"V\u00e1s\u00e1roljon Strawberry Haze kannabiszfajt\u00e1t online az Ograsmarknadt\u00f3l. Elad\u00f3 Strawberry Haze \u00e9des bogy\u00f3s \u00edzzel \u00e9s felemel\u0151 sativa kannabisz hat\u00e1ssal.","robots":{"index":"index","follow":"follow","max-snippet":"max-snippet:-1","max-image-preview":"max-image-preview:large","max-video-preview":"max-video-preview:-1"},"canonical":"https:\/\/ograsmarknad.com\/hu\/product\/strawberry-haze\/","og_locale":"hu_HU","og_type":"article","og_title":"Strawberry Haze ogr\u00e4ssort till salu \u2013 K\u00f6p Strawberry Haze online","og_description":"K\u00f6p Strawberry Haze ogr\u00e4ssort online fr\u00e5n Ograsmarknad. Strawberry Haze till salu med s\u00f6t b\u00e4rsmak och upplyftande sativa-cannabiseffekter.","og_url":"https:\/\/ograsmarknad.com\/hu\/product\/strawberry-haze\/","og_site_name":"Ogras Marknad","article_modified_time":"2026-03-16T10:33:59+00:00","og_image":[{"width":600,"height":600,"url":"https:\/\/ograsmarknad.com\/wp-content\/uploads\/2021\/11\/strawberry-haze.jpg","type":"image\/jpeg"}],"twitter_card":"summary_large_image","twitter_misc":{"Becs\u00fclt olvas\u00e1si id\u0151":"2 perc"},"schema":{"@context":"https:\/\/schema.org","@graph":[{"@type":"WebPage","@id":"https:\/\/ograsmarknad.com\/product\/strawberry-haze\/","url":"https:\/\/ograsmarknad.com\/product\/strawberry-haze\/","name":"Strawberry Haze gyomn\u00f6v\u00e9nyfajta elad\u00f3 \u2013 V\u00e1s\u00e1roljon Strawberry Haze-t online","isPartOf":{"@id":"https:\/\/ograsmarknad.com\/#website"},"primaryImageOfPage":{"@id":"https:\/\/ograsmarknad.com\/product\/strawberry-haze\/#primaryimage"},"image":{"@id":"https:\/\/ograsmarknad.com\/product\/strawberry-haze\/#primaryimage"},"thumbnailUrl":"https:\/\/ograsmarknad.com\/wp-content\/uploads\/2021\/11\/strawberry-haze.jpg","datePublished":"2021-11-08T08:54:37+00:00","dateModified":"2026-03-16T10:33:59+00:00","description":"V\u00e1s\u00e1roljon Strawberry Haze kannabiszfajt\u00e1t online az Ograsmarknadt\u00f3l. Elad\u00f3 Strawberry Haze \u00e9des bogy\u00f3s \u00edzzel \u00e9s felemel\u0151 sativa kannabisz hat\u00e1ssal.","breadcrumb":{"@id":"https:\/\/ograsmarknad.com\/product\/strawberry-haze\/#breadcrumb"},"inLanguage":"hu","potentialAction":[{"@type":"ReadAction","target":["https:\/\/ograsmarknad.com\/product\/strawberry-haze\/"]}]},{"@type":"ImageObject","inLanguage":"hu","@id":"https:\/\/ograsmarknad.com\/product\/strawberry-haze\/#primaryimage","url":"https:\/\/ograsmarknad.com\/wp-content\/uploads\/2021\/11\/strawberry-haze.jpg","contentUrl":"https:\/\/ograsmarknad.com\/wp-content\/uploads\/2021\/11\/strawberry-haze.jpg","width":600,"height":600,"caption":"strawberry-haze"},{"@type":"BreadcrumbList","@id":"https:\/\/ograsmarknad.com\/product\/strawberry-haze\/#breadcrumb","itemListElement":[{"@type":"ListItem","position":1,"name":"Home","item":"https:\/\/ograsmarknad.com\/"},{"@type":"ListItem","position":2,"name":"Shop","item":"https:\/\/ograsmarknad.com\/shop\/"},{"@type":"ListItem","position":3,"name":"Strawberry Haze"}]},{"@type":"WebSite","@id":"https:\/\/ograsmarknad.com\/#website","url":"https:\/\/ograsmarknad.com\/","name":"Ogras Marknad","description":"Ogras Marknad","potentialAction":[{"@type":"SearchAction","target":{"@type":"EntryPoint","urlTemplate":"https:\/\/ograsmarknad.com\/?s={search_term_string}"},"query-input":{"@type":"PropertyValueSpecification","valueRequired":true,"valueName":"search_term_string"}}],"inLanguage":"hu"}]}},"_links":{"self":[{"href":"https:\/\/ograsmarknad.com\/hu\/wp-json\/wp\/v2\/product\/9776","targetHints":{"allow":["GET"]}}],"collection":[{"href":"https:\/\/ograsmarknad.com\/hu\/wp-json\/wp\/v2\/product"}],"about":[{"href":"https:\/\/ograsmarknad.com\/hu\/wp-json\/wp\/v2\/types\/product"}],"replies":[{"embeddable":true,"href":"https:\/\/ograsmarknad.com\/hu\/wp-json\/wp\/v2\/comments?post=9776"}],"wp:featuredmedia":[{"embeddable":true,"href":"https:\/\/ograsmarknad.com\/hu\/wp-json\/wp\/v2\/media\/9781"}],"wp:attachment":[{"href":"https:\/\/ograsmarknad.com\/hu\/wp-json\/wp\/v2\/media?parent=9776"}],"wp:term":[{"taxonomy":"product_cat","embeddable":true,"href":"https:\/\/ograsmarknad.com\/hu\/wp-json\/wp\/v2\/product_cat?post=9776"},{"taxonomy":"product_tag","embeddable":true,"href":"https:\/\/ograsmarknad.com\/hu\/wp-json\/wp\/v2\/product_tag?post=9776"}],"curies":[{"name":"wp","href":"https:\/\/api.w.org\/{rel}","templated":true}]}}