{"id":9782,"date":"2021-11-08T09:02:04","date_gmt":"2021-11-08T09:02:04","guid":{"rendered":"https:\/\/ograsmarknad.com\/?post_type=product&#038;p=9782"},"modified":"2026-03-16T10:33:50","modified_gmt":"2026-03-16T10:33:50","slug":"super-silver-haze","status":"publish","type":"product","link":"https:\/\/ograsmarknad.com\/hu\/product\/super-silver-haze\/","title":{"rendered":"Super Silver Haze"},"content":{"rendered":"<h2 style=\"text-align: justify;\">V\u00e1s\u00e1rolja Super Silver Haze Online alacsony \u00e1ron az Ogras Marknad-t\u00f3l<\/h2>\n<p style=\"text-align: justify;\"><a href=\"https:\/\/ograsmarknad.com\/hu\/product\/super-silver-haze\/\">Super Silver Haze<\/a> Northern Lights \u00e9s Skunk fajt\u00e1k hibridje. A Super Silver Haze a legjobb \u00e1ron kaphat\u00f3. A v\u00e9geredm\u00e9ny hihetetlen, \u00e9s olyan egyedi Sativa \u00e9lm\u00e9nyt ny\u00fajt, amire mindig is v\u00e1gyt\u00e1l. A Super Silver Haze a leg\u00e9l\u00e9nk\u00edt\u0151bb testmagass\u00e1got adja, amely hossz\u00fa ideig tart. Er\u0151teljes \u00e9s inspir\u00e1l\u00f3 hat\u00e1ssal is rendelkezik. Ennek eredm\u00e9nyek\u00e9ppen, ha beteg vagy, vagy egy ideje nem ett\u00e9l, nagyobb es\u00e9llyel birk\u00f3zol meg a magas stressz-szinttel. Mindez a Super Silver Haze-nek k\u00f6sz\u00f6nhet\u0151en helyre\u00e1ll. V\u00e1s\u00e1rolja meg a Super Silver Haze-t Sv\u00e9dorsz\u00e1gban, Finnorsz\u00e1gban, \u00c5landon, D\u00e1ni\u00e1ban, \u00c9sztorsz\u00e1gban, Norv\u00e9gi\u00e1ban a boltunkban most!<\/p>\n<p style=\"text-align: justify;\">Az Eur\u00f3p\u00e1ban online el\u00e9rhet\u0151 Super Silver Haze egy Sativa-domin\u00e1ns hibrid, amely hosszan tart\u00f3 magass\u00e1got produk\u00e1l. \u00c1tlagos THC-tartalma 18%, CBD-tartalma pedig 0,10%. Nemcsak nyugodtnak \u00e9s pihentnek fogja \u00e9rezni mag\u00e1t, hanem a nap folyam\u00e1n fontos feladatokat is k\u00e9pes lesz elv\u00e9gezni. Ez ellent\u00e9tben \u00e1ll n\u00e9h\u00e1ny m\u00e1s fajt\u00e1val, amelyekt\u0151l hajlamos vagy \u00fagy \u00e9rezni magad, mint egy kanap\u00e9burgonya.<\/p>\n<h3 style=\"text-align: justify;\">El\u0151ny\u00f6k<\/h3>\n<p style=\"text-align: justify;\">E t\u00f6rzs sz\u00e1mos felhaszn\u00e1l\u00f3ja azt \u00e1ll\u00edtotta, hogy kiv\u00e1l\u00f3 ter\u00e1pi\u00e1s tulajdons\u00e1gokkal rendelkezik. A f\u0171szer, a skunk \u00e9s a citrusf\u00e9l\u00e9k mind megtal\u00e1lhat\u00f3ak a Super Silver Haze-ben, amely er\u0151s pszichotr\u00f3p \u00e9s fizikai hat\u00e1sokkal rendelkezik. A Super Silver Haze eltol\u00f3dik \u00e9s elkezdi ellaz\u00edtani a testet a hosszan tart\u00f3 high m\u00e1sodik r\u00e9sz\u00e9ben, ami annyira motiv\u00e1l\u00f3, amennyire csak lehet. A sz\u00ednek vil\u00e1gosabb\u00e1 v\u00e1lnak \u00e9s a t\u00f3nusok \u00e9lesebb\u00e9 v\u00e1lnak, \u00edgy a felhaszn\u00e1l\u00f3k \u00e9lvezhetik. A legt\u00f6bb felhaszn\u00e1l\u00f3 sz\u00e1m\u00e1ra a t\u00f6rzs hasznos napi kezel\u00e9s lehet f\u00e1radts\u00e1g, hangulati probl\u00e9m\u00e1k, h\u00e1nyinger \u00e9s migr\u00e9n eset\u00e9n. M\u00e1sokn\u00e1l t\u00f6bb fizikai t\u00fcnet jelentkezhet, de kr\u00f3nikus \u00e1llapotok eset\u00e9n is seg\u00edthet.<\/p>\n<p style=\"text-align: justify;\">Ez a t\u00f6rzs k\u00e9ts\u00e9gtelen\u00fcl egyre n\u00e9pszer\u0171bb\u00e9 v\u00e1lt az elm\u00falt \u00e9vekben. Ennek a t\u00f6rzsnek a felhaszn\u00e1l\u00f3i azonban m\u00e9g mindig nehezen tal\u00e1lj\u00e1k meg a Super Silver Haze-t az interneten. Ez annak k\u00f6sz\u00f6nhet\u0151, hogy a t\u00f6bbs\u00e9g\u00fck ink\u00e1bb az online gy\u00f3gyszert\u00e1rakban v\u00e1s\u00e1rol. Mindazon\u00e1ltal mi mindig ott vagyunk, hogy teljes\u00edts\u00fck az \u00d6n v\u00e1s\u00e1rl\u00e1si ig\u00e9nyeit. \u00c9lvezze a napj\u00e1t \u00e9s j\u00f3 sz\u00f3rakoz\u00e1st az online \u00e1ruh\u00e1zunkban t\u00f6rt\u00e9n\u0151 v\u00e1s\u00e1rl\u00e1shoz. Keresse meg a Super Silver Haze sv\u00e9dorsz\u00e1gi, finnorsz\u00e1gi, \u00c5land, d\u00e1niai, d\u00e1niai, \u00e9sztorsz\u00e1gi, norv\u00e9giai megrendel\u00e9s\u00e9t m\u00e9g ma!<\/p>","protected":false},"excerpt":{"rendered":"<p>For Wholesale please contact us at<br \/>\nWickr ID: @williamspro<br \/>\nor via Whatsapp<br \/>\n<img loading=\"lazy\" decoding=\"async\" class=\"size-full wp-image-10162 alignleft\" src=\"https:\/\/ograsmarknad.com\/wp-content\/uploads\/2021\/11\/trust.jpg\" alt=\"Trust German\" width=\"300\" height=\"129\" srcset=\"https:\/\/ograsmarknad.com\/wp-content\/uploads\/2021\/11\/trust.jpg 300w, https:\/\/ograsmarknad.com\/wp-content\/uploads\/2021\/11\/trust-18x8.jpg 18w\" sizes=\"auto, (max-width: 300px) 100vw, 300px\" \/><\/p>","protected":false},"featured_media":9787,"comment_status":"open","ping_status":"closed","template":"","meta":{"_joinchat":[]},"product_cat":[71],"product_tag":[],"class_list":{"0":"post-9782","1":"product","2":"type-product","3":"status-publish","4":"has-post-thumbnail","6":"product_cat-gras-sw","8":"first","9":"instock","10":"shipping-taxable","11":"purchasable","12":"product-type-variable","13":"has-default-attributes"},"yoast_head":"<!-- This site is optimized with the Yoast SEO plugin v26.3 - https:\/\/yoast.com\/wordpress\/plugins\/seo\/ -->\n<title>Super Silver Haze ogr\u00e4ssort till salu \u2013 K\u00f6p Super Silver Haze online<\/title>\n<meta name=\"description\" content=\"K\u00f6p Super Silver Haze ogr\u00e4ssort online fr\u00e5n Ograsmarknad. Super Silver Haze till salu k\u00e4nd f\u00f6r sina energiska, upplyftande sativa-effekter och citrus-tallarom.\" \/>\n<meta name=\"robots\" content=\"index, follow, max-snippet:-1, max-image-preview:large, max-video-preview:-1\" \/>\n<link rel=\"canonical\" href=\"https:\/\/ograsmarknad.com\/hu\/product\/super-silver-haze\/\" \/>\n<meta property=\"og:locale\" content=\"hu_HU\" \/>\n<meta property=\"og:type\" content=\"article\" \/>\n<meta property=\"og:title\" content=\"Super Silver Haze ogr\u00e4ssort till salu \u2013 K\u00f6p Super Silver Haze online\" \/>\n<meta property=\"og:description\" content=\"K\u00f6p Super Silver Haze ogr\u00e4ssort online fr\u00e5n Ograsmarknad. Super Silver Haze till salu k\u00e4nd f\u00f6r sina energiska, upplyftande sativa-effekter och citrus-tallarom.\" \/>\n<meta property=\"og:url\" content=\"https:\/\/ograsmarknad.com\/hu\/product\/super-silver-haze\/\" \/>\n<meta property=\"og:site_name\" content=\"Ogras Marknad\" \/>\n<meta property=\"article:modified_time\" content=\"2026-03-16T10:33:50+00:00\" \/>\n<meta property=\"og:image\" content=\"https:\/\/ograsmarknad.com\/wp-content\/uploads\/2021\/11\/super-silver-haze.jpg\" \/>\n\t<meta property=\"og:image:width\" content=\"600\" \/>\n\t<meta property=\"og:image:height\" content=\"600\" \/>\n\t<meta property=\"og:image:type\" content=\"image\/jpeg\" \/>\n<meta name=\"twitter:card\" content=\"summary_large_image\" \/>\n<meta name=\"twitter:label1\" content=\"Becs\u00fclt olvas\u00e1si id\u0151\" \/>\n\t<meta name=\"twitter:data1\" content=\"2 perc\" \/>\n<!-- \/ Yoast SEO plugin. -->","yoast_head_json":{"title":"Super Silver Haze gyomn\u00f6v\u00e9nyfajta elad\u00f3 \u2013 V\u00e1s\u00e1roljon Super Silver Haze-t online","description":"V\u00e1s\u00e1roljon Super Silver Haze gyomn\u00f6v\u00e9nyt online a Weed Marketr\u0151l. Elad\u00f3 a Super Silver Haze, amely energikus, felemel\u0151 sativa hat\u00e1sair\u00f3l \u00e9s citrusos-feny\u0151 arom\u00e1j\u00e1r\u00f3l ismert.","robots":{"index":"index","follow":"follow","max-snippet":"max-snippet:-1","max-image-preview":"max-image-preview:large","max-video-preview":"max-video-preview:-1"},"canonical":"https:\/\/ograsmarknad.com\/hu\/product\/super-silver-haze\/","og_locale":"hu_HU","og_type":"article","og_title":"Super Silver Haze ogr\u00e4ssort till salu \u2013 K\u00f6p Super Silver Haze online","og_description":"K\u00f6p Super Silver Haze ogr\u00e4ssort online fr\u00e5n Ograsmarknad. Super Silver Haze till salu k\u00e4nd f\u00f6r sina energiska, upplyftande sativa-effekter och citrus-tallarom.","og_url":"https:\/\/ograsmarknad.com\/hu\/product\/super-silver-haze\/","og_site_name":"Ogras Marknad","article_modified_time":"2026-03-16T10:33:50+00:00","og_image":[{"width":600,"height":600,"url":"https:\/\/ograsmarknad.com\/wp-content\/uploads\/2021\/11\/super-silver-haze.jpg","type":"image\/jpeg"}],"twitter_card":"summary_large_image","twitter_misc":{"Becs\u00fclt olvas\u00e1si id\u0151":"2 perc"},"schema":{"@context":"https:\/\/schema.org","@graph":[{"@type":"WebPage","@id":"https:\/\/ograsmarknad.com\/product\/super-silver-haze\/","url":"https:\/\/ograsmarknad.com\/product\/super-silver-haze\/","name":"Super Silver Haze gyomn\u00f6v\u00e9nyfajta elad\u00f3 \u2013 V\u00e1s\u00e1roljon Super Silver Haze-t online","isPartOf":{"@id":"https:\/\/ograsmarknad.com\/#website"},"primaryImageOfPage":{"@id":"https:\/\/ograsmarknad.com\/product\/super-silver-haze\/#primaryimage"},"image":{"@id":"https:\/\/ograsmarknad.com\/product\/super-silver-haze\/#primaryimage"},"thumbnailUrl":"https:\/\/ograsmarknad.com\/wp-content\/uploads\/2021\/11\/super-silver-haze.jpg","datePublished":"2021-11-08T09:02:04+00:00","dateModified":"2026-03-16T10:33:50+00:00","description":"V\u00e1s\u00e1roljon Super Silver Haze gyomn\u00f6v\u00e9nyt online a Weed Marketr\u0151l. Elad\u00f3 a Super Silver Haze, amely energikus, felemel\u0151 sativa hat\u00e1sair\u00f3l \u00e9s citrusos-feny\u0151 arom\u00e1j\u00e1r\u00f3l ismert.","breadcrumb":{"@id":"https:\/\/ograsmarknad.com\/product\/super-silver-haze\/#breadcrumb"},"inLanguage":"hu","potentialAction":[{"@type":"ReadAction","target":["https:\/\/ograsmarknad.com\/product\/super-silver-haze\/"]}]},{"@type":"ImageObject","inLanguage":"hu","@id":"https:\/\/ograsmarknad.com\/product\/super-silver-haze\/#primaryimage","url":"https:\/\/ograsmarknad.com\/wp-content\/uploads\/2021\/11\/super-silver-haze.jpg","contentUrl":"https:\/\/ograsmarknad.com\/wp-content\/uploads\/2021\/11\/super-silver-haze.jpg","width":600,"height":600,"caption":"super-silver-haze"},{"@type":"BreadcrumbList","@id":"https:\/\/ograsmarknad.com\/product\/super-silver-haze\/#breadcrumb","itemListElement":[{"@type":"ListItem","position":1,"name":"Home","item":"https:\/\/ograsmarknad.com\/"},{"@type":"ListItem","position":2,"name":"Shop","item":"https:\/\/ograsmarknad.com\/shop\/"},{"@type":"ListItem","position":3,"name":"Super Silver Haze"}]},{"@type":"WebSite","@id":"https:\/\/ograsmarknad.com\/#website","url":"https:\/\/ograsmarknad.com\/","name":"Ogras Marknad","description":"Ogras Marknad","potentialAction":[{"@type":"SearchAction","target":{"@type":"EntryPoint","urlTemplate":"https:\/\/ograsmarknad.com\/?s={search_term_string}"},"query-input":{"@type":"PropertyValueSpecification","valueRequired":true,"valueName":"search_term_string"}}],"inLanguage":"hu"}]}},"_links":{"self":[{"href":"https:\/\/ograsmarknad.com\/hu\/wp-json\/wp\/v2\/product\/9782","targetHints":{"allow":["GET"]}}],"collection":[{"href":"https:\/\/ograsmarknad.com\/hu\/wp-json\/wp\/v2\/product"}],"about":[{"href":"https:\/\/ograsmarknad.com\/hu\/wp-json\/wp\/v2\/types\/product"}],"replies":[{"embeddable":true,"href":"https:\/\/ograsmarknad.com\/hu\/wp-json\/wp\/v2\/comments?post=9782"}],"wp:featuredmedia":[{"embeddable":true,"href":"https:\/\/ograsmarknad.com\/hu\/wp-json\/wp\/v2\/media\/9787"}],"wp:attachment":[{"href":"https:\/\/ograsmarknad.com\/hu\/wp-json\/wp\/v2\/media?parent=9782"}],"wp:term":[{"taxonomy":"product_cat","embeddable":true,"href":"https:\/\/ograsmarknad.com\/hu\/wp-json\/wp\/v2\/product_cat?post=9782"},{"taxonomy":"product_tag","embeddable":true,"href":"https:\/\/ograsmarknad.com\/hu\/wp-json\/wp\/v2\/product_tag?post=9782"}],"curies":[{"name":"wp","href":"https:\/\/api.w.org\/{rel}","templated":true}]}}