{"id":9817,"date":"2021-11-08T15:09:58","date_gmt":"2021-11-08T15:09:58","guid":{"rendered":"https:\/\/ograsmarknad.com\/?post_type=product&#038;p=9817"},"modified":"2024-05-31T05:26:05","modified_gmt":"2024-05-31T05:26:05","slug":"lemon-tree-hash","status":"publish","type":"product","link":"https:\/\/ograsmarknad.com\/hu\/product\/lemon-tree-hash\/","title":{"rendered":"Lemon Tree Hash"},"content":{"rendered":"<h2 style=\"text-align: justify;\">V\u00e1s\u00e1roljon Lemon Tree Hash online a legjobb \u00e1ron az Ogras Marketn\u00e9l!<\/h2>\n<p style=\"text-align: justify;\">A citromfa hash, vagy egyszer\u0171en csak \"citromfa\", egy 50\/50 ar\u00e1ny\u00fa hibrid t\u00f6rzs, amely a csod\u00e1latos citromm\u0171v\u00e9szet \u00e9s a savany\u00fa d\u00edzel t\u00f6rzsek kever\u00e9s\u00e9vel j\u00f6tt l\u00e9tre. Szemet gy\u00f6ny\u00f6rk\u00f6dtet\u0151 \u00edz\u00e9nek \u00e9s elk\u00e9peszt\u0151 20-25 sz\u00e1zal\u00e9kos \u00e1tlagos THC-szintj\u00e9nek k\u00f6sz\u00f6nhet\u0151en ez a Monster a 2014-es Seattle Cannabis Cup-on a legjobb hibridnek j\u00e1r\u00f3 els\u0151 helyet kapta. Ha citromfa hasist szeretne v\u00e1s\u00e1rolni online Sv\u00e9dorsz\u00e1gban, Finnorsz\u00e1gban, \u00c5landon, D\u00e1ni\u00e1ban, \u00c9sztorsz\u00e1gban \u00e9s Norv\u00e9gi\u00e1ban, akkor mi vagyunk a legjobb v\u00e1laszt\u00e1s az \u00d6n sz\u00e1m\u00e1ra. Rendeljen citromfa hasist online m\u00e9g ma!<\/p>\n<h3 style=\"text-align: justify;\">\u00cdzl\u00e9s<\/h3>\n<p style=\"text-align: justify;\">Az elad\u00f3 citromfa nagyon savany\u00fa citrom \u00e9s b\u00fcd\u00f6s d\u00edzel \u00edz\u0171, amit a sz\u00e1rmaz\u00e1sa alapj\u00e1n elv\u00e1rhat. Az illata ugyanilyen intenz\u00edv, d\u00edzeles f\u00f6ldes alaphanggal, \u00e9les, savany\u00fa skunkkal \u00e9s kem\u00e9ny, fanyar citrommal.<\/p>\n<h3 style=\"text-align: justify;\">Megjelen\u00e9s<\/h3>\n<p style=\"text-align: justify;\">A citromfa r\u00fcgyei kerek, s\u00f6t\u00e9t olajz\u00f6ld r\u00fcgyeket tartalmaznak, amelyek s\u0171r\u0171 bevonata ultrav\u00e9kony, k\u00e1pr\u00e1zatos feh\u00e9r krist\u00e1lyos trichom\u00e1kb\u00f3l \u00e9s bolyhos, s\u00e1rga sz\u0151rsz\u00e1lakb\u00f3l \u00e1ll.<\/p>\n<h3 style=\"text-align: justify;\">Hat\u00e1sok<\/h3>\n<p style=\"text-align: justify;\">A citromfa egy tipikus hibrid, amelynek hat\u00e1sai mind az elm\u00e9re, mind a testre v\u00e1ratlan er\u0151vel hatnak, \u00e9s m\u00e9g a legtapasztaltabb felhaszn\u00e1l\u00f3t is k\u00e9pesek lehengerelni. Euf\u00f3rikus rohamot fogsz tapasztalni a m\u00e1mor kezdet\u00e9n, amely boldog l\u00e1tom\u00e1sokkal \u00e1rasztja el a fejedet, \u00e9s feldobott\u00e1 tesz. A tested egy enyhe bizserg\u00e9st fog tapasztalni, ami hamarosan teljes z\u00fcmm\u00f6g\u00e9ss\u00e9 v\u00e1lik, k\u00e9nyelmesen \u00e9s egy kicsit zsibbadtan tart, mentesen a fizikai f\u00e1jdalmakt\u00f3l vagy f\u00e1jdalmakt\u00f3l, ahogy a ment\u00e1lis \u00e1llapotod n\u00f6vekszik. Magas THC-tartalm\u00e1val egy\u00fctt ezek a vegyes hat\u00e1sok a citromf\u00e1nak el\u0151nyt biztos\u00edtanak olyan betegs\u00e9gek kezel\u00e9s\u00e9ben, mint a kr\u00f3nikus f\u00e1jdalom, gyullad\u00e1s, f\u00e1radts\u00e1g \u00e9s \u00e1lmatlans\u00e1g.<\/p>\n<p style=\"text-align: justify;\"><em>Rendeljen citromfa hasist online Sv\u00e9dorsz\u00e1gban, Finnorsz\u00e1gban, \u00c5landon, D\u00e1ni\u00e1ban, \u00c9sztorsz\u00e1gban \u00e9s Norv\u00e9gi\u00e1ban m\u00e9g ma az Ogras Marknadn\u00e1l!<\/em><\/p>","protected":false},"excerpt":{"rendered":"<p>For Wholesale please contact us at<br \/>\nWickr ID: @williamspro<br \/>\nor via Whatsapp<br \/>\n<img loading=\"lazy\" decoding=\"async\" class=\"size-full wp-image-10162 alignleft\" src=\"https:\/\/ograsmarknad.com\/wp-content\/uploads\/2021\/11\/trust.jpg\" alt=\"Trust German\" width=\"300\" height=\"129\" srcset=\"https:\/\/ograsmarknad.com\/wp-content\/uploads\/2021\/11\/trust.jpg 300w, https:\/\/ograsmarknad.com\/wp-content\/uploads\/2021\/11\/trust-18x8.jpg 18w\" sizes=\"auto, (max-width: 300px) 100vw, 300px\" \/><\/p>","protected":false},"featured_media":9822,"comment_status":"open","ping_status":"closed","template":"","meta":{"_joinchat":[]},"product_cat":[72],"product_tag":[],"class_list":{"0":"post-9817","1":"product","2":"type-product","3":"status-publish","4":"has-post-thumbnail","6":"product_cat-hash","8":"first","9":"instock","10":"shipping-taxable","11":"purchasable","12":"product-type-variable","13":"has-default-attributes"},"yoast_head":"<!-- This site is optimized with the Yoast SEO plugin v26.3 - https:\/\/yoast.com\/wordpress\/plugins\/seo\/ -->\n<title>Lemon Tree Hash - Ogras Marknad<\/title>\n<meta name=\"robots\" content=\"index, follow, max-snippet:-1, max-image-preview:large, max-video-preview:-1\" \/>\n<link rel=\"canonical\" href=\"https:\/\/ograsmarknad.com\/hu\/product\/lemon-tree-hash\/\" \/>\n<meta property=\"og:locale\" content=\"hu_HU\" \/>\n<meta property=\"og:type\" content=\"article\" \/>\n<meta property=\"og:title\" content=\"Lemon Tree Hash - Ogras Marknad\" \/>\n<meta property=\"og:description\" content=\"For Wholesale please contact us at Wickr ID: @williamspro or via Whatsapp\" \/>\n<meta property=\"og:url\" content=\"https:\/\/ograsmarknad.com\/hu\/product\/lemon-tree-hash\/\" \/>\n<meta property=\"og:site_name\" content=\"Ogras Marknad\" \/>\n<meta property=\"article:modified_time\" content=\"2024-05-31T05:26:05+00:00\" \/>\n<meta property=\"og:image\" content=\"https:\/\/ograsmarknad.com\/wp-content\/uploads\/2021\/11\/lemon-tree-hash.jpg\" \/>\n\t<meta property=\"og:image:width\" content=\"600\" \/>\n\t<meta property=\"og:image:height\" content=\"600\" \/>\n\t<meta property=\"og:image:type\" content=\"image\/jpeg\" \/>\n<meta name=\"twitter:card\" content=\"summary_large_image\" \/>\n<meta name=\"twitter:label1\" content=\"Becs\u00fclt olvas\u00e1si id\u0151\" \/>\n\t<meta name=\"twitter:data1\" content=\"2 perc\" \/>\n<!-- \/ Yoast SEO plugin. -->","yoast_head_json":{"title":"Lemon Tree Hash - OgrasMarknad","robots":{"index":"index","follow":"follow","max-snippet":"max-snippet:-1","max-image-preview":"max-image-preview:large","max-video-preview":"max-video-preview:-1"},"canonical":"https:\/\/ograsmarknad.com\/hu\/product\/lemon-tree-hash\/","og_locale":"hu_HU","og_type":"article","og_title":"Lemon Tree Hash - Ogras Marknad","og_description":"For Wholesale please contact us at Wickr ID: @williamspro or via Whatsapp","og_url":"https:\/\/ograsmarknad.com\/hu\/product\/lemon-tree-hash\/","og_site_name":"Ogras Marknad","article_modified_time":"2024-05-31T05:26:05+00:00","og_image":[{"width":600,"height":600,"url":"https:\/\/ograsmarknad.com\/wp-content\/uploads\/2021\/11\/lemon-tree-hash.jpg","type":"image\/jpeg"}],"twitter_card":"summary_large_image","twitter_misc":{"Becs\u00fclt olvas\u00e1si id\u0151":"2 perc"},"schema":{"@context":"https:\/\/schema.org","@graph":[{"@type":"WebPage","@id":"https:\/\/ograsmarknad.com\/product\/lemon-tree-hash\/","url":"https:\/\/ograsmarknad.com\/product\/lemon-tree-hash\/","name":"Lemon Tree Hash - OgrasMarknad","isPartOf":{"@id":"https:\/\/ograsmarknad.com\/#website"},"primaryImageOfPage":{"@id":"https:\/\/ograsmarknad.com\/product\/lemon-tree-hash\/#primaryimage"},"image":{"@id":"https:\/\/ograsmarknad.com\/product\/lemon-tree-hash\/#primaryimage"},"thumbnailUrl":"https:\/\/ograsmarknad.com\/wp-content\/uploads\/2021\/11\/lemon-tree-hash.jpg","datePublished":"2021-11-08T15:09:58+00:00","dateModified":"2024-05-31T05:26:05+00:00","breadcrumb":{"@id":"https:\/\/ograsmarknad.com\/product\/lemon-tree-hash\/#breadcrumb"},"inLanguage":"hu","potentialAction":[{"@type":"ReadAction","target":["https:\/\/ograsmarknad.com\/product\/lemon-tree-hash\/"]}]},{"@type":"ImageObject","inLanguage":"hu","@id":"https:\/\/ograsmarknad.com\/product\/lemon-tree-hash\/#primaryimage","url":"https:\/\/ograsmarknad.com\/wp-content\/uploads\/2021\/11\/lemon-tree-hash.jpg","contentUrl":"https:\/\/ograsmarknad.com\/wp-content\/uploads\/2021\/11\/lemon-tree-hash.jpg","width":600,"height":600,"caption":"lemon-tree-hash"},{"@type":"BreadcrumbList","@id":"https:\/\/ograsmarknad.com\/product\/lemon-tree-hash\/#breadcrumb","itemListElement":[{"@type":"ListItem","position":1,"name":"Home","item":"https:\/\/ograsmarknad.com\/"},{"@type":"ListItem","position":2,"name":"Shop","item":"https:\/\/ograsmarknad.com\/shop\/"},{"@type":"ListItem","position":3,"name":"Lemon Tree Hash"}]},{"@type":"WebSite","@id":"https:\/\/ograsmarknad.com\/#website","url":"https:\/\/ograsmarknad.com\/","name":"Ogras Marknad","description":"Ogras Marknad","potentialAction":[{"@type":"SearchAction","target":{"@type":"EntryPoint","urlTemplate":"https:\/\/ograsmarknad.com\/?s={search_term_string}"},"query-input":{"@type":"PropertyValueSpecification","valueRequired":true,"valueName":"search_term_string"}}],"inLanguage":"hu"}]}},"_links":{"self":[{"href":"https:\/\/ograsmarknad.com\/hu\/wp-json\/wp\/v2\/product\/9817","targetHints":{"allow":["GET"]}}],"collection":[{"href":"https:\/\/ograsmarknad.com\/hu\/wp-json\/wp\/v2\/product"}],"about":[{"href":"https:\/\/ograsmarknad.com\/hu\/wp-json\/wp\/v2\/types\/product"}],"replies":[{"embeddable":true,"href":"https:\/\/ograsmarknad.com\/hu\/wp-json\/wp\/v2\/comments?post=9817"}],"wp:featuredmedia":[{"embeddable":true,"href":"https:\/\/ograsmarknad.com\/hu\/wp-json\/wp\/v2\/media\/9822"}],"wp:attachment":[{"href":"https:\/\/ograsmarknad.com\/hu\/wp-json\/wp\/v2\/media?parent=9817"}],"wp:term":[{"taxonomy":"product_cat","embeddable":true,"href":"https:\/\/ograsmarknad.com\/hu\/wp-json\/wp\/v2\/product_cat?post=9817"},{"taxonomy":"product_tag","embeddable":true,"href":"https:\/\/ograsmarknad.com\/hu\/wp-json\/wp\/v2\/product_tag?post=9817"}],"curies":[{"name":"wp","href":"https:\/\/api.w.org\/{rel}","templated":true}]}}