{"id":9823,"date":"2021-11-08T15:25:41","date_gmt":"2021-11-08T15:25:41","guid":{"rendered":"https:\/\/ograsmarknad.com\/?post_type=product&#038;p=9823"},"modified":"2024-05-31T05:23:51","modified_gmt":"2024-05-31T05:23:51","slug":"banana-kush-hash","status":"publish","type":"product","link":"https:\/\/ograsmarknad.com\/hu\/product\/banana-kush-hash\/","title":{"rendered":"Banana Kush Hash"},"content":{"rendered":"<h2 style=\"text-align: justify;\">Banana Kush Hash - Rendeljen k\u00f6zvetlen\u00fcl az Ogras Marketn\u00e9l!<\/h2>\n<p style=\"text-align: justify;\">Az elad\u00f3 Banana Kush Hash egy nyugati parti t\u00f6rzs, amely a ban\u00e1n \u00edz\u00e9r\u0151l \u00e9s az euf\u00f3ria\/\u00e1lmoss\u00e1g kombin\u00e1ci\u00f3j\u00e1r\u00f3l ismert. Ez a Ghost Og \u00e9s a Skunk Haze hibridje, amelyet m\u00e9rs\u00e9kelten neh\u00e9z termeszteni, \u00e9s alacsony term\u00e9shozamot produk\u00e1l.<\/p>\n<p style=\"text-align: justify;\">Semmi sem hasonl\u00edthat\u00f3 egy finom kush t\u00f6rzs illat\u00e1hoz. A Banana Kush az Ogkush csal\u00e1d n\u00e9pszer\u0171 tagja, \u00edzletesen \u00e9des \u00e9s gy\u00fcm\u00f6lcs\u00f6s \u00edzzel. Ez a t\u00f6rzs n\u00e9pszer\u0171 az alv\u00e1ssal kapcsolatos rendelleness\u00e9gek \u00e9s pszichol\u00f3giai \u00e1llapotok eset\u00e9n, mivel pihentet\u0151, \u00e1lmos \u00e9s egy kicsit bolondos. Vegye k\u00e9zbe egy hossz\u00fa nap ut\u00e1n vagy egy lusta h\u00e9tv\u00e9g\u00e9n, amikor nincs jobb dolga. V\u00e1s\u00e1roljon Banana Kush Hash online Sv\u00e9dorsz\u00e1gban, Finnorsz\u00e1gban, \u00c5landon, D\u00e1ni\u00e1ban, \u00c9sztorsz\u00e1gban \u00e9s Norv\u00e9gi\u00e1ban m\u00e9g ma!<\/p>\n<h3 style=\"text-align: justify;\">Banana Kush Hash tapasztalat<\/h3>\n<p style=\"text-align: justify;\">Az elad\u00f3 Banana Kush Hash \u00e9des \u00e9s \u00e1rtatlan illat\u00fa lehet, de ne t\u00e9vesszen meg senkit. Ez a vir\u00e1g egy olyan er\u0151, amellyel sz\u00e1molni kell. A Banana Kush-nak nyugtat\u00f3 aspektusa van, ami megk\u00f6nny\u00edti a le\u00fct\u00e9st vagy a felz\u00e1rk\u00f3z\u00e1st. A legjobb, ha est\u00e9re vagy egy pihentet\u0151 h\u00e9tv\u00e9gi napra tartogatod. Att\u00f3l f\u00fcgg\u0151en, hogy milyen t\u00edpus\u00fa n\u00f6v\u00e9nnyel tal\u00e1lkozol, az \u00e1lmos\u00edt\u00f3 hat\u00e1sa elt\u00e9r\u0151 lehet.<\/p>\n<p style=\"text-align: justify;\">Az elalv\u00e1st el\u0151seg\u00edt\u0151 hat\u00e1sa olyan er\u0151s, hogy a legt\u00f6bb marihu\u00e1na-fogyaszt\u00f3 k\u00f6zvetlen\u00fcl lefekv\u00e9s el\u0151ttre tartogatja - m\u00e9g a tapasztalt kannabisz-haszn\u00e1l\u00f3knak is gondot okoz majd a fennmarad\u00e1s.<\/p>\n<p style=\"text-align: justify;\">Ezt a vir\u00e1got \u00e1ltal\u00e1ban vid\u00e1mnak, optimist\u00e1nak \u00e9s megnyugtat\u00f3nak tartj\u00e1k. B\u00e1r legink\u00e1bb akkor \u00e9rdemes haszn\u00e1lni, amikor nincs sok dolgod, ez a vir\u00e1g stresszes helyzetekben is remek\u00fcl alkalmazhat\u00f3, amikor egy kis extra seg\u00edts\u00e9gre van sz\u00fcks\u00e9ged ahhoz, hogy nyugodt \u00e9s laza maradj.<\/p>\n<h3 style=\"text-align: justify;\">A Banana Kush eg\u00e9szs\u00e9g\u00fcgyi el\u0151nyei<\/h3>\n<p style=\"text-align: justify;\">Ez a t\u00f6rzs az egyik legenyh\u00e9bb a and kush csal\u00e1dban, ez\u00e9rt n\u00e9pszer\u0171 a kannabiszhoz \u00fajonnan hozz\u00e1szok\u00f3 vagy nem t\u00fal gyakran doh\u00e1nyz\u00f3 orvosi marihu\u00e1na-p\u00e1ciensek k\u00f6r\u00e9ben. A Banana Kush nyugtat\u00f3 \u00e9s euf\u00f3rikus hat\u00e1sai seg\u00edthetnek a sz\u00fcks\u00e9ges pihen\u00e9sben, \u00e9s megfelel\u0151 esetben el\u0151seg\u00edthetik a pozit\u00edv k\u00f6z\u00e9rzetet.<\/p>\n<ul style=\"text-align: justify;\">\n<li>Er\u0151s nyugtat\u00f3 hat\u00e1sa miatt ez a fajta kiv\u00e1l\u00f3 az \u00e1lmatlans\u00e1gban szenved\u0151k sz\u00e1m\u00e1ra.<\/li>\n<li>A depresszi\u00f3ban szenved\u0151 betegek \u00e9rt\u00e9kelni fogj\u00e1k a felemel\u0151, euf\u00f3rikus \u00e1llapotot, amelyet ez a t\u00f6rzs biztos\u00edt.<\/li>\n<li>Ez a t\u00f6rzs ide\u00e1lis a kr\u00f3nikus f\u00e1jdalom enyh\u00edt\u00e9s\u00e9re er\u0151s indica hat\u00e1sainak k\u00f6sz\u00f6nhet\u0151en.<\/li>\n<\/ul>\n<p style=\"text-align: justify;\">Rendeljen Banana Kush Hash online az Ogras Market \u00e1ruh\u00e1zban most!<\/p>","protected":false},"excerpt":{"rendered":"<p>For Wholesale please contact us at<br \/>\nWickr ID: @williamspro<br \/>\nor via Whatsapp<br \/>\n<img loading=\"lazy\" decoding=\"async\" class=\"size-full wp-image-10162 alignleft\" src=\"https:\/\/ograsmarknad.com\/wp-content\/uploads\/2021\/11\/trust.jpg\" alt=\"Trust German\" width=\"300\" height=\"129\" srcset=\"https:\/\/ograsmarknad.com\/wp-content\/uploads\/2021\/11\/trust.jpg 300w, https:\/\/ograsmarknad.com\/wp-content\/uploads\/2021\/11\/trust-18x8.jpg 18w\" sizes=\"auto, (max-width: 300px) 100vw, 300px\" \/><\/p>","protected":false},"featured_media":9828,"comment_status":"open","ping_status":"closed","template":"","meta":{"_joinchat":[]},"product_cat":[72],"product_tag":[],"class_list":{"0":"post-9823","1":"product","2":"type-product","3":"status-publish","4":"has-post-thumbnail","6":"product_cat-hash","8":"first","9":"instock","10":"shipping-taxable","11":"purchasable","12":"product-type-variable","13":"has-default-attributes"},"yoast_head":"<!-- This site is optimized with the Yoast SEO plugin v26.3 - https:\/\/yoast.com\/wordpress\/plugins\/seo\/ -->\n<title>Banana Kush Hash - Ogras Marknad<\/title>\n<meta name=\"robots\" content=\"index, follow, max-snippet:-1, max-image-preview:large, max-video-preview:-1\" \/>\n<link rel=\"canonical\" href=\"https:\/\/ograsmarknad.com\/hu\/product\/banana-kush-hash\/\" \/>\n<meta property=\"og:locale\" content=\"hu_HU\" \/>\n<meta property=\"og:type\" content=\"article\" \/>\n<meta property=\"og:title\" content=\"Banana Kush Hash - Ogras Marknad\" \/>\n<meta property=\"og:description\" content=\"For Wholesale please contact us at Wickr ID: @williamspro or via Whatsapp\" \/>\n<meta property=\"og:url\" content=\"https:\/\/ograsmarknad.com\/hu\/product\/banana-kush-hash\/\" \/>\n<meta property=\"og:site_name\" content=\"Ogras Marknad\" \/>\n<meta property=\"article:modified_time\" content=\"2024-05-31T05:23:51+00:00\" \/>\n<meta property=\"og:image\" content=\"https:\/\/ograsmarknad.com\/wp-content\/uploads\/2021\/11\/banana-kush-hash.jpg\" \/>\n\t<meta property=\"og:image:width\" content=\"600\" \/>\n\t<meta property=\"og:image:height\" content=\"600\" \/>\n\t<meta property=\"og:image:type\" content=\"image\/jpeg\" \/>\n<meta name=\"twitter:card\" content=\"summary_large_image\" \/>\n<meta name=\"twitter:label1\" content=\"Becs\u00fclt olvas\u00e1si id\u0151\" \/>\n\t<meta name=\"twitter:data1\" content=\"2 perc\" \/>\n<!-- \/ Yoast SEO plugin. -->","yoast_head_json":{"title":"Banana Kush Hash - Ogras Marknad","robots":{"index":"index","follow":"follow","max-snippet":"max-snippet:-1","max-image-preview":"max-image-preview:large","max-video-preview":"max-video-preview:-1"},"canonical":"https:\/\/ograsmarknad.com\/hu\/product\/banana-kush-hash\/","og_locale":"hu_HU","og_type":"article","og_title":"Banana Kush Hash - Ogras Marknad","og_description":"For Wholesale please contact us at Wickr ID: @williamspro or via Whatsapp","og_url":"https:\/\/ograsmarknad.com\/hu\/product\/banana-kush-hash\/","og_site_name":"Ogras Marknad","article_modified_time":"2024-05-31T05:23:51+00:00","og_image":[{"width":600,"height":600,"url":"https:\/\/ograsmarknad.com\/wp-content\/uploads\/2021\/11\/banana-kush-hash.jpg","type":"image\/jpeg"}],"twitter_card":"summary_large_image","twitter_misc":{"Becs\u00fclt olvas\u00e1si id\u0151":"2 perc"},"schema":{"@context":"https:\/\/schema.org","@graph":[{"@type":"WebPage","@id":"https:\/\/ograsmarknad.com\/product\/banana-kush-hash\/","url":"https:\/\/ograsmarknad.com\/product\/banana-kush-hash\/","name":"Banana Kush Hash - Ogras Marknad","isPartOf":{"@id":"https:\/\/ograsmarknad.com\/#website"},"primaryImageOfPage":{"@id":"https:\/\/ograsmarknad.com\/product\/banana-kush-hash\/#primaryimage"},"image":{"@id":"https:\/\/ograsmarknad.com\/product\/banana-kush-hash\/#primaryimage"},"thumbnailUrl":"https:\/\/ograsmarknad.com\/wp-content\/uploads\/2021\/11\/banana-kush-hash.jpg","datePublished":"2021-11-08T15:25:41+00:00","dateModified":"2024-05-31T05:23:51+00:00","breadcrumb":{"@id":"https:\/\/ograsmarknad.com\/product\/banana-kush-hash\/#breadcrumb"},"inLanguage":"hu","potentialAction":[{"@type":"ReadAction","target":["https:\/\/ograsmarknad.com\/product\/banana-kush-hash\/"]}]},{"@type":"ImageObject","inLanguage":"hu","@id":"https:\/\/ograsmarknad.com\/product\/banana-kush-hash\/#primaryimage","url":"https:\/\/ograsmarknad.com\/wp-content\/uploads\/2021\/11\/banana-kush-hash.jpg","contentUrl":"https:\/\/ograsmarknad.com\/wp-content\/uploads\/2021\/11\/banana-kush-hash.jpg","width":600,"height":600,"caption":"banana-kush-hash"},{"@type":"BreadcrumbList","@id":"https:\/\/ograsmarknad.com\/product\/banana-kush-hash\/#breadcrumb","itemListElement":[{"@type":"ListItem","position":1,"name":"Home","item":"https:\/\/ograsmarknad.com\/"},{"@type":"ListItem","position":2,"name":"Shop","item":"https:\/\/ograsmarknad.com\/shop\/"},{"@type":"ListItem","position":3,"name":"Banana Kush Hash"}]},{"@type":"WebSite","@id":"https:\/\/ograsmarknad.com\/#website","url":"https:\/\/ograsmarknad.com\/","name":"Ogras Marknad","description":"Ogras Marknad","potentialAction":[{"@type":"SearchAction","target":{"@type":"EntryPoint","urlTemplate":"https:\/\/ograsmarknad.com\/?s={search_term_string}"},"query-input":{"@type":"PropertyValueSpecification","valueRequired":true,"valueName":"search_term_string"}}],"inLanguage":"hu"}]}},"_links":{"self":[{"href":"https:\/\/ograsmarknad.com\/hu\/wp-json\/wp\/v2\/product\/9823","targetHints":{"allow":["GET"]}}],"collection":[{"href":"https:\/\/ograsmarknad.com\/hu\/wp-json\/wp\/v2\/product"}],"about":[{"href":"https:\/\/ograsmarknad.com\/hu\/wp-json\/wp\/v2\/types\/product"}],"replies":[{"embeddable":true,"href":"https:\/\/ograsmarknad.com\/hu\/wp-json\/wp\/v2\/comments?post=9823"}],"wp:featuredmedia":[{"embeddable":true,"href":"https:\/\/ograsmarknad.com\/hu\/wp-json\/wp\/v2\/media\/9828"}],"wp:attachment":[{"href":"https:\/\/ograsmarknad.com\/hu\/wp-json\/wp\/v2\/media?parent=9823"}],"wp:term":[{"taxonomy":"product_cat","embeddable":true,"href":"https:\/\/ograsmarknad.com\/hu\/wp-json\/wp\/v2\/product_cat?post=9823"},{"taxonomy":"product_tag","embeddable":true,"href":"https:\/\/ograsmarknad.com\/hu\/wp-json\/wp\/v2\/product_tag?post=9823"}],"curies":[{"name":"wp","href":"https:\/\/api.w.org\/{rel}","templated":true}]}}