{"id":9867,"date":"2021-11-09T09:46:58","date_gmt":"2021-11-09T09:46:58","guid":{"rendered":"https:\/\/ograsmarknad.com\/?post_type=product&#038;p=9867"},"modified":"2026-03-16T10:48:49","modified_gmt":"2026-03-16T10:48:49","slug":"thc-olja-i-grossistledet","status":"publish","type":"product","link":"https:\/\/ograsmarknad.com\/hu\/product\/thc-olja-i-grossistledet\/","title":{"rendered":"\u00a0THC olaj nagykereskedelmi \u00e1ron"},"content":{"rendered":"<h2 style=\"text-align: justify;\">V\u00e1s\u00e1roljon THC olajat olcs\u00f3 \u00e1ron itt - THC olaj elad\u00f3 - Ogras Marknad!<\/h2>\n<p style=\"text-align: justify;\">Kvalitet <a href=\"https:\/\/ograsmarknad.com\/hu\/product\/thc-olja-i-grossistledet\/\">THC online till salu<\/a>Min\u0151s\u00e9gi THC online elad\u00f3, Amikor a THC (tetrahidrokannabinol) megszerz\u00e9s\u00e9hez a kannabiszvir\u00e1gok elsz\u00edv\u00e1sa m\u00e9g mindig a legn\u00e9pszer\u0171bb fogyaszt\u00e1si m\u00f3dszer, a Thc-olajok \u00faj m\u00f3dj\u00e1t k\u00edn\u00e1lj\u00e1k a kannabisz \u00e9lvezet\u00e9nek. A THC olajok az \u00e9rt\u00e9kes THC \u00e9s m\u00e1s kannabinoidok kivon\u00e1s\u00e1val k\u00e9sz\u00fclnek a kannabisz n\u00f6v\u00e9nyb\u0151l. k2 olajokat vagy k2 pap\u00edrokat is rendelhet t\u0151l\u00fcnk. <a href=\"https:\/\/en.wikipedia.org\/w\/index.php?search=thc+oil+for+sale+&amp;title=Special%3ASearch&amp;go=Go&amp;ns0=1\">av<\/a> k\u00fcl\u00f6nf\u00e9le extrakci\u00f3s elj\u00e1r\u00e1sokat alkalmaznak, majd a kannabinoidokat hordoz\u00f3olajban, p\u00e9ld\u00e1ul MCT-ben vagy kenderolajban szuszpend\u00e1lj\u00e1k. Az Ogras Marknadn\u00e1l THC olajat k\u00edn\u00e1lunk Sv\u00e9dorsz\u00e1gban, Finnorsz\u00e1gban, \u00c5landon, D\u00e1ni\u00e1ban, \u00c9sztorsz\u00e1gban \u00e9s Norv\u00e9gi\u00e1ban. K\u00f6zvetlen\u00fcl kapcsolatba l\u00e9phet vel\u00fcnk, \u00e9s gond n\u00e9lk\u00fcl leadhatja rendel\u00e9s\u00e9t.<\/p>\n<h3 style=\"text-align: justify;\">Mi a legjobb m\u00f3dja annak, hogy haszn\u00e1lja a thc olaj Cannabis online elad\u00f3 online - Hol lehet v\u00e1s\u00e1rolni min\u0151s\u00e9gi Marijuana online ?<\/h3>\n<p style=\"text-align: justify;\">Az olaj nagy r\u00e9sz\u00e9t fegyvertart\u00f3kban vagy kocsikban val\u00f3 haszn\u00e1latra tervezt\u00e9k. Egyes THC olajok, k\u00fcl\u00f6n\u00f6sen a s\u0171r\u0171bb \u00e1llag\u00faak, mint p\u00e9ld\u00e1ul az RSO olaj, alkalmasak DAB riggel val\u00f3 haszn\u00e1latra, mivel k\u00f6nnyebben \u00e9s ellen\u0151rz\u00f6tt m\u00f3don csepegtethet\u0151k a f\u0171t\u00f6tt sz\u00f6gre. Csak vegyen fel egy el\u0151re felt\u00f6lt\u00f6tt tollat vagy patront, \u00e9s haszn\u00e1lja, amikor csak akarja. Dabbing a <a href=\"https:\/\/ograsmarknad.com\/hu\/product\/thc-olja-i-grossistledet\/\">en<\/a> A rig viszont nagyobb kontrollt biztos\u00edt; pontosan annyi olajat cseppenthetsz a felhev\u00edtett k\u00f6rm\u00f6dre, amennyit csak szeretn\u00e9l. Ezenk\u00edv\u00fcl egyesek szerint a dabbing kiv\u00e1l\u00f3 eredm\u00e9nyeket hoz. V\u00e1s\u00e1rolj Thc olajat online Sv\u00e9dorsz\u00e1gban, Finnorsz\u00e1gban, \u00c5landon, D\u00e1ni\u00e1ban, \u00c9sztorsz\u00e1gban \u00e9s Norv\u00e9gi\u00e1ban m\u00e9g ma!<\/p>\n<h3 style=\"text-align: justify;\">Biztons\u00e1gos a THC olaj fogyaszt\u00e1sa ? - V\u00e1s\u00e1rl\u00e1s Cannabis Oil Online<\/h3>\n<p style=\"text-align: justify;\">A THC-olaj lenyelhet\u0151, b\u00e1r a legt\u00f6bb egy\u00e9n a szublingv\u00e1lis (nyelv al\u00e1 t\u00f6rt\u00e9n\u0151) adagol\u00e1st r\u00e9szes\u00edti el\u0151nyben, mivel a hat\u00e1sok akkor \u00e9rezhet\u0151k, ha <a href=\"https:\/\/ograsmarknad.com\/hu\/\">15<\/a> 30 percig, ami csak n\u00e9h\u00e1ny perccel hosszabb, mint az inhal\u00e1l\u00e1s. Mint b\u00e1rmely m\u00e1s t\u00edpus\u00fa ehet\u0151 kannabisz, az olaj \u00e9s a fogyaszt\u00e1s is 30-60 percig tarthat a teljes el\u0151ny\u00f6k el\u00e9r\u00e9s\u00e9hez.<\/p>\n<p style=\"text-align: justify;\">Az\u00e9rt vagyunk itt, hogy seg\u00edts\u00fcnk \u00d6nnek megrendelni Thc Oil online olcs\u00f3 \u00e1ron. L\u00e9pjen kapcsolatba web\u00e1ruh\u00e1zunkkal \u00e9s k\u00fcldje el ig\u00e9nyeit!<\/p>\n<h3>A THC OIL haszn\u00e1lata<\/h3>\n<p>A THC desztill\u00e1tum fecskend\u0151 a THC finom\u00edtott, koncentr\u00e1lt v\u00e1ltozata, amely biztos\u00edtja, hogy a kannabiszt a lehet\u0151 legteljesebben \u00e9lvezhesse. Emellett a THC-desztill\u00e1tumok rekre\u00e1ci\u00f3s c\u00e9lokra is felhaszn\u00e1lhat\u00f3k, \u00e9s perceken bel\u00fcl seg\u00edtenek felkelni. Lehet, hogy \u00fagy \u00e9rzi, t\u00falterhelt a rengeteg el\u00e9rhet\u0151 inform\u00e1ci\u00f3, ez\u00e9rt a Cannabud Post \u00f6ssze\u00e1ll\u00edtott egy r\u00f6vid \u00fatmutat\u00f3t az al\u00e1bbiakban. Az al\u00e1bbi inform\u00e1ci\u00f3k c\u00e9lja, hogy seg\u00edts\u00fcnk neked profiv\u00e1 v\u00e1lni a kannabisz p\u00e1rol\u00e1s\u00e1ban, \u00e9s rem\u00e9lhet\u0151leg tudunk n\u00e9h\u00e1ny tan\u00e1csot adni a k\u00f6vetkez\u0151 doh\u00e1nyz\u00e1s el\u0151tt.<\/p>\n<p>Ha a f\u00fcves olajat a nyelveden akarod tartani, a THC-desztill\u00e1tumok hat\u00e9kony v\u00e1laszt\u00e1snak bizonyultak, ez\u00e9rt pr\u00f3b\u00e1ld ki \u0151ket, n\u00e9zd meg, hogyan \u00e9rzed magad, majd folytasd. V\u00e1s\u00e1roljon \u00f6mlesztett THC desztill\u00e1tumokat online<\/p>\n<p>Sok nem tapasztalt fogyaszt\u00f3 m\u00e9g ma sem biztos a THC \u00e9s a CBD k\u00f6z\u00f6tti k\u00fcl\u00f6nbs\u00e9gekben. A desztill\u00e1lt patronokkal nagyon k\u00f6nny\u0171 v\u00e1lasztani a magas THC-tartalm\u00fa \u00e9s az alacsony CBD-tartalm\u00fa, nagy hat\u00e1sfok\u00fa ehet\u0151 italok k\u00f6z\u00f6tt. A koncentr\u00e1tumok eset\u00e9ben az orvosi felhaszn\u00e1l\u00f3k \u00e1ltal\u00e1ban a nagy potenci\u00e1j\u00fa, magas CBD tartalm\u00fa \u00e9s\/vagy alacsony THC tartalm\u00fa ehet\u0151 italokat r\u00e9szes\u00edtik el\u0151nyben.<\/p>\n<h3><strong>Nagykereskedelmi THC olaj online \\ Min\u0151s\u00e9gi THC olaj elad\u00f3<\/strong><\/h3>\n<p>Hell\u00f3, eur\u00f3paiak, akik naponta haszn\u00e1lnak thc olajat, j\u00f3 h\u00edreink vannak sz\u00e1motokra. Az Ograsmarknad a legjobb kannabiszolajokat k\u00edn\u00e1lja nektek online. Kiv\u00e1l\u00f3 min\u0151s\u00e9g\u0171 THC olajat forgalmazunk eg\u00e9sz Eur\u00f3p\u00e1ban, Sv\u00e9dorsz\u00e1gban, D\u00e1ni\u00e1ban, Belgiumban \u00e9s a vil\u00e1g t\u00f6bbi r\u00e9sz\u00e9n. A legjobb \u00e1r\u00e9rt kapcsolatba l\u00e9phet vel\u00fcnk, \u00e9s megrendelheti thc olaj\u00e1t most azonnal.<\/p>\n<p>&nbsp;<\/p>","protected":false},"excerpt":{"rendered":"<p>For Wholesale please contact us at<br \/>\nWickr ID: @williamspro<br \/>\nor via Whatsapp<br \/>\n<img loading=\"lazy\" decoding=\"async\" class=\"size-full wp-image-10162 alignleft\" src=\"https:\/\/ograsmarknad.com\/wp-content\/uploads\/2021\/11\/trust.jpg\" alt=\"Trust German\" width=\"300\" height=\"129\" srcset=\"https:\/\/ograsmarknad.com\/wp-content\/uploads\/2021\/11\/trust.jpg 300w, https:\/\/ograsmarknad.com\/wp-content\/uploads\/2021\/11\/trust-18x8.jpg 18w\" sizes=\"auto, (max-width: 300px) 100vw, 300px\" \/><\/p>","protected":false},"featured_media":9872,"comment_status":"open","ping_status":"closed","template":"","meta":{"_joinchat":[]},"product_cat":[74],"product_tag":[],"class_list":{"0":"post-9867","1":"product","2":"type-product","3":"status-publish","4":"has-post-thumbnail","6":"product_cat-thc-olja","8":"first","9":"instock","10":"shipping-taxable","11":"purchasable","12":"product-type-variable","13":"has-default-attributes"},"yoast_head":"<!-- This site is optimized with the Yoast SEO plugin v26.3 - https:\/\/yoast.com\/wordpress\/plugins\/seo\/ -->\n<title>THC-olja grossist till salu \u2013 K\u00f6p THC-olja i Grossistledet online<\/title>\n<meta name=\"description\" content=\"K\u00f6p THC-olja i Grossistledet online fr\u00e5n Ograsmarknad. THC-olja grossist till salu som erbjuder cannabisextrakt i bulk.\" \/>\n<meta name=\"robots\" content=\"index, follow, max-snippet:-1, max-image-preview:large, max-video-preview:-1\" \/>\n<link rel=\"canonical\" href=\"https:\/\/ograsmarknad.com\/hu\/product\/thc-olja-i-grossistledet\/\" \/>\n<meta property=\"og:locale\" content=\"hu_HU\" \/>\n<meta property=\"og:type\" content=\"article\" \/>\n<meta property=\"og:title\" content=\"THC-olja grossist till salu \u2013 K\u00f6p THC-olja i Grossistledet online\" \/>\n<meta property=\"og:description\" content=\"K\u00f6p THC-olja i Grossistledet online fr\u00e5n Ograsmarknad. THC-olja grossist till salu som erbjuder cannabisextrakt i bulk.\" \/>\n<meta property=\"og:url\" content=\"https:\/\/ograsmarknad.com\/hu\/product\/thc-olja-i-grossistledet\/\" \/>\n<meta property=\"og:site_name\" content=\"Ogras Marknad\" \/>\n<meta property=\"article:modified_time\" content=\"2026-03-16T10:48:49+00:00\" \/>\n<meta property=\"og:image\" content=\"https:\/\/ograsmarknad.com\/wp-content\/uploads\/2021\/11\/thc-oil.jpg\" \/>\n\t<meta property=\"og:image:width\" content=\"600\" \/>\n\t<meta property=\"og:image:height\" content=\"600\" \/>\n\t<meta property=\"og:image:type\" content=\"image\/jpeg\" \/>\n<meta name=\"twitter:card\" content=\"summary_large_image\" \/>\n<meta name=\"twitter:label1\" content=\"Becs\u00fclt olvas\u00e1si id\u0151\" \/>\n\t<meta name=\"twitter:data1\" content=\"3 perc\" \/>\n<!-- \/ Yoast SEO plugin. -->","yoast_head_json":{"title":"THC olaj nagykereskedelemben elad\u00f3 \u2013 V\u00e1s\u00e1roljon THC olajat nagykereskedelemben online","description":"V\u00e1s\u00e1roljon THC olajat nagykereskedelemben online az Ograsmarknadt\u00f3l. THC olaj nagykeresked\u0151, amely kannabisz kivonatot k\u00edn\u00e1l nagy t\u00e9telben.","robots":{"index":"index","follow":"follow","max-snippet":"max-snippet:-1","max-image-preview":"max-image-preview:large","max-video-preview":"max-video-preview:-1"},"canonical":"https:\/\/ograsmarknad.com\/hu\/product\/thc-olja-i-grossistledet\/","og_locale":"hu_HU","og_type":"article","og_title":"THC-olja grossist till salu \u2013 K\u00f6p THC-olja i Grossistledet online","og_description":"K\u00f6p THC-olja i Grossistledet online fr\u00e5n Ograsmarknad. THC-olja grossist till salu som erbjuder cannabisextrakt i bulk.","og_url":"https:\/\/ograsmarknad.com\/hu\/product\/thc-olja-i-grossistledet\/","og_site_name":"Ogras Marknad","article_modified_time":"2026-03-16T10:48:49+00:00","og_image":[{"width":600,"height":600,"url":"https:\/\/ograsmarknad.com\/wp-content\/uploads\/2021\/11\/thc-oil.jpg","type":"image\/jpeg"}],"twitter_card":"summary_large_image","twitter_misc":{"Becs\u00fclt olvas\u00e1si id\u0151":"3 perc"},"schema":{"@context":"https:\/\/schema.org","@graph":[{"@type":"WebPage","@id":"https:\/\/ograsmarknad.com\/product\/thc-olja-i-grossistledet\/","url":"https:\/\/ograsmarknad.com\/product\/thc-olja-i-grossistledet\/","name":"THC olaj nagykereskedelemben elad\u00f3 \u2013 V\u00e1s\u00e1roljon THC olajat nagykereskedelemben online","isPartOf":{"@id":"https:\/\/ograsmarknad.com\/#website"},"primaryImageOfPage":{"@id":"https:\/\/ograsmarknad.com\/product\/thc-olja-i-grossistledet\/#primaryimage"},"image":{"@id":"https:\/\/ograsmarknad.com\/product\/thc-olja-i-grossistledet\/#primaryimage"},"thumbnailUrl":"https:\/\/ograsmarknad.com\/wp-content\/uploads\/2021\/11\/thc-oil.jpg","datePublished":"2021-11-09T09:46:58+00:00","dateModified":"2026-03-16T10:48:49+00:00","description":"V\u00e1s\u00e1roljon THC olajat nagykereskedelemben online az Ograsmarknadt\u00f3l. THC olaj nagykeresked\u0151, amely kannabisz kivonatot k\u00edn\u00e1l nagy t\u00e9telben.","breadcrumb":{"@id":"https:\/\/ograsmarknad.com\/product\/thc-olja-i-grossistledet\/#breadcrumb"},"inLanguage":"hu","potentialAction":[{"@type":"ReadAction","target":["https:\/\/ograsmarknad.com\/product\/thc-olja-i-grossistledet\/"]}]},{"@type":"ImageObject","inLanguage":"hu","@id":"https:\/\/ograsmarknad.com\/product\/thc-olja-i-grossistledet\/#primaryimage","url":"https:\/\/ograsmarknad.com\/wp-content\/uploads\/2021\/11\/thc-oil.jpg","contentUrl":"https:\/\/ograsmarknad.com\/wp-content\/uploads\/2021\/11\/thc-oil.jpg","width":600,"height":600,"caption":"thc-oil"},{"@type":"BreadcrumbList","@id":"https:\/\/ograsmarknad.com\/product\/thc-olja-i-grossistledet\/#breadcrumb","itemListElement":[{"@type":"ListItem","position":1,"name":"Home","item":"https:\/\/ograsmarknad.com\/"},{"@type":"ListItem","position":2,"name":"Shop","item":"https:\/\/ograsmarknad.com\/shop\/"},{"@type":"ListItem","position":3,"name":"THC-olja i grossistledet"}]},{"@type":"WebSite","@id":"https:\/\/ograsmarknad.com\/#website","url":"https:\/\/ograsmarknad.com\/","name":"Ogras Marknad","description":"Ogras Marknad","potentialAction":[{"@type":"SearchAction","target":{"@type":"EntryPoint","urlTemplate":"https:\/\/ograsmarknad.com\/?s={search_term_string}"},"query-input":{"@type":"PropertyValueSpecification","valueRequired":true,"valueName":"search_term_string"}}],"inLanguage":"hu"}]}},"_links":{"self":[{"href":"https:\/\/ograsmarknad.com\/hu\/wp-json\/wp\/v2\/product\/9867","targetHints":{"allow":["GET"]}}],"collection":[{"href":"https:\/\/ograsmarknad.com\/hu\/wp-json\/wp\/v2\/product"}],"about":[{"href":"https:\/\/ograsmarknad.com\/hu\/wp-json\/wp\/v2\/types\/product"}],"replies":[{"embeddable":true,"href":"https:\/\/ograsmarknad.com\/hu\/wp-json\/wp\/v2\/comments?post=9867"}],"wp:featuredmedia":[{"embeddable":true,"href":"https:\/\/ograsmarknad.com\/hu\/wp-json\/wp\/v2\/media\/9872"}],"wp:attachment":[{"href":"https:\/\/ograsmarknad.com\/hu\/wp-json\/wp\/v2\/media?parent=9867"}],"wp:term":[{"taxonomy":"product_cat","embeddable":true,"href":"https:\/\/ograsmarknad.com\/hu\/wp-json\/wp\/v2\/product_cat?post=9867"},{"taxonomy":"product_tag","embeddable":true,"href":"https:\/\/ograsmarknad.com\/hu\/wp-json\/wp\/v2\/product_tag?post=9867"}],"curies":[{"name":"wp","href":"https:\/\/api.w.org\/{rel}","templated":true}]}}