{"id":10250,"date":"2022-08-04T06:45:21","date_gmt":"2022-08-04T06:45:21","guid":{"rendered":"https:\/\/ograsmarknad.com\/?post_type=product&#038;p=10250"},"modified":"2026-04-08T08:18:54","modified_gmt":"2026-04-08T08:18:54","slug":"cherry-pie-haschischol","status":"publish","type":"product","link":"https:\/\/ograsmarknad.com\/it\/product\/cherry-pie-haschischol\/","title":{"rendered":"Cherry Pie Haschisch\u00f6l"},"content":{"rendered":"<h2>K\u00f6p Cherry Pie Hash Oil Online<\/h2>\n<p data-start=\"35\" data-end=\"593\"><strong><a href=\"https:\/\/ograsmarknad.com\/it\/product\/cherry-pie-haschischol\/\">Cherry Pie Hash Oil till salu<\/a><\/strong> \u00e4r ett premium cannabisextrakt framst\u00e4llt fr\u00e5n den v\u00e4lk\u00e4nda Cherry Pie-stammen, en <strong data-start=\"148\" data-end=\"169\">Cherry Pie-hybrid<\/strong> e <strong data-start=\"174\" data-end=\"200\">indica-dominant hybrid<\/strong> med r\u00f6tter i Durban Poison och Granddaddy Purple. Denna <strong data-start=\"257\" data-end=\"281\">Cherry Pie-marijuana<\/strong> koncentratprodukt, \u00e4ven k\u00e4nd som <strong data-start=\"315\" data-end=\"334\">Cherry Pie Kush<\/strong>, representerar en <strong data-start=\"353\" data-end=\"378\">hybrid marijuana-stam<\/strong> med <strong data-start=\"383\" data-end=\"410\">premium cannabisgenetik<\/strong> och en <strong data-start=\"418\" data-end=\"442\">h\u00f6g THC-cannabisstam<\/strong> profil. F\u00f6r dig som vill k\u00f6pa Cherry Pie Hash Oil online erbjuder denna produkt en kraftfull och snabbverkande upplevelse med h\u00f6g renhet och kvalitet. <a href=\"https:\/\/ograsmarknad.com\/it\/\"><strong>ograsmarknad<\/strong><\/a><\/p>\n<h3 data-section-id=\"1lkkiq1\" data-start=\"595\" data-end=\"629\">Effekter av Cherry Pie Hash Oil<\/h3>\n<p data-start=\"631\" data-end=\"1152\">Cherry Pie Hash Oil \u00e4r k\u00e4nd f\u00f6r sina starka och l\u00e5ngvariga effekter. Den levererar en <strong data-start=\"717\" data-end=\"744\">avslappnande kroppshigh<\/strong> tillsammans med <strong data-start=\"761\" data-end=\"791\">euforiska cannabiseffekter<\/strong>, vilket g\u00f6r den till en perfekt <a href=\"https:\/\/ograsmarknad.com\/it\/product\/hawaiian-snow\/\"><strong data-start=\"824\" data-end=\"851\">lugnande marijuana-stam<\/strong><\/a> i koncentratform. M\u00e5nga anv\u00e4ndare upplever <strong data-start=\"895\" data-end=\"927\">stresslindring f\u00f6r marijuana<\/strong>, samtidigt som den fungerar som en <strong data-start=\"963\" data-end=\"988\">hum\u00f6rh\u00f6jande cannabis<\/strong> och en <strong data-start=\"996\" data-end=\"1025\">upplyftande indica-hybrid<\/strong>. Dessutom bidrar den till en <strong data-start=\"1055\" data-end=\"1082\">mental avslappningsstam<\/strong> k\u00e4nsla och kan fungera som <strong data-start=\"1110\" data-end=\"1136\">fokush\u00f6jande marijuana<\/strong> i mindre doser.<\/p>\n<h3 data-section-id=\"6qb4cl\" data-start=\"1154\" data-end=\"1177\">Uso medico<\/h3>\n<p data-start=\"1179\" data-end=\"1609\">Cherry Pie Hash Oil anv\u00e4nds ofta av medicinska anv\u00e4ndare f\u00f6r att hantera tillst\u00e5nd som kronisk sm\u00e4rta, \u00e5ngest, s\u00f6mnl\u00f6shet och migr\u00e4n. Tack vare dess styrka fr\u00e5n en <strong data-start=\"1343\" data-end=\"1367\">h\u00f6g THC-cannabisstam<\/strong> och stabila egenskaper fr\u00e5n en <strong data-start=\"1399\" data-end=\"1425\">indica-dominant hybrid<\/strong>, kan den ge snabb lindring \u00e4ven i sm\u00e5 m\u00e4ngder. M\u00e5nga patienter uppskattar dess f\u00f6rm\u00e5ga att minska muskelsp\u00e4nningar och fr\u00e4mja djup avslappning utan att kompromissa med mental klarhet.<\/p>\n<h3 data-section-id=\"8och44\" data-start=\"1611\" data-end=\"1627\">Smak och arom<\/h3>\n<p data-start=\"1629\" data-end=\"1957\">Denna hasholja har en rik och tilltalande smakprofil med <strong><a href=\"https:\/\/en.wikipedia.org\/wiki\/Hash_oil\">s\u00f6ta k\u00f6rsb\u00e4rstoner<\/a><\/strong>, vilket speglar dess ursprung fr\u00e5n en <strong data-start=\"1743\" data-end=\"1769\">Durban Poison-korsning<\/strong> e <strong data-start=\"1774\" data-end=\"1801\">Grandaddy Purple-hybrid<\/strong>. Den fruktiga och dessertliknande aromen g\u00f6r Cherry Pie Hash Oil till ett popul\u00e4rt val bland anv\u00e4ndare som uppskattar smakrika och mjuka cannabisprodukter.<\/p>\n<h3 data-section-id=\"f2z3bm\" data-start=\"1959\" data-end=\"2003\">Varf\u00f6r k\u00f6pa Cherry Pie Hash Oil fr\u00e5n oss?<\/h3>\n<p data-start=\"2005\" data-end=\"2442\">Vi erbjuder endast produkter av h\u00f6gsta kvalitet, med fokus p\u00e5 s\u00e4kerhet och kundn\u00f6jdhet. V\u00e5r <strong><a href=\"https:\/\/www.nashahash.com\/hash-library\/p\/cherry-pie\">Cherry Pie<\/a><\/strong> Hash Oil \u00e4r tillverkad fr\u00e5n noggrant utvald <strong data-start=\"2152\" data-end=\"2176\">Cherry Pie-marijuana<\/strong> och representerar det b\u00e4sta inom <strong data-start=\"2210\" data-end=\"2237\">premium cannabisgenetik<\/strong>. Alla produkter \u00e4r labbtestade, vilket s\u00e4kerst\u00e4ller renhet, styrka och konsekvent kvalitet. Vi erbjuder dessutom diskret leverans i hela Europa, inklusive Sverige, Finland, Danmark, Norge och fler l\u00e4nder.<\/p>\n<h3 data-section-id=\"1yj5t95\" data-start=\"2444\" data-end=\"2479\">Best\u00e4ll Cherry Pie Hash Oil idag<\/h3>\n<p data-start=\"2481\" data-end=\"2882\" data-is-last-node=\"\" data-is-only-node=\"\">Om du vill k\u00f6pa en kraftfull och p\u00e5litlig cannabisprodukt \u00e4r Cherry Pie Hash Oil ett utm\u00e4rkt val. Med sina balanserade effekter fr\u00e5n en <strong data-start=\"2617\" data-end=\"2638\">Cherry Pie indica<\/strong>-dominerad profil och egenskaper fr\u00e5n en <strong data-start=\"2679\" data-end=\"2700\">Cherry Pie-hybrid<\/strong>, f\u00e5r du en produkt som kombinerar avslappning, eufori och terapeutiska f\u00f6rdelar. Best\u00e4ll Cherry Pie Hash Oil online idag och upplev en premiumprodukt levererad direkt till din d\u00f6rr. <a href=\"https:\/\/ograsmarknad.com\/it\/product\/cherry-pie-haschischol\/\"><strong>Se specifikationer<\/strong><\/a><\/p>","protected":false},"excerpt":{"rendered":"<p>F\u00f6r partihandel kontakta oss p\u00e5<br \/>\nWickr ID: @williamspro<br \/>\neller via Whatsapp<br \/>\n<img loading=\"lazy\" decoding=\"async\" class=\"size-full wp-image-10162 alignleft\" src=\"https:\/\/ograsmarknad.com\/wp-content\/uploads\/2021\/11\/trust.jpg\" alt=\"Trust German\" width=\"300\" height=\"129\" srcset=\"https:\/\/ograsmarknad.com\/wp-content\/uploads\/2021\/11\/trust.jpg 300w, https:\/\/ograsmarknad.com\/wp-content\/uploads\/2021\/11\/trust-18x8.jpg 18w\" sizes=\"auto, (max-width: 300px) 100vw, 300px\" \/><\/p>","protected":false},"featured_media":10254,"comment_status":"open","ping_status":"closed","template":"","meta":{"_joinchat":[]},"product_cat":[79],"product_tag":[],"class_list":{"0":"post-10250","1":"product","2":"type-product","3":"status-publish","4":"has-post-thumbnail","6":"product_cat-hascholjor","8":"first","9":"instock","10":"shipping-taxable","11":"purchasable","12":"product-type-variable"},"yoast_head":"<!-- This site is optimized with the Yoast SEO plugin v26.3 - https:\/\/yoast.com\/wordpress\/plugins\/seo\/ -->\n<title>Cherry Pie Hash Oil till salu \u2013 K\u00f6p Cherry Pie Hash Oil Online<\/title>\n<meta name=\"description\" content=\"K\u00f6p Cherry Pie hasholja online fr\u00e5n Ograsmarknad. Cherry Pie hasholja till salu med s\u00f6t k\u00f6rsb\u00e4rssmak och avslappnande cannabisextrakteffekter.\" \/>\n<meta name=\"robots\" content=\"index, follow, max-snippet:-1, max-image-preview:large, max-video-preview:-1\" \/>\n<link rel=\"canonical\" href=\"https:\/\/ograsmarknad.com\/it\/product\/cherry-pie-haschischol\/\" \/>\n<meta property=\"og:locale\" content=\"it_IT\" \/>\n<meta property=\"og:type\" content=\"article\" \/>\n<meta property=\"og:title\" content=\"Cherry Pie Hash Oil till salu \u2013 K\u00f6p Cherry Pie Hash Oil Online\" \/>\n<meta property=\"og:description\" content=\"K\u00f6p Cherry Pie hasholja online fr\u00e5n Ograsmarknad. Cherry Pie hasholja till salu med s\u00f6t k\u00f6rsb\u00e4rssmak och avslappnande cannabisextrakteffekter.\" \/>\n<meta property=\"og:url\" content=\"https:\/\/ograsmarknad.com\/it\/product\/cherry-pie-haschischol\/\" \/>\n<meta property=\"og:site_name\" content=\"Ogras Marknad\" \/>\n<meta property=\"article:modified_time\" content=\"2026-04-08T08:18:54+00:00\" \/>\n<meta property=\"og:image\" content=\"https:\/\/ograsmarknad.com\/wp-content\/uploads\/2022\/08\/Cherry-Pie-THC-Hash-Oil.jpg\" \/>\n\t<meta property=\"og:image:width\" content=\"700\" \/>\n\t<meta property=\"og:image:height\" content=\"700\" \/>\n\t<meta property=\"og:image:type\" content=\"image\/jpeg\" \/>\n<meta name=\"twitter:card\" content=\"summary_large_image\" \/>\n<meta name=\"twitter:label1\" content=\"Tempo di lettura stimato\" \/>\n\t<meta name=\"twitter:data1\" content=\"2 minuti\" \/>\n<!-- \/ Yoast SEO plugin. -->","yoast_head_json":{"title":"Olio di hashish al gusto di torta di ciliegie in vendita - Acquista olio di hashish al gusto di torta di ciliegie online","description":"Acquista online l'olio di hashish Cherry Pie da Ograsmarknad. Olio di hashish Cherry Pie in vendita, con un dolce sapore di ciliegia e rilassanti effetti di estratto di cannabis.","robots":{"index":"index","follow":"follow","max-snippet":"max-snippet:-1","max-image-preview":"max-image-preview:large","max-video-preview":"max-video-preview:-1"},"canonical":"https:\/\/ograsmarknad.com\/it\/product\/cherry-pie-haschischol\/","og_locale":"it_IT","og_type":"article","og_title":"Cherry Pie Hash Oil till salu \u2013 K\u00f6p Cherry Pie Hash Oil Online","og_description":"K\u00f6p Cherry Pie hasholja online fr\u00e5n Ograsmarknad. Cherry Pie hasholja till salu med s\u00f6t k\u00f6rsb\u00e4rssmak och avslappnande cannabisextrakteffekter.","og_url":"https:\/\/ograsmarknad.com\/it\/product\/cherry-pie-haschischol\/","og_site_name":"Ogras Marknad","article_modified_time":"2026-04-08T08:18:54+00:00","og_image":[{"width":700,"height":700,"url":"https:\/\/ograsmarknad.com\/wp-content\/uploads\/2022\/08\/Cherry-Pie-THC-Hash-Oil.jpg","type":"image\/jpeg"}],"twitter_card":"summary_large_image","twitter_misc":{"Tempo di lettura stimato":"2 minuti"},"schema":{"@context":"https:\/\/schema.org","@graph":[{"@type":"WebPage","@id":"https:\/\/ograsmarknad.com\/product\/cherry-pie-haschischol\/","url":"https:\/\/ograsmarknad.com\/product\/cherry-pie-haschischol\/","name":"Olio di hashish al gusto di torta di ciliegie in vendita - Acquista olio di hashish al gusto di torta di ciliegie online","isPartOf":{"@id":"https:\/\/ograsmarknad.com\/#website"},"primaryImageOfPage":{"@id":"https:\/\/ograsmarknad.com\/product\/cherry-pie-haschischol\/#primaryimage"},"image":{"@id":"https:\/\/ograsmarknad.com\/product\/cherry-pie-haschischol\/#primaryimage"},"thumbnailUrl":"https:\/\/ograsmarknad.com\/wp-content\/uploads\/2022\/08\/Cherry-Pie-THC-Hash-Oil.jpg","datePublished":"2022-08-04T06:45:21+00:00","dateModified":"2026-04-08T08:18:54+00:00","description":"Acquista online l'olio di hashish Cherry Pie da Ograsmarknad. Olio di hashish Cherry Pie in vendita, con un dolce sapore di ciliegia e rilassanti effetti di estratto di cannabis.","breadcrumb":{"@id":"https:\/\/ograsmarknad.com\/product\/cherry-pie-haschischol\/#breadcrumb"},"inLanguage":"it-IT","potentialAction":[{"@type":"ReadAction","target":["https:\/\/ograsmarknad.com\/product\/cherry-pie-haschischol\/"]}]},{"@type":"ImageObject","inLanguage":"it-IT","@id":"https:\/\/ograsmarknad.com\/product\/cherry-pie-haschischol\/#primaryimage","url":"https:\/\/ograsmarknad.com\/wp-content\/uploads\/2022\/08\/Cherry-Pie-THC-Hash-Oil.jpg","contentUrl":"https:\/\/ograsmarknad.com\/wp-content\/uploads\/2022\/08\/Cherry-Pie-THC-Hash-Oil.jpg","width":700,"height":700,"caption":"Cherry-Pie-THC-Hash-Oil"},{"@type":"BreadcrumbList","@id":"https:\/\/ograsmarknad.com\/product\/cherry-pie-haschischol\/#breadcrumb","itemListElement":[{"@type":"ListItem","position":1,"name":"Home","item":"https:\/\/ograsmarknad.com\/"},{"@type":"ListItem","position":2,"name":"Shop","item":"https:\/\/ograsmarknad.com\/shop\/"},{"@type":"ListItem","position":3,"name":"Cherry Pie Haschisch\u00f6l"}]},{"@type":"WebSite","@id":"https:\/\/ograsmarknad.com\/#website","url":"https:\/\/ograsmarknad.com\/","name":"Ogras Marknad","description":"Ogras Marknad","potentialAction":[{"@type":"SearchAction","target":{"@type":"EntryPoint","urlTemplate":"https:\/\/ograsmarknad.com\/?s={search_term_string}"},"query-input":{"@type":"PropertyValueSpecification","valueRequired":true,"valueName":"search_term_string"}}],"inLanguage":"it-IT"}]}},"_links":{"self":[{"href":"https:\/\/ograsmarknad.com\/it\/wp-json\/wp\/v2\/product\/10250","targetHints":{"allow":["GET"]}}],"collection":[{"href":"https:\/\/ograsmarknad.com\/it\/wp-json\/wp\/v2\/product"}],"about":[{"href":"https:\/\/ograsmarknad.com\/it\/wp-json\/wp\/v2\/types\/product"}],"replies":[{"embeddable":true,"href":"https:\/\/ograsmarknad.com\/it\/wp-json\/wp\/v2\/comments?post=10250"}],"wp:featuredmedia":[{"embeddable":true,"href":"https:\/\/ograsmarknad.com\/it\/wp-json\/wp\/v2\/media\/10254"}],"wp:attachment":[{"href":"https:\/\/ograsmarknad.com\/it\/wp-json\/wp\/v2\/media?parent=10250"}],"wp:term":[{"taxonomy":"product_cat","embeddable":true,"href":"https:\/\/ograsmarknad.com\/it\/wp-json\/wp\/v2\/product_cat?post=10250"},{"taxonomy":"product_tag","embeddable":true,"href":"https:\/\/ograsmarknad.com\/it\/wp-json\/wp\/v2\/product_tag?post=10250"}],"curies":[{"name":"wp","href":"https:\/\/api.w.org\/{rel}","templated":true}]}}