{"id":9765,"date":"2021-11-08T08:50:29","date_gmt":"2021-11-08T08:50:29","guid":{"rendered":"https:\/\/ograsmarknad.com\/?post_type=product&#038;p=9765"},"modified":"2026-03-16T10:34:46","modified_gmt":"2026-03-16T10:34:46","slug":"pineapple-express","status":"publish","type":"product","link":"https:\/\/ograsmarknad.com\/it\/product\/pineapple-express\/","title":{"rendered":"Pineapple Express"},"content":{"rendered":"<h2 style=\"text-align: justify;\">Acquista Pineapple Express online in Svezia, Finlandia, \u00c5land, Danimarca, Estonia, Norvegia su Ogras Market a prezzi convenienti!<\/h2>\n<p style=\"text-align: justify;\">I dessa tider kan <a href=\"https:\/\/ograsmarknad.com\/it\/product\/pineapple-express\/\">Pineapple Express till salu<\/a> k\u00f6pas p\u00e5 <a href=\"https:\/\/ograsmarknad.com\/it\/\">Ogras Marknad<\/a> till ett rimligt pris. Hela v\u00e5rt n\u00e4tverk av s\u00e4ljare och leverant\u00f6rer \u00e4r h\u00e4r f\u00f6r att hj\u00e4lpa dig att k\u00f6pa Pineapple Express online n\u00e4r som helst, var som helst. Vi \u00e4r en erfaren online\u00e5terf\u00f6rs\u00e4ljare med stor f\u00f6rst\u00e5else f\u00f6r v\u00e5ra kunders behov. Du kan f\u00e5 de b\u00e4sta produkterna h\u00e4r. Best\u00e4ll Pineapple Express online nu!<\/p>\n<h3 style=\"text-align: justify;\">Propriet\u00e0<\/h3>\n<p style=\"text-align: justify;\">Pineapple Express, disponibile in Europa, Svezia, Finlandia, \u00c5land, Danimarca, Estonia e Norvegia, \u00e8 un popolare ibrido di Trainwreck e Hawaiian. \u00c8 una variet\u00e0 tropicale. Produce un fumo morbido e dolce che induce euforia nei fumatori. \u00c8 una variet\u00e0 potente che ha guadagnato molta popolarit\u00e0 su internet. Questa variet\u00e0 ha solitamente una concentrazione di THC superiore al 24%. Ha l'aroma di una bancarella di frutta. Pineapple Express ha cime color oliva a forma di nocciolo. Hanno il sapore di un pezzo di ananas appena tagliato. Con questa variet\u00e0, puoi creare una piccola lista di cose da fare in pochissimo tempo. Questa pianta pu\u00f2 crescere facilmente sia indoor che outdoor. La fioritura richiede circa 7-8 settimane.<\/p>\n<h3 style=\"text-align: justify;\">Vantaggi<\/h3>\n<ul style=\"text-align: justify;\">\n<li>De smaak is echt intens.<\/li>\n<li>T\u00e1 s\u00e9 ag cruth\u00fa corra\u00edl mh\u00f3r.<\/li>\n<li>Het geeft je het gevoel alsof je door de lucht zweeft.<\/li>\n<li>Tugann s\u00e9 moth\u00fa beag\u00e1in\u00edn neamhshuime duit chomh maith le hard spreag\u00fail agus taitneamhach.<\/li>\n<li>Het stimuleert mensen om creatief en communicatief te zijn.<\/li>\n<li>Cuid\u00edonn s\u00e9 le ti\u00fachan agus t\u00e1irgi\u00falacht.<\/li>\n<li>Het is gunstig voor mensen die last hebben van angst, vermoeidheid, depressie, chronische stress of algemene rusteloosheid.<\/li>\n<li>Ha anche delle modeste propriet\u00e0 rilassanti.<\/li>\n<\/ul>\n<h3 style=\"text-align: justify;\">Come posso ordinare Pineapple Express online?<\/h3>\n<p style=\"text-align: justify;\">Per ordinare Pineapple Express online, puoi collegarti direttamente al nostro negozio online. Consegneremo il tuo ordine in tempi brevissimi. Imballiamo tutti gli ordini in modo sicuro e consegniamo in tutto il mondo. Non avrai mai reclami sui nostri prodotti. Non aspettare oltre, effettua il tuo ordine oggi stesso!<\/p>","protected":false},"excerpt":{"rendered":"<p>For Wholesale please contact us at<br \/>\nWickr ID: @williamspro<br \/>\nor via Whatsapp<br \/>\n<img loading=\"lazy\" decoding=\"async\" class=\"size-full wp-image-10162 alignleft\" src=\"https:\/\/ograsmarknad.com\/wp-content\/uploads\/2021\/11\/trust.jpg\" alt=\"Trust German\" width=\"300\" height=\"129\" srcset=\"https:\/\/ograsmarknad.com\/wp-content\/uploads\/2021\/11\/trust.jpg 300w, https:\/\/ograsmarknad.com\/wp-content\/uploads\/2021\/11\/trust-18x8.jpg 18w\" sizes=\"auto, (max-width: 300px) 100vw, 300px\" \/><\/p>","protected":false},"featured_media":9770,"comment_status":"open","ping_status":"closed","template":"","meta":{"_joinchat":[]},"product_cat":[71],"product_tag":[],"class_list":{"0":"post-9765","1":"product","2":"type-product","3":"status-publish","4":"has-post-thumbnail","6":"product_cat-gras-sw","8":"first","9":"instock","10":"shipping-taxable","11":"purchasable","12":"product-type-variable","13":"has-default-attributes"},"yoast_head":"<!-- This site is optimized with the Yoast SEO plugin v26.3 - https:\/\/yoast.com\/wordpress\/plugins\/seo\/ -->\n<title>Pineapple Express ogr\u00e4ssort till salu \u2013 K\u00f6p Pineapple online<\/title>\n<meta name=\"description\" content=\"K\u00f6p Pineapple Express ogr\u00e4ssort online fr\u00e5n Ograsmarknad. Pineapple Express till salu, k\u00e4nd f\u00f6r sin tropiska smak och energiska upplyftande cannabiseffekter.\" \/>\n<meta name=\"robots\" content=\"index, follow, max-snippet:-1, max-image-preview:large, max-video-preview:-1\" \/>\n<link rel=\"canonical\" href=\"https:\/\/ograsmarknad.com\/it\/product\/pineapple-express\/\" \/>\n<meta property=\"og:locale\" content=\"it_IT\" \/>\n<meta property=\"og:type\" content=\"article\" \/>\n<meta property=\"og:title\" content=\"Pineapple Express ogr\u00e4ssort till salu \u2013 K\u00f6p Pineapple online\" \/>\n<meta property=\"og:description\" content=\"K\u00f6p Pineapple Express ogr\u00e4ssort online fr\u00e5n Ograsmarknad. Pineapple Express till salu, k\u00e4nd f\u00f6r sin tropiska smak och energiska upplyftande cannabiseffekter.\" \/>\n<meta property=\"og:url\" content=\"https:\/\/ograsmarknad.com\/it\/product\/pineapple-express\/\" \/>\n<meta property=\"og:site_name\" content=\"Ogras Marknad\" \/>\n<meta property=\"article:modified_time\" content=\"2026-03-16T10:34:46+00:00\" \/>\n<meta property=\"og:image\" content=\"https:\/\/ograsmarknad.com\/wp-content\/uploads\/2021\/11\/pineapple-express.jpg\" \/>\n\t<meta property=\"og:image:width\" content=\"600\" \/>\n\t<meta property=\"og:image:height\" content=\"600\" \/>\n\t<meta property=\"og:image:type\" content=\"image\/jpeg\" \/>\n<meta name=\"twitter:card\" content=\"summary_large_image\" \/>\n<meta name=\"twitter:label1\" content=\"Tempo di lettura stimato\" \/>\n\t<meta name=\"twitter:data1\" content=\"2 minuti\" \/>\n<!-- \/ Yoast SEO plugin. -->","yoast_head_json":{"title":"Variet\u00e0 di cannabis Pineapple Express in vendita \u2013 Acquista Pineapple online","description":"Acquista la variet\u00e0 di cannabis Pineapple Express online da Ograsmarknad. Pineapple Express in vendita, nota per il suo sapore tropicale e gli effetti energizzanti e stimolanti della cannabis.","robots":{"index":"index","follow":"follow","max-snippet":"max-snippet:-1","max-image-preview":"max-image-preview:large","max-video-preview":"max-video-preview:-1"},"canonical":"https:\/\/ograsmarknad.com\/it\/product\/pineapple-express\/","og_locale":"it_IT","og_type":"article","og_title":"Pineapple Express ogr\u00e4ssort till salu \u2013 K\u00f6p Pineapple online","og_description":"K\u00f6p Pineapple Express ogr\u00e4ssort online fr\u00e5n Ograsmarknad. Pineapple Express till salu, k\u00e4nd f\u00f6r sin tropiska smak och energiska upplyftande cannabiseffekter.","og_url":"https:\/\/ograsmarknad.com\/it\/product\/pineapple-express\/","og_site_name":"Ogras Marknad","article_modified_time":"2026-03-16T10:34:46+00:00","og_image":[{"width":600,"height":600,"url":"https:\/\/ograsmarknad.com\/wp-content\/uploads\/2021\/11\/pineapple-express.jpg","type":"image\/jpeg"}],"twitter_card":"summary_large_image","twitter_misc":{"Tempo di lettura stimato":"2 minuti"},"schema":{"@context":"https:\/\/schema.org","@graph":[{"@type":"WebPage","@id":"https:\/\/ograsmarknad.com\/product\/pineapple-express\/","url":"https:\/\/ograsmarknad.com\/product\/pineapple-express\/","name":"Variet\u00e0 di cannabis Pineapple Express in vendita \u2013 Acquista Pineapple online","isPartOf":{"@id":"https:\/\/ograsmarknad.com\/#website"},"primaryImageOfPage":{"@id":"https:\/\/ograsmarknad.com\/product\/pineapple-express\/#primaryimage"},"image":{"@id":"https:\/\/ograsmarknad.com\/product\/pineapple-express\/#primaryimage"},"thumbnailUrl":"https:\/\/ograsmarknad.com\/wp-content\/uploads\/2021\/11\/pineapple-express.jpg","datePublished":"2021-11-08T08:50:29+00:00","dateModified":"2026-03-16T10:34:46+00:00","description":"Acquista la variet\u00e0 di cannabis Pineapple Express online da Ograsmarknad. Pineapple Express in vendita, nota per il suo sapore tropicale e gli effetti energizzanti e stimolanti della cannabis.","breadcrumb":{"@id":"https:\/\/ograsmarknad.com\/product\/pineapple-express\/#breadcrumb"},"inLanguage":"it-IT","potentialAction":[{"@type":"ReadAction","target":["https:\/\/ograsmarknad.com\/product\/pineapple-express\/"]}]},{"@type":"ImageObject","inLanguage":"it-IT","@id":"https:\/\/ograsmarknad.com\/product\/pineapple-express\/#primaryimage","url":"https:\/\/ograsmarknad.com\/wp-content\/uploads\/2021\/11\/pineapple-express.jpg","contentUrl":"https:\/\/ograsmarknad.com\/wp-content\/uploads\/2021\/11\/pineapple-express.jpg","width":600,"height":600,"caption":"pineapple-express"},{"@type":"BreadcrumbList","@id":"https:\/\/ograsmarknad.com\/product\/pineapple-express\/#breadcrumb","itemListElement":[{"@type":"ListItem","position":1,"name":"Home","item":"https:\/\/ograsmarknad.com\/"},{"@type":"ListItem","position":2,"name":"Shop","item":"https:\/\/ograsmarknad.com\/shop\/"},{"@type":"ListItem","position":3,"name":"Pineapple Express"}]},{"@type":"WebSite","@id":"https:\/\/ograsmarknad.com\/#website","url":"https:\/\/ograsmarknad.com\/","name":"Ogras Marknad","description":"Ogras Marknad","potentialAction":[{"@type":"SearchAction","target":{"@type":"EntryPoint","urlTemplate":"https:\/\/ograsmarknad.com\/?s={search_term_string}"},"query-input":{"@type":"PropertyValueSpecification","valueRequired":true,"valueName":"search_term_string"}}],"inLanguage":"it-IT"}]}},"_links":{"self":[{"href":"https:\/\/ograsmarknad.com\/it\/wp-json\/wp\/v2\/product\/9765","targetHints":{"allow":["GET"]}}],"collection":[{"href":"https:\/\/ograsmarknad.com\/it\/wp-json\/wp\/v2\/product"}],"about":[{"href":"https:\/\/ograsmarknad.com\/it\/wp-json\/wp\/v2\/types\/product"}],"replies":[{"embeddable":true,"href":"https:\/\/ograsmarknad.com\/it\/wp-json\/wp\/v2\/comments?post=9765"}],"wp:featuredmedia":[{"embeddable":true,"href":"https:\/\/ograsmarknad.com\/it\/wp-json\/wp\/v2\/media\/9770"}],"wp:attachment":[{"href":"https:\/\/ograsmarknad.com\/it\/wp-json\/wp\/v2\/media?parent=9765"}],"wp:term":[{"taxonomy":"product_cat","embeddable":true,"href":"https:\/\/ograsmarknad.com\/it\/wp-json\/wp\/v2\/product_cat?post=9765"},{"taxonomy":"product_tag","embeddable":true,"href":"https:\/\/ograsmarknad.com\/it\/wp-json\/wp\/v2\/product_tag?post=9765"}],"curies":[{"name":"wp","href":"https:\/\/api.w.org\/{rel}","templated":true}]}}