{"id":9771,"date":"2021-11-08T08:52:15","date_gmt":"2021-11-08T08:52:15","guid":{"rendered":"https:\/\/ograsmarknad.com\/?post_type=product&#038;p=9771"},"modified":"2026-03-16T10:34:10","modified_gmt":"2026-03-16T10:34:10","slug":"sour-diesel","status":"publish","type":"product","link":"https:\/\/ograsmarknad.com\/it\/product\/sour-diesel\/","title":{"rendered":"Sour Diesel"},"content":{"rendered":"<h2 style=\"text-align: justify;\">Acquistate Sour Diesel dall'Europa, a prezzi convenienti su Ogras Marknad!<\/h2>\n<p style=\"text-align: justify;\">Av en bra anledning \u00e4r <a href=\"https:\/\/ograsmarknad.com\/it\/product\/sour-diesel\/\">Sour Diesel till salu<\/a> \u00e8 nota per essere una delle variet\u00e0 pi\u00f9 pungenti di tutti i tempi. Emana un odore pungente di skunk, benzina e limone. Quindi, anche se non \u00e8 la pi\u00f9 saporita (a meno che non preferiate i ceppi dank), ha sicuramente un effetto potente quando si tratta di effetti. Grazie al suo straordinario potere di stimolare ed elevare, la Sour Diesel \u00e8 un'ottima scelta per chi soffre di disturbi dell'umore come la depressione o il disturbo bipolare. Acquistate Sour Diesel online in Europa, Svezia, Finlandia, \u00c5land, Danimarca, Estonia, Norvegia nel nostro negozio oggi stesso!<\/p>\n<h3 style=\"text-align: justify;\">Odore, sapore e aspetto di gasolio acido<\/h3>\n<p style=\"text-align: justify;\">La parola \"diesel\" compare nel nome della variet\u00e0 Sour Diesel per uno scopo molto specifico. La Sour Diesel ha aromi pi\u00f9 pungenti di qualsiasi altra marijuana, e questo \u00e8 uno dei motivi del suo successo globale e del suo nome.<\/p>\n<p style=\"text-align: justify;\">Ha un aroma pungente e puzzolente, ma ha anche sfumature di buccia di limone e altri agrumi nel gusto, che \u00e8 probabilmente il motivo per cui viene chiamata \"Sour\". Il sapore di questa variet\u00e0 di marijuana \u00e8 terroso e a volte misto a un pizzico di agrumi quando viene fumata. Soprattutto, aspettatevi che la qualit\u00e0 crepuscolare e pungente della Sour Diesel sovrasti gli altri sapori della miscela, lasciando gli agrumi e le spezie in disparte.<\/p>\n<p style=\"text-align: justify;\">La Sour Diesel online ha un aspetto classico da vaso, con foglie di zucchero verdi e rigogliose e pistilli leggermente rosa-arancio che aggiungono colore e vivacit\u00e0 all'immagine di questo raccolto freddo. Le pepite di Sour Diesel sono spesso ghiacciate, con una pletora di piccoli cristalli scintillanti, che simboleggiano l'immenso potere della Sour D.<\/p>\n<p style=\"text-align: justify;\">Anche dopo aver finito di fumare, l'odore della marijuana Sour Diesel permane. Se cercate di essere discreti nell'assunzione, tenetelo a mente. Dopo pochi tiri, dovreste essere in grado di sentire il sapore della marijuana in bocca.<\/p>\n<p style=\"text-align: justify;\">Ordina Sour Diesel online in Europa, Svezia, Finlandia, \u00c5land, Danimarca, Estonia, Norvegia, disponibile ai migliori prezzi oggi su <a href=\"https:\/\/ograsmarknad.com\/it\/\">Ogras Marknad!<\/a><\/p>","protected":false},"excerpt":{"rendered":"<p>For Wholesale please contact us at<br \/>\nWickr ID: @williamspro<br \/>\nor via Whatsapp<br \/>\n<img loading=\"lazy\" decoding=\"async\" class=\"size-full wp-image-10162 alignleft\" src=\"https:\/\/ograsmarknad.com\/wp-content\/uploads\/2021\/11\/trust.jpg\" alt=\"Trust German\" width=\"300\" height=\"129\" srcset=\"https:\/\/ograsmarknad.com\/wp-content\/uploads\/2021\/11\/trust.jpg 300w, https:\/\/ograsmarknad.com\/wp-content\/uploads\/2021\/11\/trust-18x8.jpg 18w\" sizes=\"auto, (max-width: 300px) 100vw, 300px\" \/><\/p>","protected":false},"featured_media":9739,"comment_status":"open","ping_status":"closed","template":"","meta":{"_joinchat":[]},"product_cat":[71],"product_tag":[],"class_list":{"0":"post-9771","1":"product","2":"type-product","3":"status-publish","4":"has-post-thumbnail","6":"product_cat-gras-sw","8":"first","9":"instock","10":"shipping-taxable","11":"purchasable","12":"product-type-variable","13":"has-default-attributes"},"yoast_head":"<!-- This site is optimized with the Yoast SEO plugin v26.3 - https:\/\/yoast.com\/wordpress\/plugins\/seo\/ -->\n<title>Sour Diesel Weed-sort till salu \u2013 K\u00f6p Sour Diesel Online<\/title>\n<meta name=\"description\" content=\"K\u00f6p Sour Diesel-w\u00e4issort online fr\u00e5n Ograsmarknad. Sour Diesel till salu k\u00e4nd f\u00f6r sin dieselarom och energigivande sativa-cannabiseffekter.\" \/>\n<meta name=\"robots\" content=\"index, follow, max-snippet:-1, max-image-preview:large, max-video-preview:-1\" \/>\n<link rel=\"canonical\" href=\"https:\/\/ograsmarknad.com\/it\/product\/sour-diesel\/\" \/>\n<meta property=\"og:locale\" content=\"it_IT\" \/>\n<meta property=\"og:type\" content=\"article\" \/>\n<meta property=\"og:title\" content=\"Sour Diesel Weed-sort till salu \u2013 K\u00f6p Sour Diesel Online\" \/>\n<meta property=\"og:description\" content=\"K\u00f6p Sour Diesel-w\u00e4issort online fr\u00e5n Ograsmarknad. Sour Diesel till salu k\u00e4nd f\u00f6r sin dieselarom och energigivande sativa-cannabiseffekter.\" \/>\n<meta property=\"og:url\" content=\"https:\/\/ograsmarknad.com\/it\/product\/sour-diesel\/\" \/>\n<meta property=\"og:site_name\" content=\"Ogras Marknad\" \/>\n<meta property=\"article:modified_time\" content=\"2026-03-16T10:34:10+00:00\" \/>\n<meta property=\"og:image\" content=\"https:\/\/ograsmarknad.com\/wp-content\/uploads\/2021\/11\/blueberry-kush.jpg\" \/>\n\t<meta property=\"og:image:width\" content=\"600\" \/>\n\t<meta property=\"og:image:height\" content=\"600\" \/>\n\t<meta property=\"og:image:type\" content=\"image\/jpeg\" \/>\n<meta name=\"twitter:card\" content=\"summary_large_image\" \/>\n<meta name=\"twitter:label1\" content=\"Tempo di lettura stimato\" \/>\n\t<meta name=\"twitter:data1\" content=\"2 minuti\" \/>\n<!-- \/ Yoast SEO plugin. -->","yoast_head_json":{"title":"Variet\u00e0 di cannabis Sour Diesel in vendita \u2013 Acquista Sour Diesel online","description":"Acquista la cannabis Sour Diesel online da Ograsmarknad. La Sour Diesel in vendita \u00e8 nota per il suo aroma di diesel e per gli effetti energizzanti tipici della cannabis sativa.","robots":{"index":"index","follow":"follow","max-snippet":"max-snippet:-1","max-image-preview":"max-image-preview:large","max-video-preview":"max-video-preview:-1"},"canonical":"https:\/\/ograsmarknad.com\/it\/product\/sour-diesel\/","og_locale":"it_IT","og_type":"article","og_title":"Sour Diesel Weed-sort till salu \u2013 K\u00f6p Sour Diesel Online","og_description":"K\u00f6p Sour Diesel-w\u00e4issort online fr\u00e5n Ograsmarknad. Sour Diesel till salu k\u00e4nd f\u00f6r sin dieselarom och energigivande sativa-cannabiseffekter.","og_url":"https:\/\/ograsmarknad.com\/it\/product\/sour-diesel\/","og_site_name":"Ogras Marknad","article_modified_time":"2026-03-16T10:34:10+00:00","og_image":[{"width":600,"height":600,"url":"https:\/\/ograsmarknad.com\/wp-content\/uploads\/2021\/11\/blueberry-kush.jpg","type":"image\/jpeg"}],"twitter_card":"summary_large_image","twitter_misc":{"Tempo di lettura stimato":"2 minuti"},"schema":{"@context":"https:\/\/schema.org","@graph":[{"@type":"WebPage","@id":"https:\/\/ograsmarknad.com\/product\/sour-diesel\/","url":"https:\/\/ograsmarknad.com\/product\/sour-diesel\/","name":"Variet\u00e0 di cannabis Sour Diesel in vendita \u2013 Acquista Sour Diesel online","isPartOf":{"@id":"https:\/\/ograsmarknad.com\/#website"},"primaryImageOfPage":{"@id":"https:\/\/ograsmarknad.com\/product\/sour-diesel\/#primaryimage"},"image":{"@id":"https:\/\/ograsmarknad.com\/product\/sour-diesel\/#primaryimage"},"thumbnailUrl":"https:\/\/ograsmarknad.com\/wp-content\/uploads\/2021\/11\/blueberry-kush.jpg","datePublished":"2021-11-08T08:52:15+00:00","dateModified":"2026-03-16T10:34:10+00:00","description":"Acquista la cannabis Sour Diesel online da Ograsmarknad. La Sour Diesel in vendita \u00e8 nota per il suo aroma di diesel e per gli effetti energizzanti tipici della cannabis sativa.","breadcrumb":{"@id":"https:\/\/ograsmarknad.com\/product\/sour-diesel\/#breadcrumb"},"inLanguage":"it-IT","potentialAction":[{"@type":"ReadAction","target":["https:\/\/ograsmarknad.com\/product\/sour-diesel\/"]}]},{"@type":"ImageObject","inLanguage":"it-IT","@id":"https:\/\/ograsmarknad.com\/product\/sour-diesel\/#primaryimage","url":"https:\/\/ograsmarknad.com\/wp-content\/uploads\/2021\/11\/blueberry-kush.jpg","contentUrl":"https:\/\/ograsmarknad.com\/wp-content\/uploads\/2021\/11\/blueberry-kush.jpg","width":600,"height":600,"caption":"blueberry-kush"},{"@type":"BreadcrumbList","@id":"https:\/\/ograsmarknad.com\/product\/sour-diesel\/#breadcrumb","itemListElement":[{"@type":"ListItem","position":1,"name":"Home","item":"https:\/\/ograsmarknad.com\/"},{"@type":"ListItem","position":2,"name":"Shop","item":"https:\/\/ograsmarknad.com\/shop\/"},{"@type":"ListItem","position":3,"name":"Sour Diesel"}]},{"@type":"WebSite","@id":"https:\/\/ograsmarknad.com\/#website","url":"https:\/\/ograsmarknad.com\/","name":"Ogras Marknad","description":"Ogras Marknad","potentialAction":[{"@type":"SearchAction","target":{"@type":"EntryPoint","urlTemplate":"https:\/\/ograsmarknad.com\/?s={search_term_string}"},"query-input":{"@type":"PropertyValueSpecification","valueRequired":true,"valueName":"search_term_string"}}],"inLanguage":"it-IT"}]}},"_links":{"self":[{"href":"https:\/\/ograsmarknad.com\/it\/wp-json\/wp\/v2\/product\/9771","targetHints":{"allow":["GET"]}}],"collection":[{"href":"https:\/\/ograsmarknad.com\/it\/wp-json\/wp\/v2\/product"}],"about":[{"href":"https:\/\/ograsmarknad.com\/it\/wp-json\/wp\/v2\/types\/product"}],"replies":[{"embeddable":true,"href":"https:\/\/ograsmarknad.com\/it\/wp-json\/wp\/v2\/comments?post=9771"}],"wp:featuredmedia":[{"embeddable":true,"href":"https:\/\/ograsmarknad.com\/it\/wp-json\/wp\/v2\/media\/9739"}],"wp:attachment":[{"href":"https:\/\/ograsmarknad.com\/it\/wp-json\/wp\/v2\/media?parent=9771"}],"wp:term":[{"taxonomy":"product_cat","embeddable":true,"href":"https:\/\/ograsmarknad.com\/it\/wp-json\/wp\/v2\/product_cat?post=9771"},{"taxonomy":"product_tag","embeddable":true,"href":"https:\/\/ograsmarknad.com\/it\/wp-json\/wp\/v2\/product_tag?post=9771"}],"curies":[{"name":"wp","href":"https:\/\/api.w.org\/{rel}","templated":true}]}}