{"id":9817,"date":"2021-11-08T15:09:58","date_gmt":"2021-11-08T15:09:58","guid":{"rendered":"https:\/\/ograsmarknad.com\/?post_type=product&#038;p=9817"},"modified":"2024-05-31T05:26:05","modified_gmt":"2024-05-31T05:26:05","slug":"lemon-tree-hash","status":"publish","type":"product","link":"https:\/\/ograsmarknad.com\/it\/product\/lemon-tree-hash\/","title":{"rendered":"Lemon Tree Hash"},"content":{"rendered":"<h2 style=\"text-align: justify;\">Acquista Lemon Tree Hash online ai migliori prezzi su Ogras Market!<\/h2>\n<p style=\"text-align: justify;\">Lemon tree hashish, o semplicemente \"lemon tree\", \u00e8 una variet\u00e0 ibrida 50\/50 generata dalla miscelazione delle meravigliose variet\u00e0 lemon arts e sour diesel. Grazie al suo sapore accattivante e all'incredibile livello medio di THC del 20-25%, questo Monster ha ricevuto il primo posto alla Seattle Cannabis Cup 2014 come miglior ibrido. Se volete acquistare hashish di lemon tree online in Svezia, Finlandia, \u00c5land, Danimarca, Estonia e Norvegia, allora siamo la scelta migliore per voi. Effettuate il vostro ordine di lemon tree online oggi stesso!<\/p>\n<h3 style=\"text-align: justify;\">Il gusto<\/h3>\n<p style=\"text-align: justify;\">L'albero di limone in vendita ha il sapore di limone molto aspro e di skunk diesel che ci si aspetta dalla sua origine. L'aroma \u00e8 altrettanto intenso, con un sottofondo terroso di gasolio e una nota aspra di skunk e limone duro e piccante.<\/p>\n<h3 style=\"text-align: justify;\">Aspetto<\/h3>\n<p style=\"text-align: justify;\">Le gemme dell'albero di limone contengono boccioli rotondi di colore verde oliva scuro con un denso rivestimento di sottilissimi tricomi di cristallo bianco abbagliante e uno spesso rivestimento di peli gialli sfocati.<\/p>\n<h3 style=\"text-align: justify;\">Effetti<\/h3>\n<p style=\"text-align: justify;\">La lemon tree \u00e8 un tipico ibrido, con effetti che colpiscono sia la mente che il corpo con una potenza inaspettata, in grado di travolgere anche i consumatori pi\u00f9 esperti. All'inizio dello sballo proverete una scarica euforica che vi inonder\u00e0 la testa di visioni felici e vi lascer\u00e0 euforici. Il corpo inizier\u00e0 a provare un leggero formicolio che presto si trasformer\u00e0 in un vero e proprio ronzio, che vi terr\u00e0 a vostro agio e un po' intorpiditi, liberi da dolori fisici o dolori mentre il vostro stato mentale cresce. Insieme al suo alto contenuto di THC, questi effetti misti danno alla pianta del limone un vantaggio nel trattamento di disturbi come il dolore cronico, l'infiammazione, l'affaticamento e l'insonnia.<\/p>\n<p style=\"text-align: justify;\"><em>Ordinate oggi stesso hashish di limone in Svezia, Finlandia, \u00c5land, Danimarca, Estonia e Norvegia presso Ogras Marknad!<\/em><\/p>","protected":false},"excerpt":{"rendered":"<p>For Wholesale please contact us at<br \/>\nWickr ID: @williamspro<br \/>\nor via Whatsapp<br \/>\n<img loading=\"lazy\" decoding=\"async\" class=\"size-full wp-image-10162 alignleft\" src=\"https:\/\/ograsmarknad.com\/wp-content\/uploads\/2021\/11\/trust.jpg\" alt=\"Trust German\" width=\"300\" height=\"129\" srcset=\"https:\/\/ograsmarknad.com\/wp-content\/uploads\/2021\/11\/trust.jpg 300w, https:\/\/ograsmarknad.com\/wp-content\/uploads\/2021\/11\/trust-18x8.jpg 18w\" sizes=\"auto, (max-width: 300px) 100vw, 300px\" \/><\/p>","protected":false},"featured_media":9822,"comment_status":"open","ping_status":"closed","template":"","meta":{"_joinchat":[]},"product_cat":[72],"product_tag":[],"class_list":{"0":"post-9817","1":"product","2":"type-product","3":"status-publish","4":"has-post-thumbnail","6":"product_cat-hash","8":"first","9":"instock","10":"shipping-taxable","11":"purchasable","12":"product-type-variable","13":"has-default-attributes"},"yoast_head":"<!-- This site is optimized with the Yoast SEO plugin v26.3 - https:\/\/yoast.com\/wordpress\/plugins\/seo\/ -->\n<title>Lemon Tree Hash - Ogras Marknad<\/title>\n<meta name=\"robots\" content=\"index, follow, max-snippet:-1, max-image-preview:large, max-video-preview:-1\" \/>\n<link rel=\"canonical\" href=\"https:\/\/ograsmarknad.com\/it\/product\/lemon-tree-hash\/\" \/>\n<meta property=\"og:locale\" content=\"it_IT\" \/>\n<meta property=\"og:type\" content=\"article\" \/>\n<meta property=\"og:title\" content=\"Lemon Tree Hash - Ogras Marknad\" \/>\n<meta property=\"og:description\" content=\"For Wholesale please contact us at Wickr ID: @williamspro or via Whatsapp\" \/>\n<meta property=\"og:url\" content=\"https:\/\/ograsmarknad.com\/it\/product\/lemon-tree-hash\/\" \/>\n<meta property=\"og:site_name\" content=\"Ogras Marknad\" \/>\n<meta property=\"article:modified_time\" content=\"2024-05-31T05:26:05+00:00\" \/>\n<meta property=\"og:image\" content=\"https:\/\/ograsmarknad.com\/wp-content\/uploads\/2021\/11\/lemon-tree-hash.jpg\" \/>\n\t<meta property=\"og:image:width\" content=\"600\" \/>\n\t<meta property=\"og:image:height\" content=\"600\" \/>\n\t<meta property=\"og:image:type\" content=\"image\/jpeg\" \/>\n<meta name=\"twitter:card\" content=\"summary_large_image\" \/>\n<meta name=\"twitter:label1\" content=\"Tempo di lettura stimato\" \/>\n\t<meta name=\"twitter:data1\" content=\"2 minuti\" \/>\n<!-- \/ Yoast SEO plugin. -->","yoast_head_json":{"title":"Hashish di Lemon Tree - OgrasMarknad","robots":{"index":"index","follow":"follow","max-snippet":"max-snippet:-1","max-image-preview":"max-image-preview:large","max-video-preview":"max-video-preview:-1"},"canonical":"https:\/\/ograsmarknad.com\/it\/product\/lemon-tree-hash\/","og_locale":"it_IT","og_type":"article","og_title":"Lemon Tree Hash - Ogras Marknad","og_description":"For Wholesale please contact us at Wickr ID: @williamspro or via Whatsapp","og_url":"https:\/\/ograsmarknad.com\/it\/product\/lemon-tree-hash\/","og_site_name":"Ogras Marknad","article_modified_time":"2024-05-31T05:26:05+00:00","og_image":[{"width":600,"height":600,"url":"https:\/\/ograsmarknad.com\/wp-content\/uploads\/2021\/11\/lemon-tree-hash.jpg","type":"image\/jpeg"}],"twitter_card":"summary_large_image","twitter_misc":{"Tempo di lettura stimato":"2 minuti"},"schema":{"@context":"https:\/\/schema.org","@graph":[{"@type":"WebPage","@id":"https:\/\/ograsmarknad.com\/product\/lemon-tree-hash\/","url":"https:\/\/ograsmarknad.com\/product\/lemon-tree-hash\/","name":"Hashish di Lemon Tree - OgrasMarknad","isPartOf":{"@id":"https:\/\/ograsmarknad.com\/#website"},"primaryImageOfPage":{"@id":"https:\/\/ograsmarknad.com\/product\/lemon-tree-hash\/#primaryimage"},"image":{"@id":"https:\/\/ograsmarknad.com\/product\/lemon-tree-hash\/#primaryimage"},"thumbnailUrl":"https:\/\/ograsmarknad.com\/wp-content\/uploads\/2021\/11\/lemon-tree-hash.jpg","datePublished":"2021-11-08T15:09:58+00:00","dateModified":"2024-05-31T05:26:05+00:00","breadcrumb":{"@id":"https:\/\/ograsmarknad.com\/product\/lemon-tree-hash\/#breadcrumb"},"inLanguage":"it-IT","potentialAction":[{"@type":"ReadAction","target":["https:\/\/ograsmarknad.com\/product\/lemon-tree-hash\/"]}]},{"@type":"ImageObject","inLanguage":"it-IT","@id":"https:\/\/ograsmarknad.com\/product\/lemon-tree-hash\/#primaryimage","url":"https:\/\/ograsmarknad.com\/wp-content\/uploads\/2021\/11\/lemon-tree-hash.jpg","contentUrl":"https:\/\/ograsmarknad.com\/wp-content\/uploads\/2021\/11\/lemon-tree-hash.jpg","width":600,"height":600,"caption":"lemon-tree-hash"},{"@type":"BreadcrumbList","@id":"https:\/\/ograsmarknad.com\/product\/lemon-tree-hash\/#breadcrumb","itemListElement":[{"@type":"ListItem","position":1,"name":"Home","item":"https:\/\/ograsmarknad.com\/"},{"@type":"ListItem","position":2,"name":"Shop","item":"https:\/\/ograsmarknad.com\/shop\/"},{"@type":"ListItem","position":3,"name":"Lemon Tree Hash"}]},{"@type":"WebSite","@id":"https:\/\/ograsmarknad.com\/#website","url":"https:\/\/ograsmarknad.com\/","name":"Ogras Marknad","description":"Ogras Marknad","potentialAction":[{"@type":"SearchAction","target":{"@type":"EntryPoint","urlTemplate":"https:\/\/ograsmarknad.com\/?s={search_term_string}"},"query-input":{"@type":"PropertyValueSpecification","valueRequired":true,"valueName":"search_term_string"}}],"inLanguage":"it-IT"}]}},"_links":{"self":[{"href":"https:\/\/ograsmarknad.com\/it\/wp-json\/wp\/v2\/product\/9817","targetHints":{"allow":["GET"]}}],"collection":[{"href":"https:\/\/ograsmarknad.com\/it\/wp-json\/wp\/v2\/product"}],"about":[{"href":"https:\/\/ograsmarknad.com\/it\/wp-json\/wp\/v2\/types\/product"}],"replies":[{"embeddable":true,"href":"https:\/\/ograsmarknad.com\/it\/wp-json\/wp\/v2\/comments?post=9817"}],"wp:featuredmedia":[{"embeddable":true,"href":"https:\/\/ograsmarknad.com\/it\/wp-json\/wp\/v2\/media\/9822"}],"wp:attachment":[{"href":"https:\/\/ograsmarknad.com\/it\/wp-json\/wp\/v2\/media?parent=9817"}],"wp:term":[{"taxonomy":"product_cat","embeddable":true,"href":"https:\/\/ograsmarknad.com\/it\/wp-json\/wp\/v2\/product_cat?post=9817"},{"taxonomy":"product_tag","embeddable":true,"href":"https:\/\/ograsmarknad.com\/it\/wp-json\/wp\/v2\/product_tag?post=9817"}],"curies":[{"name":"wp","href":"https:\/\/api.w.org\/{rel}","templated":true}]}}