{"id":9823,"date":"2021-11-08T15:25:41","date_gmt":"2021-11-08T15:25:41","guid":{"rendered":"https:\/\/ograsmarknad.com\/?post_type=product&#038;p=9823"},"modified":"2024-05-31T05:23:51","modified_gmt":"2024-05-31T05:23:51","slug":"banana-kush-hash","status":"publish","type":"product","link":"https:\/\/ograsmarknad.com\/it\/product\/banana-kush-hash\/","title":{"rendered":"Banana Kush Hash"},"content":{"rendered":"<h2 style=\"text-align: justify;\">Banana Kush Hash - Ordina direttamente al mercato Ogras!<\/h2>\n<p style=\"text-align: justify;\">La Banana Kush Hash in vendita \u00e8 una variet\u00e0 della costa occidentale riconosciuta per il suo sapore di banana e per la combinazione euforia\/sonnolenza. \u00c8 un ibrido di Ghost Og e Skunk Haze che \u00e8 moderatamente difficile da coltivare e produce una bassa resa.<\/p>\n<p style=\"text-align: justify;\">Niente \u00e8 paragonabile all'odore di un'ottima variet\u00e0 di kush. La Banana Kush \u00e8 un membro popolare della famiglia Ogkush, con un gusto deliziosamente dolce e fruttato. Questa variet\u00e0 \u00e8 popolare per i disturbi del sonno e le condizioni psicologiche, perch\u00e9 \u00e8 rilassante, sonnolenta e un po' strana. Prendetelo dopo una lunga giornata o in un pigro fine settimana quando non avete niente di meglio da fare. Acquista Banana Kush Hash online in Svezia, Finlandia, \u00c5land, Danimarca, Estonia e Norvegia dal nostro negozio oggi stesso!<\/p>\n<h3 style=\"text-align: justify;\">Esperienza con il Banana Kush Hash<\/h3>\n<p style=\"text-align: justify;\">La Banana Kush Hash in vendita pu\u00f2 avere un aroma dolce e innocente, ma non lasciatevi ingannare. Questo fiore \u00e8 una forza da non sottovalutare. La Banana Kush ha un aspetto calmante che la rende facile da abbattere o da prendere. \u00c8 meglio conservarla per la sera o per una rilassante giornata di fine settimana. A seconda del tipo di pianta che si incontra, gli effetti sonnolenti possono variare.<\/p>\n<p style=\"text-align: justify;\">Gli effetti che inducono il sonno sono cos\u00ec forti che la maggior parte dei consumatori di marijuana la conserva solo prima di andare a letto: anche i consumatori di cannabis pi\u00f9 esperti avranno problemi a rimanere svegli con questa sostanza.<\/p>\n<p style=\"text-align: justify;\">Questo fiore \u00e8 generalmente considerato allegro, ottimista e calmante. Sebbene sia meglio utilizzarlo quando non si ha molto da fare, questo fiore \u00e8 ottimo anche per le situazioni di stress, quando si ha bisogno di un piccolo aiuto in pi\u00f9 per rimanere calmi e rilassati.<\/p>\n<h3 style=\"text-align: justify;\">I benefici per la salute del Banana Kush<\/h3>\n<p style=\"text-align: justify;\">Questa variet\u00e0 \u00e8 una delle pi\u00f9 miti della famiglia and kush, il che la rende popolare tra i pazienti di marijuana medica che sono nuovi alla cannabis o che non fumano molto spesso. Gli effetti calmanti ed euforici della Banana Kush possono aiutare a ottenere il tanto necessario riposo e, quando \u00e8 appropriata, pu\u00f2 promuovere un positivo senso di benessere.<\/p>\n<ul style=\"text-align: justify;\">\n<li>Grazie ai suoi forti effetti sedativi, questa variet\u00e0 \u00e8 eccellente per le persone che soffrono di insonnia.<\/li>\n<li>I pazienti che soffrono di depressione apprezzeranno l'effetto edificante ed euforico di questa variet\u00e0.<\/li>\n<li>Questa variet\u00e0 \u00e8 ideale per alleviare il dolore cronico grazie ai suoi potenti effetti indica.<\/li>\n<\/ul>\n<p style=\"text-align: justify;\">Ordina subito Banana Kush Hash online su Ogras Market!<\/p>","protected":false},"excerpt":{"rendered":"<p>For Wholesale please contact us at<br \/>\nWickr ID: @williamspro<br \/>\nor via Whatsapp<br \/>\n<img loading=\"lazy\" decoding=\"async\" class=\"size-full wp-image-10162 alignleft\" src=\"https:\/\/ograsmarknad.com\/wp-content\/uploads\/2021\/11\/trust.jpg\" alt=\"Trust German\" width=\"300\" height=\"129\" srcset=\"https:\/\/ograsmarknad.com\/wp-content\/uploads\/2021\/11\/trust.jpg 300w, https:\/\/ograsmarknad.com\/wp-content\/uploads\/2021\/11\/trust-18x8.jpg 18w\" sizes=\"auto, (max-width: 300px) 100vw, 300px\" \/><\/p>","protected":false},"featured_media":9828,"comment_status":"open","ping_status":"closed","template":"","meta":{"_joinchat":[]},"product_cat":[72],"product_tag":[],"class_list":{"0":"post-9823","1":"product","2":"type-product","3":"status-publish","4":"has-post-thumbnail","6":"product_cat-hash","8":"first","9":"instock","10":"shipping-taxable","11":"purchasable","12":"product-type-variable","13":"has-default-attributes"},"yoast_head":"<!-- This site is optimized with the Yoast SEO plugin v26.3 - https:\/\/yoast.com\/wordpress\/plugins\/seo\/ -->\n<title>Banana Kush Hash - Ogras Marknad<\/title>\n<meta name=\"robots\" content=\"index, follow, max-snippet:-1, max-image-preview:large, max-video-preview:-1\" \/>\n<link rel=\"canonical\" href=\"https:\/\/ograsmarknad.com\/it\/product\/banana-kush-hash\/\" \/>\n<meta property=\"og:locale\" content=\"it_IT\" \/>\n<meta property=\"og:type\" content=\"article\" \/>\n<meta property=\"og:title\" content=\"Banana Kush Hash - Ogras Marknad\" \/>\n<meta property=\"og:description\" content=\"For Wholesale please contact us at Wickr ID: @williamspro or via Whatsapp\" \/>\n<meta property=\"og:url\" content=\"https:\/\/ograsmarknad.com\/it\/product\/banana-kush-hash\/\" \/>\n<meta property=\"og:site_name\" content=\"Ogras Marknad\" \/>\n<meta property=\"article:modified_time\" content=\"2024-05-31T05:23:51+00:00\" \/>\n<meta property=\"og:image\" content=\"https:\/\/ograsmarknad.com\/wp-content\/uploads\/2021\/11\/banana-kush-hash.jpg\" \/>\n\t<meta property=\"og:image:width\" content=\"600\" \/>\n\t<meta property=\"og:image:height\" content=\"600\" \/>\n\t<meta property=\"og:image:type\" content=\"image\/jpeg\" \/>\n<meta name=\"twitter:card\" content=\"summary_large_image\" \/>\n<meta name=\"twitter:label1\" content=\"Tempo di lettura stimato\" \/>\n\t<meta name=\"twitter:data1\" content=\"2 minuti\" \/>\n<!-- \/ Yoast SEO plugin. -->","yoast_head_json":{"title":"Banana Kush Hash - Ogras Marknad","robots":{"index":"index","follow":"follow","max-snippet":"max-snippet:-1","max-image-preview":"max-image-preview:large","max-video-preview":"max-video-preview:-1"},"canonical":"https:\/\/ograsmarknad.com\/it\/product\/banana-kush-hash\/","og_locale":"it_IT","og_type":"article","og_title":"Banana Kush Hash - Ogras Marknad","og_description":"For Wholesale please contact us at Wickr ID: @williamspro or via Whatsapp","og_url":"https:\/\/ograsmarknad.com\/it\/product\/banana-kush-hash\/","og_site_name":"Ogras Marknad","article_modified_time":"2024-05-31T05:23:51+00:00","og_image":[{"width":600,"height":600,"url":"https:\/\/ograsmarknad.com\/wp-content\/uploads\/2021\/11\/banana-kush-hash.jpg","type":"image\/jpeg"}],"twitter_card":"summary_large_image","twitter_misc":{"Tempo di lettura stimato":"2 minuti"},"schema":{"@context":"https:\/\/schema.org","@graph":[{"@type":"WebPage","@id":"https:\/\/ograsmarknad.com\/product\/banana-kush-hash\/","url":"https:\/\/ograsmarknad.com\/product\/banana-kush-hash\/","name":"Banana Kush Hash - Ogras Marknad","isPartOf":{"@id":"https:\/\/ograsmarknad.com\/#website"},"primaryImageOfPage":{"@id":"https:\/\/ograsmarknad.com\/product\/banana-kush-hash\/#primaryimage"},"image":{"@id":"https:\/\/ograsmarknad.com\/product\/banana-kush-hash\/#primaryimage"},"thumbnailUrl":"https:\/\/ograsmarknad.com\/wp-content\/uploads\/2021\/11\/banana-kush-hash.jpg","datePublished":"2021-11-08T15:25:41+00:00","dateModified":"2024-05-31T05:23:51+00:00","breadcrumb":{"@id":"https:\/\/ograsmarknad.com\/product\/banana-kush-hash\/#breadcrumb"},"inLanguage":"it-IT","potentialAction":[{"@type":"ReadAction","target":["https:\/\/ograsmarknad.com\/product\/banana-kush-hash\/"]}]},{"@type":"ImageObject","inLanguage":"it-IT","@id":"https:\/\/ograsmarknad.com\/product\/banana-kush-hash\/#primaryimage","url":"https:\/\/ograsmarknad.com\/wp-content\/uploads\/2021\/11\/banana-kush-hash.jpg","contentUrl":"https:\/\/ograsmarknad.com\/wp-content\/uploads\/2021\/11\/banana-kush-hash.jpg","width":600,"height":600,"caption":"banana-kush-hash"},{"@type":"BreadcrumbList","@id":"https:\/\/ograsmarknad.com\/product\/banana-kush-hash\/#breadcrumb","itemListElement":[{"@type":"ListItem","position":1,"name":"Home","item":"https:\/\/ograsmarknad.com\/"},{"@type":"ListItem","position":2,"name":"Shop","item":"https:\/\/ograsmarknad.com\/shop\/"},{"@type":"ListItem","position":3,"name":"Banana Kush Hash"}]},{"@type":"WebSite","@id":"https:\/\/ograsmarknad.com\/#website","url":"https:\/\/ograsmarknad.com\/","name":"Ogras Marknad","description":"Ogras Marknad","potentialAction":[{"@type":"SearchAction","target":{"@type":"EntryPoint","urlTemplate":"https:\/\/ograsmarknad.com\/?s={search_term_string}"},"query-input":{"@type":"PropertyValueSpecification","valueRequired":true,"valueName":"search_term_string"}}],"inLanguage":"it-IT"}]}},"_links":{"self":[{"href":"https:\/\/ograsmarknad.com\/it\/wp-json\/wp\/v2\/product\/9823","targetHints":{"allow":["GET"]}}],"collection":[{"href":"https:\/\/ograsmarknad.com\/it\/wp-json\/wp\/v2\/product"}],"about":[{"href":"https:\/\/ograsmarknad.com\/it\/wp-json\/wp\/v2\/types\/product"}],"replies":[{"embeddable":true,"href":"https:\/\/ograsmarknad.com\/it\/wp-json\/wp\/v2\/comments?post=9823"}],"wp:featuredmedia":[{"embeddable":true,"href":"https:\/\/ograsmarknad.com\/it\/wp-json\/wp\/v2\/media\/9828"}],"wp:attachment":[{"href":"https:\/\/ograsmarknad.com\/it\/wp-json\/wp\/v2\/media?parent=9823"}],"wp:term":[{"taxonomy":"product_cat","embeddable":true,"href":"https:\/\/ograsmarknad.com\/it\/wp-json\/wp\/v2\/product_cat?post=9823"},{"taxonomy":"product_tag","embeddable":true,"href":"https:\/\/ograsmarknad.com\/it\/wp-json\/wp\/v2\/product_tag?post=9823"}],"curies":[{"name":"wp","href":"https:\/\/api.w.org\/{rel}","templated":true}]}}