{"id":9867,"date":"2021-11-09T09:46:58","date_gmt":"2021-11-09T09:46:58","guid":{"rendered":"https:\/\/ograsmarknad.com\/?post_type=product&#038;p=9867"},"modified":"2026-03-16T10:48:49","modified_gmt":"2026-03-16T10:48:49","slug":"thc-olja-i-grossistledet","status":"publish","type":"product","link":"https:\/\/ograsmarknad.com\/it\/product\/thc-olja-i-grossistledet\/","title":{"rendered":"\u00a0Olio di THC all'ingrosso"},"content":{"rendered":"<h2 style=\"text-align: justify;\">Comprate qui l'olio di THC a prezzi economici - Olio di THC in vendita - Ogras Marknad!<\/h2>\n<p style=\"text-align: justify;\">Kvalitet <a href=\"https:\/\/ograsmarknad.com\/it\/product\/thc-olja-i-grossistledet\/\">THC online till salu<\/a>Quando fumare i fiori di cannabis per ottenere il THC (tetraidrocannabinolo) \u00e8 ancora il metodo di ingestione pi\u00f9 popolare, gli oli di THC offrono un nuovo modo di godere della cannabis. Gli oli di THC sono prodotti estraendo il prezioso THC e gli altri cannabinoidi dalla pianta di cannabis. \u00e8 possibile ordinare anche oli di k2 o carte di k2 da noi <a href=\"https:\/\/en.wikipedia.org\/w\/index.php?search=thc+oil+for+sale+&amp;title=Special%3ASearch&amp;go=Go&amp;ns0=1\">av<\/a> Attraverso vari processi di estrazione, i cannabinoidi vengono poi sospesi in un olio vettore come l'olio MCT o l'olio di canapa. Noi di Ogras Marknad offriamo olio di THC in vendita in Svezia, Finlandia, Isole \u00c5land, Danimarca, Estonia e Norvegia. Puoi contattarci direttamente ed effettuare il tuo ordine senza problemi.<\/p>\n<h3 style=\"text-align: justify;\">Qual \u00e8 il modo migliore per usare l'olio di thc Cannabis in vendita online - Dove posso comprare marijuana di qualit\u00e0 online?<\/h3>\n<p style=\"text-align: justify;\">La maggior parte dell'olio \u00e8 progettata per l'uso in penne o carrelli per armi. Alcuni oli di THC, soprattutto quelli con una consistenza pi\u00f9 densa, come l'olio RSO, sono adatti all'uso con un impianto DAB, poich\u00e9 \u00e8 pi\u00f9 facile farli gocciolare in modo controllato su un chiodo riscaldato. Basta prendere una penna o una cartuccia preriempita e usarla quando si vuole. Tamponare con <a href=\"https:\/\/ograsmarknad.com\/it\/product\/thc-olja-i-grossistledet\/\">en<\/a> Il rig, d'altra parte, ti offre un maggiore controllo: puoi depositare esattamente la quantit\u00e0 di olio desiderata sul tuo chiodo riscaldato. Inoltre, alcune persone affermano che il dabbing produca risultati superiori. Acquista olio di THC online in Svezia, Finlandia, Isole \u00c5land, Danimarca, Estonia e Norvegia oggi stesso!<\/p>\n<h3 style=\"text-align: justify;\">L'olio di THC \u00e8 sicuro da consumare? - Comprare olio di cannabis online<\/h3>\n<p style=\"text-align: justify;\">L'olio di THC pu\u00f2 essere ingerito, anche se la maggior parte degli individui preferisce il dosaggio sublinguale (sotto la lingua) perch\u00e9 gli effetti possono essere avvertiti se <a href=\"https:\/\/ograsmarknad.com\/it\/\">15<\/a> a 30 minuti, cio\u00e8 solo pochi minuti in pi\u00f9 rispetto all'inalazione. Come qualsiasi altro tipo di cannabis commestibile, l'olio e il suo consumo possono richiedere dai 30 ai 60 minuti per ottenere tutti i benefici.<\/p>\n<p style=\"text-align: justify;\">Siamo qui per aiutarvi a ordinare l'olio di Thc online a prezzi economici. Entrate in contatto con il nostro negozio online e inviateci le vostre richieste!<\/p>\n<h3>OLIO DI THC<\/h3>\n<p>La siringa di distillato di THC \u00e8 una versione raffinata e concentrata di THC per garantire il massimo piacere della cannabis. Inoltre, i distillati di THC possono essere usati per scopi ricreativi, aiutandovi a svegliarvi in pochi minuti. Potreste sentirvi sopraffatti dalla grande quantit\u00e0 di informazioni disponibili, quindi Cannabud Post ha compilato una breve guida qui sotto. Le informazioni che seguono sono state pensate per aiutarvi a diventare dei professionisti del vaping di cannabis e speriamo di potervi dare qualche consiglio prima della vostra prossima sessione di fumo.<\/p>\n<p>Se volete mantenere l'OLIO di erba sulla lingua, i distillati di THC hanno dimostrato di essere una scelta efficace, quindi provateli, vedete come vi sentite e poi continuate. Acquistate online i distillati di THC sfusi<\/p>\n<p>Ancora oggi, molti consumatori non esperti non sono sicuri delle differenze tra THC e CBD. Con le cartucce distillate \u00e8 molto facile scegliere tra edibles ad alta potenza con alto contenuto di THC e basso contenuto di CBD. Per quanto riguarda i concentrati, i consumatori medici tendono a preferire edibles ad alta potenza, ad alto contenuto di CBD e\/o a basso contenuto di THC.<\/p>\n<h3><strong>Olio di THC all'ingrosso online \u00b4Olio di THC di qualit\u00e0 in vendita<\/strong><\/h3>\n<p>Salve, persone in Europa che fanno uso quotidiano di olio di THC, abbiamo buone notizie per voi. Ograsmarknad vi offre i migliori oli di cannabis online. Distribuiamo olio di THC di alta qualit\u00e0 in tutta Europa, Svezia, Danimarca, Belgio e nel resto del mondo. Potete contattarci per ottenere il miglior prezzo e ordinare subito il vostro olio di THC.<\/p>\n<p>&nbsp;<\/p>","protected":false},"excerpt":{"rendered":"<p>For Wholesale please contact us at<br \/>\nWickr ID: @williamspro<br \/>\nor via Whatsapp<br \/>\n<img loading=\"lazy\" decoding=\"async\" class=\"size-full wp-image-10162 alignleft\" src=\"https:\/\/ograsmarknad.com\/wp-content\/uploads\/2021\/11\/trust.jpg\" alt=\"Trust German\" width=\"300\" height=\"129\" srcset=\"https:\/\/ograsmarknad.com\/wp-content\/uploads\/2021\/11\/trust.jpg 300w, https:\/\/ograsmarknad.com\/wp-content\/uploads\/2021\/11\/trust-18x8.jpg 18w\" sizes=\"auto, (max-width: 300px) 100vw, 300px\" \/><\/p>","protected":false},"featured_media":9872,"comment_status":"open","ping_status":"closed","template":"","meta":{"_joinchat":[]},"product_cat":[74],"product_tag":[],"class_list":{"0":"post-9867","1":"product","2":"type-product","3":"status-publish","4":"has-post-thumbnail","6":"product_cat-thc-olja","8":"first","9":"instock","10":"shipping-taxable","11":"purchasable","12":"product-type-variable","13":"has-default-attributes"},"yoast_head":"<!-- This site is optimized with the Yoast SEO plugin v26.3 - https:\/\/yoast.com\/wordpress\/plugins\/seo\/ -->\n<title>THC-olja grossist till salu \u2013 K\u00f6p THC-olja i Grossistledet online<\/title>\n<meta name=\"description\" content=\"K\u00f6p THC-olja i Grossistledet online fr\u00e5n Ograsmarknad. THC-olja grossist till salu som erbjuder cannabisextrakt i bulk.\" \/>\n<meta name=\"robots\" content=\"index, follow, max-snippet:-1, max-image-preview:large, max-video-preview:-1\" \/>\n<link rel=\"canonical\" href=\"https:\/\/ograsmarknad.com\/it\/product\/thc-olja-i-grossistledet\/\" \/>\n<meta property=\"og:locale\" content=\"it_IT\" \/>\n<meta property=\"og:type\" content=\"article\" \/>\n<meta property=\"og:title\" content=\"THC-olja grossist till salu \u2013 K\u00f6p THC-olja i Grossistledet online\" \/>\n<meta property=\"og:description\" content=\"K\u00f6p THC-olja i Grossistledet online fr\u00e5n Ograsmarknad. THC-olja grossist till salu som erbjuder cannabisextrakt i bulk.\" \/>\n<meta property=\"og:url\" content=\"https:\/\/ograsmarknad.com\/it\/product\/thc-olja-i-grossistledet\/\" \/>\n<meta property=\"og:site_name\" content=\"Ogras Marknad\" \/>\n<meta property=\"article:modified_time\" content=\"2026-03-16T10:48:49+00:00\" \/>\n<meta property=\"og:image\" content=\"https:\/\/ograsmarknad.com\/wp-content\/uploads\/2021\/11\/thc-oil.jpg\" \/>\n\t<meta property=\"og:image:width\" content=\"600\" \/>\n\t<meta property=\"og:image:height\" content=\"600\" \/>\n\t<meta property=\"og:image:type\" content=\"image\/jpeg\" \/>\n<meta name=\"twitter:card\" content=\"summary_large_image\" \/>\n<meta name=\"twitter:label1\" content=\"Tempo di lettura stimato\" \/>\n\t<meta name=\"twitter:data1\" content=\"3 minuti\" \/>\n<!-- \/ Yoast SEO plugin. -->","yoast_head_json":{"title":"Olio di THC in vendita all'ingrosso \u2013 Acquista olio di THC all'ingrosso online","description":"Acquista olio di THC all'ingrosso online da Ograsmarknad. Grossista di olio di THC in vendita, offre estratto di cannabis in grandi quantit\u00e0.","robots":{"index":"index","follow":"follow","max-snippet":"max-snippet:-1","max-image-preview":"max-image-preview:large","max-video-preview":"max-video-preview:-1"},"canonical":"https:\/\/ograsmarknad.com\/it\/product\/thc-olja-i-grossistledet\/","og_locale":"it_IT","og_type":"article","og_title":"THC-olja grossist till salu \u2013 K\u00f6p THC-olja i Grossistledet online","og_description":"K\u00f6p THC-olja i Grossistledet online fr\u00e5n Ograsmarknad. THC-olja grossist till salu som erbjuder cannabisextrakt i bulk.","og_url":"https:\/\/ograsmarknad.com\/it\/product\/thc-olja-i-grossistledet\/","og_site_name":"Ogras Marknad","article_modified_time":"2026-03-16T10:48:49+00:00","og_image":[{"width":600,"height":600,"url":"https:\/\/ograsmarknad.com\/wp-content\/uploads\/2021\/11\/thc-oil.jpg","type":"image\/jpeg"}],"twitter_card":"summary_large_image","twitter_misc":{"Tempo di lettura stimato":"3 minuti"},"schema":{"@context":"https:\/\/schema.org","@graph":[{"@type":"WebPage","@id":"https:\/\/ograsmarknad.com\/product\/thc-olja-i-grossistledet\/","url":"https:\/\/ograsmarknad.com\/product\/thc-olja-i-grossistledet\/","name":"Olio di THC in vendita all'ingrosso \u2013 Acquista olio di THC all'ingrosso online","isPartOf":{"@id":"https:\/\/ograsmarknad.com\/#website"},"primaryImageOfPage":{"@id":"https:\/\/ograsmarknad.com\/product\/thc-olja-i-grossistledet\/#primaryimage"},"image":{"@id":"https:\/\/ograsmarknad.com\/product\/thc-olja-i-grossistledet\/#primaryimage"},"thumbnailUrl":"https:\/\/ograsmarknad.com\/wp-content\/uploads\/2021\/11\/thc-oil.jpg","datePublished":"2021-11-09T09:46:58+00:00","dateModified":"2026-03-16T10:48:49+00:00","description":"Acquista olio di THC all'ingrosso online da Ograsmarknad. Grossista di olio di THC in vendita, offre estratto di cannabis in grandi quantit\u00e0.","breadcrumb":{"@id":"https:\/\/ograsmarknad.com\/product\/thc-olja-i-grossistledet\/#breadcrumb"},"inLanguage":"it-IT","potentialAction":[{"@type":"ReadAction","target":["https:\/\/ograsmarknad.com\/product\/thc-olja-i-grossistledet\/"]}]},{"@type":"ImageObject","inLanguage":"it-IT","@id":"https:\/\/ograsmarknad.com\/product\/thc-olja-i-grossistledet\/#primaryimage","url":"https:\/\/ograsmarknad.com\/wp-content\/uploads\/2021\/11\/thc-oil.jpg","contentUrl":"https:\/\/ograsmarknad.com\/wp-content\/uploads\/2021\/11\/thc-oil.jpg","width":600,"height":600,"caption":"thc-oil"},{"@type":"BreadcrumbList","@id":"https:\/\/ograsmarknad.com\/product\/thc-olja-i-grossistledet\/#breadcrumb","itemListElement":[{"@type":"ListItem","position":1,"name":"Home","item":"https:\/\/ograsmarknad.com\/"},{"@type":"ListItem","position":2,"name":"Shop","item":"https:\/\/ograsmarknad.com\/shop\/"},{"@type":"ListItem","position":3,"name":"THC-olja i grossistledet"}]},{"@type":"WebSite","@id":"https:\/\/ograsmarknad.com\/#website","url":"https:\/\/ograsmarknad.com\/","name":"Ogras Marknad","description":"Ogras Marknad","potentialAction":[{"@type":"SearchAction","target":{"@type":"EntryPoint","urlTemplate":"https:\/\/ograsmarknad.com\/?s={search_term_string}"},"query-input":{"@type":"PropertyValueSpecification","valueRequired":true,"valueName":"search_term_string"}}],"inLanguage":"it-IT"}]}},"_links":{"self":[{"href":"https:\/\/ograsmarknad.com\/it\/wp-json\/wp\/v2\/product\/9867","targetHints":{"allow":["GET"]}}],"collection":[{"href":"https:\/\/ograsmarknad.com\/it\/wp-json\/wp\/v2\/product"}],"about":[{"href":"https:\/\/ograsmarknad.com\/it\/wp-json\/wp\/v2\/types\/product"}],"replies":[{"embeddable":true,"href":"https:\/\/ograsmarknad.com\/it\/wp-json\/wp\/v2\/comments?post=9867"}],"wp:featuredmedia":[{"embeddable":true,"href":"https:\/\/ograsmarknad.com\/it\/wp-json\/wp\/v2\/media\/9872"}],"wp:attachment":[{"href":"https:\/\/ograsmarknad.com\/it\/wp-json\/wp\/v2\/media?parent=9867"}],"wp:term":[{"taxonomy":"product_cat","embeddable":true,"href":"https:\/\/ograsmarknad.com\/it\/wp-json\/wp\/v2\/product_cat?post=9867"},{"taxonomy":"product_tag","embeddable":true,"href":"https:\/\/ograsmarknad.com\/it\/wp-json\/wp\/v2\/product_tag?post=9867"}],"curies":[{"name":"wp","href":"https:\/\/api.w.org\/{rel}","templated":true}]}}