{"id":10221,"date":"2022-08-04T06:26:34","date_gmt":"2022-08-04T06:26:34","guid":{"rendered":"https:\/\/ograsmarknad.com\/?post_type=product&#038;p=10221"},"modified":"2026-03-16T10:49:01","modified_gmt":"2026-03-16T10:49:01","slug":"tahoe-og-cannabis-oil","status":"publish","type":"product","link":"https:\/\/ograsmarknad.com\/nl\/product\/tahoe-og-cannabis-oil\/","title":{"rendered":"Tahoe OG Cannabis Oil"},"content":{"rendered":"<h2>Koop Tahoe Original Cannabisolie online<\/h2>\n<p><a href=\"https:\/\/ograsmarknad.com\/nl\/product\/tahoe-og-cannabis-oil\/\">Tahoe OG Cannabisolie online<\/a>Deze cannabissoort biedt een krachtige combinatie van op het lichaam gerichte indica en opbeurende sativa, met een sativa\/indica-verhouding van 90:10. Met een THC-gehalte tot wel 20% is het bijzonder geschikt voor mensen die zich gelukkiger en minder gestrest willen voelen. De effecten van de olie zijn voornamelijk kalmerend, zowel mentaal als fysiek, maar het sativa-component zorgt voor een sterke euforische en opbeurende ervaring. Deze cannabissoort wordt vaak gebruikt voor de behandeling van chronische pijn, angst, depressie en migraine.<\/p>\n<h3>Aanvullende informatie over Tahoe OG<\/h3>\n<p>Van Tahoe OG is aangetoond dat het ontspanning, geluk, euforie, slaperigheid en een verhoogde eetlust opwekt.<\/p>\n<p>Volgens gebruikers verlicht Tahoe OG pijn, stress, verdriet, slapeloosheid en gebrek aan eetlust.<\/p>\n<p>De beste soort voor regenachtige dagen is Tahoe OG. Neem deze soort niet vlak voordat je de deur uitgaat, want hij is sterk en werkt snel. Tahoe OG staat bekend onder Indica-soorten om zijn vermogen om pijn, slapeloosheid en gebrek aan eetlust te verlichten. Omdat je je er zwaar en lusteloos van voelt, is hij ideaal om 's avonds te gebruiken. Naast de gebruikelijke Indica-voordelen zorgt de superieure kweek van Tahoe OG voor een euforisch, Sativa-achtig effect. Deze soort heeft een aardse citrussmaak en is een OG Kush-variant. [Marihuana]<\/p>\n<h3>Enkele van de gerapporteerde effecten van OG Kush cannabisolie zijn:<\/h3>\n<p>Ontspannen<\/p>\n<p>Blij<\/p>\n<p>Euforisk<\/p>\n<p>S\u00f6mnig<\/p>\n<p>Hungrig<\/p>\n<h3>Pati\u00ebnten melden dat OG Kush cannabisolie hen helpt bij de volgende klachten:<\/h3>\n<p>\u00c5ngest<\/p>\n<p>Sm\u00e4rta<\/p>\n<p>S\u00f6mnl\u00f6shet<\/p>\n<p>Depression<\/p>\n<p>Aptitl\u00f6shet<\/p>\n<p>Vikt:<\/p>\n<p>5 ml, 10 ml, 15 ml<\/p>","protected":false},"excerpt":{"rendered":"<p>F\u00f6r partihandel kontakta oss p\u00e5<br \/>\nWickr ID: @williamspro<br \/>\neller via Whatsapp<br \/>\n<img loading=\"lazy\" decoding=\"async\" class=\"size-full wp-image-10162 alignleft\" src=\"https:\/\/ograsmarknad.com\/wp-content\/uploads\/2021\/11\/trust.jpg\" alt=\"Trust German\" width=\"300\" height=\"129\" srcset=\"https:\/\/ograsmarknad.com\/wp-content\/uploads\/2021\/11\/trust.jpg 300w, https:\/\/ograsmarknad.com\/wp-content\/uploads\/2021\/11\/trust-18x8.jpg 18w\" sizes=\"auto, (max-width: 300px) 100vw, 300px\" \/><\/p>","protected":false},"featured_media":10230,"comment_status":"open","ping_status":"closed","template":"","meta":{"_joinchat":[]},"product_cat":[74],"product_tag":[],"class_list":{"0":"post-10221","1":"product","2":"type-product","3":"status-publish","4":"has-post-thumbnail","6":"product_cat-thc-olja","8":"first","9":"instock","10":"shipping-taxable","11":"purchasable","12":"product-type-variable"},"yoast_head":"<!-- This site is optimized with the Yoast SEO plugin v26.3 - https:\/\/yoast.com\/wordpress\/plugins\/seo\/ -->\n<title>Tahoe OG Cannabisolja till salu \u2013 K\u00f6p Tahoe OG Olja Online<\/title>\n<meta name=\"description\" content=\"K\u00f6p Tahoe OG cannabisolja online fr\u00e5n Ograsmarknad. Tahoe OG-olja till salu som ger avslappnande indica-cannabisextrakteffekter.\" \/>\n<meta name=\"robots\" content=\"index, follow, max-snippet:-1, max-image-preview:large, max-video-preview:-1\" \/>\n<link rel=\"canonical\" href=\"https:\/\/ograsmarknad.com\/nl\/product\/tahoe-og-cannabis-oil\/\" \/>\n<meta property=\"og:locale\" content=\"nl_BE\" \/>\n<meta property=\"og:type\" content=\"article\" \/>\n<meta property=\"og:title\" content=\"Tahoe OG Cannabisolja till salu \u2013 K\u00f6p Tahoe OG Olja Online\" \/>\n<meta property=\"og:description\" content=\"K\u00f6p Tahoe OG cannabisolja online fr\u00e5n Ograsmarknad. Tahoe OG-olja till salu som ger avslappnande indica-cannabisextrakteffekter.\" \/>\n<meta property=\"og:url\" content=\"https:\/\/ograsmarknad.com\/nl\/product\/tahoe-og-cannabis-oil\/\" \/>\n<meta property=\"og:site_name\" content=\"Ogras Marknad\" \/>\n<meta property=\"article:modified_time\" content=\"2026-03-16T10:49:01+00:00\" \/>\n<meta property=\"og:image\" content=\"https:\/\/ograsmarknad.com\/wp-content\/uploads\/2022\/08\/Bubble-Gum-Cannabis-Oil-2.jpg\" \/>\n\t<meta property=\"og:image:width\" content=\"700\" \/>\n\t<meta property=\"og:image:height\" content=\"700\" \/>\n\t<meta property=\"og:image:type\" content=\"image\/jpeg\" \/>\n<meta name=\"twitter:card\" content=\"summary_large_image\" \/>\n<meta name=\"twitter:label1\" content=\"Geschatte leestijd\" \/>\n\t<meta name=\"twitter:data1\" content=\"2 minuten\" \/>\n<!-- \/ Yoast SEO plugin. -->","yoast_head_json":{"title":"Tahoe OG-cannabisolie te koop - Koop Tahoe OG Oil online","description":"Koop Tahoe OG cannabisolie online bij Ograsmarknad. Tahoe OG olie te koop met ontspannende indica cannabisextract-effecten.","robots":{"index":"index","follow":"follow","max-snippet":"max-snippet:-1","max-image-preview":"max-image-preview:large","max-video-preview":"max-video-preview:-1"},"canonical":"https:\/\/ograsmarknad.com\/nl\/product\/tahoe-og-cannabis-oil\/","og_locale":"nl_BE","og_type":"article","og_title":"Tahoe OG Cannabisolja till salu \u2013 K\u00f6p Tahoe OG Olja Online","og_description":"K\u00f6p Tahoe OG cannabisolja online fr\u00e5n Ograsmarknad. Tahoe OG-olja till salu som ger avslappnande indica-cannabisextrakteffekter.","og_url":"https:\/\/ograsmarknad.com\/nl\/product\/tahoe-og-cannabis-oil\/","og_site_name":"Ogras Marknad","article_modified_time":"2026-03-16T10:49:01+00:00","og_image":[{"width":700,"height":700,"url":"https:\/\/ograsmarknad.com\/wp-content\/uploads\/2022\/08\/Bubble-Gum-Cannabis-Oil-2.jpg","type":"image\/jpeg"}],"twitter_card":"summary_large_image","twitter_misc":{"Geschatte leestijd":"2 minuten"},"schema":{"@context":"https:\/\/schema.org","@graph":[{"@type":"WebPage","@id":"https:\/\/ograsmarknad.com\/product\/tahoe-og-cannabis-oil\/","url":"https:\/\/ograsmarknad.com\/product\/tahoe-og-cannabis-oil\/","name":"Tahoe OG-cannabisolie te koop - Koop Tahoe OG Oil online","isPartOf":{"@id":"https:\/\/ograsmarknad.com\/#website"},"primaryImageOfPage":{"@id":"https:\/\/ograsmarknad.com\/product\/tahoe-og-cannabis-oil\/#primaryimage"},"image":{"@id":"https:\/\/ograsmarknad.com\/product\/tahoe-og-cannabis-oil\/#primaryimage"},"thumbnailUrl":"https:\/\/ograsmarknad.com\/wp-content\/uploads\/2022\/08\/Bubble-Gum-Cannabis-Oil-2.jpg","datePublished":"2022-08-04T06:26:34+00:00","dateModified":"2026-03-16T10:49:01+00:00","description":"Koop Tahoe OG cannabisolie online bij Ograsmarknad. Tahoe OG olie te koop met ontspannende indica cannabisextract-effecten.","breadcrumb":{"@id":"https:\/\/ograsmarknad.com\/product\/tahoe-og-cannabis-oil\/#breadcrumb"},"inLanguage":"nl-BE","potentialAction":[{"@type":"ReadAction","target":["https:\/\/ograsmarknad.com\/product\/tahoe-og-cannabis-oil\/"]}]},{"@type":"ImageObject","inLanguage":"nl-BE","@id":"https:\/\/ograsmarknad.com\/product\/tahoe-og-cannabis-oil\/#primaryimage","url":"https:\/\/ograsmarknad.com\/wp-content\/uploads\/2022\/08\/Bubble-Gum-Cannabis-Oil-2.jpg","contentUrl":"https:\/\/ograsmarknad.com\/wp-content\/uploads\/2022\/08\/Bubble-Gum-Cannabis-Oil-2.jpg","width":700,"height":700,"caption":"Bubble-Gum-Cannabis-Oil"},{"@type":"BreadcrumbList","@id":"https:\/\/ograsmarknad.com\/product\/tahoe-og-cannabis-oil\/#breadcrumb","itemListElement":[{"@type":"ListItem","position":1,"name":"Home","item":"https:\/\/ograsmarknad.com\/"},{"@type":"ListItem","position":2,"name":"Shop","item":"https:\/\/ograsmarknad.com\/shop\/"},{"@type":"ListItem","position":3,"name":"Tahoe OG Cannabis Oil"}]},{"@type":"WebSite","@id":"https:\/\/ograsmarknad.com\/#website","url":"https:\/\/ograsmarknad.com\/","name":"Ogras Marknad","description":"Ogras Marknad","potentialAction":[{"@type":"SearchAction","target":{"@type":"EntryPoint","urlTemplate":"https:\/\/ograsmarknad.com\/?s={search_term_string}"},"query-input":{"@type":"PropertyValueSpecification","valueRequired":true,"valueName":"search_term_string"}}],"inLanguage":"nl-BE"}]}},"_links":{"self":[{"href":"https:\/\/ograsmarknad.com\/nl\/wp-json\/wp\/v2\/product\/10221","targetHints":{"allow":["GET"]}}],"collection":[{"href":"https:\/\/ograsmarknad.com\/nl\/wp-json\/wp\/v2\/product"}],"about":[{"href":"https:\/\/ograsmarknad.com\/nl\/wp-json\/wp\/v2\/types\/product"}],"replies":[{"embeddable":true,"href":"https:\/\/ograsmarknad.com\/nl\/wp-json\/wp\/v2\/comments?post=10221"}],"wp:featuredmedia":[{"embeddable":true,"href":"https:\/\/ograsmarknad.com\/nl\/wp-json\/wp\/v2\/media\/10230"}],"wp:attachment":[{"href":"https:\/\/ograsmarknad.com\/nl\/wp-json\/wp\/v2\/media?parent=10221"}],"wp:term":[{"taxonomy":"product_cat","embeddable":true,"href":"https:\/\/ograsmarknad.com\/nl\/wp-json\/wp\/v2\/product_cat?post=10221"},{"taxonomy":"product_tag","embeddable":true,"href":"https:\/\/ograsmarknad.com\/nl\/wp-json\/wp\/v2\/product_tag?post=10221"}],"curies":[{"name":"wp","href":"https:\/\/api.w.org\/{rel}","templated":true}]}}