{"id":10234,"date":"2022-08-04T06:32:54","date_gmt":"2022-08-04T06:32:54","guid":{"rendered":"https:\/\/ograsmarknad.com\/?post_type=product&#038;p=10234"},"modified":"2026-03-16T10:51:09","modified_gmt":"2026-03-16T10:51:09","slug":"moroccan-hash","status":"publish","type":"product","link":"https:\/\/ograsmarknad.com\/nl\/product\/moroccan-hash\/","title":{"rendered":"Moroccan Hash"},"content":{"rendered":"","protected":false},"excerpt":{"rendered":"<p>F\u00f6r partihandel kontakta oss p\u00e5<br \/>\nWickr ID: @williamspro<br \/>\neller via Whatsapp<br \/>\n<img loading=\"lazy\" decoding=\"async\" class=\"size-full wp-image-10162 alignleft\" src=\"https:\/\/ograsmarknad.com\/wp-content\/uploads\/2021\/11\/trust.jpg\" alt=\"Trust German\" width=\"300\" height=\"129\" srcset=\"https:\/\/ograsmarknad.com\/wp-content\/uploads\/2021\/11\/trust.jpg 300w, https:\/\/ograsmarknad.com\/wp-content\/uploads\/2021\/11\/trust-18x8.jpg 18w\" sizes=\"auto, (max-width: 300px) 100vw, 300px\" \/><\/p>","protected":false},"featured_media":10244,"comment_status":"open","ping_status":"closed","template":"","meta":{"_joinchat":[]},"product_cat":[72],"product_tag":[],"class_list":{"0":"post-10234","1":"product","2":"type-product","3":"status-publish","4":"has-post-thumbnail","6":"product_cat-hash","8":"first","9":"instock","10":"shipping-taxable","11":"purchasable","12":"product-type-variable"},"yoast_head":"<!-- This site is optimized with the Yoast SEO plugin v26.3 - https:\/\/yoast.com\/wordpress\/plugins\/seo\/ -->\n<title>Marockansk Hash till salu \u2013 K\u00f6p marockansk Hash Online<\/title>\n<meta name=\"description\" content=\"K\u00f6p marockansk Hash online fr\u00e5n Ograsmarknad. Marockansk Hash till salu med klassisk resinkvalitet och starka avslappnande cannabiseffekter.\" \/>\n<meta name=\"robots\" content=\"index, follow, max-snippet:-1, max-image-preview:large, max-video-preview:-1\" \/>\n<link rel=\"canonical\" href=\"https:\/\/ograsmarknad.com\/nl\/product\/moroccan-hash\/\" \/>\n<meta property=\"og:locale\" content=\"nl_BE\" \/>\n<meta property=\"og:type\" content=\"article\" \/>\n<meta property=\"og:title\" content=\"Marockansk Hash till salu \u2013 K\u00f6p marockansk Hash Online\" \/>\n<meta property=\"og:description\" content=\"K\u00f6p marockansk Hash online fr\u00e5n Ograsmarknad. Marockansk Hash till salu med klassisk resinkvalitet och starka avslappnande cannabiseffekter.\" \/>\n<meta property=\"og:url\" content=\"https:\/\/ograsmarknad.com\/nl\/product\/moroccan-hash\/\" \/>\n<meta property=\"og:site_name\" content=\"Ogras Marknad\" \/>\n<meta property=\"article:modified_time\" content=\"2026-03-16T10:51:09+00:00\" \/>\n<meta property=\"og:image\" content=\"https:\/\/ograsmarknad.com\/wp-content\/uploads\/2022\/08\/morocan-hash.jpg\" \/>\n\t<meta property=\"og:image:width\" content=\"600\" \/>\n\t<meta property=\"og:image:height\" content=\"600\" \/>\n\t<meta property=\"og:image:type\" content=\"image\/jpeg\" \/>\n<meta name=\"twitter:card\" content=\"summary_large_image\" \/>\n<meta name=\"twitter:label1\" content=\"Geschatte leestijd\" \/>\n\t<meta name=\"twitter:data1\" content=\"1 minuut\" \/>\n<!-- \/ Yoast SEO plugin. -->","yoast_head_json":{"title":"Marokkaanse hasj te koop \u2013 Koop Marokkaanse hasj online","description":"Koop Marokkaanse hasj online bij Ograsmarknad. Marokkaanse hasj te koop met klassieke harskwaliteit en sterke, ontspannende cannabiseffecten.","robots":{"index":"index","follow":"follow","max-snippet":"max-snippet:-1","max-image-preview":"max-image-preview:large","max-video-preview":"max-video-preview:-1"},"canonical":"https:\/\/ograsmarknad.com\/nl\/product\/moroccan-hash\/","og_locale":"nl_BE","og_type":"article","og_title":"Marockansk Hash till salu \u2013 K\u00f6p marockansk Hash Online","og_description":"K\u00f6p marockansk Hash online fr\u00e5n Ograsmarknad. Marockansk Hash till salu med klassisk resinkvalitet och starka avslappnande cannabiseffekter.","og_url":"https:\/\/ograsmarknad.com\/nl\/product\/moroccan-hash\/","og_site_name":"Ogras Marknad","article_modified_time":"2026-03-16T10:51:09+00:00","og_image":[{"width":600,"height":600,"url":"https:\/\/ograsmarknad.com\/wp-content\/uploads\/2022\/08\/morocan-hash.jpg","type":"image\/jpeg"}],"twitter_card":"summary_large_image","twitter_misc":{"Geschatte leestijd":"1 minuut"},"schema":{"@context":"https:\/\/schema.org","@graph":[{"@type":"WebPage","@id":"https:\/\/ograsmarknad.com\/product\/moroccan-hash\/","url":"https:\/\/ograsmarknad.com\/product\/moroccan-hash\/","name":"Marokkaanse hasj te koop \u2013 Koop Marokkaanse hasj online","isPartOf":{"@id":"https:\/\/ograsmarknad.com\/#website"},"primaryImageOfPage":{"@id":"https:\/\/ograsmarknad.com\/product\/moroccan-hash\/#primaryimage"},"image":{"@id":"https:\/\/ograsmarknad.com\/product\/moroccan-hash\/#primaryimage"},"thumbnailUrl":"https:\/\/ograsmarknad.com\/wp-content\/uploads\/2022\/08\/morocan-hash.jpg","datePublished":"2022-08-04T06:32:54+00:00","dateModified":"2026-03-16T10:51:09+00:00","description":"Koop Marokkaanse hasj online bij Ograsmarknad. Marokkaanse hasj te koop met klassieke harskwaliteit en sterke, ontspannende cannabiseffecten.","breadcrumb":{"@id":"https:\/\/ograsmarknad.com\/product\/moroccan-hash\/#breadcrumb"},"inLanguage":"nl-BE","potentialAction":[{"@type":"ReadAction","target":["https:\/\/ograsmarknad.com\/product\/moroccan-hash\/"]}]},{"@type":"ImageObject","inLanguage":"nl-BE","@id":"https:\/\/ograsmarknad.com\/product\/moroccan-hash\/#primaryimage","url":"https:\/\/ograsmarknad.com\/wp-content\/uploads\/2022\/08\/morocan-hash.jpg","contentUrl":"https:\/\/ograsmarknad.com\/wp-content\/uploads\/2022\/08\/morocan-hash.jpg","width":600,"height":600,"caption":"morocan-hash"},{"@type":"BreadcrumbList","@id":"https:\/\/ograsmarknad.com\/product\/moroccan-hash\/#breadcrumb","itemListElement":[{"@type":"ListItem","position":1,"name":"Home","item":"https:\/\/ograsmarknad.com\/"},{"@type":"ListItem","position":2,"name":"Shop","item":"https:\/\/ograsmarknad.com\/shop\/"},{"@type":"ListItem","position":3,"name":"Moroccan Hash"}]},{"@type":"WebSite","@id":"https:\/\/ograsmarknad.com\/#website","url":"https:\/\/ograsmarknad.com\/","name":"Ogras Marknad","description":"Ogras Marknad","potentialAction":[{"@type":"SearchAction","target":{"@type":"EntryPoint","urlTemplate":"https:\/\/ograsmarknad.com\/?s={search_term_string}"},"query-input":{"@type":"PropertyValueSpecification","valueRequired":true,"valueName":"search_term_string"}}],"inLanguage":"nl-BE"}]}},"_links":{"self":[{"href":"https:\/\/ograsmarknad.com\/nl\/wp-json\/wp\/v2\/product\/10234","targetHints":{"allow":["GET"]}}],"collection":[{"href":"https:\/\/ograsmarknad.com\/nl\/wp-json\/wp\/v2\/product"}],"about":[{"href":"https:\/\/ograsmarknad.com\/nl\/wp-json\/wp\/v2\/types\/product"}],"replies":[{"embeddable":true,"href":"https:\/\/ograsmarknad.com\/nl\/wp-json\/wp\/v2\/comments?post=10234"}],"wp:featuredmedia":[{"embeddable":true,"href":"https:\/\/ograsmarknad.com\/nl\/wp-json\/wp\/v2\/media\/10244"}],"wp:attachment":[{"href":"https:\/\/ograsmarknad.com\/nl\/wp-json\/wp\/v2\/media?parent=10234"}],"wp:term":[{"taxonomy":"product_cat","embeddable":true,"href":"https:\/\/ograsmarknad.com\/nl\/wp-json\/wp\/v2\/product_cat?post=10234"},{"taxonomy":"product_tag","embeddable":true,"href":"https:\/\/ograsmarknad.com\/nl\/wp-json\/wp\/v2\/product_tag?post=10234"}],"curies":[{"name":"wp","href":"https:\/\/api.w.org\/{rel}","templated":true}]}}