{"id":10250,"date":"2022-08-04T06:45:21","date_gmt":"2022-08-04T06:45:21","guid":{"rendered":"https:\/\/ograsmarknad.com\/?post_type=product&#038;p=10250"},"modified":"2026-03-16T10:48:39","modified_gmt":"2026-03-16T10:48:39","slug":"cherry-pie-haschischol","status":"publish","type":"product","link":"https:\/\/ograsmarknad.com\/nl\/product\/cherry-pie-haschischol\/","title":{"rendered":"Cherry Pie Haschisch\u00f6l"},"content":{"rendered":"<p>Waarschuwing!<\/p>\n<p><strong>Dosering:<\/strong> 6257mg<\/p>\n<p><strong>THC-procent:<\/strong> 75 %<\/p>\n<p><strong>CBD-procent:<\/strong> 3-5%<\/p>\n<p><strong>M\u00e4ngd:<\/strong> 10ml<\/p>\n<p>Cherry Pie Hash Oil heeft een vleugje kers in de smaak en is prettig en zacht om te roken. De textuur en kleur zijn enigszins vloeibaar met donkerrode tinten. Deze olie bevat een goede hoeveelheid CBD, wat verlichting kan bieden bij chronische pijn, hoofdpijn\/migraine en rugpijn. Het helpt ook bij slapeloosheid. Het THC-gehalte is niet te hoog, er is een goede balans met CBD. Cherry Pie Oil is een fijne high voor 's avonds of 's nachts. Cherry Pie Oil is een van de meest voorkomende vormen van cannabisolie. Vanwege de krachtige medicinale eigenschappen kan Cherry Pie Oil worden gebruikt als voedselinfusie, voor topische toepassing of voor directe consumptie door verbranding. Cherry Pie Oil wordt gemaakt met 99,9% isopropanol en niet met butaan zoals BHO. Cherry Pie Oil heeft een goud\/roodachtige tint, waaraan het zijn kenmerkende naam 'kers' te danken heeft. Deze olie bevat gemiddeld tussen de 68-75% THC en 3-5% CBD en een hoge concentratie cannabino\u00efden en terpenen, wat zorgt voor een sterke smaak en een hoge medicinale waarde. Cherry Pie THC-olie kan worden gebruikt als voedselinfusie, voor uitwendige toepassing of voor directe consumptie door verbranding vanwege de krachtige medicinale werking.<\/p>","protected":false},"excerpt":{"rendered":"<p>F\u00f6r partihandel kontakta oss p\u00e5<br \/>\nWickr ID: @williamspro<br \/>\neller via Whatsapp<br \/>\n<img loading=\"lazy\" decoding=\"async\" class=\"size-full wp-image-10162 alignleft\" src=\"https:\/\/ograsmarknad.com\/wp-content\/uploads\/2021\/11\/trust.jpg\" alt=\"Trust German\" width=\"300\" height=\"129\" srcset=\"https:\/\/ograsmarknad.com\/wp-content\/uploads\/2021\/11\/trust.jpg 300w, https:\/\/ograsmarknad.com\/wp-content\/uploads\/2021\/11\/trust-18x8.jpg 18w\" sizes=\"auto, (max-width: 300px) 100vw, 300px\" \/><\/p>","protected":false},"featured_media":10254,"comment_status":"open","ping_status":"closed","template":"","meta":{"_joinchat":[]},"product_cat":[79],"product_tag":[],"class_list":{"0":"post-10250","1":"product","2":"type-product","3":"status-publish","4":"has-post-thumbnail","6":"product_cat-hascholjor","8":"first","9":"instock","10":"shipping-taxable","11":"purchasable","12":"product-type-variable"},"yoast_head":"<!-- This site is optimized with the Yoast SEO plugin v26.3 - https:\/\/yoast.com\/wordpress\/plugins\/seo\/ -->\n<title>Cherry Pie Hash Oil till salu \u2013 K\u00f6p Cherry Pie Hash Oil Online<\/title>\n<meta name=\"description\" content=\"K\u00f6p Cherry Pie hasholja online fr\u00e5n Ograsmarknad. Cherry Pie hasholja till salu med s\u00f6t k\u00f6rsb\u00e4rssmak och avslappnande cannabisextrakteffekter.\" \/>\n<meta name=\"robots\" content=\"index, follow, max-snippet:-1, max-image-preview:large, max-video-preview:-1\" \/>\n<link rel=\"canonical\" href=\"https:\/\/ograsmarknad.com\/nl\/product\/cherry-pie-haschischol\/\" \/>\n<meta property=\"og:locale\" content=\"nl_BE\" \/>\n<meta property=\"og:type\" content=\"article\" \/>\n<meta property=\"og:title\" content=\"Cherry Pie Hash Oil till salu \u2013 K\u00f6p Cherry Pie Hash Oil Online\" \/>\n<meta property=\"og:description\" content=\"K\u00f6p Cherry Pie hasholja online fr\u00e5n Ograsmarknad. Cherry Pie hasholja till salu med s\u00f6t k\u00f6rsb\u00e4rssmak och avslappnande cannabisextrakteffekter.\" \/>\n<meta property=\"og:url\" content=\"https:\/\/ograsmarknad.com\/nl\/product\/cherry-pie-haschischol\/\" \/>\n<meta property=\"og:site_name\" content=\"Ogras Marknad\" \/>\n<meta property=\"article:modified_time\" content=\"2026-03-16T10:48:39+00:00\" \/>\n<meta property=\"og:image\" content=\"https:\/\/ograsmarknad.com\/wp-content\/uploads\/2022\/08\/Cherry-Pie-THC-Hash-Oil.jpg\" \/>\n\t<meta property=\"og:image:width\" content=\"700\" \/>\n\t<meta property=\"og:image:height\" content=\"700\" \/>\n\t<meta property=\"og:image:type\" content=\"image\/jpeg\" \/>\n<meta name=\"twitter:card\" content=\"summary_large_image\" \/>\n<meta name=\"twitter:label1\" content=\"Geschatte leestijd\" \/>\n\t<meta name=\"twitter:data1\" content=\"1 minuut\" \/>\n<!-- \/ Yoast SEO plugin. -->","yoast_head_json":{"title":"Cherry Pie hasholie te koop - Koop Cherry Pie hasholie online","description":"Koop Cherry Pie hasholie online bij Ograsmarknad. Cherry Pie hasholie te koop met een zoete kersensmaak en ontspannende effecten van cannabisextract.","robots":{"index":"index","follow":"follow","max-snippet":"max-snippet:-1","max-image-preview":"max-image-preview:large","max-video-preview":"max-video-preview:-1"},"canonical":"https:\/\/ograsmarknad.com\/nl\/product\/cherry-pie-haschischol\/","og_locale":"nl_BE","og_type":"article","og_title":"Cherry Pie Hash Oil till salu \u2013 K\u00f6p Cherry Pie Hash Oil Online","og_description":"K\u00f6p Cherry Pie hasholja online fr\u00e5n Ograsmarknad. Cherry Pie hasholja till salu med s\u00f6t k\u00f6rsb\u00e4rssmak och avslappnande cannabisextrakteffekter.","og_url":"https:\/\/ograsmarknad.com\/nl\/product\/cherry-pie-haschischol\/","og_site_name":"Ogras Marknad","article_modified_time":"2026-03-16T10:48:39+00:00","og_image":[{"width":700,"height":700,"url":"https:\/\/ograsmarknad.com\/wp-content\/uploads\/2022\/08\/Cherry-Pie-THC-Hash-Oil.jpg","type":"image\/jpeg"}],"twitter_card":"summary_large_image","twitter_misc":{"Geschatte leestijd":"1 minuut"},"schema":{"@context":"https:\/\/schema.org","@graph":[{"@type":"WebPage","@id":"https:\/\/ograsmarknad.com\/product\/cherry-pie-haschischol\/","url":"https:\/\/ograsmarknad.com\/product\/cherry-pie-haschischol\/","name":"Cherry Pie hasholie te koop - Koop Cherry Pie hasholie online","isPartOf":{"@id":"https:\/\/ograsmarknad.com\/#website"},"primaryImageOfPage":{"@id":"https:\/\/ograsmarknad.com\/product\/cherry-pie-haschischol\/#primaryimage"},"image":{"@id":"https:\/\/ograsmarknad.com\/product\/cherry-pie-haschischol\/#primaryimage"},"thumbnailUrl":"https:\/\/ograsmarknad.com\/wp-content\/uploads\/2022\/08\/Cherry-Pie-THC-Hash-Oil.jpg","datePublished":"2022-08-04T06:45:21+00:00","dateModified":"2026-03-16T10:48:39+00:00","description":"Koop Cherry Pie hasholie online bij Ograsmarknad. Cherry Pie hasholie te koop met een zoete kersensmaak en ontspannende effecten van cannabisextract.","breadcrumb":{"@id":"https:\/\/ograsmarknad.com\/product\/cherry-pie-haschischol\/#breadcrumb"},"inLanguage":"nl-BE","potentialAction":[{"@type":"ReadAction","target":["https:\/\/ograsmarknad.com\/product\/cherry-pie-haschischol\/"]}]},{"@type":"ImageObject","inLanguage":"nl-BE","@id":"https:\/\/ograsmarknad.com\/product\/cherry-pie-haschischol\/#primaryimage","url":"https:\/\/ograsmarknad.com\/wp-content\/uploads\/2022\/08\/Cherry-Pie-THC-Hash-Oil.jpg","contentUrl":"https:\/\/ograsmarknad.com\/wp-content\/uploads\/2022\/08\/Cherry-Pie-THC-Hash-Oil.jpg","width":700,"height":700,"caption":"Cherry-Pie-THC-Hash-Oil"},{"@type":"BreadcrumbList","@id":"https:\/\/ograsmarknad.com\/product\/cherry-pie-haschischol\/#breadcrumb","itemListElement":[{"@type":"ListItem","position":1,"name":"Home","item":"https:\/\/ograsmarknad.com\/"},{"@type":"ListItem","position":2,"name":"Shop","item":"https:\/\/ograsmarknad.com\/shop\/"},{"@type":"ListItem","position":3,"name":"Cherry Pie Haschisch\u00f6l"}]},{"@type":"WebSite","@id":"https:\/\/ograsmarknad.com\/#website","url":"https:\/\/ograsmarknad.com\/","name":"Ogras Marknad","description":"Ogras Marknad","potentialAction":[{"@type":"SearchAction","target":{"@type":"EntryPoint","urlTemplate":"https:\/\/ograsmarknad.com\/?s={search_term_string}"},"query-input":{"@type":"PropertyValueSpecification","valueRequired":true,"valueName":"search_term_string"}}],"inLanguage":"nl-BE"}]}},"_links":{"self":[{"href":"https:\/\/ograsmarknad.com\/nl\/wp-json\/wp\/v2\/product\/10250","targetHints":{"allow":["GET"]}}],"collection":[{"href":"https:\/\/ograsmarknad.com\/nl\/wp-json\/wp\/v2\/product"}],"about":[{"href":"https:\/\/ograsmarknad.com\/nl\/wp-json\/wp\/v2\/types\/product"}],"replies":[{"embeddable":true,"href":"https:\/\/ograsmarknad.com\/nl\/wp-json\/wp\/v2\/comments?post=10250"}],"wp:featuredmedia":[{"embeddable":true,"href":"https:\/\/ograsmarknad.com\/nl\/wp-json\/wp\/v2\/media\/10254"}],"wp:attachment":[{"href":"https:\/\/ograsmarknad.com\/nl\/wp-json\/wp\/v2\/media?parent=10250"}],"wp:term":[{"taxonomy":"product_cat","embeddable":true,"href":"https:\/\/ograsmarknad.com\/nl\/wp-json\/wp\/v2\/product_cat?post=10250"},{"taxonomy":"product_tag","embeddable":true,"href":"https:\/\/ograsmarknad.com\/nl\/wp-json\/wp\/v2\/product_tag?post=10250"}],"curies":[{"name":"wp","href":"https:\/\/api.w.org\/{rel}","templated":true}]}}