{"id":9746,"date":"2021-11-08T08:24:29","date_gmt":"2021-11-08T08:24:29","guid":{"rendered":"https:\/\/ograsmarknad.com\/?post_type=product&#038;p=9746"},"modified":"2026-03-14T06:51:06","modified_gmt":"2026-03-14T06:51:06","slug":"hawaiian-snow","status":"publish","type":"product","link":"https:\/\/ograsmarknad.com\/nl\/product\/hawaiian-snow\/","title":{"rendered":"Hawaiian Snow"},"content":{"rendered":"<h2 style=\"text-align: justify;\">De beste plek om Hawaiian Snow online te kopen in Zweden, Finland, \u00c5land, Denemarken, Estland en Noorwegen voor een lage prijs \u2013 Ogras Marknad!<\/h2>\n<p style=\"text-align: justify;\"><strong>Hawaiian Snow is een pure sativasoort die vele kampioenschappen heeft gewonnen en naar verluidt een THC-gehalte tot wel 24% heeft. Vanwege de krachtige, wazige en verwarrende cerebrale effecten wordt deze soort geclassificeerd als een Haze.<\/strong><\/p>\n<p style=\"text-align: justify;\"><a href=\"https:\/\/ograsmarknad.com\/nl\/product\/hawaiian-snow\/\">Hawaiian Snows<\/a> gaat vaak gepaard met energie en originaliteit. Deze geluksgolven beginnen in het hoofd en verspreiden zich door het hele lichaam, waardoor het kalmeert en ontspant. Sommige gebruikers ervaren krachtige knabbels, terwijl de cerebrale effecten voor anderen krachtig en opwindend zijn. De geur van deze soort bevat dennen en bloemen. Wattenstaafjes, droge ogen, desori\u00ebntatie, psychoses of angst zijn allemaal mogelijke bijwerkingen \u2013 bestel Hawaiian Snow nu online in Europa, Zweden, Finland, \u00c5land, Denemarken, Estland en Noorwegen!<\/p>\n<h3 style=\"text-align: justify;\">Eigenschappen<\/h3>\n<p style=\"text-align: justify;\">Hawaiian Snow is een heerlijke plant voor overdag en wordt vaak aanbevolen voor gestreste, angstige of depressieve mensen. Aan de andere kant kunnen de fysieke effecten ervan helpen bij chronische pijn, zoals gewrichtspijn. Ontstekingen kunnen ook worden verminderd door blootstelling. Pati\u00ebnten gebruiken het soms om misselijkheid en eetstoornissen te behandelen. Migraine, glaucoom, hoofdpijn en slapeloosheid worden er in mindere mate mee behandeld.<\/p>\n<p style=\"text-align: justify;\">Hazesoorten, met name Pure Haze, Hawaiian Haze en Neville's Haze, zijn de bron van Hawaiian Snow. Green House Seeds ontwikkelde deze soort, die zowel binnen als buiten gekweekt kan worden. Binnen kunnen deze planten tot 700 gram per vierkante meter opbrengen en elf weken bloeien. Op het zuidelijk halfrond zijn ze over het algemeen rond juni volgroeid. Op het noordelijk halfrond worden ze tussen oktober en november gekweekt en kunnen ze tot 1200 gram per plant opbrengen.<\/p>\n<h3 style=\"text-align: justify;\">Deel vandaag nog uw bestelgegevens!<\/h3>\n<p style=\"text-align: justify;\"><a href=\"https:\/\/ograsmarknad.com\/nl\/\">Ogras Marknad<\/a> staat altijd voor u klaar wanneer u Hawaiiaanse sneeuw online wilt kopen in Europa, Zweden, Finland, \u00c5land, Denemarken, Estland en Noorwegen. We zullen uw bestelling zorgvuldig inpakken en binnen korte tijd veilig naar u verzenden. U kunt direct contact met ons opnemen en uw wensen voor Ogras Marknad doorgeven. We zorgen ervoor dat het op tijd wordt geleverd. Plaats nu uw bestelling!<\/p>","protected":false},"excerpt":{"rendered":"<p>For Wholesale please contact us at<br \/>\nWickr ID: @williamspro<br \/>\nor via Whatsapp<br \/>\n<img loading=\"lazy\" decoding=\"async\" class=\"size-full wp-image-10162 alignleft\" src=\"https:\/\/ograsmarknad.com\/wp-content\/uploads\/2021\/11\/trust.jpg\" alt=\"Trust German\" width=\"300\" height=\"129\" srcset=\"https:\/\/ograsmarknad.com\/wp-content\/uploads\/2021\/11\/trust.jpg 300w, https:\/\/ograsmarknad.com\/wp-content\/uploads\/2021\/11\/trust-18x8.jpg 18w\" sizes=\"auto, (max-width: 300px) 100vw, 300px\" \/><\/p>","protected":false},"featured_media":9751,"comment_status":"open","ping_status":"closed","template":"","meta":{"_joinchat":[]},"product_cat":[71],"product_tag":[],"class_list":{"0":"post-9746","1":"product","2":"type-product","3":"status-publish","4":"has-post-thumbnail","6":"product_cat-gras-sw","8":"first","9":"instock","10":"shipping-taxable","11":"purchasable","12":"product-type-variable","13":"has-default-attributes"},"yoast_head":"<!-- This site is optimized with the Yoast SEO plugin v26.3 - https:\/\/yoast.com\/wordpress\/plugins\/seo\/ -->\n<title>Hawaiian Snow ogr\u00e4ssort till salu \u2013 K\u00f6p Hawaiian Snow online<\/title>\n<meta name=\"description\" content=\"K\u00f6p Hawaiian Snow ogr\u00e4ssort online fr\u00e5n Ograsmarknad. Hawaiian Snow till salu k\u00e4nd f\u00f6r sina upplyftande sativaeffekter och tropiska cannabisarom.\" \/>\n<meta name=\"robots\" content=\"index, follow, max-snippet:-1, max-image-preview:large, max-video-preview:-1\" \/>\n<link rel=\"canonical\" href=\"https:\/\/ograsmarknad.com\/nl\/product\/hawaiian-snow\/\" \/>\n<meta property=\"og:locale\" content=\"nl_BE\" \/>\n<meta property=\"og:type\" content=\"article\" \/>\n<meta property=\"og:title\" content=\"Hawaiian Snow ogr\u00e4ssort till salu \u2013 K\u00f6p Hawaiian Snow online\" \/>\n<meta property=\"og:description\" content=\"K\u00f6p Hawaiian Snow ogr\u00e4ssort online fr\u00e5n Ograsmarknad. Hawaiian Snow till salu k\u00e4nd f\u00f6r sina upplyftande sativaeffekter och tropiska cannabisarom.\" \/>\n<meta property=\"og:url\" content=\"https:\/\/ograsmarknad.com\/nl\/product\/hawaiian-snow\/\" \/>\n<meta property=\"og:site_name\" content=\"Ogras Marknad\" \/>\n<meta property=\"article:modified_time\" content=\"2026-03-14T06:51:06+00:00\" \/>\n<meta property=\"og:image\" content=\"https:\/\/ograsmarknad.com\/wp-content\/uploads\/2021\/11\/hawaiian-snow.jpg\" \/>\n\t<meta property=\"og:image:width\" content=\"600\" \/>\n\t<meta property=\"og:image:height\" content=\"600\" \/>\n\t<meta property=\"og:image:type\" content=\"image\/jpeg\" \/>\n<meta name=\"twitter:card\" content=\"summary_large_image\" \/>\n<meta name=\"twitter:label1\" content=\"Geschatte leestijd\" \/>\n\t<meta name=\"twitter:data1\" content=\"2 minuten\" \/>\n<!-- \/ Yoast SEO plugin. -->","yoast_head_json":{"title":"Hawaiian Snow wietsoort te koop \u2013 Koop Hawaiian Snow online","description":"Koop de Hawaiian Snow wietsoort online bij Weed Market. Hawaiian Snow staat bekend om zijn opbeurende sativa-effecten en tropische cannabisaroma.","robots":{"index":"index","follow":"follow","max-snippet":"max-snippet:-1","max-image-preview":"max-image-preview:large","max-video-preview":"max-video-preview:-1"},"canonical":"https:\/\/ograsmarknad.com\/nl\/product\/hawaiian-snow\/","og_locale":"nl_BE","og_type":"article","og_title":"Hawaiian Snow ogr\u00e4ssort till salu \u2013 K\u00f6p Hawaiian Snow online","og_description":"K\u00f6p Hawaiian Snow ogr\u00e4ssort online fr\u00e5n Ograsmarknad. Hawaiian Snow till salu k\u00e4nd f\u00f6r sina upplyftande sativaeffekter och tropiska cannabisarom.","og_url":"https:\/\/ograsmarknad.com\/nl\/product\/hawaiian-snow\/","og_site_name":"Ogras Marknad","article_modified_time":"2026-03-14T06:51:06+00:00","og_image":[{"width":600,"height":600,"url":"https:\/\/ograsmarknad.com\/wp-content\/uploads\/2021\/11\/hawaiian-snow.jpg","type":"image\/jpeg"}],"twitter_card":"summary_large_image","twitter_misc":{"Geschatte leestijd":"2 minuten"},"schema":{"@context":"https:\/\/schema.org","@graph":[{"@type":"WebPage","@id":"https:\/\/ograsmarknad.com\/product\/hawaiian-snow\/","url":"https:\/\/ograsmarknad.com\/product\/hawaiian-snow\/","name":"Hawaiian Snow wietsoort te koop \u2013 Koop Hawaiian Snow online","isPartOf":{"@id":"https:\/\/ograsmarknad.com\/#website"},"primaryImageOfPage":{"@id":"https:\/\/ograsmarknad.com\/product\/hawaiian-snow\/#primaryimage"},"image":{"@id":"https:\/\/ograsmarknad.com\/product\/hawaiian-snow\/#primaryimage"},"thumbnailUrl":"https:\/\/ograsmarknad.com\/wp-content\/uploads\/2021\/11\/hawaiian-snow.jpg","datePublished":"2021-11-08T08:24:29+00:00","dateModified":"2026-03-14T06:51:06+00:00","description":"Koop de Hawaiian Snow wietsoort online bij Weed Market. Hawaiian Snow staat bekend om zijn opbeurende sativa-effecten en tropische cannabisaroma.","breadcrumb":{"@id":"https:\/\/ograsmarknad.com\/product\/hawaiian-snow\/#breadcrumb"},"inLanguage":"nl-BE","potentialAction":[{"@type":"ReadAction","target":["https:\/\/ograsmarknad.com\/product\/hawaiian-snow\/"]}]},{"@type":"ImageObject","inLanguage":"nl-BE","@id":"https:\/\/ograsmarknad.com\/product\/hawaiian-snow\/#primaryimage","url":"https:\/\/ograsmarknad.com\/wp-content\/uploads\/2021\/11\/hawaiian-snow.jpg","contentUrl":"https:\/\/ograsmarknad.com\/wp-content\/uploads\/2021\/11\/hawaiian-snow.jpg","width":600,"height":600,"caption":"hawaiian-snow"},{"@type":"BreadcrumbList","@id":"https:\/\/ograsmarknad.com\/product\/hawaiian-snow\/#breadcrumb","itemListElement":[{"@type":"ListItem","position":1,"name":"Home","item":"https:\/\/ograsmarknad.com\/"},{"@type":"ListItem","position":2,"name":"Shop","item":"https:\/\/ograsmarknad.com\/shop\/"},{"@type":"ListItem","position":3,"name":"Hawaiian Snow"}]},{"@type":"WebSite","@id":"https:\/\/ograsmarknad.com\/#website","url":"https:\/\/ograsmarknad.com\/","name":"Ogras Marknad","description":"Ogras Marknad","potentialAction":[{"@type":"SearchAction","target":{"@type":"EntryPoint","urlTemplate":"https:\/\/ograsmarknad.com\/?s={search_term_string}"},"query-input":{"@type":"PropertyValueSpecification","valueRequired":true,"valueName":"search_term_string"}}],"inLanguage":"nl-BE"}]}},"_links":{"self":[{"href":"https:\/\/ograsmarknad.com\/nl\/wp-json\/wp\/v2\/product\/9746","targetHints":{"allow":["GET"]}}],"collection":[{"href":"https:\/\/ograsmarknad.com\/nl\/wp-json\/wp\/v2\/product"}],"about":[{"href":"https:\/\/ograsmarknad.com\/nl\/wp-json\/wp\/v2\/types\/product"}],"replies":[{"embeddable":true,"href":"https:\/\/ograsmarknad.com\/nl\/wp-json\/wp\/v2\/comments?post=9746"}],"wp:featuredmedia":[{"embeddable":true,"href":"https:\/\/ograsmarknad.com\/nl\/wp-json\/wp\/v2\/media\/9751"}],"wp:attachment":[{"href":"https:\/\/ograsmarknad.com\/nl\/wp-json\/wp\/v2\/media?parent=9746"}],"wp:term":[{"taxonomy":"product_cat","embeddable":true,"href":"https:\/\/ograsmarknad.com\/nl\/wp-json\/wp\/v2\/product_cat?post=9746"},{"taxonomy":"product_tag","embeddable":true,"href":"https:\/\/ograsmarknad.com\/nl\/wp-json\/wp\/v2\/product_tag?post=9746"}],"curies":[{"name":"wp","href":"https:\/\/api.w.org\/{rel}","templated":true}]}}