{"id":9759,"date":"2021-11-08T08:46:54","date_gmt":"2021-11-08T08:46:54","guid":{"rendered":"https:\/\/ograsmarknad.com\/?post_type=product&#038;p=9759"},"modified":"2026-03-16T10:34:58","modified_gmt":"2026-03-16T10:34:58","slug":"orange-kush","status":"publish","type":"product","link":"https:\/\/ograsmarknad.com\/nl\/product\/orange-kush\/","title":{"rendered":"Orange Kush"},"content":{"rendered":"<h2 style=\"text-align: justify;\">Bestel Orange Kush online in Europa, Zweden, Finland, \u00c5land, Denemarken, Estland, Noorwegen, vandaag nog tegen de beste prijzen bij Ogras Market!<\/h2>\n<p style=\"text-align: justify;\">Green Devil Genetics heeft Orange Kush ontwikkeld, een kruising tussen Orange Bud en Orange Kush. <a href=\"https:\/\/ograsmarknad.com\/nl\/product\/orange-kush\/\">OG Kush<\/a>. Ze heeft een zoete en kruidige citrussmaak die het lichaam kalmeert en de geest verheft. Deze soort heeft lange, dichte toppen met veel oranje haren en trichoomkristallen en is resistent tegen de meeste plagen en schimmels. Koop Orange Kush online in Europa, Zweden, Finland, \u00c5land, Denemarken, Estland, Noorwegen in onze online winkel vandaag.<\/p>\n<p style=\"text-align: justify;\">Orange Kush te koop is de nakomeling van Orange Bud en OG Kush. Het heeft een zoete en kruidige citrussmaak die het lichaam kalmeert en de geest verheft. Deze soort heeft lange, dichte toppen met veel oranje haren en trichoomkristallen en is resistent tegen de meeste plagen en schimmels.<\/p>\n<p style=\"text-align: justify;\">Deze Sativa-dominante hybride marihuana soort werd gecre\u00eberd om een duurzame en betrouwbare kweker te zijn. Organic Kush planten stammen af van OG Kush en SAGE ouders en hebben, zoals veel sativa's, 10-11 weken nodig om uit te bloeien. Deze planten hebben veel donkergroene bladeren aan hun takken, maar hun toppen zijn lichtgroen en ruiken naar versgeknipte kegels. Organic Kush is een geweldige keuze voor een cerebrale high die je kan inspireren om creatiever te zijn.<\/p>\n<h3 style=\"text-align: justify;\">Uiterlijk<\/h3>\n<p style=\"text-align: justify;\">Hij is lichtgroen met helder dik oranje haar. De kristallen erop gloeien ook in het licht.<\/p>\n<h3 style=\"text-align: justify;\">Aroma<\/h3>\n<p style=\"text-align: justify;\">Er is een milde geur van aardse kruiden, maar geen andere geuren. Stiekem, natuurlijk.<\/p>\n<h3 style=\"text-align: justify;\">Proef<\/h3>\n<p style=\"text-align: justify;\">Er is ook niet echt een smaak, net zoals er niet echt een geur is. Het heeft een milde, licht aardse, kruidige smaak.<\/p>\n<h3 style=\"text-align: justify;\">Effecten<\/h3>\n<p style=\"text-align: justify;\">Ze wordt het best 's nachts gebruikt. Het heeft sterke indica effecten met een vrij helder hoofd. Het is effectief tegen pijn en geheime aanwezigheid.<\/p>\n<h3 style=\"text-align: justify;\">Voordelen<\/h3>\n<p style=\"text-align: justify;\">Orange Kush helpt bij het verhogen van de eetlust en is goed voor misselijkheid, milde pijnbestrijding, stress, astma en ontspanning. Als u ge\u00efnteresseerd bent in het kopen van Orange Kush online in Europa, Zweden, Finland, \u00c5land, Denemarken, Estland, Noorwegen, neem dan direct contact met ons op en deel uw bestelling gegevens. Neem vandaag nog contact op!<\/p>","protected":false},"excerpt":{"rendered":"<p>For Wholesale please contact us at<br \/>\nWickr ID: @williamspro<br \/>\nor via Whatsapp<br \/>\n<img loading=\"lazy\" decoding=\"async\" class=\"size-full wp-image-10162 alignleft\" src=\"https:\/\/ograsmarknad.com\/wp-content\/uploads\/2021\/11\/trust.jpg\" alt=\"Trust German\" width=\"300\" height=\"129\" srcset=\"https:\/\/ograsmarknad.com\/wp-content\/uploads\/2021\/11\/trust.jpg 300w, https:\/\/ograsmarknad.com\/wp-content\/uploads\/2021\/11\/trust-18x8.jpg 18w\" sizes=\"auto, (max-width: 300px) 100vw, 300px\" \/><\/p>","protected":false},"featured_media":9764,"comment_status":"open","ping_status":"closed","template":"","meta":{"_joinchat":[]},"product_cat":[71],"product_tag":[],"class_list":{"0":"post-9759","1":"product","2":"type-product","3":"status-publish","4":"has-post-thumbnail","6":"product_cat-gras-sw","8":"first","9":"instock","10":"shipping-taxable","11":"purchasable","12":"product-type-variable","13":"has-default-attributes"},"yoast_head":"<!-- This site is optimized with the Yoast SEO plugin v26.3 - https:\/\/yoast.com\/wordpress\/plugins\/seo\/ -->\n<title>Orange Kush ogr\u00e4ssort till salu \u2013 K\u00f6p Orange Kush online<\/title>\n<meta name=\"description\" content=\"K\u00f6p Orange Kush ogr\u00e4ssort online fr\u00e5n Ograsmarknad. Orange Kush till salu med citrusarom och avslappnande indica-dominanta cannabiseffekter.\" \/>\n<meta name=\"robots\" content=\"index, follow, max-snippet:-1, max-image-preview:large, max-video-preview:-1\" \/>\n<link rel=\"canonical\" href=\"https:\/\/ograsmarknad.com\/nl\/product\/orange-kush\/\" \/>\n<meta property=\"og:locale\" content=\"nl_BE\" \/>\n<meta property=\"og:type\" content=\"article\" \/>\n<meta property=\"og:title\" content=\"Orange Kush ogr\u00e4ssort till salu \u2013 K\u00f6p Orange Kush online\" \/>\n<meta property=\"og:description\" content=\"K\u00f6p Orange Kush ogr\u00e4ssort online fr\u00e5n Ograsmarknad. Orange Kush till salu med citrusarom och avslappnande indica-dominanta cannabiseffekter.\" \/>\n<meta property=\"og:url\" content=\"https:\/\/ograsmarknad.com\/nl\/product\/orange-kush\/\" \/>\n<meta property=\"og:site_name\" content=\"Ogras Marknad\" \/>\n<meta property=\"article:modified_time\" content=\"2026-03-16T10:34:58+00:00\" \/>\n<meta property=\"og:image\" content=\"https:\/\/ograsmarknad.com\/wp-content\/uploads\/2021\/11\/orange-kush.jpg\" \/>\n\t<meta property=\"og:image:width\" content=\"600\" \/>\n\t<meta property=\"og:image:height\" content=\"600\" \/>\n\t<meta property=\"og:image:type\" content=\"image\/jpeg\" \/>\n<meta name=\"twitter:card\" content=\"summary_large_image\" \/>\n<meta name=\"twitter:label1\" content=\"Geschatte leestijd\" \/>\n\t<meta name=\"twitter:data1\" content=\"2 minuten\" \/>\n<!-- \/ Yoast SEO plugin. -->","yoast_head_json":{"title":"Orange Kush wietsoort te koop \u2013 Koop Orange Kush online","description":"Koop de Orange Kush wietsoort online bij Ograsmarknad. Orange Kush te koop met een citrusaroma en ontspannende, indica-dominante cannabiseffecten.","robots":{"index":"index","follow":"follow","max-snippet":"max-snippet:-1","max-image-preview":"max-image-preview:large","max-video-preview":"max-video-preview:-1"},"canonical":"https:\/\/ograsmarknad.com\/nl\/product\/orange-kush\/","og_locale":"nl_BE","og_type":"article","og_title":"Orange Kush ogr\u00e4ssort till salu \u2013 K\u00f6p Orange Kush online","og_description":"K\u00f6p Orange Kush ogr\u00e4ssort online fr\u00e5n Ograsmarknad. Orange Kush till salu med citrusarom och avslappnande indica-dominanta cannabiseffekter.","og_url":"https:\/\/ograsmarknad.com\/nl\/product\/orange-kush\/","og_site_name":"Ogras Marknad","article_modified_time":"2026-03-16T10:34:58+00:00","og_image":[{"width":600,"height":600,"url":"https:\/\/ograsmarknad.com\/wp-content\/uploads\/2021\/11\/orange-kush.jpg","type":"image\/jpeg"}],"twitter_card":"summary_large_image","twitter_misc":{"Geschatte leestijd":"2 minuten"},"schema":{"@context":"https:\/\/schema.org","@graph":[{"@type":"WebPage","@id":"https:\/\/ograsmarknad.com\/product\/orange-kush\/","url":"https:\/\/ograsmarknad.com\/product\/orange-kush\/","name":"Orange Kush wietsoort te koop \u2013 Koop Orange Kush online","isPartOf":{"@id":"https:\/\/ograsmarknad.com\/#website"},"primaryImageOfPage":{"@id":"https:\/\/ograsmarknad.com\/product\/orange-kush\/#primaryimage"},"image":{"@id":"https:\/\/ograsmarknad.com\/product\/orange-kush\/#primaryimage"},"thumbnailUrl":"https:\/\/ograsmarknad.com\/wp-content\/uploads\/2021\/11\/orange-kush.jpg","datePublished":"2021-11-08T08:46:54+00:00","dateModified":"2026-03-16T10:34:58+00:00","description":"Koop de Orange Kush wietsoort online bij Ograsmarknad. Orange Kush te koop met een citrusaroma en ontspannende, indica-dominante cannabiseffecten.","breadcrumb":{"@id":"https:\/\/ograsmarknad.com\/product\/orange-kush\/#breadcrumb"},"inLanguage":"nl-BE","potentialAction":[{"@type":"ReadAction","target":["https:\/\/ograsmarknad.com\/product\/orange-kush\/"]}]},{"@type":"ImageObject","inLanguage":"nl-BE","@id":"https:\/\/ograsmarknad.com\/product\/orange-kush\/#primaryimage","url":"https:\/\/ograsmarknad.com\/wp-content\/uploads\/2021\/11\/orange-kush.jpg","contentUrl":"https:\/\/ograsmarknad.com\/wp-content\/uploads\/2021\/11\/orange-kush.jpg","width":600,"height":600,"caption":"orange-kush"},{"@type":"BreadcrumbList","@id":"https:\/\/ograsmarknad.com\/product\/orange-kush\/#breadcrumb","itemListElement":[{"@type":"ListItem","position":1,"name":"Home","item":"https:\/\/ograsmarknad.com\/"},{"@type":"ListItem","position":2,"name":"Shop","item":"https:\/\/ograsmarknad.com\/shop\/"},{"@type":"ListItem","position":3,"name":"Orange Kush"}]},{"@type":"WebSite","@id":"https:\/\/ograsmarknad.com\/#website","url":"https:\/\/ograsmarknad.com\/","name":"Ogras Marknad","description":"Ogras Marknad","potentialAction":[{"@type":"SearchAction","target":{"@type":"EntryPoint","urlTemplate":"https:\/\/ograsmarknad.com\/?s={search_term_string}"},"query-input":{"@type":"PropertyValueSpecification","valueRequired":true,"valueName":"search_term_string"}}],"inLanguage":"nl-BE"}]}},"_links":{"self":[{"href":"https:\/\/ograsmarknad.com\/nl\/wp-json\/wp\/v2\/product\/9759","targetHints":{"allow":["GET"]}}],"collection":[{"href":"https:\/\/ograsmarknad.com\/nl\/wp-json\/wp\/v2\/product"}],"about":[{"href":"https:\/\/ograsmarknad.com\/nl\/wp-json\/wp\/v2\/types\/product"}],"replies":[{"embeddable":true,"href":"https:\/\/ograsmarknad.com\/nl\/wp-json\/wp\/v2\/comments?post=9759"}],"wp:featuredmedia":[{"embeddable":true,"href":"https:\/\/ograsmarknad.com\/nl\/wp-json\/wp\/v2\/media\/9764"}],"wp:attachment":[{"href":"https:\/\/ograsmarknad.com\/nl\/wp-json\/wp\/v2\/media?parent=9759"}],"wp:term":[{"taxonomy":"product_cat","embeddable":true,"href":"https:\/\/ograsmarknad.com\/nl\/wp-json\/wp\/v2\/product_cat?post=9759"},{"taxonomy":"product_tag","embeddable":true,"href":"https:\/\/ograsmarknad.com\/nl\/wp-json\/wp\/v2\/product_tag?post=9759"}],"curies":[{"name":"wp","href":"https:\/\/api.w.org\/{rel}","templated":true}]}}