{"id":9771,"date":"2021-11-08T08:52:15","date_gmt":"2021-11-08T08:52:15","guid":{"rendered":"https:\/\/ograsmarknad.com\/?post_type=product&#038;p=9771"},"modified":"2026-03-16T10:34:10","modified_gmt":"2026-03-16T10:34:10","slug":"sour-diesel","status":"publish","type":"product","link":"https:\/\/ograsmarknad.com\/nl\/product\/sour-diesel\/","title":{"rendered":"Sour Diesel"},"content":{"rendered":"<h2 style=\"text-align: justify;\">Koop zure diesel uit Europa, tegen goedkope prijzen bij Ogras Marknad!<\/h2>\n<p style=\"text-align: justify;\">Av en bra anledning \u00e4r <a href=\"https:\/\/ograsmarknad.com\/nl\/product\/sour-diesel\/\">Sour Diesel till salu<\/a> als een van de meest doordringende soorten aller tijden. Een doordringende geur van skunk, benzine en citroen straalt ervan af. Dus terwijl het misschien niet de lekkerste (tenzij je liever bedompt strains), het zeker packs een punch als het gaat om effecten. Vanwege haar buitengewone stimulerende en oppeppende werking is Sour Diesel een goede keuze voor mensen die te maken hebben met stemmingsstoornissen zoals depressie of bipolaire stoornis. Koop Sour Diesel vandaag nog online in Europa, Zweden, Finland, \u00c5land, Denemarken, Estland, Noorwegen in onze winkel!<\/p>\n<h3 style=\"text-align: justify;\">Geur, smaak en uiterlijk van zure diesel<\/h3>\n<p style=\"text-align: justify;\">Het woord \"diesel\" komt voor in de naam van de Sour Diesel soort met een zeer specifiek doel. Sour Diesel heeft de scherpste aroma's van alle marihuana, en dat is een van de redenen voor haar wereldwijde succes en naam.<\/p>\n<p style=\"text-align: justify;\">Het heeft een doordringend en skunky aroma, maar het heeft ook ondertonen van citroenschil en andere citrusvruchten in de smaak, wat waarschijnlijk de reden is waarom het \"Sour\" wordt genoemd. De smaak van deze marihuana soort is aards en soms vermengd met een vleugje citrus wanneer ze wordt gerookt. Het belangrijkste is dat je verwacht dat de schemerige en doordringende kwaliteit van Sour Diesel de andere smaken in het mengsel zal overstemmen, waardoor citrus en kruidigheid op de achtergrond blijven.<\/p>\n<p style=\"text-align: justify;\">Sour Diesel online heeft een klassiek potuiterlijk, met weelderige groene suikerblaadjes en licht rozig-oranje stampers die kleur en levendigheid toevoegen aan het beeld van deze koude oogst. Sour Diesel nuggets zijn vaak ijzig, met een overvloed aan kleine glinsterende kristallen, die allemaal de immense kracht van Sour D symboliseren.<\/p>\n<p style=\"text-align: justify;\">Zelfs nadat je klaar bent met roken, blijft de geur van Sour Diesel marihuana hangen. Als je probeert om discreet te zijn met je inname, hou dit dan in gedachten. Na slechts een paar trekjes zou je de marihuana in je mond moeten kunnen proeven.<\/p>\n<p style=\"text-align: justify;\">Bestel Zure Diesel online in Europa, Zweden, Finland, \u00c5land, Denemarken, Estland, Noorwegen, vandaag nog tegen de beste prijzen bij <a href=\"https:\/\/ograsmarknad.com\/nl\/\">Ogras Marknad!<\/a><\/p>","protected":false},"excerpt":{"rendered":"<p>For Wholesale please contact us at<br \/>\nWickr ID: @williamspro<br \/>\nor via Whatsapp<br \/>\n<img loading=\"lazy\" decoding=\"async\" class=\"size-full wp-image-10162 alignleft\" src=\"https:\/\/ograsmarknad.com\/wp-content\/uploads\/2021\/11\/trust.jpg\" alt=\"Trust German\" width=\"300\" height=\"129\" srcset=\"https:\/\/ograsmarknad.com\/wp-content\/uploads\/2021\/11\/trust.jpg 300w, https:\/\/ograsmarknad.com\/wp-content\/uploads\/2021\/11\/trust-18x8.jpg 18w\" sizes=\"auto, (max-width: 300px) 100vw, 300px\" \/><\/p>","protected":false},"featured_media":9739,"comment_status":"open","ping_status":"closed","template":"","meta":{"_joinchat":[]},"product_cat":[71],"product_tag":[],"class_list":{"0":"post-9771","1":"product","2":"type-product","3":"status-publish","4":"has-post-thumbnail","6":"product_cat-gras-sw","8":"first","9":"instock","10":"shipping-taxable","11":"purchasable","12":"product-type-variable","13":"has-default-attributes"},"yoast_head":"<!-- This site is optimized with the Yoast SEO plugin v26.3 - https:\/\/yoast.com\/wordpress\/plugins\/seo\/ -->\n<title>Sour Diesel Weed-sort till salu \u2013 K\u00f6p Sour Diesel Online<\/title>\n<meta name=\"description\" content=\"K\u00f6p Sour Diesel-w\u00e4issort online fr\u00e5n Ograsmarknad. Sour Diesel till salu k\u00e4nd f\u00f6r sin dieselarom och energigivande sativa-cannabiseffekter.\" \/>\n<meta name=\"robots\" content=\"index, follow, max-snippet:-1, max-image-preview:large, max-video-preview:-1\" \/>\n<link rel=\"canonical\" href=\"https:\/\/ograsmarknad.com\/nl\/product\/sour-diesel\/\" \/>\n<meta property=\"og:locale\" content=\"nl_BE\" \/>\n<meta property=\"og:type\" content=\"article\" \/>\n<meta property=\"og:title\" content=\"Sour Diesel Weed-sort till salu \u2013 K\u00f6p Sour Diesel Online\" \/>\n<meta property=\"og:description\" content=\"K\u00f6p Sour Diesel-w\u00e4issort online fr\u00e5n Ograsmarknad. Sour Diesel till salu k\u00e4nd f\u00f6r sin dieselarom och energigivande sativa-cannabiseffekter.\" \/>\n<meta property=\"og:url\" content=\"https:\/\/ograsmarknad.com\/nl\/product\/sour-diesel\/\" \/>\n<meta property=\"og:site_name\" content=\"Ogras Marknad\" \/>\n<meta property=\"article:modified_time\" content=\"2026-03-16T10:34:10+00:00\" \/>\n<meta property=\"og:image\" content=\"https:\/\/ograsmarknad.com\/wp-content\/uploads\/2021\/11\/blueberry-kush.jpg\" \/>\n\t<meta property=\"og:image:width\" content=\"600\" \/>\n\t<meta property=\"og:image:height\" content=\"600\" \/>\n\t<meta property=\"og:image:type\" content=\"image\/jpeg\" \/>\n<meta name=\"twitter:card\" content=\"summary_large_image\" \/>\n<meta name=\"twitter:label1\" content=\"Geschatte leestijd\" \/>\n\t<meta name=\"twitter:data1\" content=\"2 minuten\" \/>\n<!-- \/ Yoast SEO plugin. -->","yoast_head_json":{"title":"Sour Diesel wietsoort te koop \u2013 Koop Sour Diesel online","description":"Koop Sour Diesel wiet online bij Ograsmarknad. Sour Diesel staat bekend om zijn dieselaroma en de stimulerende effecten van deze sativa-soort.","robots":{"index":"index","follow":"follow","max-snippet":"max-snippet:-1","max-image-preview":"max-image-preview:large","max-video-preview":"max-video-preview:-1"},"canonical":"https:\/\/ograsmarknad.com\/nl\/product\/sour-diesel\/","og_locale":"nl_BE","og_type":"article","og_title":"Sour Diesel Weed-sort till salu \u2013 K\u00f6p Sour Diesel Online","og_description":"K\u00f6p Sour Diesel-w\u00e4issort online fr\u00e5n Ograsmarknad. Sour Diesel till salu k\u00e4nd f\u00f6r sin dieselarom och energigivande sativa-cannabiseffekter.","og_url":"https:\/\/ograsmarknad.com\/nl\/product\/sour-diesel\/","og_site_name":"Ogras Marknad","article_modified_time":"2026-03-16T10:34:10+00:00","og_image":[{"width":600,"height":600,"url":"https:\/\/ograsmarknad.com\/wp-content\/uploads\/2021\/11\/blueberry-kush.jpg","type":"image\/jpeg"}],"twitter_card":"summary_large_image","twitter_misc":{"Geschatte leestijd":"2 minuten"},"schema":{"@context":"https:\/\/schema.org","@graph":[{"@type":"WebPage","@id":"https:\/\/ograsmarknad.com\/product\/sour-diesel\/","url":"https:\/\/ograsmarknad.com\/product\/sour-diesel\/","name":"Sour Diesel wietsoort te koop \u2013 Koop Sour Diesel online","isPartOf":{"@id":"https:\/\/ograsmarknad.com\/#website"},"primaryImageOfPage":{"@id":"https:\/\/ograsmarknad.com\/product\/sour-diesel\/#primaryimage"},"image":{"@id":"https:\/\/ograsmarknad.com\/product\/sour-diesel\/#primaryimage"},"thumbnailUrl":"https:\/\/ograsmarknad.com\/wp-content\/uploads\/2021\/11\/blueberry-kush.jpg","datePublished":"2021-11-08T08:52:15+00:00","dateModified":"2026-03-16T10:34:10+00:00","description":"Koop Sour Diesel wiet online bij Ograsmarknad. Sour Diesel staat bekend om zijn dieselaroma en de stimulerende effecten van deze sativa-soort.","breadcrumb":{"@id":"https:\/\/ograsmarknad.com\/product\/sour-diesel\/#breadcrumb"},"inLanguage":"nl-BE","potentialAction":[{"@type":"ReadAction","target":["https:\/\/ograsmarknad.com\/product\/sour-diesel\/"]}]},{"@type":"ImageObject","inLanguage":"nl-BE","@id":"https:\/\/ograsmarknad.com\/product\/sour-diesel\/#primaryimage","url":"https:\/\/ograsmarknad.com\/wp-content\/uploads\/2021\/11\/blueberry-kush.jpg","contentUrl":"https:\/\/ograsmarknad.com\/wp-content\/uploads\/2021\/11\/blueberry-kush.jpg","width":600,"height":600,"caption":"blueberry-kush"},{"@type":"BreadcrumbList","@id":"https:\/\/ograsmarknad.com\/product\/sour-diesel\/#breadcrumb","itemListElement":[{"@type":"ListItem","position":1,"name":"Home","item":"https:\/\/ograsmarknad.com\/"},{"@type":"ListItem","position":2,"name":"Shop","item":"https:\/\/ograsmarknad.com\/shop\/"},{"@type":"ListItem","position":3,"name":"Sour Diesel"}]},{"@type":"WebSite","@id":"https:\/\/ograsmarknad.com\/#website","url":"https:\/\/ograsmarknad.com\/","name":"Ogras Marknad","description":"Ogras Marknad","potentialAction":[{"@type":"SearchAction","target":{"@type":"EntryPoint","urlTemplate":"https:\/\/ograsmarknad.com\/?s={search_term_string}"},"query-input":{"@type":"PropertyValueSpecification","valueRequired":true,"valueName":"search_term_string"}}],"inLanguage":"nl-BE"}]}},"_links":{"self":[{"href":"https:\/\/ograsmarknad.com\/nl\/wp-json\/wp\/v2\/product\/9771","targetHints":{"allow":["GET"]}}],"collection":[{"href":"https:\/\/ograsmarknad.com\/nl\/wp-json\/wp\/v2\/product"}],"about":[{"href":"https:\/\/ograsmarknad.com\/nl\/wp-json\/wp\/v2\/types\/product"}],"replies":[{"embeddable":true,"href":"https:\/\/ograsmarknad.com\/nl\/wp-json\/wp\/v2\/comments?post=9771"}],"wp:featuredmedia":[{"embeddable":true,"href":"https:\/\/ograsmarknad.com\/nl\/wp-json\/wp\/v2\/media\/9739"}],"wp:attachment":[{"href":"https:\/\/ograsmarknad.com\/nl\/wp-json\/wp\/v2\/media?parent=9771"}],"wp:term":[{"taxonomy":"product_cat","embeddable":true,"href":"https:\/\/ograsmarknad.com\/nl\/wp-json\/wp\/v2\/product_cat?post=9771"},{"taxonomy":"product_tag","embeddable":true,"href":"https:\/\/ograsmarknad.com\/nl\/wp-json\/wp\/v2\/product_tag?post=9771"}],"curies":[{"name":"wp","href":"https:\/\/api.w.org\/{rel}","templated":true}]}}