{"id":9776,"date":"2021-11-08T08:54:37","date_gmt":"2021-11-08T08:54:37","guid":{"rendered":"https:\/\/ograsmarknad.com\/?post_type=product&#038;p=9776"},"modified":"2026-03-16T10:33:59","modified_gmt":"2026-03-16T10:33:59","slug":"strawberry-haze","status":"publish","type":"product","link":"https:\/\/ograsmarknad.com\/nl\/product\/strawberry-haze\/","title":{"rendered":"Strawberry Haze"},"content":{"rendered":"<h2 style=\"text-align: justify;\">Strawberry Haze voordelig online kopen bij Ogras Marknad<\/h2>\n<p style=\"text-align: justify;\"><a href=\"https:\/\/ograsmarknad.com\/nl\/product\/strawberry-haze\/\">Strawberry Haze<\/a>, ook bekend als Arjan's Strawberry Haze, is een Sativa-dominante cultivar vernoemd naar Arjan Roskam, een prominente cannabisproducent en oprichter van Green House Seed Co. in Nederland. Strawberry Haze verscheen oorspronkelijk op de markt in het midden van de jaren 2000, met een ingewikkelde stamboom die naar verluidt een mix van Swiss Sativa, Northern Lights #5, Haze en Kali Mist omvat. Koop Strawberry Haze online in Europa, Zweden, Finland, \u00c5land, Denemarken, Estland, Portugal, Noorwegen bij Ogras Marknad. <a href=\"https:\/\/ograsmarknad.com\/nl\/\">Ogras Marknad<\/a>.<\/p>\n<p style=\"text-align: justify;\">Strawberry Haze te koop heeft een heerlijk aroma van heerlijke aardbeien met bloemige boventonen, wat zich vertaalt in een zoete en aardse smaak. Deze soort produceert een bescheiden lichaamslengte en sterke cerebrale effecten. Strawberry Haze maakt het een verleidelijke optie voor tokers die op zoek zijn naar een creatieve of gezellige buzz.<\/p>\n<h3 style=\"text-align: justify;\">Meer informatie<\/h3>\n<p style=\"text-align: justify;\"><strong>Strawberry Haze online <\/strong>is een hoge plant met lange takken die zowel binnen als buiten kan worden gekweekt, waardoor het een goede kandidaat is voor de Screen of Green-methode (ScrOG), waarbij een scherm wordt opgesteld om de blootstelling aan licht te maximaliseren. Telers kunnen binnen opbrengsten tot 600 gram per vierkante meter verwachten en buiten tot 800 gram per plant na een bloeiperiode van 10 weken. Op het noordelijk halfrond zijn equatoriale of tropische omstandigheden ideaal voor de buitenteelt, en de plant zou op het noordelijk halfrond tegen half oktober en op het zuidelijk halfrond tegen half april moeten bloeien.<\/p>\n<h3 style=\"text-align: justify;\">Voordelen<\/h3>\n<p style=\"text-align: justify;\">Strawberry Haze bevat, in tegenstelling tot veel andere hybride soorten, ongeveer 1% CBD, waardoor ze een uitstekende keuze is voor de behandeling van medische aandoeningen. Veel mensen hebben gezegd dat deze soort hen helpt om te gaan met angst en wanhoop, en dat ze ook kan helpen bij ADD of ADHD symptomen. Strawberry Haze kan helpen bij een verscheidenheid aan lichaamspijnen, waaronder migraine, spierkrampen, gewrichtspijn en meer. Het is het beste om het rustig aan te doen met deze soort, omdat de heerlijke smaken je in de verleiding kunnen brengen om te veel te eten.<\/p>\n<p style=\"text-align: justify;\">Bestel Strawberry Haze in Europa, Zweden, Finland, Duitsland Denemarken, Estland, Noorwegen in onze online winkel en verwacht levering op korte termijn!<\/p>","protected":false},"excerpt":{"rendered":"<p>For Wholesale please contact us at<br \/>\nWickr ID: @williamspro<br \/>\nor via Whatsapp<br \/>\n<img loading=\"lazy\" decoding=\"async\" class=\"size-full wp-image-10162 alignleft\" src=\"https:\/\/ograsmarknad.com\/wp-content\/uploads\/2021\/11\/trust.jpg\" alt=\"Trust German\" width=\"300\" height=\"129\" srcset=\"https:\/\/ograsmarknad.com\/wp-content\/uploads\/2021\/11\/trust.jpg 300w, https:\/\/ograsmarknad.com\/wp-content\/uploads\/2021\/11\/trust-18x8.jpg 18w\" sizes=\"auto, (max-width: 300px) 100vw, 300px\" \/><\/p>","protected":false},"featured_media":9781,"comment_status":"open","ping_status":"closed","template":"","meta":{"_joinchat":[]},"product_cat":[71],"product_tag":[],"class_list":{"0":"post-9776","1":"product","2":"type-product","3":"status-publish","4":"has-post-thumbnail","6":"product_cat-gras-sw","8":"first","9":"instock","10":"shipping-taxable","11":"purchasable","12":"product-type-variable","13":"has-default-attributes"},"yoast_head":"<!-- This site is optimized with the Yoast SEO plugin v26.3 - https:\/\/yoast.com\/wordpress\/plugins\/seo\/ -->\n<title>Strawberry Haze ogr\u00e4ssort till salu \u2013 K\u00f6p Strawberry Haze online<\/title>\n<meta name=\"description\" content=\"K\u00f6p Strawberry Haze ogr\u00e4ssort online fr\u00e5n Ograsmarknad. Strawberry Haze till salu med s\u00f6t b\u00e4rsmak och upplyftande sativa-cannabiseffekter.\" \/>\n<meta name=\"robots\" content=\"index, follow, max-snippet:-1, max-image-preview:large, max-video-preview:-1\" \/>\n<link rel=\"canonical\" href=\"https:\/\/ograsmarknad.com\/nl\/product\/strawberry-haze\/\" \/>\n<meta property=\"og:locale\" content=\"nl_BE\" \/>\n<meta property=\"og:type\" content=\"article\" \/>\n<meta property=\"og:title\" content=\"Strawberry Haze ogr\u00e4ssort till salu \u2013 K\u00f6p Strawberry Haze online\" \/>\n<meta property=\"og:description\" content=\"K\u00f6p Strawberry Haze ogr\u00e4ssort online fr\u00e5n Ograsmarknad. Strawberry Haze till salu med s\u00f6t b\u00e4rsmak och upplyftande sativa-cannabiseffekter.\" \/>\n<meta property=\"og:url\" content=\"https:\/\/ograsmarknad.com\/nl\/product\/strawberry-haze\/\" \/>\n<meta property=\"og:site_name\" content=\"Ogras Marknad\" \/>\n<meta property=\"article:modified_time\" content=\"2026-03-16T10:33:59+00:00\" \/>\n<meta property=\"og:image\" content=\"https:\/\/ograsmarknad.com\/wp-content\/uploads\/2021\/11\/strawberry-haze.jpg\" \/>\n\t<meta property=\"og:image:width\" content=\"600\" \/>\n\t<meta property=\"og:image:height\" content=\"600\" \/>\n\t<meta property=\"og:image:type\" content=\"image\/jpeg\" \/>\n<meta name=\"twitter:card\" content=\"summary_large_image\" \/>\n<meta name=\"twitter:label1\" content=\"Geschatte leestijd\" \/>\n\t<meta name=\"twitter:data1\" content=\"2 minuten\" \/>\n<!-- \/ Yoast SEO plugin. -->","yoast_head_json":{"title":"Strawberry Haze wietsoort te koop \u2013 Koop Strawberry Haze online","description":"Koop de Strawberry Haze wietsoort online bij Ograsmarknad. Strawberry Haze te koop met een zoete bessensmaak en opbeurende sativa-cannabiseffecten.","robots":{"index":"index","follow":"follow","max-snippet":"max-snippet:-1","max-image-preview":"max-image-preview:large","max-video-preview":"max-video-preview:-1"},"canonical":"https:\/\/ograsmarknad.com\/nl\/product\/strawberry-haze\/","og_locale":"nl_BE","og_type":"article","og_title":"Strawberry Haze ogr\u00e4ssort till salu \u2013 K\u00f6p Strawberry Haze online","og_description":"K\u00f6p Strawberry Haze ogr\u00e4ssort online fr\u00e5n Ograsmarknad. Strawberry Haze till salu med s\u00f6t b\u00e4rsmak och upplyftande sativa-cannabiseffekter.","og_url":"https:\/\/ograsmarknad.com\/nl\/product\/strawberry-haze\/","og_site_name":"Ogras Marknad","article_modified_time":"2026-03-16T10:33:59+00:00","og_image":[{"width":600,"height":600,"url":"https:\/\/ograsmarknad.com\/wp-content\/uploads\/2021\/11\/strawberry-haze.jpg","type":"image\/jpeg"}],"twitter_card":"summary_large_image","twitter_misc":{"Geschatte leestijd":"2 minuten"},"schema":{"@context":"https:\/\/schema.org","@graph":[{"@type":"WebPage","@id":"https:\/\/ograsmarknad.com\/product\/strawberry-haze\/","url":"https:\/\/ograsmarknad.com\/product\/strawberry-haze\/","name":"Strawberry Haze wietsoort te koop \u2013 Koop Strawberry Haze online","isPartOf":{"@id":"https:\/\/ograsmarknad.com\/#website"},"primaryImageOfPage":{"@id":"https:\/\/ograsmarknad.com\/product\/strawberry-haze\/#primaryimage"},"image":{"@id":"https:\/\/ograsmarknad.com\/product\/strawberry-haze\/#primaryimage"},"thumbnailUrl":"https:\/\/ograsmarknad.com\/wp-content\/uploads\/2021\/11\/strawberry-haze.jpg","datePublished":"2021-11-08T08:54:37+00:00","dateModified":"2026-03-16T10:33:59+00:00","description":"Koop de Strawberry Haze wietsoort online bij Ograsmarknad. Strawberry Haze te koop met een zoete bessensmaak en opbeurende sativa-cannabiseffecten.","breadcrumb":{"@id":"https:\/\/ograsmarknad.com\/product\/strawberry-haze\/#breadcrumb"},"inLanguage":"nl-BE","potentialAction":[{"@type":"ReadAction","target":["https:\/\/ograsmarknad.com\/product\/strawberry-haze\/"]}]},{"@type":"ImageObject","inLanguage":"nl-BE","@id":"https:\/\/ograsmarknad.com\/product\/strawberry-haze\/#primaryimage","url":"https:\/\/ograsmarknad.com\/wp-content\/uploads\/2021\/11\/strawberry-haze.jpg","contentUrl":"https:\/\/ograsmarknad.com\/wp-content\/uploads\/2021\/11\/strawberry-haze.jpg","width":600,"height":600,"caption":"strawberry-haze"},{"@type":"BreadcrumbList","@id":"https:\/\/ograsmarknad.com\/product\/strawberry-haze\/#breadcrumb","itemListElement":[{"@type":"ListItem","position":1,"name":"Home","item":"https:\/\/ograsmarknad.com\/"},{"@type":"ListItem","position":2,"name":"Shop","item":"https:\/\/ograsmarknad.com\/shop\/"},{"@type":"ListItem","position":3,"name":"Strawberry Haze"}]},{"@type":"WebSite","@id":"https:\/\/ograsmarknad.com\/#website","url":"https:\/\/ograsmarknad.com\/","name":"Ogras Marknad","description":"Ogras Marknad","potentialAction":[{"@type":"SearchAction","target":{"@type":"EntryPoint","urlTemplate":"https:\/\/ograsmarknad.com\/?s={search_term_string}"},"query-input":{"@type":"PropertyValueSpecification","valueRequired":true,"valueName":"search_term_string"}}],"inLanguage":"nl-BE"}]}},"_links":{"self":[{"href":"https:\/\/ograsmarknad.com\/nl\/wp-json\/wp\/v2\/product\/9776","targetHints":{"allow":["GET"]}}],"collection":[{"href":"https:\/\/ograsmarknad.com\/nl\/wp-json\/wp\/v2\/product"}],"about":[{"href":"https:\/\/ograsmarknad.com\/nl\/wp-json\/wp\/v2\/types\/product"}],"replies":[{"embeddable":true,"href":"https:\/\/ograsmarknad.com\/nl\/wp-json\/wp\/v2\/comments?post=9776"}],"wp:featuredmedia":[{"embeddable":true,"href":"https:\/\/ograsmarknad.com\/nl\/wp-json\/wp\/v2\/media\/9781"}],"wp:attachment":[{"href":"https:\/\/ograsmarknad.com\/nl\/wp-json\/wp\/v2\/media?parent=9776"}],"wp:term":[{"taxonomy":"product_cat","embeddable":true,"href":"https:\/\/ograsmarknad.com\/nl\/wp-json\/wp\/v2\/product_cat?post=9776"},{"taxonomy":"product_tag","embeddable":true,"href":"https:\/\/ograsmarknad.com\/nl\/wp-json\/wp\/v2\/product_tag?post=9776"}],"curies":[{"name":"wp","href":"https:\/\/api.w.org\/{rel}","templated":true}]}}