{"id":9867,"date":"2021-11-09T09:46:58","date_gmt":"2021-11-09T09:46:58","guid":{"rendered":"https:\/\/ograsmarknad.com\/?post_type=product&#038;p=9867"},"modified":"2026-03-16T10:48:49","modified_gmt":"2026-03-16T10:48:49","slug":"thc-olja-i-grossistledet","status":"publish","type":"product","link":"https:\/\/ograsmarknad.com\/nl\/product\/thc-olja-i-grossistledet\/","title":{"rendered":"\u00a0THC olie bij groothandel"},"content":{"rendered":"<h2 style=\"text-align: justify;\">Koop THC Olie tegen goedkope prijzen hier - THC Olie Te koop - Ogras Marknad!<\/h2>\n<p style=\"text-align: justify;\">Kvalitet <a href=\"https:\/\/ograsmarknad.com\/nl\/product\/thc-olja-i-grossistledet\/\">THC online till salu<\/a>Kwaliteit THC online te koop, Wanneer het roken van cannabis bloemen om THC (tetrahydrocannabinol) te verkrijgen nog steeds de meest populaire inname methode is, bieden Thc Oli\u00ebn een nieuwe manier om van cannabis te genieten. THC oli\u00ebn worden geproduceerd door het extraheren van de waardevolle THC en andere cannabino\u00efden uit de cannabis plant. u kunt bij ons ook k2 oli\u00ebn of k2 vloeitjes bestellen \n\nVertaald met www.DeepL.com\/Translator (gratis versie) <a href=\"https:\/\/en.wikipedia.org\/w\/index.php?search=thc+oil+for+sale+&amp;title=Special%3ASearch&amp;go=Go&amp;ns0=1\">av<\/a> Na diverse extractieprocessen worden de cannabino\u00efden opgelost in een draagolie zoals MCT-olie of hennepolie. Bij Ogras Marknad is THC-olie te koop in Zweden, Finland, \u00c5land, Denemarken, Estland en Noorwegen. U kunt rechtstreeks contact met ons opnemen en uw bestelling eenvoudig plaatsen.<\/p>\n<h3 style=\"text-align: justify;\">Wat is de beste manier om thc olie te gebruiken Cannabis online te koop - Waar kan ik kwaliteit Marijuana online kopen ?<\/h3>\n<p style=\"text-align: justify;\">Het grootste deel van de olie is ontworpen voor gebruik in pistoolpennen of karren. Sommige THC-oli\u00ebn, vooral die met een dikkere consistentie, zoals RSO-olie, zijn geschikt voor gebruik met een DAB rig, omdat ze gemakkelijker op een gecontroleerde manier over een verwarmde spijker kunnen worden gedruppeld. Pak gewoon een voorgevulde pen of cartridge en gebruik deze wanneer je maar wilt. Dabben met <a href=\"https:\/\/ograsmarknad.com\/nl\/product\/thc-olja-i-grossistledet\/\">en<\/a> Met een dab rig daarentegen heb je meer controle; je kunt precies de gewenste hoeveelheid olie op je verhitte nail druppelen. Bovendien beweren sommige mensen dat dabben betere resultaten oplevert. Koop vandaag nog THC-olie online in Zweden, Finland, \u00c5land, Denemarken, Estland en Noorwegen!<\/p>\n<h3 style=\"text-align: justify;\">Is THC olie veilig om te consumeren ? - Koop Cannabis Olie Online<\/h3>\n<p style=\"text-align: justify;\">THC-olie kan worden ingenomen, hoewel de meeste mensen de voorkeur geven aan sublinguale dosering (onder de tong), omdat de effecten kunnen worden gevoeld als <a href=\"https:\/\/ograsmarknad.com\/nl\/\">15<\/a> tot 30 minuten, wat slechts een paar minuten langer is dan inhalatie. Net als bij elk ander type cannabis eetbaar, kan het 30 tot 60 minuten duren voordat de olie en de consumptie ervan volledig effect hebben.<\/p>\n<p style=\"text-align: justify;\">Wij zijn hier om u te helpen Thc Olie online te bestellen tegen goedkope prijzen. Neem contact op met onze online winkel en stel uw eisen!<\/p>\n<h3>ONS VAN THC OLIE<\/h3>\n<p>De THC-distillaatspuit is een verfijnde, geconcentreerde versie van THC, zodat je optimaal van cannabis kunt genieten. Bovendien kunnen THC-distillaatspuiten worden gebruikt voor recreatieve doeleinden, waardoor je binnen enkele minuten opstaat. Je voelt je misschien overweldigd door de enorme hoeveelheid informatie die beschikbaar is, dus heeft Cannabud Post hieronder een korte gids samengesteld. De informatie hieronder is ontworpen om je te helpen een pro te worden in het vapen van cannabis en hopelijk kunnen we je wat advies geven in de aanloop naar je volgende rooksessie.<\/p>\n<p>Als je de wiet OLIE op je tong wilt houden, hebben THC distillaten bewezen een effectieve keuze te zijn, dus probeer ze, kijk hoe je je voelt en ga dan verder. Koop THC distillaten in bulk online<\/p>\n<p>Zelfs vandaag de dag zijn veel niet-ervaren consumenten niet zeker van de verschillen tussen THC en CBD. Met gedistilleerde cartridges is het heel gemakkelijk om te kiezen tussen edibles met een hoge potentie en een hoog THC- en laag CBD-gehalte. Voor concentraten geven medische gebruikers meestal de voorkeur aan edibles met een hoge potentie, een hoog CBD- en\/of laag THC-gehalte.<\/p>\n<h3><strong>Groothandel THC olie online - kwaliteit THC olie te koop<\/strong><\/h3>\n<p>Hallo, mensen in Europa die dagelijks thc olie gebruiken, we hebben goed nieuws voor jullie. Ograsmarknad biedt u de beste cannabis oli\u00ebn online. Wij distribueren hoge kwaliteit THC olie over heel Europa, Zweden, Denemarken, Belgi\u00eb en de rest van de wereld. U kunt contact met ons opnemen voor de beste prijs en bestel uw thc olie nu.<\/p>\n<p>&nbsp;<\/p>","protected":false},"excerpt":{"rendered":"<p>For Wholesale please contact us at<br \/>\nWickr ID: @williamspro<br \/>\nor via Whatsapp<br \/>\n<img loading=\"lazy\" decoding=\"async\" class=\"size-full wp-image-10162 alignleft\" src=\"https:\/\/ograsmarknad.com\/wp-content\/uploads\/2021\/11\/trust.jpg\" alt=\"Trust German\" width=\"300\" height=\"129\" srcset=\"https:\/\/ograsmarknad.com\/wp-content\/uploads\/2021\/11\/trust.jpg 300w, https:\/\/ograsmarknad.com\/wp-content\/uploads\/2021\/11\/trust-18x8.jpg 18w\" sizes=\"auto, (max-width: 300px) 100vw, 300px\" \/><\/p>","protected":false},"featured_media":9872,"comment_status":"open","ping_status":"closed","template":"","meta":{"_joinchat":[]},"product_cat":[74],"product_tag":[],"class_list":{"0":"post-9867","1":"product","2":"type-product","3":"status-publish","4":"has-post-thumbnail","6":"product_cat-thc-olja","8":"first","9":"instock","10":"shipping-taxable","11":"purchasable","12":"product-type-variable","13":"has-default-attributes"},"yoast_head":"<!-- This site is optimized with the Yoast SEO plugin v26.3 - https:\/\/yoast.com\/wordpress\/plugins\/seo\/ -->\n<title>THC-olja grossist till salu \u2013 K\u00f6p THC-olja i Grossistledet online<\/title>\n<meta name=\"description\" content=\"K\u00f6p THC-olja i Grossistledet online fr\u00e5n Ograsmarknad. THC-olja grossist till salu som erbjuder cannabisextrakt i bulk.\" \/>\n<meta name=\"robots\" content=\"index, follow, max-snippet:-1, max-image-preview:large, max-video-preview:-1\" \/>\n<link rel=\"canonical\" href=\"https:\/\/ograsmarknad.com\/nl\/product\/thc-olja-i-grossistledet\/\" \/>\n<meta property=\"og:locale\" content=\"nl_BE\" \/>\n<meta property=\"og:type\" content=\"article\" \/>\n<meta property=\"og:title\" content=\"THC-olja grossist till salu \u2013 K\u00f6p THC-olja i Grossistledet online\" \/>\n<meta property=\"og:description\" content=\"K\u00f6p THC-olja i Grossistledet online fr\u00e5n Ograsmarknad. THC-olja grossist till salu som erbjuder cannabisextrakt i bulk.\" \/>\n<meta property=\"og:url\" content=\"https:\/\/ograsmarknad.com\/nl\/product\/thc-olja-i-grossistledet\/\" \/>\n<meta property=\"og:site_name\" content=\"Ogras Marknad\" \/>\n<meta property=\"article:modified_time\" content=\"2026-03-16T10:48:49+00:00\" \/>\n<meta property=\"og:image\" content=\"https:\/\/ograsmarknad.com\/wp-content\/uploads\/2021\/11\/thc-oil.jpg\" \/>\n\t<meta property=\"og:image:width\" content=\"600\" \/>\n\t<meta property=\"og:image:height\" content=\"600\" \/>\n\t<meta property=\"og:image:type\" content=\"image\/jpeg\" \/>\n<meta name=\"twitter:card\" content=\"summary_large_image\" \/>\n<meta name=\"twitter:label1\" content=\"Geschatte leestijd\" \/>\n\t<meta name=\"twitter:data1\" content=\"3 minuten\" \/>\n<!-- \/ Yoast SEO plugin. -->","yoast_head_json":{"title":"THC-olie groothandel te koop \u2013 Koop THC-olie online in bulk","description":"Koop THC-olie in bulk online bij Ograsmarknad. Groothandel in THC-olie met een breed assortiment cannabisextracten.","robots":{"index":"index","follow":"follow","max-snippet":"max-snippet:-1","max-image-preview":"max-image-preview:large","max-video-preview":"max-video-preview:-1"},"canonical":"https:\/\/ograsmarknad.com\/nl\/product\/thc-olja-i-grossistledet\/","og_locale":"nl_BE","og_type":"article","og_title":"THC-olja grossist till salu \u2013 K\u00f6p THC-olja i Grossistledet online","og_description":"K\u00f6p THC-olja i Grossistledet online fr\u00e5n Ograsmarknad. THC-olja grossist till salu som erbjuder cannabisextrakt i bulk.","og_url":"https:\/\/ograsmarknad.com\/nl\/product\/thc-olja-i-grossistledet\/","og_site_name":"Ogras Marknad","article_modified_time":"2026-03-16T10:48:49+00:00","og_image":[{"width":600,"height":600,"url":"https:\/\/ograsmarknad.com\/wp-content\/uploads\/2021\/11\/thc-oil.jpg","type":"image\/jpeg"}],"twitter_card":"summary_large_image","twitter_misc":{"Geschatte leestijd":"3 minuten"},"schema":{"@context":"https:\/\/schema.org","@graph":[{"@type":"WebPage","@id":"https:\/\/ograsmarknad.com\/product\/thc-olja-i-grossistledet\/","url":"https:\/\/ograsmarknad.com\/product\/thc-olja-i-grossistledet\/","name":"THC-olie groothandel te koop \u2013 Koop THC-olie online in bulk","isPartOf":{"@id":"https:\/\/ograsmarknad.com\/#website"},"primaryImageOfPage":{"@id":"https:\/\/ograsmarknad.com\/product\/thc-olja-i-grossistledet\/#primaryimage"},"image":{"@id":"https:\/\/ograsmarknad.com\/product\/thc-olja-i-grossistledet\/#primaryimage"},"thumbnailUrl":"https:\/\/ograsmarknad.com\/wp-content\/uploads\/2021\/11\/thc-oil.jpg","datePublished":"2021-11-09T09:46:58+00:00","dateModified":"2026-03-16T10:48:49+00:00","description":"Koop THC-olie in bulk online bij Ograsmarknad. Groothandel in THC-olie met een breed assortiment cannabisextracten.","breadcrumb":{"@id":"https:\/\/ograsmarknad.com\/product\/thc-olja-i-grossistledet\/#breadcrumb"},"inLanguage":"nl-BE","potentialAction":[{"@type":"ReadAction","target":["https:\/\/ograsmarknad.com\/product\/thc-olja-i-grossistledet\/"]}]},{"@type":"ImageObject","inLanguage":"nl-BE","@id":"https:\/\/ograsmarknad.com\/product\/thc-olja-i-grossistledet\/#primaryimage","url":"https:\/\/ograsmarknad.com\/wp-content\/uploads\/2021\/11\/thc-oil.jpg","contentUrl":"https:\/\/ograsmarknad.com\/wp-content\/uploads\/2021\/11\/thc-oil.jpg","width":600,"height":600,"caption":"thc-oil"},{"@type":"BreadcrumbList","@id":"https:\/\/ograsmarknad.com\/product\/thc-olja-i-grossistledet\/#breadcrumb","itemListElement":[{"@type":"ListItem","position":1,"name":"Home","item":"https:\/\/ograsmarknad.com\/"},{"@type":"ListItem","position":2,"name":"Shop","item":"https:\/\/ograsmarknad.com\/shop\/"},{"@type":"ListItem","position":3,"name":"THC-olja i grossistledet"}]},{"@type":"WebSite","@id":"https:\/\/ograsmarknad.com\/#website","url":"https:\/\/ograsmarknad.com\/","name":"Ogras Marknad","description":"Ogras Marknad","potentialAction":[{"@type":"SearchAction","target":{"@type":"EntryPoint","urlTemplate":"https:\/\/ograsmarknad.com\/?s={search_term_string}"},"query-input":{"@type":"PropertyValueSpecification","valueRequired":true,"valueName":"search_term_string"}}],"inLanguage":"nl-BE"}]}},"_links":{"self":[{"href":"https:\/\/ograsmarknad.com\/nl\/wp-json\/wp\/v2\/product\/9867","targetHints":{"allow":["GET"]}}],"collection":[{"href":"https:\/\/ograsmarknad.com\/nl\/wp-json\/wp\/v2\/product"}],"about":[{"href":"https:\/\/ograsmarknad.com\/nl\/wp-json\/wp\/v2\/types\/product"}],"replies":[{"embeddable":true,"href":"https:\/\/ograsmarknad.com\/nl\/wp-json\/wp\/v2\/comments?post=9867"}],"wp:featuredmedia":[{"embeddable":true,"href":"https:\/\/ograsmarknad.com\/nl\/wp-json\/wp\/v2\/media\/9872"}],"wp:attachment":[{"href":"https:\/\/ograsmarknad.com\/nl\/wp-json\/wp\/v2\/media?parent=9867"}],"wp:term":[{"taxonomy":"product_cat","embeddable":true,"href":"https:\/\/ograsmarknad.com\/nl\/wp-json\/wp\/v2\/product_cat?post=9867"},{"taxonomy":"product_tag","embeddable":true,"href":"https:\/\/ograsmarknad.com\/nl\/wp-json\/wp\/v2\/product_tag?post=9867"}],"curies":[{"name":"wp","href":"https:\/\/api.w.org\/{rel}","templated":true}]}}