{"id":9728,"date":"2021-11-08T06:56:45","date_gmt":"2021-11-08T06:56:45","guid":{"rendered":"https:\/\/ograsmarknad.com\/?post_type=product&#038;p=9728"},"modified":"2026-04-02T09:48:52","modified_gmt":"2026-04-02T09:48:52","slug":"banana-kush","status":"publish","type":"product","link":"https:\/\/ograsmarknad.com\/pt\/product\/banana-kush\/","title":{"rendered":"Banana Kush"},"content":{"rendered":"<h2 style=\"text-align: justify;\">Ogras Marknad- Comprar cepa de Banana Kush online Portugal, Finl\u00e2ndia, \u00c5land, Dinamarca, Est\u00f3nia, Noruega a pre\u00e7os baratos!<\/h2>\n<p style=\"text-align: justify;\"><a href=\"https:\/\/ograsmarknad.com\/pt\/product\/banana-kush\/\">Banana Kush<\/a> \u00c9 uma variedade relativamente nova, que foi introduzida h\u00e1 alguns meses. Muitas pessoas est\u00e3o a tornar-se cada vez mais familiarizadas com esta variedade \u2014 e afei\u00e7oadas a ela.<\/p>\n<p style=\"text-align: justify;\">Det \u00e4r en n\u00e5got Sativa-dominant hybrid (60 procent Sativa, 40 procent Indica). Som namnet antyder \u00e4r dess l\u00e4ckra och dessertliknande arom och smak verkligen en njutning f\u00f6r sinnena. Banana Kush kommer att pirra dina smakl\u00f6kar medan du f\u00f6rs\u00f6ker locka dig till den djupa vila du f\u00f6rtj\u00e4nar. S\u00e5\u00a0<strong>Best\u00e4ll diskret<\/strong>, till\u00a0<strong>\u00f6verkomliga priser<\/strong>\u00a0fr\u00e5n en\u00a0<strong>p\u00e5litlig butik \/ p\u00e5litlig butik<\/strong>\u00a0med\u00a0<strong>v\u00e4rldsomsp\u00e4nnande leverans<\/strong>\u00a0och\u00a0<strong>leverans inom Europa<\/strong>. S\u00e5 k\u00f6p Banana Kush online i Europa, Sverige, Finland, \u00c5land, Danmark, Estland, Norge till billiga priser fr\u00e5n v\u00e5r p\u00e5litliga butik &#8211; Ogras Marknad.\u00a0<strong>Lindring av s\u00f6mnst\u00f6rningar<\/strong>\u00a0\u00e4r en av <strong><a href=\"https:\/\/ograsmarknad.com\/pt\/product\/banana-kush-hash\/\">v\u00e4xternas egenskaper.<\/a><\/strong><\/p>\n<h3 style=\"text-align: justify;\">Caracter\u00edsticas<\/h3>\n<p style=\"text-align: justify;\">Denna stam \u00e4r k\u00e4nd f\u00f6r sin l\u00e4ckra och dessertliknande arom, som h\u00e5ller sig lojal mot sitt arv. Banana Kush, \u00e5 andra sidan, utvecklar en t\u00e4t struktur. Den har en smak som p\u00e5minner om sina f\u00f6rf\u00e4der samtidigt som den \u00e4r unik.\u00a0<strong>Behandling av s\u00f6mnl\u00f6shet<\/strong>, <a href=\"https:\/\/en.wikipedia.org\/wiki\/Kush_(cannabis)\"><strong>hantering av<\/strong><\/a><strong>\u00a0depression<\/strong>,\u00a0<strong>hum\u00f6rh\u00f6jning<\/strong>,\u00a0<strong>st\u00f6d f\u00f6r cancersymtom<\/strong>,\u00a0<strong>hj\u00e4lp vid kroniska tillst\u00e5nd<\/strong>,\u00a0<strong>lindring av s\u00f6mnst\u00f6rningar<\/strong>\u00a0och\u00a0<strong>behandling av s\u00f6mnl\u00f6shet<\/strong>\u00a0\u00e4r n\u00e5gra av de medicinska egenskaperna. Vi \u00e4r tillg\u00e4ngliga med Banana Kush f\u00f6r f\u00f6rs\u00e4ljning och skickar det \u00f6ver hela v\u00e4rlden. Du kan best\u00e4lla banan Kush online i Europa, Sverige, Finland, \u00c5land, Danmark, Estland, Norge och f\u00e5 den snart!<\/p>\n<h3 style=\"text-align: justify;\">Efeitos<\/h3>\n<p style=\"text-align: justify;\">Den har en frestande \u00e4ppelsmak med en <strong><a href=\"https:\/\/budexpressnow.co\/product\/banana-kush-aa\/\">nyans av fruktig<\/a><\/strong>, s\u00f6t och godisliknande smak. Det kommer utan tvekan att ge dig en enorm h\u00f6g som kommer att lugna varje muskel i din kropp.\u00a0<strong>Hantering av depression<\/strong>\u00a0och\u00a0<strong>hum\u00f6rh\u00f6jning<\/strong>\u00a0\u00e4r ocks\u00e5 f\u00f6rknippade med denna stam. Om du vill njuta av denna cannabisstam, g\u00f6r det p\u00e5 en avslappnad dag eller efter en l\u00e5ng dag. Det kan ocks\u00e5 f\u00e5 dig att k\u00e4nna att du sitter fast i soffan. Som ett resultat kan du f\u00e5 Banana Weed till salu fr\u00e5n v\u00e5r webbutik. Om du vill l\u00e4ra dig mer om denna stam hj\u00e4lper vi dig med detsamma.<\/p>\n<h3 style=\"text-align: justify;\">Benef\u00edcios m\u00e9dicos<\/h3>\n<p style=\"text-align: justify;\">Banana Kush \u00e4r k\u00e4nt f\u00f6r att hj\u00e4lpa till vid\u00a0<strong>lindring av s\u00f6mnst\u00f6rningar<\/strong>.\u00a0<strong>Lindring av s\u00f6mnst\u00f6rningar<\/strong>,\u00a0<strong>behandling av s\u00f6mnl\u00f6shet<\/strong>\u00a0och\u00a0<strong>hantering av depression<\/strong>\u00a0\u00e4r viktiga egenskaper. Banana Kush har ocks\u00e5 visat sig vara effektiv vid behandling av depression. Depression \u00e4r ganska utbredd, och de flesta individer \u00e4r omedvetna om att de lider av det. Som ett resultat kan denna Banana Kush-stam endast identifieras av medicinsk personal. Dessutom \u00e4r Banana Kush k\u00e4nd f\u00f6r att vara effektiv vid behandling av cancer och en m\u00e4ngd andra \u00e5kommor.<\/p>\n<p style=\"text-align: justify;\">Kontakta oss och best\u00e4ll Banana Kush online. Vi p\u00e5 <a href=\"https:\/\/ograsmarknad.com\/pt\/\">Ogras Marknad<\/a> finns alltid h\u00e4r f\u00f6r att hj\u00e4lpa dig. Kontakta nu! <strong><a href=\"https:\/\/ograsmarknad.com\/pt\/product\/banana-kush\/\">b\u00f6rja handla<\/a><\/strong><\/p>","protected":false},"excerpt":{"rendered":"<p>For Wholesale please contact us at<br \/>\nWickr ID: @williamspro<br \/>\nor via Whatsapp<br \/>\n<img loading=\"lazy\" decoding=\"async\" class=\"size-full wp-image-10162 alignleft\" src=\"https:\/\/ograsmarknad.com\/wp-content\/uploads\/2021\/11\/trust.jpg\" alt=\"Trust German\" width=\"300\" height=\"129\" srcset=\"https:\/\/ograsmarknad.com\/wp-content\/uploads\/2021\/11\/trust.jpg 300w, https:\/\/ograsmarknad.com\/wp-content\/uploads\/2021\/11\/trust-18x8.jpg 18w\" sizes=\"auto, (max-width: 300px) 100vw, 300px\" \/><\/p>","protected":false},"featured_media":9729,"comment_status":"open","ping_status":"closed","template":"","meta":{"_joinchat":[]},"product_cat":[71],"product_tag":[],"class_list":{"0":"post-9728","1":"product","2":"type-product","3":"status-publish","4":"has-post-thumbnail","6":"product_cat-gras-sw","8":"first","9":"instock","10":"shipping-taxable","11":"purchasable","12":"product-type-variable","13":"has-default-attributes"},"yoast_head":"<!-- This site is optimized with the Yoast SEO plugin v26.3 - https:\/\/yoast.com\/wordpress\/plugins\/seo\/ -->\n<title>Banana Kush ogr\u00e4ssort till salu \u2013 K\u00f6p Banana Kush online<\/title>\n<meta name=\"description\" content=\"K\u00f6p Banana Kush ogr\u00e4ssort online fr\u00e5n Ograsmarknad. Banana Kush till salu med s\u00f6t bananarom och avslappnande indica-dominanta effekter.\" \/>\n<meta name=\"robots\" content=\"index, follow, max-snippet:-1, max-image-preview:large, max-video-preview:-1\" \/>\n<link rel=\"canonical\" href=\"https:\/\/ograsmarknad.com\/pt\/product\/banana-kush\/\" \/>\n<meta property=\"og:locale\" content=\"pt_PT\" \/>\n<meta property=\"og:type\" content=\"article\" \/>\n<meta property=\"og:title\" content=\"Banana Kush ogr\u00e4ssort till salu \u2013 K\u00f6p Banana Kush online\" \/>\n<meta property=\"og:description\" content=\"K\u00f6p Banana Kush ogr\u00e4ssort online fr\u00e5n Ograsmarknad. Banana Kush till salu med s\u00f6t bananarom och avslappnande indica-dominanta effekter.\" \/>\n<meta property=\"og:url\" content=\"https:\/\/ograsmarknad.com\/pt\/product\/banana-kush\/\" \/>\n<meta property=\"og:site_name\" content=\"Ogras Marknad\" \/>\n<meta property=\"article:modified_time\" content=\"2026-04-02T09:48:52+00:00\" \/>\n<meta property=\"og:image\" content=\"https:\/\/ograsmarknad.com\/wp-content\/uploads\/2021\/11\/banana-kush.jpg\" \/>\n\t<meta property=\"og:image:width\" content=\"600\" \/>\n\t<meta property=\"og:image:height\" content=\"600\" \/>\n\t<meta property=\"og:image:type\" content=\"image\/jpeg\" \/>\n<meta name=\"twitter:card\" content=\"summary_large_image\" \/>\n<meta name=\"twitter:label1\" content=\"Tempo estimado de leitura\" \/>\n\t<meta name=\"twitter:data1\" content=\"3 minutos\" \/>\n<!-- \/ Yoast SEO plugin. -->","yoast_head_json":{"title":"Variedade de can\u00e1bis Banana Kush em promo\u00e7\u00e3o \u2013 Compre Banana Kush online","description":"Compre a variedade de can\u00e1bis Banana Kush online no Weed Market. Banana Kush em promo\u00e7\u00e3o, com aroma doce a banana e efeitos relaxantes de domin\u00e2ncia Indica.","robots":{"index":"index","follow":"follow","max-snippet":"max-snippet:-1","max-image-preview":"max-image-preview:large","max-video-preview":"max-video-preview:-1"},"canonical":"https:\/\/ograsmarknad.com\/pt\/product\/banana-kush\/","og_locale":"pt_PT","og_type":"article","og_title":"Banana Kush ogr\u00e4ssort till salu \u2013 K\u00f6p Banana Kush online","og_description":"K\u00f6p Banana Kush ogr\u00e4ssort online fr\u00e5n Ograsmarknad. Banana Kush till salu med s\u00f6t bananarom och avslappnande indica-dominanta effekter.","og_url":"https:\/\/ograsmarknad.com\/pt\/product\/banana-kush\/","og_site_name":"Ogras Marknad","article_modified_time":"2026-04-02T09:48:52+00:00","og_image":[{"width":600,"height":600,"url":"https:\/\/ograsmarknad.com\/wp-content\/uploads\/2021\/11\/banana-kush.jpg","type":"image\/jpeg"}],"twitter_card":"summary_large_image","twitter_misc":{"Tempo estimado de leitura":"3 minutos"},"schema":{"@context":"https:\/\/schema.org","@graph":[{"@type":"WebPage","@id":"https:\/\/ograsmarknad.com\/product\/banana-kush\/","url":"https:\/\/ograsmarknad.com\/product\/banana-kush\/","name":"Variedade de can\u00e1bis Banana Kush em promo\u00e7\u00e3o \u2013 Compre Banana Kush online","isPartOf":{"@id":"https:\/\/ograsmarknad.com\/#website"},"primaryImageOfPage":{"@id":"https:\/\/ograsmarknad.com\/product\/banana-kush\/#primaryimage"},"image":{"@id":"https:\/\/ograsmarknad.com\/product\/banana-kush\/#primaryimage"},"thumbnailUrl":"https:\/\/ograsmarknad.com\/wp-content\/uploads\/2021\/11\/banana-kush.jpg","datePublished":"2021-11-08T06:56:45+00:00","dateModified":"2026-04-02T09:48:52+00:00","description":"Compre a variedade de can\u00e1bis Banana Kush online no Weed Market. Banana Kush em promo\u00e7\u00e3o, com aroma doce a banana e efeitos relaxantes de domin\u00e2ncia Indica.","breadcrumb":{"@id":"https:\/\/ograsmarknad.com\/product\/banana-kush\/#breadcrumb"},"inLanguage":"pt-PT","potentialAction":[{"@type":"ReadAction","target":["https:\/\/ograsmarknad.com\/product\/banana-kush\/"]}]},{"@type":"ImageObject","inLanguage":"pt-PT","@id":"https:\/\/ograsmarknad.com\/product\/banana-kush\/#primaryimage","url":"https:\/\/ograsmarknad.com\/wp-content\/uploads\/2021\/11\/banana-kush.jpg","contentUrl":"https:\/\/ograsmarknad.com\/wp-content\/uploads\/2021\/11\/banana-kush.jpg","width":600,"height":600,"caption":"banana-kush"},{"@type":"BreadcrumbList","@id":"https:\/\/ograsmarknad.com\/product\/banana-kush\/#breadcrumb","itemListElement":[{"@type":"ListItem","position":1,"name":"Home","item":"https:\/\/ograsmarknad.com\/"},{"@type":"ListItem","position":2,"name":"Shop","item":"https:\/\/ograsmarknad.com\/shop\/"},{"@type":"ListItem","position":3,"name":"Banana Kush"}]},{"@type":"WebSite","@id":"https:\/\/ograsmarknad.com\/#website","url":"https:\/\/ograsmarknad.com\/","name":"Ogras Marknad","description":"Ogras Marknad","potentialAction":[{"@type":"SearchAction","target":{"@type":"EntryPoint","urlTemplate":"https:\/\/ograsmarknad.com\/?s={search_term_string}"},"query-input":{"@type":"PropertyValueSpecification","valueRequired":true,"valueName":"search_term_string"}}],"inLanguage":"pt-PT"}]}},"_links":{"self":[{"href":"https:\/\/ograsmarknad.com\/pt\/wp-json\/wp\/v2\/product\/9728","targetHints":{"allow":["GET"]}}],"collection":[{"href":"https:\/\/ograsmarknad.com\/pt\/wp-json\/wp\/v2\/product"}],"about":[{"href":"https:\/\/ograsmarknad.com\/pt\/wp-json\/wp\/v2\/types\/product"}],"replies":[{"embeddable":true,"href":"https:\/\/ograsmarknad.com\/pt\/wp-json\/wp\/v2\/comments?post=9728"}],"wp:featuredmedia":[{"embeddable":true,"href":"https:\/\/ograsmarknad.com\/pt\/wp-json\/wp\/v2\/media\/9729"}],"wp:attachment":[{"href":"https:\/\/ograsmarknad.com\/pt\/wp-json\/wp\/v2\/media?parent=9728"}],"wp:term":[{"taxonomy":"product_cat","embeddable":true,"href":"https:\/\/ograsmarknad.com\/pt\/wp-json\/wp\/v2\/product_cat?post=9728"},{"taxonomy":"product_tag","embeddable":true,"href":"https:\/\/ograsmarknad.com\/pt\/wp-json\/wp\/v2\/product_tag?post=9728"}],"curies":[{"name":"wp","href":"https:\/\/api.w.org\/{rel}","templated":true}]}}