{"id":9740,"date":"2021-11-08T08:21:35","date_gmt":"2021-11-08T08:21:35","guid":{"rendered":"https:\/\/ograsmarknad.com\/?post_type=product&#038;p=9740"},"modified":"2026-03-14T06:51:15","modified_gmt":"2026-03-14T06:51:15","slug":"cherry-pie","status":"publish","type":"product","link":"https:\/\/ograsmarknad.com\/pt\/product\/cherry-pie\/","title":{"rendered":"Cherry Pie"},"content":{"rendered":"<h2 style=\"text-align: justify;\">Compre Cherry Pie Strain online na Su\u00e9cia, Finl\u00e2ndia, \u00c5land, Dinamarca, Est\u00f3nia e Noruega a pre\u00e7os baixos na Ogras Marknad!<\/h2>\n<p style=\"text-align: justify;\"><a href=\"https:\/\/ograsmarknad.com\/pt\/product\/cherry-pie\/\">Tarte de cereja \u00e0 venda<\/a>, um cruzamento entre a Durban Poison e a Granddaddy Purple, \u00e9 uma h\u00edbrida com predomin\u00e2ncia indica (at\u00e9 80%). Com pais t\u00e3o brilhantes, pode esperar que esta variedade seja da mais alta qualidade, e n\u00e3o ficar\u00e1 desapontado se a comprar da fonte certa.<\/p>\n<p style=\"text-align: justify;\">A Cherry Kush apresenta pelos laranja-claros, um bot\u00e3o robusto e um aroma intenso. Com um centro verde-escuro rodeado de pelos grossos e cristais castanhos, tem um aspeto incr\u00edvel. Pode ver novos cristais que s\u00f3 brilham \u00e0 luz se abrir um bot\u00e3o. <a href=\"https:\/\/ograsmarknad.com\/pt\/\">Contacte-nos<\/a> Compre tarte de cereja online connosco na Europa, Su\u00e9cia, Finl\u00e2ndia, Ilhas \u00c5land, Dinamarca, Est\u00f3nia e Noruega a pre\u00e7os acess\u00edveis.<\/p>\n<h3 style=\"text-align: justify;\">Fundo<\/h3>\n<p style=\"text-align: justify;\">A Grand Daddy Purple foi cruzada com a Durban Poison para criar a Cherry Pie, uma h\u00edbrida com predomin\u00e2ncia indica. No entanto, a verdadeira variedade desta variedade de can\u00e1bis medicinal \u00e9 dif\u00edcil de encontrar. N\u00e3o ser\u00e1 dif\u00edcil compreender que esta \u00e9 a melhor variedade. Possui bot\u00f5es densos com pelos alaranjados e uma ligeira tonalidade roxa na sua estrutura. O nome desta cultivar de can\u00e1bis terap\u00eautica serviu de inspira\u00e7\u00e3o. A Cherry Pie tem um aroma a tarte de cereja. Os doentes com sintomas evidentes de PTSD, ansiedade, doen\u00e7a bipolar, enxaquecas e outros dist\u00farbios relacionados com o stress s\u00e3o os mais propensos a utiliz\u00e1-la.<\/p>\n<p style=\"text-align: justify;\">Quando utilizado pelo paciente, pode causar secura nos olhos e na boca. Pode ajudar a sentir-se euf\u00f3rico, relaxar o corpo e a mente, elevar as emo\u00e7\u00f5es e concentrar o pensamento. Isto pode, sem d\u00favida, estabelecer o seu poder de cura para os pacientes que procuram algo para aliviar a rigidez muscular e o desconforto que a acompanha. Em suma, as pessoas preferem este tipo de variedade de can\u00e1bis medicinal a todas as outras porque alivia as s\u00edndromes acima mencionadas da forma mais relaxante poss\u00edvel e, embora a seda\u00e7\u00e3o possa causar irrita\u00e7\u00e3o, o benef\u00edcio \u00e9 ineg\u00e1vel.<\/p>\n<p style=\"text-align: justify;\">Se pretende comprar a variedade Cherry Pie online, somos o local certo para si. Partilhe agora mesmo os detalhes da sua encomenda da variedade Cherry Pie \u00e0 venda na Europa, Su\u00e9cia, Finl\u00e2ndia, \u00c5land, Dinamarca, Est\u00f3nia e Noruega!<\/p>","protected":false},"excerpt":{"rendered":"<p>For Wholesale please contact us at<br \/>\nWickr ID: @williamspro<br \/>\nor via Whatsapp<br \/>\n<img loading=\"lazy\" decoding=\"async\" class=\"size-full wp-image-10162 alignleft\" src=\"https:\/\/ograsmarknad.com\/wp-content\/uploads\/2021\/11\/trust.jpg\" alt=\"Trust German\" width=\"300\" height=\"129\" srcset=\"https:\/\/ograsmarknad.com\/wp-content\/uploads\/2021\/11\/trust.jpg 300w, https:\/\/ograsmarknad.com\/wp-content\/uploads\/2021\/11\/trust-18x8.jpg 18w\" sizes=\"auto, (max-width: 300px) 100vw, 300px\" \/><\/p>","protected":false},"featured_media":9745,"comment_status":"open","ping_status":"closed","template":"","meta":{"_joinchat":[]},"product_cat":[71],"product_tag":[],"class_list":{"0":"post-9740","1":"product","2":"type-product","3":"status-publish","4":"has-post-thumbnail","6":"product_cat-gras-sw","8":"first","9":"instock","10":"shipping-taxable","11":"purchasable","12":"product-type-variable","13":"has-default-attributes"},"yoast_head":"<!-- This site is optimized with the Yoast SEO plugin v26.3 - https:\/\/yoast.com\/wordpress\/plugins\/seo\/ -->\n<title>Cherry Pie ogr\u00e4ssort till salu \u2013 K\u00f6p Cherry Pie online<\/title>\n<meta name=\"description\" content=\"K\u00f6p Cherry Pie ogr\u00e4ssort online fr\u00e5n Ograsmarknad. Cherry Pie till salu med s\u00f6t k\u00f6rsb\u00e4rssmak och balanserade avslappnande cannabiseffekter.\" \/>\n<meta name=\"robots\" content=\"index, follow, max-snippet:-1, max-image-preview:large, max-video-preview:-1\" \/>\n<link rel=\"canonical\" href=\"https:\/\/ograsmarknad.com\/pt\/product\/cherry-pie\/\" \/>\n<meta property=\"og:locale\" content=\"pt_PT\" \/>\n<meta property=\"og:type\" content=\"article\" \/>\n<meta property=\"og:title\" content=\"Cherry Pie ogr\u00e4ssort till salu \u2013 K\u00f6p Cherry Pie online\" \/>\n<meta property=\"og:description\" content=\"K\u00f6p Cherry Pie ogr\u00e4ssort online fr\u00e5n Ograsmarknad. Cherry Pie till salu med s\u00f6t k\u00f6rsb\u00e4rssmak och balanserade avslappnande cannabiseffekter.\" \/>\n<meta property=\"og:url\" content=\"https:\/\/ograsmarknad.com\/pt\/product\/cherry-pie\/\" \/>\n<meta property=\"og:site_name\" content=\"Ogras Marknad\" \/>\n<meta property=\"article:modified_time\" content=\"2026-03-14T06:51:15+00:00\" \/>\n<meta property=\"og:image\" content=\"https:\/\/ograsmarknad.com\/wp-content\/uploads\/2021\/11\/cheery-pie.jpg\" \/>\n\t<meta property=\"og:image:width\" content=\"600\" \/>\n\t<meta property=\"og:image:height\" content=\"600\" \/>\n\t<meta property=\"og:image:type\" content=\"image\/jpeg\" \/>\n<meta name=\"twitter:card\" content=\"summary_large_image\" \/>\n<meta name=\"twitter:label1\" content=\"Tempo estimado de leitura\" \/>\n\t<meta name=\"twitter:data1\" content=\"2 minutos\" \/>\n<!-- \/ Yoast SEO plugin. -->","yoast_head_json":{"title":"Variedade de can\u00e1bis Cherry Pie \u00e0 venda \u2013 Compre Cherry Pie online","description":"Compre a variedade de can\u00e1bis Cherry Pie online na Ograsmarknad. Cherry Pie para venda, com um sabor doce a cereja e efeitos can\u00e1bicos relaxantes e equilibrados.","robots":{"index":"index","follow":"follow","max-snippet":"max-snippet:-1","max-image-preview":"max-image-preview:large","max-video-preview":"max-video-preview:-1"},"canonical":"https:\/\/ograsmarknad.com\/pt\/product\/cherry-pie\/","og_locale":"pt_PT","og_type":"article","og_title":"Cherry Pie ogr\u00e4ssort till salu \u2013 K\u00f6p Cherry Pie online","og_description":"K\u00f6p Cherry Pie ogr\u00e4ssort online fr\u00e5n Ograsmarknad. Cherry Pie till salu med s\u00f6t k\u00f6rsb\u00e4rssmak och balanserade avslappnande cannabiseffekter.","og_url":"https:\/\/ograsmarknad.com\/pt\/product\/cherry-pie\/","og_site_name":"Ogras Marknad","article_modified_time":"2026-03-14T06:51:15+00:00","og_image":[{"width":600,"height":600,"url":"https:\/\/ograsmarknad.com\/wp-content\/uploads\/2021\/11\/cheery-pie.jpg","type":"image\/jpeg"}],"twitter_card":"summary_large_image","twitter_misc":{"Tempo estimado de leitura":"2 minutos"},"schema":{"@context":"https:\/\/schema.org","@graph":[{"@type":"WebPage","@id":"https:\/\/ograsmarknad.com\/product\/cherry-pie\/","url":"https:\/\/ograsmarknad.com\/product\/cherry-pie\/","name":"Variedade de can\u00e1bis Cherry Pie \u00e0 venda \u2013 Compre Cherry Pie online","isPartOf":{"@id":"https:\/\/ograsmarknad.com\/#website"},"primaryImageOfPage":{"@id":"https:\/\/ograsmarknad.com\/product\/cherry-pie\/#primaryimage"},"image":{"@id":"https:\/\/ograsmarknad.com\/product\/cherry-pie\/#primaryimage"},"thumbnailUrl":"https:\/\/ograsmarknad.com\/wp-content\/uploads\/2021\/11\/cheery-pie.jpg","datePublished":"2021-11-08T08:21:35+00:00","dateModified":"2026-03-14T06:51:15+00:00","description":"Compre a variedade de can\u00e1bis Cherry Pie online na Ograsmarknad. Cherry Pie para venda, com um sabor doce a cereja e efeitos can\u00e1bicos relaxantes e equilibrados.","breadcrumb":{"@id":"https:\/\/ograsmarknad.com\/product\/cherry-pie\/#breadcrumb"},"inLanguage":"pt-PT","potentialAction":[{"@type":"ReadAction","target":["https:\/\/ograsmarknad.com\/product\/cherry-pie\/"]}]},{"@type":"ImageObject","inLanguage":"pt-PT","@id":"https:\/\/ograsmarknad.com\/product\/cherry-pie\/#primaryimage","url":"https:\/\/ograsmarknad.com\/wp-content\/uploads\/2021\/11\/cheery-pie.jpg","contentUrl":"https:\/\/ograsmarknad.com\/wp-content\/uploads\/2021\/11\/cheery-pie.jpg","width":600,"height":600,"caption":"cheery-pie"},{"@type":"BreadcrumbList","@id":"https:\/\/ograsmarknad.com\/product\/cherry-pie\/#breadcrumb","itemListElement":[{"@type":"ListItem","position":1,"name":"Home","item":"https:\/\/ograsmarknad.com\/"},{"@type":"ListItem","position":2,"name":"Shop","item":"https:\/\/ograsmarknad.com\/shop\/"},{"@type":"ListItem","position":3,"name":"Cherry Pie"}]},{"@type":"WebSite","@id":"https:\/\/ograsmarknad.com\/#website","url":"https:\/\/ograsmarknad.com\/","name":"Ogras Marknad","description":"Ogras Marknad","potentialAction":[{"@type":"SearchAction","target":{"@type":"EntryPoint","urlTemplate":"https:\/\/ograsmarknad.com\/?s={search_term_string}"},"query-input":{"@type":"PropertyValueSpecification","valueRequired":true,"valueName":"search_term_string"}}],"inLanguage":"pt-PT"}]}},"_links":{"self":[{"href":"https:\/\/ograsmarknad.com\/pt\/wp-json\/wp\/v2\/product\/9740","targetHints":{"allow":["GET"]}}],"collection":[{"href":"https:\/\/ograsmarknad.com\/pt\/wp-json\/wp\/v2\/product"}],"about":[{"href":"https:\/\/ograsmarknad.com\/pt\/wp-json\/wp\/v2\/types\/product"}],"replies":[{"embeddable":true,"href":"https:\/\/ograsmarknad.com\/pt\/wp-json\/wp\/v2\/comments?post=9740"}],"wp:featuredmedia":[{"embeddable":true,"href":"https:\/\/ograsmarknad.com\/pt\/wp-json\/wp\/v2\/media\/9745"}],"wp:attachment":[{"href":"https:\/\/ograsmarknad.com\/pt\/wp-json\/wp\/v2\/media?parent=9740"}],"wp:term":[{"taxonomy":"product_cat","embeddable":true,"href":"https:\/\/ograsmarknad.com\/pt\/wp-json\/wp\/v2\/product_cat?post=9740"},{"taxonomy":"product_tag","embeddable":true,"href":"https:\/\/ograsmarknad.com\/pt\/wp-json\/wp\/v2\/product_tag?post=9740"}],"curies":[{"name":"wp","href":"https:\/\/api.w.org\/{rel}","templated":true}]}}