{"id":9752,"date":"2021-11-08T08:26:11","date_gmt":"2021-11-08T08:26:11","guid":{"rendered":"https:\/\/ograsmarknad.com\/?post_type=product&#038;p=9752"},"modified":"2026-03-14T06:50:54","modified_gmt":"2026-03-14T06:50:54","slug":"lemon-haze","status":"publish","type":"product","link":"https:\/\/ograsmarknad.com\/pt\/product\/lemon-haze\/","title":{"rendered":"Lemon Haze"},"content":{"rendered":"<h2 style=\"text-align: justify;\">Compre Lemon Haze online na Su\u00e9cia, Finl\u00e2ndia, \u00c5land, Dinamarca, Est\u00f3nia e Noruega aos melhores pre\u00e7os na Ogras Marknad!<\/h2>\n<p style=\"text-align: justify;\"><a href=\"https:\/\/ograsmarknad.com\/pt\/product\/lemon-haze\/\">Lemon Haze \u00e0 venda<\/a> \u00e9 uma variedade californiana com ra\u00edzes s\u00f3lidas na cultura can\u00e1bica da Costa Oeste. A Silver Haze e a Lemon Skunk foram cruzadas para criar este ador\u00e1vel h\u00edbrido com predomin\u00e2ncia Sativa. O aroma e o sabor distintos, azedos, c\u00edtricos e com toques de pinheiro, combinados com a natureza jovial e inspiradora da variedade, tornaram-na uma favorita mundial. Compre Lemon Haze online na Europa, Su\u00e9cia, Finl\u00e2ndia, \u00c5land, Dinamarca, Est\u00f3nia e Noruega na nossa loja online hoje mesmo!<\/p>\n<h3 style=\"text-align: justify;\">Gen\u00e9tica<\/h3>\n<p style=\"text-align: justify;\">A Lemon Skunk e a Super Silver Haze foram cruzadas para criar esta variedade de can\u00e1bis.<\/p>\n<h3 style=\"text-align: justify;\">Efeitos da n\u00e9voa de lim\u00e3o<\/h3>\n<p style=\"text-align: justify;\">Testes laboratoriais comprovam a pot\u00eancia desta variedade para um h\u00edbrido perfeito. Esta variedade tem um teor m\u00e9dio de THC de 15% a 18%, o que \u00e9 bastante elevado para um h\u00edbrido com predomin\u00e2ncia Sativa. A forte propor\u00e7\u00e3o de THC e o baixo teor de CBD (1% de CBD) da Lemon Haze produzem um efeito psicad\u00e9lico e excitante, repleto de vibra\u00e7\u00f5es positivas e sorrisos.<\/p>\n<p style=\"text-align: justify;\">As propriedades cerebrais e estimulantes desta variedade tornam-na excelente para tratar a ansiedade, a depress\u00e3o e o stress geral do dia-a-dia. Isto torna-a uma excelente variedade para o dia a dia, pois auxilia na concentra\u00e7\u00e3o e promove o envolvimento social. Os efeitos analg\u00e9sicos e sedativos s\u00e3o modestos, o que \u00e9 t\u00edpico das variedades com predomin\u00e2ncia Sativa.<\/p>\n<h3 style=\"text-align: justify;\">Apar\u00eancia e aroma<\/h3>\n<p style=\"text-align: justify;\">A caracter\u00edstica mais marcante da Lemon Haze \u00e9 o seu aroma sedutor, que lembra limonada fresca \u2014 raspas c\u00edtricas suculentas misturam-se com um toque adocicado de pinho para criar um aroma agrad\u00e1vel. Os bot\u00f5es c\u00f3nicos s\u00e3o densamente compactados e apresentam muitos tricomas fofos e vis\u00edveis. Alguns pistilos laranja-claros aninham-se perfeitamente nas flores verde-claras e, quando abrem, os bot\u00f5es libertam ainda mais THC.<\/p>\n<p style=\"text-align: justify;\">Esta variedade de can\u00e1bis causa uma euforia cerebral seguida de um efeito de \"travar no sof\u00e1\". Aumenta os n\u00edveis de energia, o riso, as liga\u00e7\u00f5es sociais, alivia o stress, a tristeza e as n\u00e1useas, tem efeitos moderados de al\u00edvio da dor e estimula a fome.<\/p>\n<p style=\"text-align: justify;\"><a href=\"https:\/\/ograsmarknad.com\/pt\/\">Contacte-nos<\/a> na Ogras Marknad e partilhe os detalhes da sua encomenda de Lemon Haze para venda a pre\u00e7os acess\u00edveis. Encomende Lemon Haze online na Europa, Su\u00e9cia, Finl\u00e2ndia, \u00c5land, Dinamarca, Est\u00f3nia e Noruega agora mesmo!<\/p>","protected":false},"excerpt":{"rendered":"<p>For Wholesale please contact us at<br \/>\nWickr ID: @williamspro<br \/>\nor via Whatsapp<br \/>\n<img loading=\"lazy\" decoding=\"async\" class=\"size-full wp-image-10162 alignleft\" src=\"https:\/\/ograsmarknad.com\/wp-content\/uploads\/2021\/11\/trust.jpg\" alt=\"Trust German\" width=\"300\" height=\"129\" srcset=\"https:\/\/ograsmarknad.com\/wp-content\/uploads\/2021\/11\/trust.jpg 300w, https:\/\/ograsmarknad.com\/wp-content\/uploads\/2021\/11\/trust-18x8.jpg 18w\" sizes=\"auto, (max-width: 300px) 100vw, 300px\" \/><\/p>","protected":false},"featured_media":9757,"comment_status":"open","ping_status":"closed","template":"","meta":{"_joinchat":[]},"product_cat":[71],"product_tag":[],"class_list":{"0":"post-9752","1":"product","2":"type-product","3":"status-publish","4":"has-post-thumbnail","6":"product_cat-gras-sw","8":"first","9":"instock","10":"shipping-taxable","11":"purchasable","12":"product-type-variable","13":"has-default-attributes"},"yoast_head":"<!-- This site is optimized with the Yoast SEO plugin v26.3 - https:\/\/yoast.com\/wordpress\/plugins\/seo\/ -->\n<title>Lemon Haze ogr\u00e4ssort till salu \u2013 K\u00f6p Lemon Haze online<\/title>\n<meta name=\"description\" content=\"K\u00f6p Lemon Haze ogr\u00e4ssort online fr\u00e5n Ograsmarknad. Lemon Haze till salu med citruscitronsmak och upplyftande energiska cannabiseffekter.\" \/>\n<meta name=\"robots\" content=\"index, follow, max-snippet:-1, max-image-preview:large, max-video-preview:-1\" \/>\n<link rel=\"canonical\" href=\"https:\/\/ograsmarknad.com\/pt\/product\/lemon-haze\/\" \/>\n<meta property=\"og:locale\" content=\"pt_PT\" \/>\n<meta property=\"og:type\" content=\"article\" \/>\n<meta property=\"og:title\" content=\"Lemon Haze ogr\u00e4ssort till salu \u2013 K\u00f6p Lemon Haze online\" \/>\n<meta property=\"og:description\" content=\"K\u00f6p Lemon Haze ogr\u00e4ssort online fr\u00e5n Ograsmarknad. Lemon Haze till salu med citruscitronsmak och upplyftande energiska cannabiseffekter.\" \/>\n<meta property=\"og:url\" content=\"https:\/\/ograsmarknad.com\/pt\/product\/lemon-haze\/\" \/>\n<meta property=\"og:site_name\" content=\"Ogras Marknad\" \/>\n<meta property=\"article:modified_time\" content=\"2026-03-14T06:50:54+00:00\" \/>\n<meta property=\"og:image\" content=\"https:\/\/ograsmarknad.com\/wp-content\/uploads\/2021\/11\/lemon-haze.jpg\" \/>\n\t<meta property=\"og:image:width\" content=\"600\" \/>\n\t<meta property=\"og:image:height\" content=\"600\" \/>\n\t<meta property=\"og:image:type\" content=\"image\/jpeg\" \/>\n<meta name=\"twitter:card\" content=\"summary_large_image\" \/>\n<meta name=\"twitter:label1\" content=\"Tempo estimado de leitura\" \/>\n\t<meta name=\"twitter:data1\" content=\"2 minutos\" \/>\n<!-- \/ Yoast SEO plugin. -->","yoast_head_json":{"title":"Variedade de can\u00e1bis Lemon Haze em promo\u00e7\u00e3o \u2013 Comprar Lemon Haze online","description":"Compre a variedade de can\u00e1bis Lemon Haze online na Ograsmarknad. Vendo Lemon Haze com sabor c\u00edtrico de lim\u00e3o e efeitos energ\u00e9ticos e revigorantes.","robots":{"index":"index","follow":"follow","max-snippet":"max-snippet:-1","max-image-preview":"max-image-preview:large","max-video-preview":"max-video-preview:-1"},"canonical":"https:\/\/ograsmarknad.com\/pt\/product\/lemon-haze\/","og_locale":"pt_PT","og_type":"article","og_title":"Lemon Haze ogr\u00e4ssort till salu \u2013 K\u00f6p Lemon Haze online","og_description":"K\u00f6p Lemon Haze ogr\u00e4ssort online fr\u00e5n Ograsmarknad. Lemon Haze till salu med citruscitronsmak och upplyftande energiska cannabiseffekter.","og_url":"https:\/\/ograsmarknad.com\/pt\/product\/lemon-haze\/","og_site_name":"Ogras Marknad","article_modified_time":"2026-03-14T06:50:54+00:00","og_image":[{"width":600,"height":600,"url":"https:\/\/ograsmarknad.com\/wp-content\/uploads\/2021\/11\/lemon-haze.jpg","type":"image\/jpeg"}],"twitter_card":"summary_large_image","twitter_misc":{"Tempo estimado de leitura":"2 minutos"},"schema":{"@context":"https:\/\/schema.org","@graph":[{"@type":"WebPage","@id":"https:\/\/ograsmarknad.com\/product\/lemon-haze\/","url":"https:\/\/ograsmarknad.com\/product\/lemon-haze\/","name":"Variedade de can\u00e1bis Lemon Haze em promo\u00e7\u00e3o \u2013 Comprar Lemon Haze online","isPartOf":{"@id":"https:\/\/ograsmarknad.com\/#website"},"primaryImageOfPage":{"@id":"https:\/\/ograsmarknad.com\/product\/lemon-haze\/#primaryimage"},"image":{"@id":"https:\/\/ograsmarknad.com\/product\/lemon-haze\/#primaryimage"},"thumbnailUrl":"https:\/\/ograsmarknad.com\/wp-content\/uploads\/2021\/11\/lemon-haze.jpg","datePublished":"2021-11-08T08:26:11+00:00","dateModified":"2026-03-14T06:50:54+00:00","description":"Compre a variedade de can\u00e1bis Lemon Haze online na Ograsmarknad. Vendo Lemon Haze com sabor c\u00edtrico de lim\u00e3o e efeitos energ\u00e9ticos e revigorantes.","breadcrumb":{"@id":"https:\/\/ograsmarknad.com\/product\/lemon-haze\/#breadcrumb"},"inLanguage":"pt-PT","potentialAction":[{"@type":"ReadAction","target":["https:\/\/ograsmarknad.com\/product\/lemon-haze\/"]}]},{"@type":"ImageObject","inLanguage":"pt-PT","@id":"https:\/\/ograsmarknad.com\/product\/lemon-haze\/#primaryimage","url":"https:\/\/ograsmarknad.com\/wp-content\/uploads\/2021\/11\/lemon-haze.jpg","contentUrl":"https:\/\/ograsmarknad.com\/wp-content\/uploads\/2021\/11\/lemon-haze.jpg","width":600,"height":600,"caption":"lemon-haze"},{"@type":"BreadcrumbList","@id":"https:\/\/ograsmarknad.com\/product\/lemon-haze\/#breadcrumb","itemListElement":[{"@type":"ListItem","position":1,"name":"Home","item":"https:\/\/ograsmarknad.com\/"},{"@type":"ListItem","position":2,"name":"Shop","item":"https:\/\/ograsmarknad.com\/shop\/"},{"@type":"ListItem","position":3,"name":"Lemon Haze"}]},{"@type":"WebSite","@id":"https:\/\/ograsmarknad.com\/#website","url":"https:\/\/ograsmarknad.com\/","name":"Ogras Marknad","description":"Ogras Marknad","potentialAction":[{"@type":"SearchAction","target":{"@type":"EntryPoint","urlTemplate":"https:\/\/ograsmarknad.com\/?s={search_term_string}"},"query-input":{"@type":"PropertyValueSpecification","valueRequired":true,"valueName":"search_term_string"}}],"inLanguage":"pt-PT"}]}},"_links":{"self":[{"href":"https:\/\/ograsmarknad.com\/pt\/wp-json\/wp\/v2\/product\/9752","targetHints":{"allow":["GET"]}}],"collection":[{"href":"https:\/\/ograsmarknad.com\/pt\/wp-json\/wp\/v2\/product"}],"about":[{"href":"https:\/\/ograsmarknad.com\/pt\/wp-json\/wp\/v2\/types\/product"}],"replies":[{"embeddable":true,"href":"https:\/\/ograsmarknad.com\/pt\/wp-json\/wp\/v2\/comments?post=9752"}],"wp:featuredmedia":[{"embeddable":true,"href":"https:\/\/ograsmarknad.com\/pt\/wp-json\/wp\/v2\/media\/9757"}],"wp:attachment":[{"href":"https:\/\/ograsmarknad.com\/pt\/wp-json\/wp\/v2\/media?parent=9752"}],"wp:term":[{"taxonomy":"product_cat","embeddable":true,"href":"https:\/\/ograsmarknad.com\/pt\/wp-json\/wp\/v2\/product_cat?post=9752"},{"taxonomy":"product_tag","embeddable":true,"href":"https:\/\/ograsmarknad.com\/pt\/wp-json\/wp\/v2\/product_tag?post=9752"}],"curies":[{"name":"wp","href":"https:\/\/api.w.org\/{rel}","templated":true}]}}