{"id":9759,"date":"2021-11-08T08:46:54","date_gmt":"2021-11-08T08:46:54","guid":{"rendered":"https:\/\/ograsmarknad.com\/?post_type=product&#038;p=9759"},"modified":"2026-03-16T10:34:58","modified_gmt":"2026-03-16T10:34:58","slug":"orange-kush","status":"publish","type":"product","link":"https:\/\/ograsmarknad.com\/pt\/product\/orange-kush\/","title":{"rendered":"Orange Kush"},"content":{"rendered":"<h2 style=\"text-align: justify;\">Encomende Orange Kush online na Europa, Su\u00e9cia, Finl\u00e2ndia, \u00c5land, Dinamarca, Est\u00f3nia, Noruega, dispon\u00edvel hoje aos melhores pre\u00e7os no Ogras Market!<\/h2>\n<p style=\"text-align: justify;\">A Green Devil Genetics criou a Orange Kush, que \u00e9 descendente da Orange Bud e da <a href=\"https:\/\/ograsmarknad.com\/pt\/product\/orange-kush\/\">OG Kush<\/a>. Tem um sabor c\u00edtrico doce e picante que acalma o corpo e levanta os esp\u00edritos. Esta variedade tem bot\u00f5es longos e densos com muitos p\u00ealos cor-de-laranja e cristais de tricomas e \u00e9 resistente \u00e0 maioria das pragas e bolores. Compre hoje Orange Kush online na Europa, Su\u00e9cia, Finl\u00e2ndia, \u00c5land, Dinamarca, Est\u00f3nia, Noruega na nossa loja online.<\/p>\n<p style=\"text-align: justify;\">Orange Kush para venda \u00e9 a descend\u00eancia de Orange Bud e OG Kush. Tem um sabor c\u00edtrico doce e picante que acalma o corpo e levanta os esp\u00edritos. Esta variedade tem bot\u00f5es longos e densos com muitos p\u00ealos cor-de-laranja e cristais de tricomas e \u00e9 resistente \u00e0 maioria das pragas e bolores.<\/p>\n<p style=\"text-align: justify;\">Esta variedade de marijuana h\u00edbrida Sativa-dominante foi criada para ser um cultivador sustent\u00e1vel e fi\u00e1vel. As plantas org\u00e2nicas Kush s\u00e3o descendentes dos pais OG Kush e SAGE e, como muitas sativas, levam 10-11 semanas a florescer. Estas plantas t\u00eam muitas folhas verdes escuras nos seus ramos, mas os seus bot\u00f5es s\u00e3o verdes claros e cheiram a cones rec\u00e9m-cortados. O Kush org\u00e2nico \u00e9 uma grande escolha para uma alta cerebral que pode inspir\u00e1-lo a ser mais criativo.<\/p>\n<h3 style=\"text-align: justify;\">Apar\u00eancia<\/h3>\n<p style=\"text-align: justify;\">\u00c9 verde claro com cabelos cor-de-laranja espessos e brilhantes. Os cristais sobre ele tamb\u00e9m brilham na luz.<\/p>\n<h3 style=\"text-align: justify;\">Aroma<\/h3>\n<p style=\"text-align: justify;\">H\u00e1 um cheiro suave de ervas terrosas mas sem cheiros adicionais. Secretamente, \u00e9 claro.<\/p>\n<h3 style=\"text-align: justify;\">Sabor<\/h3>\n<p style=\"text-align: justify;\">Tamb\u00e9m n\u00e3o h\u00e1 muito sabor, da mesma forma que n\u00e3o h\u00e1 muito cheiro. Tem um sabor suave, ligeiramente terrestre, herb\u00e1ceo.<\/p>\n<h3 style=\"text-align: justify;\">Efeitos<\/h3>\n<p style=\"text-align: justify;\">\u00c9 melhor utilizado \u00e0 noite. Tem fortes efeitos indica com uma cabe\u00e7a bastante clara. \u00c9 eficaz contra a dor e a presen\u00e7a secreta.<\/p>\n<h3 style=\"text-align: justify;\">Benef\u00edcios<\/h3>\n<p style=\"text-align: justify;\">O Orange Kush ajuda a aumentar o apetite e \u00e9 bom para n\u00e1useas, al\u00edvio ligeiro da dor, stress, asma e relaxamento. Se estiver interessado em comprar Orange Kush online na Europa, Su\u00e9cia, Finl\u00e2ndia, \u00c5land, Dinamarca, Est\u00f3nia, Noruega, por favor contacte-nos directamente e partilhe os seus dados de encomenda. Contacte-nos hoje mesmo!<\/p>","protected":false},"excerpt":{"rendered":"<p>For Wholesale please contact us at<br \/>\nWickr ID: @williamspro<br \/>\nor via Whatsapp<br \/>\n<img loading=\"lazy\" decoding=\"async\" class=\"size-full wp-image-10162 alignleft\" src=\"https:\/\/ograsmarknad.com\/wp-content\/uploads\/2021\/11\/trust.jpg\" alt=\"Trust German\" width=\"300\" height=\"129\" srcset=\"https:\/\/ograsmarknad.com\/wp-content\/uploads\/2021\/11\/trust.jpg 300w, https:\/\/ograsmarknad.com\/wp-content\/uploads\/2021\/11\/trust-18x8.jpg 18w\" sizes=\"auto, (max-width: 300px) 100vw, 300px\" \/><\/p>","protected":false},"featured_media":9764,"comment_status":"open","ping_status":"closed","template":"","meta":{"_joinchat":[]},"product_cat":[71],"product_tag":[],"class_list":{"0":"post-9759","1":"product","2":"type-product","3":"status-publish","4":"has-post-thumbnail","6":"product_cat-gras-sw","8":"first","9":"instock","10":"shipping-taxable","11":"purchasable","12":"product-type-variable","13":"has-default-attributes"},"yoast_head":"<!-- This site is optimized with the Yoast SEO plugin v26.3 - https:\/\/yoast.com\/wordpress\/plugins\/seo\/ -->\n<title>Orange Kush ogr\u00e4ssort till salu \u2013 K\u00f6p Orange Kush online<\/title>\n<meta name=\"description\" content=\"K\u00f6p Orange Kush ogr\u00e4ssort online fr\u00e5n Ograsmarknad. Orange Kush till salu med citrusarom och avslappnande indica-dominanta cannabiseffekter.\" \/>\n<meta name=\"robots\" content=\"index, follow, max-snippet:-1, max-image-preview:large, max-video-preview:-1\" \/>\n<link rel=\"canonical\" href=\"https:\/\/ograsmarknad.com\/pt\/product\/orange-kush\/\" \/>\n<meta property=\"og:locale\" content=\"pt_PT\" \/>\n<meta property=\"og:type\" content=\"article\" \/>\n<meta property=\"og:title\" content=\"Orange Kush ogr\u00e4ssort till salu \u2013 K\u00f6p Orange Kush online\" \/>\n<meta property=\"og:description\" content=\"K\u00f6p Orange Kush ogr\u00e4ssort online fr\u00e5n Ograsmarknad. Orange Kush till salu med citrusarom och avslappnande indica-dominanta cannabiseffekter.\" \/>\n<meta property=\"og:url\" content=\"https:\/\/ograsmarknad.com\/pt\/product\/orange-kush\/\" \/>\n<meta property=\"og:site_name\" content=\"Ogras Marknad\" \/>\n<meta property=\"article:modified_time\" content=\"2026-03-16T10:34:58+00:00\" \/>\n<meta property=\"og:image\" content=\"https:\/\/ograsmarknad.com\/wp-content\/uploads\/2021\/11\/orange-kush.jpg\" \/>\n\t<meta property=\"og:image:width\" content=\"600\" \/>\n\t<meta property=\"og:image:height\" content=\"600\" \/>\n\t<meta property=\"og:image:type\" content=\"image\/jpeg\" \/>\n<meta name=\"twitter:card\" content=\"summary_large_image\" \/>\n<meta name=\"twitter:label1\" content=\"Tempo estimado de leitura\" \/>\n\t<meta name=\"twitter:data1\" content=\"2 minutos\" \/>\n<!-- \/ Yoast SEO plugin. -->","yoast_head_json":{"title":"Variedade de can\u00e1bis Orange Kush em promo\u00e7\u00e3o \u2013 Comprar Orange Kush online","description":"Compre a variedade de can\u00e1bis Orange Kush online na Ograsmarknad. Orange Kush \u00e0 venda com aroma c\u00edtrico e efeitos relaxantes t\u00edpicos da can\u00e1bis com predomin\u00e2ncia indica.","robots":{"index":"index","follow":"follow","max-snippet":"max-snippet:-1","max-image-preview":"max-image-preview:large","max-video-preview":"max-video-preview:-1"},"canonical":"https:\/\/ograsmarknad.com\/pt\/product\/orange-kush\/","og_locale":"pt_PT","og_type":"article","og_title":"Orange Kush ogr\u00e4ssort till salu \u2013 K\u00f6p Orange Kush online","og_description":"K\u00f6p Orange Kush ogr\u00e4ssort online fr\u00e5n Ograsmarknad. Orange Kush till salu med citrusarom och avslappnande indica-dominanta cannabiseffekter.","og_url":"https:\/\/ograsmarknad.com\/pt\/product\/orange-kush\/","og_site_name":"Ogras Marknad","article_modified_time":"2026-03-16T10:34:58+00:00","og_image":[{"width":600,"height":600,"url":"https:\/\/ograsmarknad.com\/wp-content\/uploads\/2021\/11\/orange-kush.jpg","type":"image\/jpeg"}],"twitter_card":"summary_large_image","twitter_misc":{"Tempo estimado de leitura":"2 minutos"},"schema":{"@context":"https:\/\/schema.org","@graph":[{"@type":"WebPage","@id":"https:\/\/ograsmarknad.com\/product\/orange-kush\/","url":"https:\/\/ograsmarknad.com\/product\/orange-kush\/","name":"Variedade de can\u00e1bis Orange Kush em promo\u00e7\u00e3o \u2013 Comprar Orange Kush online","isPartOf":{"@id":"https:\/\/ograsmarknad.com\/#website"},"primaryImageOfPage":{"@id":"https:\/\/ograsmarknad.com\/product\/orange-kush\/#primaryimage"},"image":{"@id":"https:\/\/ograsmarknad.com\/product\/orange-kush\/#primaryimage"},"thumbnailUrl":"https:\/\/ograsmarknad.com\/wp-content\/uploads\/2021\/11\/orange-kush.jpg","datePublished":"2021-11-08T08:46:54+00:00","dateModified":"2026-03-16T10:34:58+00:00","description":"Compre a variedade de can\u00e1bis Orange Kush online na Ograsmarknad. Orange Kush \u00e0 venda com aroma c\u00edtrico e efeitos relaxantes t\u00edpicos da can\u00e1bis com predomin\u00e2ncia indica.","breadcrumb":{"@id":"https:\/\/ograsmarknad.com\/product\/orange-kush\/#breadcrumb"},"inLanguage":"pt-PT","potentialAction":[{"@type":"ReadAction","target":["https:\/\/ograsmarknad.com\/product\/orange-kush\/"]}]},{"@type":"ImageObject","inLanguage":"pt-PT","@id":"https:\/\/ograsmarknad.com\/product\/orange-kush\/#primaryimage","url":"https:\/\/ograsmarknad.com\/wp-content\/uploads\/2021\/11\/orange-kush.jpg","contentUrl":"https:\/\/ograsmarknad.com\/wp-content\/uploads\/2021\/11\/orange-kush.jpg","width":600,"height":600,"caption":"orange-kush"},{"@type":"BreadcrumbList","@id":"https:\/\/ograsmarknad.com\/product\/orange-kush\/#breadcrumb","itemListElement":[{"@type":"ListItem","position":1,"name":"Home","item":"https:\/\/ograsmarknad.com\/"},{"@type":"ListItem","position":2,"name":"Shop","item":"https:\/\/ograsmarknad.com\/shop\/"},{"@type":"ListItem","position":3,"name":"Orange Kush"}]},{"@type":"WebSite","@id":"https:\/\/ograsmarknad.com\/#website","url":"https:\/\/ograsmarknad.com\/","name":"Ogras Marknad","description":"Ogras Marknad","potentialAction":[{"@type":"SearchAction","target":{"@type":"EntryPoint","urlTemplate":"https:\/\/ograsmarknad.com\/?s={search_term_string}"},"query-input":{"@type":"PropertyValueSpecification","valueRequired":true,"valueName":"search_term_string"}}],"inLanguage":"pt-PT"}]}},"_links":{"self":[{"href":"https:\/\/ograsmarknad.com\/pt\/wp-json\/wp\/v2\/product\/9759","targetHints":{"allow":["GET"]}}],"collection":[{"href":"https:\/\/ograsmarknad.com\/pt\/wp-json\/wp\/v2\/product"}],"about":[{"href":"https:\/\/ograsmarknad.com\/pt\/wp-json\/wp\/v2\/types\/product"}],"replies":[{"embeddable":true,"href":"https:\/\/ograsmarknad.com\/pt\/wp-json\/wp\/v2\/comments?post=9759"}],"wp:featuredmedia":[{"embeddable":true,"href":"https:\/\/ograsmarknad.com\/pt\/wp-json\/wp\/v2\/media\/9764"}],"wp:attachment":[{"href":"https:\/\/ograsmarknad.com\/pt\/wp-json\/wp\/v2\/media?parent=9759"}],"wp:term":[{"taxonomy":"product_cat","embeddable":true,"href":"https:\/\/ograsmarknad.com\/pt\/wp-json\/wp\/v2\/product_cat?post=9759"},{"taxonomy":"product_tag","embeddable":true,"href":"https:\/\/ograsmarknad.com\/pt\/wp-json\/wp\/v2\/product_tag?post=9759"}],"curies":[{"name":"wp","href":"https:\/\/api.w.org\/{rel}","templated":true}]}}