{"id":9765,"date":"2021-11-08T08:50:29","date_gmt":"2021-11-08T08:50:29","guid":{"rendered":"https:\/\/ograsmarknad.com\/?post_type=product&#038;p=9765"},"modified":"2026-03-16T10:34:46","modified_gmt":"2026-03-16T10:34:46","slug":"pineapple-express","status":"publish","type":"product","link":"https:\/\/ograsmarknad.com\/pt\/product\/pineapple-express\/","title":{"rendered":"Pineapple Express"},"content":{"rendered":"<h2 style=\"text-align: justify;\">Compre Pineapple Express online na Su\u00e9cia, Finl\u00e2ndia, \u00c5land, Dinamarca, Est\u00f3nia e Noruega no Mercado Ogras a pre\u00e7os baixos!<\/h2>\n<p style=\"text-align: justify;\">I dessa tider kan <a href=\"https:\/\/ograsmarknad.com\/pt\/product\/pineapple-express\/\">Pineapple Express till salu<\/a> k\u00f6pas p\u00e5 <a href=\"https:\/\/ograsmarknad.com\/pt\/\">Ogras Marknad<\/a> till ett rimligt pris. Hela v\u00e5rt n\u00e4tverk av s\u00e4ljare och leverant\u00f6rer \u00e4r h\u00e4r f\u00f6r att hj\u00e4lpa dig att k\u00f6pa Pineapple Express online n\u00e4r som helst, var som helst. Vi \u00e4r en erfaren online\u00e5terf\u00f6rs\u00e4ljare med stor f\u00f6rst\u00e5else f\u00f6r v\u00e5ra kunders behov. Du kan f\u00e5 de b\u00e4sta produkterna h\u00e4r. Best\u00e4ll Pineapple Express online nu!<\/p>\n<h3 style=\"text-align: justify;\">Propriedades<\/h3>\n<p style=\"text-align: justify;\">A Pineapple Express, \u00e0 venda na Europa, Su\u00e9cia, Finl\u00e2ndia, \u00c5land, Dinamarca, Est\u00f3nia e Noruega, \u00e9 um h\u00edbrido popular da Trainwreck e da Hawaiian. \u00c9 um rebento origin\u00e1rio dos tr\u00f3picos. Produz um fumo suave e doce que induz euforia nos fumadores. \u00c9 uma variedade potente que ganhou bastante popularidade na internet. Esta variedade tem geralmente uma concentra\u00e7\u00e3o de THC acima dos 24%. Tem o aroma de uma banca de fruta. A Pineapple Express tem rebentos cor de azeitona em forma de pedra. Sabem a um peda\u00e7o de anan\u00e1s rec\u00e9m-cortado. Com esta variedade, pode criar uma pequena lista de tarefas rapidamente. Esta planta pode ser facilmente cultivada tanto em ambientes interiores como exteriores. Demora cerca de 7 a 8 semanas para a planta florescer.<\/p>\n<h3 style=\"text-align: justify;\">Benef\u00edcios<\/h3>\n<ul style=\"text-align: justify;\">\n<li>De smaak is echt intens.<\/li>\n<li>T\u00e1 s\u00e9 ag cruth\u00fa corra\u00edl mh\u00f3r.<\/li>\n<li>Het geeft je het gevoel alsof je door de lucht zweeft.<\/li>\n<li>Tugann s\u00e9 moth\u00fa beag\u00e1in\u00edn neamhshuime duit chomh maith le hard spreag\u00fail agus taitneamhach.<\/li>\n<li>Het stimuleert mensen om creatief en communicatief te zijn.<\/li>\n<li>Cuid\u00edonn s\u00e9 le ti\u00fachan agus t\u00e1irgi\u00falacht.<\/li>\n<li>Het is gunstig voor mensen die last hebben van angst, vermoeidheid, depressie, chronische stress of algemene rusteloosheid.<\/li>\n<li>Tamb\u00e9m possui propriedades relaxantes modestas.<\/li>\n<\/ul>\n<h3 style=\"text-align: justify;\">Como posso encomendar o Pineapple Express online?<\/h3>\n<p style=\"text-align: justify;\">Para encomendar Pineapple Express online, pode aceder diretamente \u00e0 nossa loja virtual. Entregaremos o seu pedido num curto espa\u00e7o de tempo. Embalamos todos os pedidos em seguran\u00e7a e entregamos em todo o mundo. Nunca ter\u00e1 reclama\u00e7\u00f5es sobre os nossos produtos. N\u00e3o perca tempo, fa\u00e7a hoje mesmo a sua encomenda!<\/p>","protected":false},"excerpt":{"rendered":"<p>For Wholesale please contact us at<br \/>\nWickr ID: @williamspro<br \/>\nor via Whatsapp<br \/>\n<img loading=\"lazy\" decoding=\"async\" class=\"size-full wp-image-10162 alignleft\" src=\"https:\/\/ograsmarknad.com\/wp-content\/uploads\/2021\/11\/trust.jpg\" alt=\"Trust German\" width=\"300\" height=\"129\" srcset=\"https:\/\/ograsmarknad.com\/wp-content\/uploads\/2021\/11\/trust.jpg 300w, https:\/\/ograsmarknad.com\/wp-content\/uploads\/2021\/11\/trust-18x8.jpg 18w\" sizes=\"auto, (max-width: 300px) 100vw, 300px\" \/><\/p>","protected":false},"featured_media":9770,"comment_status":"open","ping_status":"closed","template":"","meta":{"_joinchat":[]},"product_cat":[71],"product_tag":[],"class_list":{"0":"post-9765","1":"product","2":"type-product","3":"status-publish","4":"has-post-thumbnail","6":"product_cat-gras-sw","8":"first","9":"instock","10":"shipping-taxable","11":"purchasable","12":"product-type-variable","13":"has-default-attributes"},"yoast_head":"<!-- This site is optimized with the Yoast SEO plugin v26.3 - https:\/\/yoast.com\/wordpress\/plugins\/seo\/ -->\n<title>Pineapple Express ogr\u00e4ssort till salu \u2013 K\u00f6p Pineapple online<\/title>\n<meta name=\"description\" content=\"K\u00f6p Pineapple Express ogr\u00e4ssort online fr\u00e5n Ograsmarknad. Pineapple Express till salu, k\u00e4nd f\u00f6r sin tropiska smak och energiska upplyftande cannabiseffekter.\" \/>\n<meta name=\"robots\" content=\"index, follow, max-snippet:-1, max-image-preview:large, max-video-preview:-1\" \/>\n<link rel=\"canonical\" href=\"https:\/\/ograsmarknad.com\/pt\/product\/pineapple-express\/\" \/>\n<meta property=\"og:locale\" content=\"pt_PT\" \/>\n<meta property=\"og:type\" content=\"article\" \/>\n<meta property=\"og:title\" content=\"Pineapple Express ogr\u00e4ssort till salu \u2013 K\u00f6p Pineapple online\" \/>\n<meta property=\"og:description\" content=\"K\u00f6p Pineapple Express ogr\u00e4ssort online fr\u00e5n Ograsmarknad. Pineapple Express till salu, k\u00e4nd f\u00f6r sin tropiska smak och energiska upplyftande cannabiseffekter.\" \/>\n<meta property=\"og:url\" content=\"https:\/\/ograsmarknad.com\/pt\/product\/pineapple-express\/\" \/>\n<meta property=\"og:site_name\" content=\"Ogras Marknad\" \/>\n<meta property=\"article:modified_time\" content=\"2026-03-16T10:34:46+00:00\" \/>\n<meta property=\"og:image\" content=\"https:\/\/ograsmarknad.com\/wp-content\/uploads\/2021\/11\/pineapple-express.jpg\" \/>\n\t<meta property=\"og:image:width\" content=\"600\" \/>\n\t<meta property=\"og:image:height\" content=\"600\" \/>\n\t<meta property=\"og:image:type\" content=\"image\/jpeg\" \/>\n<meta name=\"twitter:card\" content=\"summary_large_image\" \/>\n<meta name=\"twitter:label1\" content=\"Tempo estimado de leitura\" \/>\n\t<meta name=\"twitter:data1\" content=\"2 minutos\" \/>\n<!-- \/ Yoast SEO plugin. -->","yoast_head_json":{"title":"Variedade de can\u00e1bis Pineapple Express para venda \u2013 Comprar Pineapple online","description":"Compre a variedade de can\u00e1bis Pineapple Express online na Ograsmarknad. Pineapple Express para venda, conhecida pelo seu sabor tropical e efeitos energ\u00e9ticos e estimulantes.","robots":{"index":"index","follow":"follow","max-snippet":"max-snippet:-1","max-image-preview":"max-image-preview:large","max-video-preview":"max-video-preview:-1"},"canonical":"https:\/\/ograsmarknad.com\/pt\/product\/pineapple-express\/","og_locale":"pt_PT","og_type":"article","og_title":"Pineapple Express ogr\u00e4ssort till salu \u2013 K\u00f6p Pineapple online","og_description":"K\u00f6p Pineapple Express ogr\u00e4ssort online fr\u00e5n Ograsmarknad. Pineapple Express till salu, k\u00e4nd f\u00f6r sin tropiska smak och energiska upplyftande cannabiseffekter.","og_url":"https:\/\/ograsmarknad.com\/pt\/product\/pineapple-express\/","og_site_name":"Ogras Marknad","article_modified_time":"2026-03-16T10:34:46+00:00","og_image":[{"width":600,"height":600,"url":"https:\/\/ograsmarknad.com\/wp-content\/uploads\/2021\/11\/pineapple-express.jpg","type":"image\/jpeg"}],"twitter_card":"summary_large_image","twitter_misc":{"Tempo estimado de leitura":"2 minutos"},"schema":{"@context":"https:\/\/schema.org","@graph":[{"@type":"WebPage","@id":"https:\/\/ograsmarknad.com\/product\/pineapple-express\/","url":"https:\/\/ograsmarknad.com\/product\/pineapple-express\/","name":"Variedade de can\u00e1bis Pineapple Express para venda \u2013 Comprar Pineapple online","isPartOf":{"@id":"https:\/\/ograsmarknad.com\/#website"},"primaryImageOfPage":{"@id":"https:\/\/ograsmarknad.com\/product\/pineapple-express\/#primaryimage"},"image":{"@id":"https:\/\/ograsmarknad.com\/product\/pineapple-express\/#primaryimage"},"thumbnailUrl":"https:\/\/ograsmarknad.com\/wp-content\/uploads\/2021\/11\/pineapple-express.jpg","datePublished":"2021-11-08T08:50:29+00:00","dateModified":"2026-03-16T10:34:46+00:00","description":"Compre a variedade de can\u00e1bis Pineapple Express online na Ograsmarknad. Pineapple Express para venda, conhecida pelo seu sabor tropical e efeitos energ\u00e9ticos e estimulantes.","breadcrumb":{"@id":"https:\/\/ograsmarknad.com\/product\/pineapple-express\/#breadcrumb"},"inLanguage":"pt-PT","potentialAction":[{"@type":"ReadAction","target":["https:\/\/ograsmarknad.com\/product\/pineapple-express\/"]}]},{"@type":"ImageObject","inLanguage":"pt-PT","@id":"https:\/\/ograsmarknad.com\/product\/pineapple-express\/#primaryimage","url":"https:\/\/ograsmarknad.com\/wp-content\/uploads\/2021\/11\/pineapple-express.jpg","contentUrl":"https:\/\/ograsmarknad.com\/wp-content\/uploads\/2021\/11\/pineapple-express.jpg","width":600,"height":600,"caption":"pineapple-express"},{"@type":"BreadcrumbList","@id":"https:\/\/ograsmarknad.com\/product\/pineapple-express\/#breadcrumb","itemListElement":[{"@type":"ListItem","position":1,"name":"Home","item":"https:\/\/ograsmarknad.com\/"},{"@type":"ListItem","position":2,"name":"Shop","item":"https:\/\/ograsmarknad.com\/shop\/"},{"@type":"ListItem","position":3,"name":"Pineapple Express"}]},{"@type":"WebSite","@id":"https:\/\/ograsmarknad.com\/#website","url":"https:\/\/ograsmarknad.com\/","name":"Ogras Marknad","description":"Ogras Marknad","potentialAction":[{"@type":"SearchAction","target":{"@type":"EntryPoint","urlTemplate":"https:\/\/ograsmarknad.com\/?s={search_term_string}"},"query-input":{"@type":"PropertyValueSpecification","valueRequired":true,"valueName":"search_term_string"}}],"inLanguage":"pt-PT"}]}},"_links":{"self":[{"href":"https:\/\/ograsmarknad.com\/pt\/wp-json\/wp\/v2\/product\/9765","targetHints":{"allow":["GET"]}}],"collection":[{"href":"https:\/\/ograsmarknad.com\/pt\/wp-json\/wp\/v2\/product"}],"about":[{"href":"https:\/\/ograsmarknad.com\/pt\/wp-json\/wp\/v2\/types\/product"}],"replies":[{"embeddable":true,"href":"https:\/\/ograsmarknad.com\/pt\/wp-json\/wp\/v2\/comments?post=9765"}],"wp:featuredmedia":[{"embeddable":true,"href":"https:\/\/ograsmarknad.com\/pt\/wp-json\/wp\/v2\/media\/9770"}],"wp:attachment":[{"href":"https:\/\/ograsmarknad.com\/pt\/wp-json\/wp\/v2\/media?parent=9765"}],"wp:term":[{"taxonomy":"product_cat","embeddable":true,"href":"https:\/\/ograsmarknad.com\/pt\/wp-json\/wp\/v2\/product_cat?post=9765"},{"taxonomy":"product_tag","embeddable":true,"href":"https:\/\/ograsmarknad.com\/pt\/wp-json\/wp\/v2\/product_tag?post=9765"}],"curies":[{"name":"wp","href":"https:\/\/api.w.org\/{rel}","templated":true}]}}