{"id":9776,"date":"2021-11-08T08:54:37","date_gmt":"2021-11-08T08:54:37","guid":{"rendered":"https:\/\/ograsmarknad.com\/?post_type=product&#038;p=9776"},"modified":"2026-03-16T10:33:59","modified_gmt":"2026-03-16T10:33:59","slug":"strawberry-haze","status":"publish","type":"product","link":"https:\/\/ograsmarknad.com\/pt\/product\/strawberry-haze\/","title":{"rendered":"Strawberry Haze"},"content":{"rendered":"<h2 style=\"text-align: justify;\">Comprar Strawberry Haze online a pre\u00e7os baixos de Ogras Marknad<\/h2>\n<p style=\"text-align: justify;\"><a href=\"https:\/\/ograsmarknad.com\/pt\/product\/strawberry-haze\/\">Strawberry Haze<\/a>, tamb\u00e9m conhecida como Strawberry Haze de Arjan, \u00e9 uma cultivar dominante da Sativa com o nome de Arjan Roskam, um proeminente produtor de can\u00e1bis e fundador da Green House Seed Co. na Holanda. Strawberry Haze surgiu originalmente no mercado em meados dos anos 2000, com um pedigree intrincado que supostamente inclui uma mistura de Sativa su\u00ed\u00e7a, Northern Lights #5, Haze e Kali Mist. Comprar Strawberry Haze online na Europa, Su\u00e9cia, Finl\u00e2ndia, \u00c5land, Dinamarca, Est\u00f3nia, Portugal, Noruega em Ogras Marknad. <a href=\"https:\/\/ograsmarknad.com\/pt\/\">Ogras Marknad<\/a>.<\/p>\n<p style=\"text-align: justify;\">A Strawberry Haze para venda tem um aroma encantador de morangos deliciosos com tons florais, o que se traduz num sabor doce e terroso. Esta variedade produz uma altura corporal modesta e efeitos cerebrais fortes. A Strawberry Haze torna-a uma op\u00e7\u00e3o sedutora para os que procuram um zumbido criativo ou soci\u00e1vel.<\/p>\n<h3 style=\"text-align: justify;\">Mais informa\u00e7\u00f5es<\/h3>\n<p style=\"text-align: justify;\"><strong>Strawberry Haze online <\/strong>\u00e9 uma planta alta com ramos longos que podem ser cultivados dentro ou fora de casa, o que a torna uma boa candidata ao m\u00e9todo do Ecr\u00e3 Verde (ScrOG), que envolve a cria\u00e7\u00e3o de um ecr\u00e3 para maximizar a exposi\u00e7\u00e3o \u00e0 luz. Os cultivadores podem esperar rendimentos de at\u00e9 600 gramas por metro quadrado no interior e at\u00e9 800 gramas por planta no exterior ap\u00f3s um per\u00edodo de flora\u00e7\u00e3o de 10 semanas. No hemisf\u00e9rio norte, as condi\u00e7\u00f5es equatoriais ou tropicais s\u00e3o ideais para o cultivo no exterior, e a planta deve florescer em meados de Outubro no hemisf\u00e9rio norte e em meados de Abril no hemisf\u00e9rio sul.<\/p>\n<h3 style=\"text-align: justify;\">Benef\u00edcios<\/h3>\n<p style=\"text-align: justify;\">A Strawberry Haze, ao contr\u00e1rio de muitas outras estirpes h\u00edbridas, cont\u00e9m cerca de 1% de CDB, tornando-a uma excelente escolha para o tratamento de condi\u00e7\u00f5es m\u00e9dicas. Muitas pessoas t\u00eam dito que esta estirpe ajuda-as a lidar com a ansiedade e o desespero, e que tamb\u00e9m pode ajudar com os sintomas de ADD ou ADHD. A Strawberry Haze pode ajudar com uma variedade de dores e dores no corpo, incluindo enxaquecas, c\u00e3ibras musculares, dores nas articula\u00e7\u00f5es e mais. O melhor \u00e9 ter calma com esta estirpe, porque os seus deliciosos sabores podem tentar a comer em excesso.<\/p>\n<p style=\"text-align: justify;\">Encomende Strawberry Haze na Europa, Su\u00e9cia, Finl\u00e2ndia, Alemanha Dinamarca, Est\u00f3nia, Noruega na nossa loja online e espere a entrega em breve!<\/p>","protected":false},"excerpt":{"rendered":"<p>For Wholesale please contact us at<br \/>\nWickr ID: @williamspro<br \/>\nor via Whatsapp<br \/>\n<img loading=\"lazy\" decoding=\"async\" class=\"size-full wp-image-10162 alignleft\" src=\"https:\/\/ograsmarknad.com\/wp-content\/uploads\/2021\/11\/trust.jpg\" alt=\"Trust German\" width=\"300\" height=\"129\" srcset=\"https:\/\/ograsmarknad.com\/wp-content\/uploads\/2021\/11\/trust.jpg 300w, https:\/\/ograsmarknad.com\/wp-content\/uploads\/2021\/11\/trust-18x8.jpg 18w\" sizes=\"auto, (max-width: 300px) 100vw, 300px\" \/><\/p>","protected":false},"featured_media":9781,"comment_status":"open","ping_status":"closed","template":"","meta":{"_joinchat":[]},"product_cat":[71],"product_tag":[],"class_list":{"0":"post-9776","1":"product","2":"type-product","3":"status-publish","4":"has-post-thumbnail","6":"product_cat-gras-sw","8":"first","9":"instock","10":"shipping-taxable","11":"purchasable","12":"product-type-variable","13":"has-default-attributes"},"yoast_head":"<!-- This site is optimized with the Yoast SEO plugin v26.3 - https:\/\/yoast.com\/wordpress\/plugins\/seo\/ -->\n<title>Strawberry Haze ogr\u00e4ssort till salu \u2013 K\u00f6p Strawberry Haze online<\/title>\n<meta name=\"description\" content=\"K\u00f6p Strawberry Haze ogr\u00e4ssort online fr\u00e5n Ograsmarknad. Strawberry Haze till salu med s\u00f6t b\u00e4rsmak och upplyftande sativa-cannabiseffekter.\" \/>\n<meta name=\"robots\" content=\"index, follow, max-snippet:-1, max-image-preview:large, max-video-preview:-1\" \/>\n<link rel=\"canonical\" href=\"https:\/\/ograsmarknad.com\/pt\/product\/strawberry-haze\/\" \/>\n<meta property=\"og:locale\" content=\"pt_PT\" \/>\n<meta property=\"og:type\" content=\"article\" \/>\n<meta property=\"og:title\" content=\"Strawberry Haze ogr\u00e4ssort till salu \u2013 K\u00f6p Strawberry Haze online\" \/>\n<meta property=\"og:description\" content=\"K\u00f6p Strawberry Haze ogr\u00e4ssort online fr\u00e5n Ograsmarknad. Strawberry Haze till salu med s\u00f6t b\u00e4rsmak och upplyftande sativa-cannabiseffekter.\" \/>\n<meta property=\"og:url\" content=\"https:\/\/ograsmarknad.com\/pt\/product\/strawberry-haze\/\" \/>\n<meta property=\"og:site_name\" content=\"Ogras Marknad\" \/>\n<meta property=\"article:modified_time\" content=\"2026-03-16T10:33:59+00:00\" \/>\n<meta property=\"og:image\" content=\"https:\/\/ograsmarknad.com\/wp-content\/uploads\/2021\/11\/strawberry-haze.jpg\" \/>\n\t<meta property=\"og:image:width\" content=\"600\" \/>\n\t<meta property=\"og:image:height\" content=\"600\" \/>\n\t<meta property=\"og:image:type\" content=\"image\/jpeg\" \/>\n<meta name=\"twitter:card\" content=\"summary_large_image\" \/>\n<meta name=\"twitter:label1\" content=\"Tempo estimado de leitura\" \/>\n\t<meta name=\"twitter:data1\" content=\"2 minutos\" \/>\n<!-- \/ Yoast SEO plugin. -->","yoast_head_json":{"title":"Variedade de can\u00e1bis Strawberry Haze \u00e0 venda \u2013 Comprar Strawberry Haze online","description":"Compre a variedade de can\u00e1bis Strawberry Haze online na Ograsmarknad. Vendo Strawberry Haze com sabor adocicado a frutos silvestres e efeitos estimulantes da cannabis sativa.","robots":{"index":"index","follow":"follow","max-snippet":"max-snippet:-1","max-image-preview":"max-image-preview:large","max-video-preview":"max-video-preview:-1"},"canonical":"https:\/\/ograsmarknad.com\/pt\/product\/strawberry-haze\/","og_locale":"pt_PT","og_type":"article","og_title":"Strawberry Haze ogr\u00e4ssort till salu \u2013 K\u00f6p Strawberry Haze online","og_description":"K\u00f6p Strawberry Haze ogr\u00e4ssort online fr\u00e5n Ograsmarknad. Strawberry Haze till salu med s\u00f6t b\u00e4rsmak och upplyftande sativa-cannabiseffekter.","og_url":"https:\/\/ograsmarknad.com\/pt\/product\/strawberry-haze\/","og_site_name":"Ogras Marknad","article_modified_time":"2026-03-16T10:33:59+00:00","og_image":[{"width":600,"height":600,"url":"https:\/\/ograsmarknad.com\/wp-content\/uploads\/2021\/11\/strawberry-haze.jpg","type":"image\/jpeg"}],"twitter_card":"summary_large_image","twitter_misc":{"Tempo estimado de leitura":"2 minutos"},"schema":{"@context":"https:\/\/schema.org","@graph":[{"@type":"WebPage","@id":"https:\/\/ograsmarknad.com\/product\/strawberry-haze\/","url":"https:\/\/ograsmarknad.com\/product\/strawberry-haze\/","name":"Variedade de can\u00e1bis Strawberry Haze \u00e0 venda \u2013 Comprar Strawberry Haze online","isPartOf":{"@id":"https:\/\/ograsmarknad.com\/#website"},"primaryImageOfPage":{"@id":"https:\/\/ograsmarknad.com\/product\/strawberry-haze\/#primaryimage"},"image":{"@id":"https:\/\/ograsmarknad.com\/product\/strawberry-haze\/#primaryimage"},"thumbnailUrl":"https:\/\/ograsmarknad.com\/wp-content\/uploads\/2021\/11\/strawberry-haze.jpg","datePublished":"2021-11-08T08:54:37+00:00","dateModified":"2026-03-16T10:33:59+00:00","description":"Compre a variedade de can\u00e1bis Strawberry Haze online na Ograsmarknad. Vendo Strawberry Haze com sabor adocicado a frutos silvestres e efeitos estimulantes da cannabis sativa.","breadcrumb":{"@id":"https:\/\/ograsmarknad.com\/product\/strawberry-haze\/#breadcrumb"},"inLanguage":"pt-PT","potentialAction":[{"@type":"ReadAction","target":["https:\/\/ograsmarknad.com\/product\/strawberry-haze\/"]}]},{"@type":"ImageObject","inLanguage":"pt-PT","@id":"https:\/\/ograsmarknad.com\/product\/strawberry-haze\/#primaryimage","url":"https:\/\/ograsmarknad.com\/wp-content\/uploads\/2021\/11\/strawberry-haze.jpg","contentUrl":"https:\/\/ograsmarknad.com\/wp-content\/uploads\/2021\/11\/strawberry-haze.jpg","width":600,"height":600,"caption":"strawberry-haze"},{"@type":"BreadcrumbList","@id":"https:\/\/ograsmarknad.com\/product\/strawberry-haze\/#breadcrumb","itemListElement":[{"@type":"ListItem","position":1,"name":"Home","item":"https:\/\/ograsmarknad.com\/"},{"@type":"ListItem","position":2,"name":"Shop","item":"https:\/\/ograsmarknad.com\/shop\/"},{"@type":"ListItem","position":3,"name":"Strawberry Haze"}]},{"@type":"WebSite","@id":"https:\/\/ograsmarknad.com\/#website","url":"https:\/\/ograsmarknad.com\/","name":"Ogras Marknad","description":"Ogras Marknad","potentialAction":[{"@type":"SearchAction","target":{"@type":"EntryPoint","urlTemplate":"https:\/\/ograsmarknad.com\/?s={search_term_string}"},"query-input":{"@type":"PropertyValueSpecification","valueRequired":true,"valueName":"search_term_string"}}],"inLanguage":"pt-PT"}]}},"_links":{"self":[{"href":"https:\/\/ograsmarknad.com\/pt\/wp-json\/wp\/v2\/product\/9776","targetHints":{"allow":["GET"]}}],"collection":[{"href":"https:\/\/ograsmarknad.com\/pt\/wp-json\/wp\/v2\/product"}],"about":[{"href":"https:\/\/ograsmarknad.com\/pt\/wp-json\/wp\/v2\/types\/product"}],"replies":[{"embeddable":true,"href":"https:\/\/ograsmarknad.com\/pt\/wp-json\/wp\/v2\/comments?post=9776"}],"wp:featuredmedia":[{"embeddable":true,"href":"https:\/\/ograsmarknad.com\/pt\/wp-json\/wp\/v2\/media\/9781"}],"wp:attachment":[{"href":"https:\/\/ograsmarknad.com\/pt\/wp-json\/wp\/v2\/media?parent=9776"}],"wp:term":[{"taxonomy":"product_cat","embeddable":true,"href":"https:\/\/ograsmarknad.com\/pt\/wp-json\/wp\/v2\/product_cat?post=9776"},{"taxonomy":"product_tag","embeddable":true,"href":"https:\/\/ograsmarknad.com\/pt\/wp-json\/wp\/v2\/product_tag?post=9776"}],"curies":[{"name":"wp","href":"https:\/\/api.w.org\/{rel}","templated":true}]}}