{"id":9823,"date":"2021-11-08T15:25:41","date_gmt":"2021-11-08T15:25:41","guid":{"rendered":"https:\/\/ograsmarknad.com\/?post_type=product&#038;p=9823"},"modified":"2024-05-31T05:23:51","modified_gmt":"2024-05-31T05:23:51","slug":"banana-kush-hash","status":"publish","type":"product","link":"https:\/\/ograsmarknad.com\/pt\/product\/banana-kush-hash\/","title":{"rendered":"Banana Kush Hash"},"content":{"rendered":"<h2 style=\"text-align: justify;\">Banana Kush Hash - Encomende directamente no Mercado Ogras!<\/h2>\n<p style=\"text-align: justify;\">Banana Kush Hash para venda \u00e9 uma variedade da costa ocidental reconhecida pelo seu sabor a banana e pela sua combina\u00e7\u00e3o euforia\/ sonol\u00eancia. \u00c9 um h\u00edbrido de Ghost Og e Skunk Haze que \u00e9 moderadamente dif\u00edcil de cultivar e produz um baixo rendimento.<\/p>\n<p style=\"text-align: justify;\">Nada se compara ao cheiro de uma linhagem fina de kush. O Banana Kush \u00e9 um membro popular da fam\u00edlia Ogkush, com um sabor deliciosamente doce e frutado. Esta estirpe \u00e9 popular para dist\u00farbios relacionados com o sono e condi\u00e7\u00f5es psicol\u00f3gicas, porque \u00e9 relaxante, sonolento e um pouco pateta. Apanhe-a depois de um longo dia ou num fim-de-semana pregui\u00e7oso, quando n\u00e3o tem nada melhor para fazer. Compre hoje o Banana Kush Hash online na Su\u00e9cia, Finl\u00e2ndia, \u00c5land, Dinamarca, Est\u00f3nia e Noruega na nossa loja!<\/p>\n<h3 style=\"text-align: justify;\">Experi\u00eancia do Banana Kush Hash<\/h3>\n<p style=\"text-align: justify;\">O Banana Kush Hash para venda pode ter um aroma doce e inocente, mas n\u00e3o se deixe enganar. Esta flor \u00e9 uma for\u00e7a a ter em conta. O Banana Kush tem um aspecto calmante que torna f\u00e1cil de derrubar ou ser apanhado. \u00c9 melhor guardada para a noite ou para um relaxante dia de fim-de-semana. Dependendo do tipo de planta que se encontra, os efeitos sonolentos podem ser diferentes.<\/p>\n<p style=\"text-align: justify;\">Os efeitos indutores do sono s\u00e3o t\u00e3o fortes que a maioria dos utilizadores de marijuana guardam-na para pouco antes de dormir - mesmo os utilizadores de can\u00e1bis condimentados ter\u00e3o dificuldade em manter-se acordados com esta.<\/p>\n<p style=\"text-align: justify;\">Esta flor \u00e9 geralmente considerada alegre, optimista e calmante. Embora seja melhor utilizada quando n\u00e3o se tem muito no prato, esta flor tamb\u00e9m \u00e9 \u00f3ptima para situa\u00e7\u00f5es stressantes quando se precisa de um pouco de ajuda extra, mantendo-se fresca e relaxada.<\/p>\n<h3 style=\"text-align: justify;\">Os benef\u00edcios para a sa\u00fade do Banana Kush<\/h3>\n<p style=\"text-align: justify;\">Esta variedade \u00e9 uma das mais suaves da fam\u00edlia e kush, tornando-a popular entre os pacientes com marijuana medicinal que s\u00e3o novos na cannabis ou que n\u00e3o fumam com muita frequ\u00eancia. Os efeitos calmantes e euf\u00f3ricos da Banana Kush podem ajud\u00e1-lo a descansar um pouco e, quando apropriado, pode promover uma sensa\u00e7\u00e3o positiva de bem-estar.<\/p>\n<ul style=\"text-align: justify;\">\n<li>Devido aos seus fortes efeitos sedativos, esta estirpe \u00e9 excelente para pessoas que sofrem de ins\u00f3nia.<\/li>\n<li>Os pacientes que sofrem de depress\u00e3o apreciar\u00e3o a eleva\u00e7\u00e3o e euf\u00f3rica que esta estirpe proporciona.<\/li>\n<li>Esta estirpe \u00e9 ideal para aliviar a dor cr\u00f3nica devido aos seus poderosos efeitos indica.<\/li>\n<\/ul>\n<p style=\"text-align: justify;\">Encomende j\u00e1 o Banana Kush Hash Online no Ogras Market!<\/p>","protected":false},"excerpt":{"rendered":"<p>For Wholesale please contact us at<br \/>\nWickr ID: @williamspro<br \/>\nor via Whatsapp<br \/>\n<img loading=\"lazy\" decoding=\"async\" class=\"size-full wp-image-10162 alignleft\" src=\"https:\/\/ograsmarknad.com\/wp-content\/uploads\/2021\/11\/trust.jpg\" alt=\"Trust German\" width=\"300\" height=\"129\" srcset=\"https:\/\/ograsmarknad.com\/wp-content\/uploads\/2021\/11\/trust.jpg 300w, https:\/\/ograsmarknad.com\/wp-content\/uploads\/2021\/11\/trust-18x8.jpg 18w\" sizes=\"auto, (max-width: 300px) 100vw, 300px\" \/><\/p>","protected":false},"featured_media":9828,"comment_status":"open","ping_status":"closed","template":"","meta":{"_joinchat":[]},"product_cat":[72],"product_tag":[],"class_list":{"0":"post-9823","1":"product","2":"type-product","3":"status-publish","4":"has-post-thumbnail","6":"product_cat-hash","8":"first","9":"instock","10":"shipping-taxable","11":"purchasable","12":"product-type-variable","13":"has-default-attributes"},"yoast_head":"<!-- This site is optimized with the Yoast SEO plugin v26.3 - https:\/\/yoast.com\/wordpress\/plugins\/seo\/ -->\n<title>Banana Kush Hash - Ogras Marknad<\/title>\n<meta name=\"robots\" content=\"index, follow, max-snippet:-1, max-image-preview:large, max-video-preview:-1\" \/>\n<link rel=\"canonical\" href=\"https:\/\/ograsmarknad.com\/pt\/product\/banana-kush-hash\/\" \/>\n<meta property=\"og:locale\" content=\"pt_PT\" \/>\n<meta property=\"og:type\" content=\"article\" \/>\n<meta property=\"og:title\" content=\"Banana Kush Hash - Ogras Marknad\" \/>\n<meta property=\"og:description\" content=\"For Wholesale please contact us at Wickr ID: @williamspro or via Whatsapp\" \/>\n<meta property=\"og:url\" content=\"https:\/\/ograsmarknad.com\/pt\/product\/banana-kush-hash\/\" \/>\n<meta property=\"og:site_name\" content=\"Ogras Marknad\" \/>\n<meta property=\"article:modified_time\" content=\"2024-05-31T05:23:51+00:00\" \/>\n<meta property=\"og:image\" content=\"https:\/\/ograsmarknad.com\/wp-content\/uploads\/2021\/11\/banana-kush-hash.jpg\" \/>\n\t<meta property=\"og:image:width\" content=\"600\" \/>\n\t<meta property=\"og:image:height\" content=\"600\" \/>\n\t<meta property=\"og:image:type\" content=\"image\/jpeg\" \/>\n<meta name=\"twitter:card\" content=\"summary_large_image\" \/>\n<meta name=\"twitter:label1\" content=\"Tempo estimado de leitura\" \/>\n\t<meta name=\"twitter:data1\" content=\"2 minutos\" \/>\n<!-- \/ Yoast SEO plugin. -->","yoast_head_json":{"title":"Banana Kush Hash - Ogras Marknad","robots":{"index":"index","follow":"follow","max-snippet":"max-snippet:-1","max-image-preview":"max-image-preview:large","max-video-preview":"max-video-preview:-1"},"canonical":"https:\/\/ograsmarknad.com\/pt\/product\/banana-kush-hash\/","og_locale":"pt_PT","og_type":"article","og_title":"Banana Kush Hash - Ogras Marknad","og_description":"For Wholesale please contact us at Wickr ID: @williamspro or via Whatsapp","og_url":"https:\/\/ograsmarknad.com\/pt\/product\/banana-kush-hash\/","og_site_name":"Ogras Marknad","article_modified_time":"2024-05-31T05:23:51+00:00","og_image":[{"width":600,"height":600,"url":"https:\/\/ograsmarknad.com\/wp-content\/uploads\/2021\/11\/banana-kush-hash.jpg","type":"image\/jpeg"}],"twitter_card":"summary_large_image","twitter_misc":{"Tempo estimado de leitura":"2 minutos"},"schema":{"@context":"https:\/\/schema.org","@graph":[{"@type":"WebPage","@id":"https:\/\/ograsmarknad.com\/product\/banana-kush-hash\/","url":"https:\/\/ograsmarknad.com\/product\/banana-kush-hash\/","name":"Banana Kush Hash - Ogras Marknad","isPartOf":{"@id":"https:\/\/ograsmarknad.com\/#website"},"primaryImageOfPage":{"@id":"https:\/\/ograsmarknad.com\/product\/banana-kush-hash\/#primaryimage"},"image":{"@id":"https:\/\/ograsmarknad.com\/product\/banana-kush-hash\/#primaryimage"},"thumbnailUrl":"https:\/\/ograsmarknad.com\/wp-content\/uploads\/2021\/11\/banana-kush-hash.jpg","datePublished":"2021-11-08T15:25:41+00:00","dateModified":"2024-05-31T05:23:51+00:00","breadcrumb":{"@id":"https:\/\/ograsmarknad.com\/product\/banana-kush-hash\/#breadcrumb"},"inLanguage":"pt-PT","potentialAction":[{"@type":"ReadAction","target":["https:\/\/ograsmarknad.com\/product\/banana-kush-hash\/"]}]},{"@type":"ImageObject","inLanguage":"pt-PT","@id":"https:\/\/ograsmarknad.com\/product\/banana-kush-hash\/#primaryimage","url":"https:\/\/ograsmarknad.com\/wp-content\/uploads\/2021\/11\/banana-kush-hash.jpg","contentUrl":"https:\/\/ograsmarknad.com\/wp-content\/uploads\/2021\/11\/banana-kush-hash.jpg","width":600,"height":600,"caption":"banana-kush-hash"},{"@type":"BreadcrumbList","@id":"https:\/\/ograsmarknad.com\/product\/banana-kush-hash\/#breadcrumb","itemListElement":[{"@type":"ListItem","position":1,"name":"Home","item":"https:\/\/ograsmarknad.com\/"},{"@type":"ListItem","position":2,"name":"Shop","item":"https:\/\/ograsmarknad.com\/shop\/"},{"@type":"ListItem","position":3,"name":"Banana Kush Hash"}]},{"@type":"WebSite","@id":"https:\/\/ograsmarknad.com\/#website","url":"https:\/\/ograsmarknad.com\/","name":"Ogras Marknad","description":"Ogras Marknad","potentialAction":[{"@type":"SearchAction","target":{"@type":"EntryPoint","urlTemplate":"https:\/\/ograsmarknad.com\/?s={search_term_string}"},"query-input":{"@type":"PropertyValueSpecification","valueRequired":true,"valueName":"search_term_string"}}],"inLanguage":"pt-PT"}]}},"_links":{"self":[{"href":"https:\/\/ograsmarknad.com\/pt\/wp-json\/wp\/v2\/product\/9823","targetHints":{"allow":["GET"]}}],"collection":[{"href":"https:\/\/ograsmarknad.com\/pt\/wp-json\/wp\/v2\/product"}],"about":[{"href":"https:\/\/ograsmarknad.com\/pt\/wp-json\/wp\/v2\/types\/product"}],"replies":[{"embeddable":true,"href":"https:\/\/ograsmarknad.com\/pt\/wp-json\/wp\/v2\/comments?post=9823"}],"wp:featuredmedia":[{"embeddable":true,"href":"https:\/\/ograsmarknad.com\/pt\/wp-json\/wp\/v2\/media\/9828"}],"wp:attachment":[{"href":"https:\/\/ograsmarknad.com\/pt\/wp-json\/wp\/v2\/media?parent=9823"}],"wp:term":[{"taxonomy":"product_cat","embeddable":true,"href":"https:\/\/ograsmarknad.com\/pt\/wp-json\/wp\/v2\/product_cat?post=9823"},{"taxonomy":"product_tag","embeddable":true,"href":"https:\/\/ograsmarknad.com\/pt\/wp-json\/wp\/v2\/product_tag?post=9823"}],"curies":[{"name":"wp","href":"https:\/\/api.w.org\/{rel}","templated":true}]}}