{"id":9867,"date":"2021-11-09T09:46:58","date_gmt":"2021-11-09T09:46:58","guid":{"rendered":"https:\/\/ograsmarknad.com\/?post_type=product&#038;p=9867"},"modified":"2026-03-16T10:48:49","modified_gmt":"2026-03-16T10:48:49","slug":"thc-olja-i-grossistledet","status":"publish","type":"product","link":"https:\/\/ograsmarknad.com\/pt\/product\/thc-olja-i-grossistledet\/","title":{"rendered":"\u00a0\u00d3leo THC no atacado"},"content":{"rendered":"<h2 style=\"text-align: justify;\">Compre \u00f3leo THC a pre\u00e7os baratos aqui - THC \u00d3leo Para venda - Ogras Marknad!<\/h2>\n<p style=\"text-align: justify;\">Kvalitet <a href=\"https:\/\/ograsmarknad.com\/pt\/product\/thc-olja-i-grossistledet\/\">THC online till salu<\/a>THC de qualidade para venda on-line, Quando fumar flores de cannabis para obter THC (tetrahidrocanabinol) ainda \u00e9 o m\u00e9todo de ingest\u00e3o mais popular, Thc Oils fornece uma nova maneira de desfrutar da cannabis. Os \u00f3leos de THC s\u00e3o produzidos extraindo o valioso THC e outros canabin\u00f3ides da planta da maconha. voc\u00ea tamb\u00e9m pode nos encomendar \u00f3leos de k2 ou pap\u00e9is de k2 <a href=\"https:\/\/en.wikipedia.org\/w\/index.php?search=thc+oil+for+sale+&amp;title=Special%3ASearch&amp;go=Go&amp;ns0=1\">av<\/a> Utilizamos diversos processos de extra\u00e7\u00e3o para suspender os canabinoides num \u00f3leo veicular, como o \u00f3leo MCT ou o \u00f3leo de c\u00e2nhamo. Na Ogras Marknad, disponibilizamos \u00f3leo de THC para venda na Su\u00e9cia, Finl\u00e2ndia, Ilhas \u00c5land, Dinamarca, Est\u00f3nia e Noruega. Entre em contacto connosco diretamente e fa\u00e7a o seu pedido sem complica\u00e7\u00f5es.<\/p>\n<h3 style=\"text-align: justify;\">Qual \u00e9 a melhor maneira de usar o \u00f3leo thc Cannabis on-line para venda on-line - Onde posso comprar maconha de qualidade on-line ?<\/h3>\n<p style=\"text-align: justify;\">A maior parte do \u00f3leo \u00e9 concebido para ser utilizado em canetas ou carrinhos de tiro. Alguns \u00f3leos de THC, especialmente aqueles com uma consist\u00eancia mais espessa, como o \u00f3leo RSO, s\u00e3o adequados para utiliza\u00e7\u00e3o com um aparelho DAB, uma vez que s\u00e3o mais f\u00e1ceis de pingar sobre um prego aquecido de forma controlada. Basta pegar numa caneta ou cartucho pr\u00e9-cheio e utiliz\u00e1-lo sempre que quiser. Dabbing com <a href=\"https:\/\/ograsmarknad.com\/pt\/product\/thc-olja-i-grossistledet\/\">en<\/a> Por outro lado, um bongo permite um maior controlo, pois pode pingar exatamente a quantidade de \u00f3leo desejada no prego aquecido. Al\u00e9m disso, algumas pessoas afirmam que o dabbing produz resultados superiores. Compre \u00f3leo de THC online na Su\u00e9cia, Finl\u00e2ndia, Ilhas \u00c5land, Dinamarca, Est\u00f3nia e Noruega hoje mesmo!<\/p>\n<h3 style=\"text-align: justify;\">O \u00f3leo THC \u00e9 seguro para o consumo? - Compre \u00f3leo de Cannabis online<\/h3>\n<p style=\"text-align: justify;\">O \u00f3leo de THC pode ser ingerido, embora a maioria dos indiv\u00edduos prefira uma dosagem sublingual (debaixo da l\u00edngua) porque os efeitos podem ser sentidos se <a href=\"https:\/\/ograsmarknad.com\/pt\/\">15<\/a> a 30 minutos, o que \u00e9 apenas alguns minutos a mais do que a inala\u00e7\u00e3o. Como qualquer outro tipo de can\u00e1bis comest\u00edvel, o \u00f3leo leva e consome de 30 a 60 minutos para atingir todos os benef\u00edcios.<\/p>\n<p style=\"text-align: justify;\">Estamos aqui para ajud\u00e1-lo a encomendar a Thc Oil online a pre\u00e7os baratos. Entre em contato com nossa loja online e submeta suas exig\u00eancias!<\/p>\n<h3>N\u00f3s do THC OIL<\/h3>\n<p>A seringa de destilado de THC \u00e9 uma vers\u00e3o refinada e concentrada de THC para garantir que pode desfrutar ao m\u00e1ximo da can\u00e1bis. Al\u00e9m disso, os destilados de THC podem ser utilizados para fins recreativos, ajudando-o a levantar-se em minutos. Poder\u00e1 sentir-se sobrecarregado com a vasta quantidade de informa\u00e7\u00e3o dispon\u00edvel, pelo que o Cannabud Post compilou um breve guia abaixo. A informa\u00e7\u00e3o abaixo foi concebida para o ajudar a tornar-se um profissional no cultivo de cannabis e esperamos poder dar-lhe alguns conselhos antes da sua pr\u00f3xima sess\u00e3o de fumo.<\/p>\n<p>Se quiser manter o \u00f3leo de ervas daninhas na sua l\u00edngua, os destilados de THC provaram ser uma escolha eficaz, por isso experimente-os, veja como se sente e depois continue. Comprar destilados de THC a granel online<\/p>\n<p>Ainda hoje, muitos consumidores n\u00e3o experientes n\u00e3o est\u00e3o seguros das diferen\u00e7as entre o THC e a CDB. Com cartuchos destilados \u00e9 muito f\u00e1cil escolher entre comest\u00edveis de alta pot\u00eancia com elevado teor de THC e baixo teor de CBD. Para os concentrados, os utilizadores m\u00e9dicos tendem a preferir as comest\u00edveis de alta pot\u00eancia, de alta CBD e\/ou de baixo teor de THC.<\/p>\n<h3><strong>Venda por grosso de \u00f3leo THC em linha \\ \u00d3leo THC de qualidade para venda<\/strong><\/h3>\n<p>Ol\u00e1, pessoas na Europa que utilizam diariamente o \u00f3leo de thc, temos boas not\u00edcias para si. Ograsmarknad oferece-lhe os melhores \u00f3leos de can\u00e1bis online. Distribu\u00edmos \u00f3leo de THC de alta qualidade em toda a Europa, Su\u00e9cia, Dinamarca, B\u00e9lgica e no resto do mundo. Pode contactar-nos para o melhor pre\u00e7o e encomendar o seu \u00f3leo de THC agora mesmo.<\/p>\n<p>&nbsp;<\/p>","protected":false},"excerpt":{"rendered":"<p>For Wholesale please contact us at<br \/>\nWickr ID: @williamspro<br \/>\nor via Whatsapp<br \/>\n<img loading=\"lazy\" decoding=\"async\" class=\"size-full wp-image-10162 alignleft\" src=\"https:\/\/ograsmarknad.com\/wp-content\/uploads\/2021\/11\/trust.jpg\" alt=\"Trust German\" width=\"300\" height=\"129\" srcset=\"https:\/\/ograsmarknad.com\/wp-content\/uploads\/2021\/11\/trust.jpg 300w, https:\/\/ograsmarknad.com\/wp-content\/uploads\/2021\/11\/trust-18x8.jpg 18w\" sizes=\"auto, (max-width: 300px) 100vw, 300px\" \/><\/p>","protected":false},"featured_media":9872,"comment_status":"open","ping_status":"closed","template":"","meta":{"_joinchat":[]},"product_cat":[74],"product_tag":[],"class_list":{"0":"post-9867","1":"product","2":"type-product","3":"status-publish","4":"has-post-thumbnail","6":"product_cat-thc-olja","8":"first","9":"instock","10":"shipping-taxable","11":"purchasable","12":"product-type-variable","13":"has-default-attributes"},"yoast_head":"<!-- This site is optimized with the Yoast SEO plugin v26.3 - https:\/\/yoast.com\/wordpress\/plugins\/seo\/ -->\n<title>THC-olja grossist till salu \u2013 K\u00f6p THC-olja i Grossistledet online<\/title>\n<meta name=\"description\" content=\"K\u00f6p THC-olja i Grossistledet online fr\u00e5n Ograsmarknad. THC-olja grossist till salu som erbjuder cannabisextrakt i bulk.\" \/>\n<meta name=\"robots\" content=\"index, follow, max-snippet:-1, max-image-preview:large, max-video-preview:-1\" \/>\n<link rel=\"canonical\" href=\"https:\/\/ograsmarknad.com\/pt\/product\/thc-olja-i-grossistledet\/\" \/>\n<meta property=\"og:locale\" content=\"pt_PT\" \/>\n<meta property=\"og:type\" content=\"article\" \/>\n<meta property=\"og:title\" content=\"THC-olja grossist till salu \u2013 K\u00f6p THC-olja i Grossistledet online\" \/>\n<meta property=\"og:description\" content=\"K\u00f6p THC-olja i Grossistledet online fr\u00e5n Ograsmarknad. THC-olja grossist till salu som erbjuder cannabisextrakt i bulk.\" \/>\n<meta property=\"og:url\" content=\"https:\/\/ograsmarknad.com\/pt\/product\/thc-olja-i-grossistledet\/\" \/>\n<meta property=\"og:site_name\" content=\"Ogras Marknad\" \/>\n<meta property=\"article:modified_time\" content=\"2026-03-16T10:48:49+00:00\" \/>\n<meta property=\"og:image\" content=\"https:\/\/ograsmarknad.com\/wp-content\/uploads\/2021\/11\/thc-oil.jpg\" \/>\n\t<meta property=\"og:image:width\" content=\"600\" \/>\n\t<meta property=\"og:image:height\" content=\"600\" \/>\n\t<meta property=\"og:image:type\" content=\"image\/jpeg\" \/>\n<meta name=\"twitter:card\" content=\"summary_large_image\" \/>\n<meta name=\"twitter:label1\" content=\"Tempo estimado de leitura\" \/>\n\t<meta name=\"twitter:data1\" content=\"3 minutos\" \/>\n<!-- \/ Yoast SEO plugin. -->","yoast_head_json":{"title":"\u00d3leo de THC para venda por grosso \u2013 Compre \u00f3leo de THC por grosso online.","description":"Compre \u00f3leo de THC por grosso online na Ograsmarknad. Grossista de \u00f3leo de THC que oferece extrato de can\u00e1bis a granel.","robots":{"index":"index","follow":"follow","max-snippet":"max-snippet:-1","max-image-preview":"max-image-preview:large","max-video-preview":"max-video-preview:-1"},"canonical":"https:\/\/ograsmarknad.com\/pt\/product\/thc-olja-i-grossistledet\/","og_locale":"pt_PT","og_type":"article","og_title":"THC-olja grossist till salu \u2013 K\u00f6p THC-olja i Grossistledet online","og_description":"K\u00f6p THC-olja i Grossistledet online fr\u00e5n Ograsmarknad. THC-olja grossist till salu som erbjuder cannabisextrakt i bulk.","og_url":"https:\/\/ograsmarknad.com\/pt\/product\/thc-olja-i-grossistledet\/","og_site_name":"Ogras Marknad","article_modified_time":"2026-03-16T10:48:49+00:00","og_image":[{"width":600,"height":600,"url":"https:\/\/ograsmarknad.com\/wp-content\/uploads\/2021\/11\/thc-oil.jpg","type":"image\/jpeg"}],"twitter_card":"summary_large_image","twitter_misc":{"Tempo estimado de leitura":"3 minutos"},"schema":{"@context":"https:\/\/schema.org","@graph":[{"@type":"WebPage","@id":"https:\/\/ograsmarknad.com\/product\/thc-olja-i-grossistledet\/","url":"https:\/\/ograsmarknad.com\/product\/thc-olja-i-grossistledet\/","name":"\u00d3leo de THC para venda por grosso \u2013 Compre \u00f3leo de THC por grosso online.","isPartOf":{"@id":"https:\/\/ograsmarknad.com\/#website"},"primaryImageOfPage":{"@id":"https:\/\/ograsmarknad.com\/product\/thc-olja-i-grossistledet\/#primaryimage"},"image":{"@id":"https:\/\/ograsmarknad.com\/product\/thc-olja-i-grossistledet\/#primaryimage"},"thumbnailUrl":"https:\/\/ograsmarknad.com\/wp-content\/uploads\/2021\/11\/thc-oil.jpg","datePublished":"2021-11-09T09:46:58+00:00","dateModified":"2026-03-16T10:48:49+00:00","description":"Compre \u00f3leo de THC por grosso online na Ograsmarknad. Grossista de \u00f3leo de THC que oferece extrato de can\u00e1bis a granel.","breadcrumb":{"@id":"https:\/\/ograsmarknad.com\/product\/thc-olja-i-grossistledet\/#breadcrumb"},"inLanguage":"pt-PT","potentialAction":[{"@type":"ReadAction","target":["https:\/\/ograsmarknad.com\/product\/thc-olja-i-grossistledet\/"]}]},{"@type":"ImageObject","inLanguage":"pt-PT","@id":"https:\/\/ograsmarknad.com\/product\/thc-olja-i-grossistledet\/#primaryimage","url":"https:\/\/ograsmarknad.com\/wp-content\/uploads\/2021\/11\/thc-oil.jpg","contentUrl":"https:\/\/ograsmarknad.com\/wp-content\/uploads\/2021\/11\/thc-oil.jpg","width":600,"height":600,"caption":"thc-oil"},{"@type":"BreadcrumbList","@id":"https:\/\/ograsmarknad.com\/product\/thc-olja-i-grossistledet\/#breadcrumb","itemListElement":[{"@type":"ListItem","position":1,"name":"Home","item":"https:\/\/ograsmarknad.com\/"},{"@type":"ListItem","position":2,"name":"Shop","item":"https:\/\/ograsmarknad.com\/shop\/"},{"@type":"ListItem","position":3,"name":"THC-olja i grossistledet"}]},{"@type":"WebSite","@id":"https:\/\/ograsmarknad.com\/#website","url":"https:\/\/ograsmarknad.com\/","name":"Ogras Marknad","description":"Ogras Marknad","potentialAction":[{"@type":"SearchAction","target":{"@type":"EntryPoint","urlTemplate":"https:\/\/ograsmarknad.com\/?s={search_term_string}"},"query-input":{"@type":"PropertyValueSpecification","valueRequired":true,"valueName":"search_term_string"}}],"inLanguage":"pt-PT"}]}},"_links":{"self":[{"href":"https:\/\/ograsmarknad.com\/pt\/wp-json\/wp\/v2\/product\/9867","targetHints":{"allow":["GET"]}}],"collection":[{"href":"https:\/\/ograsmarknad.com\/pt\/wp-json\/wp\/v2\/product"}],"about":[{"href":"https:\/\/ograsmarknad.com\/pt\/wp-json\/wp\/v2\/types\/product"}],"replies":[{"embeddable":true,"href":"https:\/\/ograsmarknad.com\/pt\/wp-json\/wp\/v2\/comments?post=9867"}],"wp:featuredmedia":[{"embeddable":true,"href":"https:\/\/ograsmarknad.com\/pt\/wp-json\/wp\/v2\/media\/9872"}],"wp:attachment":[{"href":"https:\/\/ograsmarknad.com\/pt\/wp-json\/wp\/v2\/media?parent=9867"}],"wp:term":[{"taxonomy":"product_cat","embeddable":true,"href":"https:\/\/ograsmarknad.com\/pt\/wp-json\/wp\/v2\/product_cat?post=9867"},{"taxonomy":"product_tag","embeddable":true,"href":"https:\/\/ograsmarknad.com\/pt\/wp-json\/wp\/v2\/product_tag?post=9867"}],"curies":[{"name":"wp","href":"https:\/\/api.w.org\/{rel}","templated":true}]}}