{"id":9331,"date":"2020-04-24T10:46:46","date_gmt":"2020-04-24T10:46:46","guid":{"rendered":"https:\/\/demo.goodlayers.com\/cannamed\/demo1\/?page_id=9331"},"modified":"2024-12-31T06:24:35","modified_gmt":"2024-12-31T06:24:35","slug":"home-demo-2","status":"publish","type":"page","link":"https:\/\/ograsmarknad.com\/tr\/","title":{"rendered":"Home"},"content":{"rendered":"","protected":false},"excerpt":{"rendered":"","protected":false},"author":1,"featured_media":0,"parent":0,"menu_order":0,"comment_status":"closed","ping_status":"closed","template":"","meta":{"_joinchat":[],"footnotes":""},"class_list":["post-9331","page","type-page","status-publish","hentry"],"yoast_head":"<!-- This site is optimized with the Yoast SEO plugin v26.3 - https:\/\/yoast.com\/wordpress\/plugins\/seo\/ -->\n<title>K\u00f6pa cannabis online - K\u00f6pa gr\u00e4s sverige, K\u00f6pa weed online, K\u00f6pa hasch<\/title>\n<meta name=\"description\" content=\"Ogras Marknad \u00e4r det b\u00e4sta st\u00e4llet att k\u00f6pa cannabis online, k\u00f6pa gr\u00e4s, k\u00f6pa marijuana, k\u00f6pa hash online lagligt i Sverige till de billiga priserna. Best\u00e4ll gr\u00e4s online idag med diskret frakt!\" \/>\n<meta name=\"robots\" content=\"index, follow, max-snippet:-1, max-image-preview:large, max-video-preview:-1\" \/>\n<link rel=\"canonical\" href=\"https:\/\/ograsmarknad.com\/tr\/\" \/>\n<meta property=\"og:locale\" content=\"tr_TR\" \/>\n<meta property=\"og:type\" content=\"article\" \/>\n<meta property=\"og:title\" content=\"K\u00f6pa cannabis online - K\u00f6pa gr\u00e4s sverige, K\u00f6pa weed online, K\u00f6pa hasch\" \/>\n<meta property=\"og:description\" content=\"Ogras Marknad \u00e4r det b\u00e4sta st\u00e4llet att k\u00f6pa cannabis online, k\u00f6pa gr\u00e4s, k\u00f6pa marijuana, k\u00f6pa hash online lagligt i Sverige till de billiga priserna. Best\u00e4ll gr\u00e4s online idag med diskret frakt!\" \/>\n<meta property=\"og:url\" content=\"https:\/\/ograsmarknad.com\/tr\/\" \/>\n<meta property=\"og:site_name\" content=\"Ogras Marknad\" \/>\n<meta property=\"article:modified_time\" content=\"2024-12-31T06:24:35+00:00\" \/>\n<meta name=\"twitter:card\" content=\"summary_large_image\" \/>\n<meta name=\"twitter:label1\" content=\"Tahmini okuma s\u00fcresi\" \/>\n\t<meta name=\"twitter:data1\" content=\"13 dakika\" \/>\n<!-- \/ Yoast SEO plugin. -->","yoast_head_json":{"title":"Esrar sat\u0131n al - Sat\u0131l\u0131k esrar, Ot sat\u0131n al, Marijuana sat\u0131n al, Amsterdam tohum sipari\u015fi","description":"Biz en iyi \u00e7evrimi\u00e7i ot d\u00fckkan\u0131y\u0131z i\u00e7in esrar sat\u0131n al, sat\u0131l\u0131k esrar, ot sat\u0131n al, marijuana sat\u0131n al d\u00fc\u015f\u00fck fiyatlarla. Esrar sat\u0131n al, sat\u0131l\u0131k esrar \u00e7evrimi\u00e7i burada!","robots":{"index":"index","follow":"follow","max-snippet":"max-snippet:-1","max-image-preview":"max-image-preview:large","max-video-preview":"max-video-preview:-1"},"canonical":"https:\/\/ograsmarknad.com\/tr\/","og_locale":"tr_TR","og_type":"article","og_title":"K\u00f6pa cannabis online - K\u00f6pa gr\u00e4s sverige, K\u00f6pa weed online, K\u00f6pa hasch","og_description":"Ogras Marknad \u00e4r det b\u00e4sta st\u00e4llet att k\u00f6pa cannabis online, k\u00f6pa gr\u00e4s, k\u00f6pa marijuana, k\u00f6pa hash online lagligt i Sverige till de billiga priserna. Best\u00e4ll gr\u00e4s online idag med diskret frakt!","og_url":"https:\/\/ograsmarknad.com\/tr\/","og_site_name":"Ogras Marknad","article_modified_time":"2024-12-31T06:24:35+00:00","twitter_card":"summary_large_image","twitter_misc":{"Tahmini okuma s\u00fcresi":"13 dakika"},"schema":{"@context":"https:\/\/schema.org","@graph":[{"@type":"WebPage","@id":"https:\/\/ograsmarknad.com\/","url":"https:\/\/ograsmarknad.com\/","name":"Esrar sat\u0131n al - Sat\u0131l\u0131k esrar, Ot sat\u0131n al, Marijuana sat\u0131n al, Amsterdam tohum sipari\u015fi","isPartOf":{"@id":"https:\/\/ograsmarknad.com\/#website"},"datePublished":"2020-04-24T10:46:46+00:00","dateModified":"2024-12-31T06:24:35+00:00","description":"Biz en iyi \u00e7evrimi\u00e7i ot d\u00fckkan\u0131y\u0131z i\u00e7in esrar sat\u0131n al, sat\u0131l\u0131k esrar, ot sat\u0131n al, marijuana sat\u0131n al d\u00fc\u015f\u00fck fiyatlarla. Esrar sat\u0131n al, sat\u0131l\u0131k esrar \u00e7evrimi\u00e7i burada!","breadcrumb":{"@id":"https:\/\/ograsmarknad.com\/#breadcrumb"},"inLanguage":"tr","potentialAction":[{"@type":"ReadAction","target":["https:\/\/ograsmarknad.com\/"]}]},{"@type":"BreadcrumbList","@id":"https:\/\/ograsmarknad.com\/#breadcrumb","itemListElement":[{"@type":"ListItem","position":1,"name":"Home","item":"https:\/\/ograsmarknad.com\/"},{"@type":"ListItem","position":2,"name":"Home"}]},{"@type":"WebSite","@id":"https:\/\/ograsmarknad.com\/#website","url":"https:\/\/ograsmarknad.com\/","name":"Ogras Marknad","description":"Ogras Marknad","potentialAction":[{"@type":"SearchAction","target":{"@type":"EntryPoint","urlTemplate":"https:\/\/ograsmarknad.com\/?s={search_term_string}"},"query-input":{"@type":"PropertyValueSpecification","valueRequired":true,"valueName":"search_term_string"}}],"inLanguage":"tr"}]}},"_links":{"self":[{"href":"https:\/\/ograsmarknad.com\/tr\/wp-json\/wp\/v2\/pages\/9331","targetHints":{"allow":["GET"]}}],"collection":[{"href":"https:\/\/ograsmarknad.com\/tr\/wp-json\/wp\/v2\/pages"}],"about":[{"href":"https:\/\/ograsmarknad.com\/tr\/wp-json\/wp\/v2\/types\/page"}],"author":[{"embeddable":true,"href":"https:\/\/ograsmarknad.com\/tr\/wp-json\/wp\/v2\/users\/1"}],"replies":[{"embeddable":true,"href":"https:\/\/ograsmarknad.com\/tr\/wp-json\/wp\/v2\/comments?post=9331"}],"version-history":[{"count":6,"href":"https:\/\/ograsmarknad.com\/tr\/wp-json\/wp\/v2\/pages\/9331\/revisions"}],"predecessor-version":[{"id":11001,"href":"https:\/\/ograsmarknad.com\/tr\/wp-json\/wp\/v2\/pages\/9331\/revisions\/11001"}],"wp:attachment":[{"href":"https:\/\/ograsmarknad.com\/tr\/wp-json\/wp\/v2\/media?parent=9331"}],"curies":[{"name":"wp","href":"https:\/\/api.w.org\/{rel}","templated":true}]}}