{"id":10190,"date":"2022-08-03T12:06:11","date_gmt":"2022-08-03T12:06:11","guid":{"rendered":"https:\/\/ograsmarknad.com\/?post_type=product&#038;p=10190"},"modified":"2026-04-02T08:00:49","modified_gmt":"2026-04-02T08:00:49","slug":"afghan-black-hash","status":"publish","type":"product","link":"https:\/\/ograsmarknad.com\/tr\/product\/afghan-black-hash\/","title":{"rendered":"Afghan Black Hash"},"content":{"rendered":"<h2>Afgan Siyah Ha\u015fi\u015fini Online Sat\u0131n Al\u0131n<\/h2>\n<p>Esrar\u0131n nas\u0131l al\u0131naca\u011f\u0131n\u0131 okuyun.<\/p>\n<p>THC y\u00fczdesi:<\/p>\n<p>CBD y\u00fczdesi: %2,8<\/p>\n<p class=\"ds-markdown-paragraph\"><strong><a href=\"https:\/\/ograsmarknad.com\/tr\/product\/afghan-black-hash\/\">Afghan Black Hash<\/a><\/strong> \u00e4r en\u00a0<strong>komplex indica-dominant stam<\/strong>\u00a0med euforiska och avslappnande effekter. Blommorna utvecklas som\u00a0<strong>jadef\u00e4rgade knoppar<\/strong>,\u00a0<strong>tallformade cola<\/strong>\u00a0med\u00a0<strong>m\u00f6rkgr\u00f6na, n\u00e4stan svarta sockerblad<\/strong>.\u00a0<a href=\"https:\/\/ograsmarknad.com\/tr\/\"><strong>Black Afghans<\/strong><\/a>\u00a0terpenprofil \u00e4r en aromatisk blandning av peppar, jord och salvia kv\u00e4vd i m\u00f6rka b\u00e4r, vilket anspelar p\u00e5 stammens cerebrala och fysiska effekter. Denna stams berusande, upplyfta buzz och avkopplande, munchie-framkallande kroppseffekter g\u00f6r den perfekt f\u00f6r en lat eftermiddag.<\/p>\n<p class=\"ds-markdown-paragraph\"><strong>K\u00f6p Afghan Black Hash Online \u2013 Toppkvalitet:<\/strong>\u00a0Upplev den\u00a0<strong>o\u00f6vertr\u00e4ffade cannabisupplevelsen<\/strong>\u00a0beh\u00f6ver du inte leta l\u00e4ngre \u00e4n till v\u00e5r\u00a0<strong>premium Afghan Black Hash<\/strong>. Detta\u00a0<strong>klassiska koncentrat<\/strong>\u00a0\u00e4r k\u00e4nt f\u00f6r sin djupa, rika smakprofil och kraftfulla effekter och kommer fr\u00e5n de\u00a0<strong>legendariska hashproducerande <a href=\"https:\/\/europenugs.com\/sv\/produkt\/alkemist-afghansk-hash\/\">regionerna i Afghanistan<\/a><\/strong>. N\u00e4r du k\u00f6per Afghan Black Hash online fr\u00e5n oss k\u00f6per du inte bara en produkt; du f\u00e5r en\u00a0<strong>bit cannabishistoria<\/strong>, noggrant utformad f\u00f6r kr\u00e4sna finsmakare. Vi \u00e4r din\u00a0<strong>betrodda online-s\u00e4ljare av h\u00f6gkvalitativ marijuana, cannabis och tillbeh\u00f6r<\/strong>, och skickar\u00a0<strong>diskret till USA, Kanada, Europa och v\u00e4rlden \u00f6ver<\/strong>.<\/p>\n<h3 class=\"ds-markdown-paragraph\">Geleneksel Afgan ha\u015fi\u015fiyle harmanlanm\u0131\u015f<\/h3>\n<p class=\"ds-markdown-paragraph\">Afghan Black Hash hyllas globalt f\u00f6r sina distinkta egenskaper. <strong><a href=\"https:\/\/ograsmarknad.com\/tr\/product\/afghan-hash\/\">Trikomerna<\/a><\/strong> (de hartsartade k\u00f6rtlarna som inneh\u00e5ller cannabinoider och terpener) produceras vanligtvis genom en traditionell handgnidnings- eller omr\u00f6rningsmetod och separeras noggrant fr\u00e5n cannabisplantmaterialet. Denna process resulterar i ett t\u00e4tt, b\u00f6jligt och ofta m\u00f6rkf\u00e4rgat koncentrat. Dess konsistens kan variera fr\u00e5n mjuk och kittliknande till n\u00e5got fastare, beroende p\u00e5 den specifika sk\u00f6rden och h\u00e4rdningsprocessen. N\u00e4r du k\u00f6per Afghan Black Hash av\u00a0<strong>h\u00f6g styrka<\/strong>\u00a0online kan du f\u00f6rv\u00e4nta dig en djupt aromatisk upplevelse, ofta med toner av jordiga kryddor, s\u00f6ta undertoner och en skarp, myskig finish som \u00e4r omissk\u00e4nnligt afghansk.<\/p>\n<h3 class=\"ds-markdown-paragraph\">G\u00fcc\u00fc Hissetmek: Afghan Black Hash'in Etkileri ve Faydalar\u0131<\/h3>\n<p class=\"ds-markdown-paragraph\"><strong>H\u00f6g styrka<\/strong>\u00a0hos Afghan Black Hash \u00e4r en betydande dragningskraft f\u00f6r m\u00e5nga. Denna hash, k\u00e4nd f\u00f6r sin h\u00f6ga koncentration av THC, ger vanligtvis en kraftfull, l\u00e5ngvarig psykoaktiv upplevelse. Anv\u00e4ndare rapporterar ofta en djup k\u00e4nsla av avslappning, b\u00e5de mentalt och fysiskt. Det \u00e4r ett utm\u00e4rkt val f\u00f6r att varva ner efter en l\u00e5ng dag, s\u00f6ka lindring fr\u00e5n kronisk sm\u00e4rta eller helt enkelt h\u00e4nge sig \u00e5t ett djupt meditativt tillst\u00e5nd. M\u00e5nga tycker att det \u00e4r f\u00f6rdelaktigt f\u00f6r att lindra stress, \u00e5ngest och s\u00f6mnl\u00f6shet, tack vare dess potenta lugnande egenskaper. Den rika terpenprofilen bidrar ocks\u00e5 till dess terapeutiska potential, d\u00e4r olika aromatiska f\u00f6reningar arbetar synergistiskt med cannabinoider f\u00f6r att f\u00f6rb\u00e4ttra de \u00f6vergripande effekterna \u2013 ett fenomen som kallas entourage-effekten. N\u00e4r du k\u00f6per\u00a0<strong>potent Afghan Black Hash<\/strong> fr\u00e5n v\u00e5r onlinebutik v\u00e4ljer du en produkt som konsekvent levererar kvalitet och effekt. <strong><a href=\"https:\/\/ograsmarknad.com\/tr\/product\/afghan-black-hash\/\">Buy now<\/a><\/strong><\/p>","protected":false},"excerpt":{"rendered":"<p>K\u00f6p afghansk svart hash online L\u00e4s om hur du tar hasch. THC-procent: 42 % CBD-procent: 2,8 % Afghan Black Hash \u00e4r en\u00a0komplex indica-dominant stam\u00a0med euforiska och avslappnande effekter. Blommorna utvecklas som\u00a0jadef\u00e4rgade knoppar,\u00a0tallformade cola\u00a0med\u00a0m\u00f6rkgr\u00f6na, n\u00e4stan svarta sockerblad.\u00a0Black Afghans\u00a0terpenprofil \u00e4r en aromatisk blandning av peppar, jord och salvia kv\u00e4vd i m\u00f6rka b\u00e4r, vilket anspelar p\u00e5 stammens cerebrala [&hellip;]<\/p>","protected":false},"featured_media":10195,"comment_status":"open","ping_status":"closed","template":"","meta":{"_joinchat":[]},"product_cat":[72],"product_tag":[],"class_list":{"0":"post-10190","1":"product","2":"type-product","3":"status-publish","4":"has-post-thumbnail","6":"product_cat-hash","8":"first","9":"instock","10":"shipping-taxable","11":"purchasable","12":"product-type-variable"},"yoast_head":"<!-- This site is optimized with the Yoast SEO plugin v26.3 - https:\/\/yoast.com\/wordpress\/plugins\/seo\/ -->\n<title>K\u00f6p Afghan Black Hash Online - Afghan Black Hash till salu<\/title>\n<meta name=\"description\" content=\"K\u00f6p Afghan Black Hash online och upplev en traditionell hash k\u00e4nd f\u00f6r sitt m\u00f6rka utseende, klibbiga konsistens och jordiga arom. Afghan Black Hash till salu tillverkad med klassiska pressningsmetoder f\u00f6r en rik hartsprofil.\" \/>\n<meta name=\"robots\" content=\"index, follow, max-snippet:-1, max-image-preview:large, max-video-preview:-1\" \/>\n<link rel=\"canonical\" href=\"https:\/\/ograsmarknad.com\/tr\/product\/afghan-black-hash\/\" \/>\n<meta property=\"og:locale\" content=\"tr_TR\" \/>\n<meta property=\"og:type\" content=\"article\" \/>\n<meta property=\"og:title\" content=\"K\u00f6p Afghan Black Hash Online - Afghan Black Hash till salu\" \/>\n<meta property=\"og:description\" content=\"K\u00f6p Afghan Black Hash online och upplev en traditionell hash k\u00e4nd f\u00f6r sitt m\u00f6rka utseende, klibbiga konsistens och jordiga arom. Afghan Black Hash till salu tillverkad med klassiska pressningsmetoder f\u00f6r en rik hartsprofil.\" \/>\n<meta property=\"og:url\" content=\"https:\/\/ograsmarknad.com\/tr\/product\/afghan-black-hash\/\" \/>\n<meta property=\"og:site_name\" content=\"Ogras Marknad\" \/>\n<meta property=\"article:modified_time\" content=\"2026-04-02T08:00:49+00:00\" \/>\n<meta property=\"og:image\" content=\"https:\/\/ograsmarknad.com\/wp-content\/uploads\/2022\/08\/Afghan-Black-Hash.jpg\" \/>\n\t<meta property=\"og:image:width\" content=\"700\" \/>\n\t<meta property=\"og:image:height\" content=\"700\" \/>\n\t<meta property=\"og:image:type\" content=\"image\/jpeg\" \/>\n<meta name=\"twitter:card\" content=\"summary_large_image\" \/>\n<meta name=\"twitter:label1\" content=\"Tahmini okuma s\u00fcresi\" \/>\n\t<meta name=\"twitter:data1\" content=\"3 dakika\" \/>\n<!-- \/ Yoast SEO plugin. -->","yoast_head_json":{"title":"Online Afghan Siyah Ha\u015fi\u015f Sat\u0131n Al\u0131n \u2013 Sat\u0131l\u0131k Afghan Siyah Ha\u015fi\u015f","description":"Afghan Black Hash'i internetten sat\u0131n al\u0131n; koyu g\u00f6r\u00fcn\u00fcm\u00fc, yap\u0131\u015fkan dokusu ve topraks\u0131 aromas\u0131yla bilinen geleneksel bir hash deneyimi ya\u015fay\u0131n. Zengin bir re\u00e7ine profili sunmak \u00fczere klasik presleme y\u00f6ntemleriyle \u00fcretilen Afghan Black Hash sat\u0131\u015fta.","robots":{"index":"index","follow":"follow","max-snippet":"max-snippet:-1","max-image-preview":"max-image-preview:large","max-video-preview":"max-video-preview:-1"},"canonical":"https:\/\/ograsmarknad.com\/tr\/product\/afghan-black-hash\/","og_locale":"tr_TR","og_type":"article","og_title":"K\u00f6p Afghan Black Hash Online - Afghan Black Hash till salu","og_description":"K\u00f6p Afghan Black Hash online och upplev en traditionell hash k\u00e4nd f\u00f6r sitt m\u00f6rka utseende, klibbiga konsistens och jordiga arom. Afghan Black Hash till salu tillverkad med klassiska pressningsmetoder f\u00f6r en rik hartsprofil.","og_url":"https:\/\/ograsmarknad.com\/tr\/product\/afghan-black-hash\/","og_site_name":"Ogras Marknad","article_modified_time":"2026-04-02T08:00:49+00:00","og_image":[{"width":700,"height":700,"url":"https:\/\/ograsmarknad.com\/wp-content\/uploads\/2022\/08\/Afghan-Black-Hash.jpg","type":"image\/jpeg"}],"twitter_card":"summary_large_image","twitter_misc":{"Tahmini okuma s\u00fcresi":"3 dakika"},"schema":{"@context":"https:\/\/schema.org","@graph":[{"@type":"WebPage","@id":"https:\/\/ograsmarknad.com\/product\/afghan-black-hash\/","url":"https:\/\/ograsmarknad.com\/product\/afghan-black-hash\/","name":"Online Afghan Siyah Ha\u015fi\u015f Sat\u0131n Al\u0131n \u2013 Sat\u0131l\u0131k Afghan Siyah Ha\u015fi\u015f","isPartOf":{"@id":"https:\/\/ograsmarknad.com\/#website"},"primaryImageOfPage":{"@id":"https:\/\/ograsmarknad.com\/product\/afghan-black-hash\/#primaryimage"},"image":{"@id":"https:\/\/ograsmarknad.com\/product\/afghan-black-hash\/#primaryimage"},"thumbnailUrl":"https:\/\/ograsmarknad.com\/wp-content\/uploads\/2022\/08\/Afghan-Black-Hash.jpg","datePublished":"2022-08-03T12:06:11+00:00","dateModified":"2026-04-02T08:00:49+00:00","description":"Afghan Black Hash'i internetten sat\u0131n al\u0131n; koyu g\u00f6r\u00fcn\u00fcm\u00fc, yap\u0131\u015fkan dokusu ve topraks\u0131 aromas\u0131yla bilinen geleneksel bir hash deneyimi ya\u015fay\u0131n. Zengin bir re\u00e7ine profili sunmak \u00fczere klasik presleme y\u00f6ntemleriyle \u00fcretilen Afghan Black Hash sat\u0131\u015fta.","breadcrumb":{"@id":"https:\/\/ograsmarknad.com\/product\/afghan-black-hash\/#breadcrumb"},"inLanguage":"tr","potentialAction":[{"@type":"ReadAction","target":["https:\/\/ograsmarknad.com\/product\/afghan-black-hash\/"]}]},{"@type":"ImageObject","inLanguage":"tr","@id":"https:\/\/ograsmarknad.com\/product\/afghan-black-hash\/#primaryimage","url":"https:\/\/ograsmarknad.com\/wp-content\/uploads\/2022\/08\/Afghan-Black-Hash.jpg","contentUrl":"https:\/\/ograsmarknad.com\/wp-content\/uploads\/2022\/08\/Afghan-Black-Hash.jpg","width":700,"height":700,"caption":"Afghan-Black-Hash"},{"@type":"BreadcrumbList","@id":"https:\/\/ograsmarknad.com\/product\/afghan-black-hash\/#breadcrumb","itemListElement":[{"@type":"ListItem","position":1,"name":"Home","item":"https:\/\/ograsmarknad.com\/"},{"@type":"ListItem","position":2,"name":"Shop","item":"https:\/\/ograsmarknad.com\/shop\/"},{"@type":"ListItem","position":3,"name":"Afghan Black Hash"}]},{"@type":"WebSite","@id":"https:\/\/ograsmarknad.com\/#website","url":"https:\/\/ograsmarknad.com\/","name":"Ogras Marknad","description":"Ogras Marknad","potentialAction":[{"@type":"SearchAction","target":{"@type":"EntryPoint","urlTemplate":"https:\/\/ograsmarknad.com\/?s={search_term_string}"},"query-input":{"@type":"PropertyValueSpecification","valueRequired":true,"valueName":"search_term_string"}}],"inLanguage":"tr"}]}},"_links":{"self":[{"href":"https:\/\/ograsmarknad.com\/tr\/wp-json\/wp\/v2\/product\/10190","targetHints":{"allow":["GET"]}}],"collection":[{"href":"https:\/\/ograsmarknad.com\/tr\/wp-json\/wp\/v2\/product"}],"about":[{"href":"https:\/\/ograsmarknad.com\/tr\/wp-json\/wp\/v2\/types\/product"}],"replies":[{"embeddable":true,"href":"https:\/\/ograsmarknad.com\/tr\/wp-json\/wp\/v2\/comments?post=10190"}],"wp:featuredmedia":[{"embeddable":true,"href":"https:\/\/ograsmarknad.com\/tr\/wp-json\/wp\/v2\/media\/10195"}],"wp:attachment":[{"href":"https:\/\/ograsmarknad.com\/tr\/wp-json\/wp\/v2\/media?parent=10190"}],"wp:term":[{"taxonomy":"product_cat","embeddable":true,"href":"https:\/\/ograsmarknad.com\/tr\/wp-json\/wp\/v2\/product_cat?post=10190"},{"taxonomy":"product_tag","embeddable":true,"href":"https:\/\/ograsmarknad.com\/tr\/wp-json\/wp\/v2\/product_tag?post=10190"}],"curies":[{"name":"wp","href":"https:\/\/api.w.org\/{rel}","templated":true}]}}