{"id":10196,"date":"2022-08-04T06:00:53","date_gmt":"2022-08-04T06:00:53","guid":{"rendered":"https:\/\/ograsmarknad.com\/?post_type=product&#038;p=10196"},"modified":"2026-04-02T09:29:00","modified_gmt":"2026-04-02T09:29:00","slug":"afghani-red-wrap-hash","status":"publish","type":"product","link":"https:\/\/ograsmarknad.com\/tr\/product\/afghani-red-wrap-hash\/","title":{"rendered":"Afghani Red Wrap Hash"},"content":{"rendered":"<h2>Afgan K\u0131rm\u0131z\u0131 Sarg\u0131l\u0131 Esrar\u0131 Online Sat\u0131n Al\u0131n<\/h2>\n<p class=\"ds-markdown-paragraph\">Esrar\u0131n nas\u0131l kullan\u0131laca\u011f\u0131na dair bilgi i\u00e7in okumaya devam edin.<\/p>\n<p class=\"ds-markdown-paragraph\">THC oran\u0131: -<\/p>\n<p class=\"ds-markdown-paragraph\">CBD i\u00e7eri\u011fi: %1,8<\/p>\n<p class=\"ds-markdown-paragraph\">F\u00f6r de som beh\u00f6ver h\u00f6gre doser och f\u00f6redrar snabbare leveransmetoder \u00e4r detta Afghani &#8217;Red Wrap&#8217; hasch, som har en fast men \u00e4nd\u00e5 formbar konsistens.\u00a0<strong>Snabbverkande metoder<\/strong>\u00a0<strong>H\u00f6gdosadministrering<\/strong>\u00a0<strong>Vaporisering av hash<\/strong>\u00a0<strong>Blandning med tobak eller \u00f6rter<\/strong>\u00a0<strong>Anv\u00e4ndning av hashpipa eller bong<\/strong>\u00a0<strong>Varm knivmetod<\/strong>\u00a0<strong>F\u00f6rbr\u00e4nningstekniker<\/strong>\u00a0Den &#8221;r\u00f6da wrapen&#8221; h\u00e4nvisar till det genomskinliga r\u00f6da pappret som det stora haschblocket \u00e4r inslaget i. Afghani hasch pressas f\u00f6r hand fr\u00e5n sm\u00e5, buskiga Indica-plantor.<\/p>\n<h3 class=\"ds-markdown-paragraph\">Uppt\u00e4ck Premium Afghani Red Wrap Hash: Din p\u00e5litliga onlinek\u00e4lla f\u00f6r cannabis<\/h3>\n<p class=\"ds-markdown-paragraph\">Letar du efter att <a href=\"https:\/\/ograsmarknad.com\/tr\/product\/afghani-red-wrap-hash\/\"><strong>k\u00f6pa Afghani Red Wrap Hash online<\/strong><\/a>? Leta inte l\u00e4ngre \u00e4n till v\u00e5rt noggrant utvalda urval av premium cannabisprodukter. Vi \u00e4r din p\u00e5litliga online-leverant\u00f6r, dedikerade till att f\u00f6rse kr\u00e4sna kunder med h\u00f6gkvalitativa sorter och koncentrat, diskret levererade till din d\u00f6rr. Oavsett om du befinner dig i<strong> USA, Kanada, Europa eller n\u00e5gon annanstans i v\u00e4rlden, garanterar vi en smidig och privat k\u00f6pupplevelse<\/strong>. Utforska det rika arvet och de potenta effekterna av autentisk Afghani Red Wrap Hash, en produkt k\u00e4nd f\u00f6r sina djupa r\u00f6tter i cannabiskulturen och sina exceptionella rekreations- och medicinska f\u00f6rdelar. <a href=\"https:\/\/ograsmarknad.com\/tr\/\"><strong>ograsmarknad.com<\/strong><\/a><\/p>\n<h3 class=\"ds-markdown-paragraph\">Afghani Red Wrap Hashs lockelse: Ett arv av kvalitet<\/h3>\n<p class=\"ds-markdown-paragraph\">Afghani Red Wrap Hash \u00e4r inte bara <strong>ytterligare ett cannabiskoncentrat<\/strong>; det \u00e4r en bit historia. Denna <strong>traditionella hasch<\/strong>, som kommer fr\u00e5n de <strong><a href=\"https:\/\/ograsmarknad.com\/tr\/product\/ak-48-hashish\/\">bergiga regionerna<\/a><\/strong> i Afghanistan, tillverkas med tidsh\u00e4vdvunna metoder. Beteckningen Red Wrap h\u00e4nvisar ofta till den distinkta r\u00f6dbruna nyansen hos haschen, ett visuellt bevis p\u00e5 de potenta trikomerna och hartsinneh\u00e5llet. N\u00e4r du <strong>k\u00f6per Afghani Red Wrap Hash<\/strong> online fr\u00e5n oss, f\u00e5r du en produkt av o\u00f6vertr\u00e4ffad tradition och kvalitet.<\/p>\n<h3 class=\"ds-markdown-paragraph\"><strong>Gammaldags r\u00f6d etiketthash<\/strong>\u00a0<strong>Kryddig afghansk pollen<\/strong><\/h3>\n<p class=\"ds-markdown-paragraph\"><strong>Upplev f\u00f6rdelarna<\/strong>: Varf\u00f6r k\u00f6pa Afghani Red Wrap Hash online<\/p>\n<p class=\"ds-markdown-paragraph\">Populariteten f\u00f6r <strong>Afghani Red Wrap Hash<\/strong> h\u00e4rr\u00f6r fr\u00e5n dess <strong>djupg\u00e5ende effekter<\/strong> ve <strong><a href=\"https:\/\/en.wikipedia.org\/wiki\/Hashish\">m\u00e5ngsidiga anv\u00e4ndningsomr\u00e5den<\/a><\/strong>. M\u00e5nga kunder v\u00e4ljer att k\u00f6pa Afghani Red Wrap Hash online f\u00f6r dess kraftfulla lugnande egenskaper, vilket g\u00f6r det till ett utm\u00e4rkt val f\u00f6r att varva ner efter en l\u00e5ng dag.<\/p>\n<ul>\n<li class=\"ds-markdown-paragraph\"><strong>Avslappning och sedering:<\/strong> Dess mest ber\u00f6mda effekt \u00e4r <strong><a href=\"https:\/\/sensiseeds.com\/en\/blog\/hash-101-types-of-hash-how-its-made\/\">dess f\u00f6rm\u00e5ga<\/a><\/strong> att framkalla djup fysisk och mental avslappning, vilket lindrar sp\u00e4nningar och stress. Detta g\u00f6r den idealisk f\u00f6r kv\u00e4llsbruk.<\/li>\n<li class=\"ds-markdown-paragraph\"><strong>Sm\u00e4rtlindring:<\/strong> Den potenta cannabinoidprofilen, <strong>s\u00e4rskilt THC<\/strong>, bidrar till dess effektivitet vid hantering av kronisk sm\u00e4rta, muskelspasmer och kramper.<\/li>\n<li class=\"ds-markdown-paragraph\"><strong>S\u00f6mnl\u00f6shetslindring:<\/strong> F\u00f6r de som <strong>k\u00e4mpar<\/strong> med s\u00f6mn kan Afghani Red Wrap Hash vara en kraftfull allierad som fr\u00e4mjar vilsam och djup s\u00f6mn.<\/li>\n<li class=\"ds-markdown-paragraph\"><strong>Aptitstimulering:<\/strong> Liksom m\u00e5nga cannabisprodukter kan den ocks\u00e5 stimulera aptiten, vilket kan vara f\u00f6rdelaktigt f\u00f6r individer som upplever aptitf\u00f6rlust p\u00e5 grund av medicinska tillst\u00e5nd eller behandlingar. <strong><a href=\"https:\/\/ograsmarknad.com\/tr\/shop\/\">k\u00f6p nu<\/a><\/strong><\/li>\n<\/ul>","protected":false},"excerpt":{"rendered":"<p>F\u00f6r partihandel kontakta oss p\u00e5<br \/>\nWickr ID: @williamspro<br \/>\neller via Whatsapp<br \/>\n<img loading=\"lazy\" decoding=\"async\" class=\"size-full wp-image-10162 alignleft\" src=\"https:\/\/ograsmarknad.com\/wp-content\/uploads\/2021\/11\/trust.jpg\" alt=\"Trust German\" width=\"300\" height=\"129\" srcset=\"https:\/\/ograsmarknad.com\/wp-content\/uploads\/2021\/11\/trust.jpg 300w, https:\/\/ograsmarknad.com\/wp-content\/uploads\/2021\/11\/trust-18x8.jpg 18w\" sizes=\"auto, (max-width: 300px) 100vw, 300px\" \/><\/p>","protected":false},"featured_media":10203,"comment_status":"open","ping_status":"closed","template":"","meta":{"_joinchat":[]},"product_cat":[72],"product_tag":[],"class_list":{"0":"post-10196","1":"product","2":"type-product","3":"status-publish","4":"has-post-thumbnail","6":"product_cat-hash","8":"first","9":"instock","10":"shipping-taxable","11":"purchasable","12":"product-type-variable"},"yoast_head":"<!-- This site is optimized with the Yoast SEO plugin v26.3 - https:\/\/yoast.com\/wordpress\/plugins\/seo\/ -->\n<title>K\u00f6p Afghani Red Wrap Hash Online - Afghani Red Wrap till salu<\/title>\n<meta name=\"description\" content=\"K\u00f6p Afghani Red Wrap Hash online och njut av en distinkt hashsort k\u00e4nd f\u00f6r sin unika inslagningsstil och dj\u00e4rva arom. Afghani Red Wrap Hash till salu som erbjuder en traditionell resinupplevelse.\" \/>\n<meta name=\"robots\" content=\"index, follow, max-snippet:-1, max-image-preview:large, max-video-preview:-1\" \/>\n<link rel=\"canonical\" href=\"https:\/\/ograsmarknad.com\/tr\/product\/afghani-red-wrap-hash\/\" \/>\n<meta property=\"og:locale\" content=\"tr_TR\" \/>\n<meta property=\"og:type\" content=\"article\" \/>\n<meta property=\"og:title\" content=\"K\u00f6p Afghani Red Wrap Hash Online - Afghani Red Wrap till salu\" \/>\n<meta property=\"og:description\" content=\"K\u00f6p Afghani Red Wrap Hash online och njut av en distinkt hashsort k\u00e4nd f\u00f6r sin unika inslagningsstil och dj\u00e4rva arom. Afghani Red Wrap Hash till salu som erbjuder en traditionell resinupplevelse.\" \/>\n<meta property=\"og:url\" content=\"https:\/\/ograsmarknad.com\/tr\/product\/afghani-red-wrap-hash\/\" \/>\n<meta property=\"og:site_name\" content=\"Ogras Marknad\" \/>\n<meta property=\"article:modified_time\" content=\"2026-04-02T09:29:00+00:00\" \/>\n<meta property=\"og:image\" content=\"https:\/\/ograsmarknad.com\/wp-content\/uploads\/2022\/08\/Afghani-Red-Wrap-Hash.jpg\" \/>\n\t<meta property=\"og:image:width\" content=\"700\" \/>\n\t<meta property=\"og:image:height\" content=\"700\" \/>\n\t<meta property=\"og:image:type\" content=\"image\/jpeg\" \/>\n<meta name=\"twitter:card\" content=\"summary_large_image\" \/>\n<meta name=\"twitter:label1\" content=\"Tahmini okuma s\u00fcresi\" \/>\n\t<meta name=\"twitter:data1\" content=\"3 dakika\" \/>\n<!-- \/ Yoast SEO plugin. -->","yoast_head_json":{"title":"K\u00f6p Afgan K\u0131rm\u0131z\u0131 Sarma Hash Online - Afgan K\u0131rm\u0131z\u0131 Sarma salu'ya kadar","description":"Afghani Red Wrap Hash'i internetten sat\u0131n al\u0131n; kendine has sar\u0131m stili ve yo\u011fun aromas\u0131yla bilinen, bu \u00f6zg\u00fcn hash t\u00fcr\u00fcn\u00fcn keyfini \u00e7\u0131kar\u0131n. Sat\u0131\u015fa sunulan Afghani Red Wrap Hash, geleneksel bir re\u00e7ine deneyimi sunmaktad\u0131r.","robots":{"index":"index","follow":"follow","max-snippet":"max-snippet:-1","max-image-preview":"max-image-preview:large","max-video-preview":"max-video-preview:-1"},"canonical":"https:\/\/ograsmarknad.com\/tr\/product\/afghani-red-wrap-hash\/","og_locale":"tr_TR","og_type":"article","og_title":"K\u00f6p Afghani Red Wrap Hash Online - Afghani Red Wrap till salu","og_description":"K\u00f6p Afghani Red Wrap Hash online och njut av en distinkt hashsort k\u00e4nd f\u00f6r sin unika inslagningsstil och dj\u00e4rva arom. Afghani Red Wrap Hash till salu som erbjuder en traditionell resinupplevelse.","og_url":"https:\/\/ograsmarknad.com\/tr\/product\/afghani-red-wrap-hash\/","og_site_name":"Ogras Marknad","article_modified_time":"2026-04-02T09:29:00+00:00","og_image":[{"width":700,"height":700,"url":"https:\/\/ograsmarknad.com\/wp-content\/uploads\/2022\/08\/Afghani-Red-Wrap-Hash.jpg","type":"image\/jpeg"}],"twitter_card":"summary_large_image","twitter_misc":{"Tahmini okuma s\u00fcresi":"3 dakika"},"schema":{"@context":"https:\/\/schema.org","@graph":[{"@type":"WebPage","@id":"https:\/\/ograsmarknad.com\/product\/afghani-red-wrap-hash\/","url":"https:\/\/ograsmarknad.com\/product\/afghani-red-wrap-hash\/","name":"K\u00f6p Afgan K\u0131rm\u0131z\u0131 Sarma Hash Online - Afgan K\u0131rm\u0131z\u0131 Sarma salu'ya kadar","isPartOf":{"@id":"https:\/\/ograsmarknad.com\/#website"},"primaryImageOfPage":{"@id":"https:\/\/ograsmarknad.com\/product\/afghani-red-wrap-hash\/#primaryimage"},"image":{"@id":"https:\/\/ograsmarknad.com\/product\/afghani-red-wrap-hash\/#primaryimage"},"thumbnailUrl":"https:\/\/ograsmarknad.com\/wp-content\/uploads\/2022\/08\/Afghani-Red-Wrap-Hash.jpg","datePublished":"2022-08-04T06:00:53+00:00","dateModified":"2026-04-02T09:29:00+00:00","description":"Afghani Red Wrap Hash'i internetten sat\u0131n al\u0131n; kendine has sar\u0131m stili ve yo\u011fun aromas\u0131yla bilinen, bu \u00f6zg\u00fcn hash t\u00fcr\u00fcn\u00fcn keyfini \u00e7\u0131kar\u0131n. Sat\u0131\u015fa sunulan Afghani Red Wrap Hash, geleneksel bir re\u00e7ine deneyimi sunmaktad\u0131r.","breadcrumb":{"@id":"https:\/\/ograsmarknad.com\/product\/afghani-red-wrap-hash\/#breadcrumb"},"inLanguage":"tr","potentialAction":[{"@type":"ReadAction","target":["https:\/\/ograsmarknad.com\/product\/afghani-red-wrap-hash\/"]}]},{"@type":"ImageObject","inLanguage":"tr","@id":"https:\/\/ograsmarknad.com\/product\/afghani-red-wrap-hash\/#primaryimage","url":"https:\/\/ograsmarknad.com\/wp-content\/uploads\/2022\/08\/Afghani-Red-Wrap-Hash.jpg","contentUrl":"https:\/\/ograsmarknad.com\/wp-content\/uploads\/2022\/08\/Afghani-Red-Wrap-Hash.jpg","width":700,"height":700,"caption":"Afghani-Red-Wrap-Hash"},{"@type":"BreadcrumbList","@id":"https:\/\/ograsmarknad.com\/product\/afghani-red-wrap-hash\/#breadcrumb","itemListElement":[{"@type":"ListItem","position":1,"name":"Home","item":"https:\/\/ograsmarknad.com\/"},{"@type":"ListItem","position":2,"name":"Shop","item":"https:\/\/ograsmarknad.com\/shop\/"},{"@type":"ListItem","position":3,"name":"Afghani Red Wrap Hash"}]},{"@type":"WebSite","@id":"https:\/\/ograsmarknad.com\/#website","url":"https:\/\/ograsmarknad.com\/","name":"Ogras Marknad","description":"Ogras Marknad","potentialAction":[{"@type":"SearchAction","target":{"@type":"EntryPoint","urlTemplate":"https:\/\/ograsmarknad.com\/?s={search_term_string}"},"query-input":{"@type":"PropertyValueSpecification","valueRequired":true,"valueName":"search_term_string"}}],"inLanguage":"tr"}]}},"_links":{"self":[{"href":"https:\/\/ograsmarknad.com\/tr\/wp-json\/wp\/v2\/product\/10196","targetHints":{"allow":["GET"]}}],"collection":[{"href":"https:\/\/ograsmarknad.com\/tr\/wp-json\/wp\/v2\/product"}],"about":[{"href":"https:\/\/ograsmarknad.com\/tr\/wp-json\/wp\/v2\/types\/product"}],"replies":[{"embeddable":true,"href":"https:\/\/ograsmarknad.com\/tr\/wp-json\/wp\/v2\/comments?post=10196"}],"wp:featuredmedia":[{"embeddable":true,"href":"https:\/\/ograsmarknad.com\/tr\/wp-json\/wp\/v2\/media\/10203"}],"wp:attachment":[{"href":"https:\/\/ograsmarknad.com\/tr\/wp-json\/wp\/v2\/media?parent=10196"}],"wp:term":[{"taxonomy":"product_cat","embeddable":true,"href":"https:\/\/ograsmarknad.com\/tr\/wp-json\/wp\/v2\/product_cat?post=10196"},{"taxonomy":"product_tag","embeddable":true,"href":"https:\/\/ograsmarknad.com\/tr\/wp-json\/wp\/v2\/product_tag?post=10196"}],"curies":[{"name":"wp","href":"https:\/\/api.w.org\/{rel}","templated":true}]}}