{"id":10217,"date":"2022-08-04T06:15:25","date_gmt":"2022-08-04T06:15:25","guid":{"rendered":"https:\/\/ograsmarknad.com\/?post_type=product&#038;p=10217"},"modified":"2026-03-16T10:50:06","modified_gmt":"2026-03-16T10:50:06","slug":"og-kush-cannabisolja","status":"publish","type":"product","link":"https:\/\/ograsmarknad.com\/tr\/product\/og-kush-cannabisolja\/","title":{"rendered":"OG Kush Cannabisolja"},"content":{"rendered":"","protected":false},"excerpt":{"rendered":"<p>F\u00f6r partihandel kontakta oss p\u00e5<br \/>\nWickr ID: @williamspro<br \/>\neller via Whatsapp<br \/>\n<img loading=\"lazy\" decoding=\"async\" class=\"size-full wp-image-10162 alignleft\" src=\"https:\/\/ograsmarknad.com\/wp-content\/uploads\/2021\/11\/trust.jpg\" alt=\"Trust German\" width=\"300\" height=\"129\" srcset=\"https:\/\/ograsmarknad.com\/wp-content\/uploads\/2021\/11\/trust.jpg 300w, https:\/\/ograsmarknad.com\/wp-content\/uploads\/2021\/11\/trust-18x8.jpg 18w\" sizes=\"auto, (max-width: 300px) 100vw, 300px\" \/><\/p>","protected":false},"featured_media":10218,"comment_status":"open","ping_status":"closed","template":"","meta":{"_joinchat":[]},"product_cat":[74],"product_tag":[],"class_list":{"0":"post-10217","1":"product","2":"type-product","3":"status-publish","4":"has-post-thumbnail","6":"product_cat-thc-olja","8":"first","9":"outofstock","10":"sold-individually","11":"shipping-taxable","12":"product-type-variable"},"yoast_head":"<!-- This site is optimized with the Yoast SEO plugin v26.3 - https:\/\/yoast.com\/wordpress\/plugins\/seo\/ -->\n<title>OG Kush Cannabisolja till salu \u2013 K\u00f6p OG Kush Cannabisolja Online<\/title>\n<meta name=\"description\" content=\"K\u00f6p OG Kush cannabisolja online fr\u00e5n Ograsmarknad. OG Kush cannabisolja till salu med jordig kush-arom och avkopplande cannabisextrakteffekter.\" \/>\n<meta name=\"robots\" content=\"index, follow, max-snippet:-1, max-image-preview:large, max-video-preview:-1\" \/>\n<link rel=\"canonical\" href=\"https:\/\/ograsmarknad.com\/tr\/product\/og-kush-cannabisolja\/\" \/>\n<meta property=\"og:locale\" content=\"tr_TR\" \/>\n<meta property=\"og:type\" content=\"article\" \/>\n<meta property=\"og:title\" content=\"OG Kush Cannabisolja till salu \u2013 K\u00f6p OG Kush Cannabisolja Online\" \/>\n<meta property=\"og:description\" content=\"K\u00f6p OG Kush cannabisolja online fr\u00e5n Ograsmarknad. OG Kush cannabisolja till salu med jordig kush-arom och avkopplande cannabisextrakteffekter.\" \/>\n<meta property=\"og:url\" content=\"https:\/\/ograsmarknad.com\/tr\/product\/og-kush-cannabisolja\/\" \/>\n<meta property=\"og:site_name\" content=\"Ogras Marknad\" \/>\n<meta property=\"article:modified_time\" content=\"2026-03-16T10:50:06+00:00\" \/>\n<meta property=\"og:image\" content=\"https:\/\/ograsmarknad.com\/wp-content\/uploads\/2022\/08\/Bubble-Gum-Cannabis-Oil.jpg\" \/>\n\t<meta property=\"og:image:width\" content=\"700\" \/>\n\t<meta property=\"og:image:height\" content=\"700\" \/>\n\t<meta property=\"og:image:type\" content=\"image\/jpeg\" \/>\n<meta name=\"twitter:card\" content=\"summary_large_image\" \/>\n<meta name=\"twitter:label1\" content=\"Tahmini okuma s\u00fcresi\" \/>\n\t<meta name=\"twitter:data1\" content=\"1 dakika\" \/>\n<!-- \/ Yoast SEO plugin. -->","yoast_head_json":{"title":"Sat\u0131l\u0131k OG Kush Esrar Ya\u011f\u0131 - Online OG Kush Esrar Ya\u011f\u0131 Sat\u0131n Al\u0131n","description":"Ograsmarknad'dan OG Kush kenevir ya\u011f\u0131 online olarak sat\u0131n al\u0131n. Topraks\u0131 kush aromas\u0131 ve rahatlat\u0131c\u0131 kenevir \u00f6z\u00fc etkileriyle OG Kush kenevir ya\u011f\u0131 sat\u0131\u015fta.","robots":{"index":"index","follow":"follow","max-snippet":"max-snippet:-1","max-image-preview":"max-image-preview:large","max-video-preview":"max-video-preview:-1"},"canonical":"https:\/\/ograsmarknad.com\/tr\/product\/og-kush-cannabisolja\/","og_locale":"tr_TR","og_type":"article","og_title":"OG Kush Cannabisolja till salu \u2013 K\u00f6p OG Kush Cannabisolja Online","og_description":"K\u00f6p OG Kush cannabisolja online fr\u00e5n Ograsmarknad. OG Kush cannabisolja till salu med jordig kush-arom och avkopplande cannabisextrakteffekter.","og_url":"https:\/\/ograsmarknad.com\/tr\/product\/og-kush-cannabisolja\/","og_site_name":"Ogras Marknad","article_modified_time":"2026-03-16T10:50:06+00:00","og_image":[{"width":700,"height":700,"url":"https:\/\/ograsmarknad.com\/wp-content\/uploads\/2022\/08\/Bubble-Gum-Cannabis-Oil.jpg","type":"image\/jpeg"}],"twitter_card":"summary_large_image","twitter_misc":{"Tahmini okuma s\u00fcresi":"1 dakika"},"schema":{"@context":"https:\/\/schema.org","@graph":[{"@type":"WebPage","@id":"https:\/\/ograsmarknad.com\/product\/og-kush-cannabisolja\/","url":"https:\/\/ograsmarknad.com\/product\/og-kush-cannabisolja\/","name":"Sat\u0131l\u0131k OG Kush Esrar Ya\u011f\u0131 - Online OG Kush Esrar Ya\u011f\u0131 Sat\u0131n Al\u0131n","isPartOf":{"@id":"https:\/\/ograsmarknad.com\/#website"},"primaryImageOfPage":{"@id":"https:\/\/ograsmarknad.com\/product\/og-kush-cannabisolja\/#primaryimage"},"image":{"@id":"https:\/\/ograsmarknad.com\/product\/og-kush-cannabisolja\/#primaryimage"},"thumbnailUrl":"https:\/\/ograsmarknad.com\/wp-content\/uploads\/2022\/08\/Bubble-Gum-Cannabis-Oil.jpg","datePublished":"2022-08-04T06:15:25+00:00","dateModified":"2026-03-16T10:50:06+00:00","description":"Ograsmarknad'dan OG Kush kenevir ya\u011f\u0131 online olarak sat\u0131n al\u0131n. Topraks\u0131 kush aromas\u0131 ve rahatlat\u0131c\u0131 kenevir \u00f6z\u00fc etkileriyle OG Kush kenevir ya\u011f\u0131 sat\u0131\u015fta.","breadcrumb":{"@id":"https:\/\/ograsmarknad.com\/product\/og-kush-cannabisolja\/#breadcrumb"},"inLanguage":"tr","potentialAction":[{"@type":"ReadAction","target":["https:\/\/ograsmarknad.com\/product\/og-kush-cannabisolja\/"]}]},{"@type":"ImageObject","inLanguage":"tr","@id":"https:\/\/ograsmarknad.com\/product\/og-kush-cannabisolja\/#primaryimage","url":"https:\/\/ograsmarknad.com\/wp-content\/uploads\/2022\/08\/Bubble-Gum-Cannabis-Oil.jpg","contentUrl":"https:\/\/ograsmarknad.com\/wp-content\/uploads\/2022\/08\/Bubble-Gum-Cannabis-Oil.jpg","width":700,"height":700,"caption":"Bubble-Gum-Cannabis-Oil"},{"@type":"BreadcrumbList","@id":"https:\/\/ograsmarknad.com\/product\/og-kush-cannabisolja\/#breadcrumb","itemListElement":[{"@type":"ListItem","position":1,"name":"Home","item":"https:\/\/ograsmarknad.com\/"},{"@type":"ListItem","position":2,"name":"Shop","item":"https:\/\/ograsmarknad.com\/shop\/"},{"@type":"ListItem","position":3,"name":"OG Kush Cannabisolja"}]},{"@type":"WebSite","@id":"https:\/\/ograsmarknad.com\/#website","url":"https:\/\/ograsmarknad.com\/","name":"Ogras Marknad","description":"Ogras Marknad","potentialAction":[{"@type":"SearchAction","target":{"@type":"EntryPoint","urlTemplate":"https:\/\/ograsmarknad.com\/?s={search_term_string}"},"query-input":{"@type":"PropertyValueSpecification","valueRequired":true,"valueName":"search_term_string"}}],"inLanguage":"tr"}]}},"_links":{"self":[{"href":"https:\/\/ograsmarknad.com\/tr\/wp-json\/wp\/v2\/product\/10217","targetHints":{"allow":["GET"]}}],"collection":[{"href":"https:\/\/ograsmarknad.com\/tr\/wp-json\/wp\/v2\/product"}],"about":[{"href":"https:\/\/ograsmarknad.com\/tr\/wp-json\/wp\/v2\/types\/product"}],"replies":[{"embeddable":true,"href":"https:\/\/ograsmarknad.com\/tr\/wp-json\/wp\/v2\/comments?post=10217"}],"wp:featuredmedia":[{"embeddable":true,"href":"https:\/\/ograsmarknad.com\/tr\/wp-json\/wp\/v2\/media\/10218"}],"wp:attachment":[{"href":"https:\/\/ograsmarknad.com\/tr\/wp-json\/wp\/v2\/media?parent=10217"}],"wp:term":[{"taxonomy":"product_cat","embeddable":true,"href":"https:\/\/ograsmarknad.com\/tr\/wp-json\/wp\/v2\/product_cat?post=10217"},{"taxonomy":"product_tag","embeddable":true,"href":"https:\/\/ograsmarknad.com\/tr\/wp-json\/wp\/v2\/product_tag?post=10217"}],"curies":[{"name":"wp","href":"https:\/\/api.w.org\/{rel}","templated":true}]}}