{"id":10221,"date":"2022-08-04T06:26:34","date_gmt":"2022-08-04T06:26:34","guid":{"rendered":"https:\/\/ograsmarknad.com\/?post_type=product&#038;p=10221"},"modified":"2026-03-16T10:49:01","modified_gmt":"2026-03-16T10:49:01","slug":"tahoe-og-cannabis-oil","status":"publish","type":"product","link":"https:\/\/ograsmarknad.com\/tr\/product\/tahoe-og-cannabis-oil\/","title":{"rendered":"Tahoe OG Cannabis Oil"},"content":{"rendered":"<h2>Tahoe Orijinal Kenevir Ya\u011f\u0131n\u0131 Online Sat\u0131n Al\u0131n<\/h2>\n<p><a href=\"https:\/\/ograsmarknad.com\/tr\/product\/tahoe-og-cannabis-oil\/\">Tahoe OG Kenevir Ya\u011f\u0131 Online<\/a>Bu kenevir t\u00fcr\u00fc, v\u00fccut odakl\u0131 indica ve canland\u0131r\u0131c\u0131 sativa'n\u0131n g\u00fc\u00e7l\u00fc bir kombinasyonunu sunar ve sativa\/indica oran\u0131 90:10'dur. 'ye varan THC i\u00e7eri\u011fiyle, \u00f6zellikle daha mutlu ve daha az stresli hissetmek isteyenler i\u00e7in idealdir. Ya\u011f\u0131n etkileri \u00f6ncelikle zihinsel ve fiziksel olarak sakinle\u015ftiricidir, ancak sativa bile\u015feni g\u00fc\u00e7l\u00fc bir \u00f6fori ve canland\u0131r\u0131c\u0131 deneyim sunar. Bu kenevir t\u00fcr\u00fc genellikle kronik a\u011fr\u0131, anksiyete, depresyon ve migren tedavisinde kullan\u0131l\u0131r.<\/p>\n<h3>Tahoe OG hakk\u0131nda ek bilgiler<\/h3>\n<p>Tahoe OG'nin rahatlama, mutluluk, \u00f6fori, uyu\u015fukluk ve i\u015ftah art\u0131\u015f\u0131 gibi etkiler yaratt\u0131\u011f\u0131 g\u00f6sterilmi\u015ftir.<\/p>\n<p>Kullan\u0131c\u0131lar\u0131n yorumlar\u0131na g\u00f6re Tahoe OG a\u011fr\u0131, stres, \u00fcz\u00fcnt\u00fc, uykusuzluk ve i\u015ftahs\u0131zl\u0131\u011f\u0131 gideriyor.<\/p>\n<p>Ya\u011fmurlu g\u00fcnler i\u00e7in en iyi t\u00fcr Tahoe OG'dir. G\u00fc\u00e7l\u00fc ve h\u0131zl\u0131 etki g\u00f6sterdi\u011fi i\u00e7in evden \u00e7\u0131kmadan hemen \u00f6nce al\u0131nmamal\u0131d\u0131r. Tahoe OG, a\u011fr\u0131, uykusuzluk ve i\u015ftahs\u0131zl\u0131\u011f\u0131 giderme yetene\u011fiyle Indica t\u00fcrleri aras\u0131nda iyi bilinir. A\u011f\u0131r ve uyu\u015fuk hissettirdi\u011fi i\u00e7in ak\u015fam kullan\u0131m\u0131 i\u00e7in idealdir. Tahoe OG'nin \u00fcst\u00fcn yeti\u015ftirme y\u00f6ntemi, Indica'n\u0131n ola\u011fan faydalar\u0131na ek olarak, \u00f6forik, Sativa benzeri bir etki sa\u011flar. Bu t\u00fcr, topraks\u0131 narenciye aromas\u0131na sahiptir ve bir OG Kush varyant\u0131d\u0131r. [Esrar]<\/p>\n<h3>OG Kush kenevir ya\u011f\u0131n\u0131n bildirilen etkilerinden baz\u0131lar\u0131 \u015funlard\u0131r:<\/h3>\n<p>Rahatlam\u0131\u015f<\/p>\n<p>Memnun<\/p>\n<p>Euforisk<\/p>\n<p>S\u00f6mnig<\/p>\n<p>Hungrig<\/p>\n<h3>Hastalar, OG Kush kenevir ya\u011f\u0131n\u0131n \u015fu sorunlarla ba\u015fa \u00e7\u0131kmalar\u0131na yard\u0131mc\u0131 oldu\u011funu bildiriyor:<\/h3>\n<p>\u00c5ngest<\/p>\n<p>Sm\u00e4rta<\/p>\n<p>S\u00f6mnl\u00f6shet<\/p>\n<p>Depression<\/p>\n<p>Aptitl\u00f6shet<\/p>\n<p>Vikt:<\/p>\n<p>5 ml, 10 ml, 15 ml<\/p>","protected":false},"excerpt":{"rendered":"<p>F\u00f6r partihandel kontakta oss p\u00e5<br \/>\nWickr ID: @williamspro<br \/>\neller via Whatsapp<br \/>\n<img loading=\"lazy\" decoding=\"async\" class=\"size-full wp-image-10162 alignleft\" src=\"https:\/\/ograsmarknad.com\/wp-content\/uploads\/2021\/11\/trust.jpg\" alt=\"Trust German\" width=\"300\" height=\"129\" srcset=\"https:\/\/ograsmarknad.com\/wp-content\/uploads\/2021\/11\/trust.jpg 300w, https:\/\/ograsmarknad.com\/wp-content\/uploads\/2021\/11\/trust-18x8.jpg 18w\" sizes=\"auto, (max-width: 300px) 100vw, 300px\" \/><\/p>","protected":false},"featured_media":10230,"comment_status":"open","ping_status":"closed","template":"","meta":{"_joinchat":[]},"product_cat":[74],"product_tag":[],"class_list":{"0":"post-10221","1":"product","2":"type-product","3":"status-publish","4":"has-post-thumbnail","6":"product_cat-thc-olja","8":"first","9":"instock","10":"shipping-taxable","11":"purchasable","12":"product-type-variable"},"yoast_head":"<!-- This site is optimized with the Yoast SEO plugin v26.3 - https:\/\/yoast.com\/wordpress\/plugins\/seo\/ -->\n<title>Tahoe OG Cannabisolja till salu \u2013 K\u00f6p Tahoe OG Olja Online<\/title>\n<meta name=\"description\" content=\"K\u00f6p Tahoe OG cannabisolja online fr\u00e5n Ograsmarknad. Tahoe OG-olja till salu som ger avslappnande indica-cannabisextrakteffekter.\" \/>\n<meta name=\"robots\" content=\"index, follow, max-snippet:-1, max-image-preview:large, max-video-preview:-1\" \/>\n<link rel=\"canonical\" href=\"https:\/\/ograsmarknad.com\/tr\/product\/tahoe-og-cannabis-oil\/\" \/>\n<meta property=\"og:locale\" content=\"tr_TR\" \/>\n<meta property=\"og:type\" content=\"article\" \/>\n<meta property=\"og:title\" content=\"Tahoe OG Cannabisolja till salu \u2013 K\u00f6p Tahoe OG Olja Online\" \/>\n<meta property=\"og:description\" content=\"K\u00f6p Tahoe OG cannabisolja online fr\u00e5n Ograsmarknad. Tahoe OG-olja till salu som ger avslappnande indica-cannabisextrakteffekter.\" \/>\n<meta property=\"og:url\" content=\"https:\/\/ograsmarknad.com\/tr\/product\/tahoe-og-cannabis-oil\/\" \/>\n<meta property=\"og:site_name\" content=\"Ogras Marknad\" \/>\n<meta property=\"article:modified_time\" content=\"2026-03-16T10:49:01+00:00\" \/>\n<meta property=\"og:image\" content=\"https:\/\/ograsmarknad.com\/wp-content\/uploads\/2022\/08\/Bubble-Gum-Cannabis-Oil-2.jpg\" \/>\n\t<meta property=\"og:image:width\" content=\"700\" \/>\n\t<meta property=\"og:image:height\" content=\"700\" \/>\n\t<meta property=\"og:image:type\" content=\"image\/jpeg\" \/>\n<meta name=\"twitter:card\" content=\"summary_large_image\" \/>\n<meta name=\"twitter:label1\" content=\"Tahmini okuma s\u00fcresi\" \/>\n\t<meta name=\"twitter:data1\" content=\"2 dakika\" \/>\n<!-- \/ Yoast SEO plugin. -->","yoast_head_json":{"title":"Sat\u0131l\u0131k Tahoe OG Kenevir Ya\u011f\u0131 \u2013 Tahoe OG Ya\u011f\u0131 Online Sat\u0131n Al\u0131n","description":"Ograsmarknad'dan Tahoe OG kenevir ya\u011f\u0131 online olarak sat\u0131n al\u0131n. Rahatlat\u0131c\u0131 indica kenevir \u00f6z\u00fc etkileri sa\u011flayan Tahoe OG ya\u011f\u0131 sat\u0131\u015fta.","robots":{"index":"index","follow":"follow","max-snippet":"max-snippet:-1","max-image-preview":"max-image-preview:large","max-video-preview":"max-video-preview:-1"},"canonical":"https:\/\/ograsmarknad.com\/tr\/product\/tahoe-og-cannabis-oil\/","og_locale":"tr_TR","og_type":"article","og_title":"Tahoe OG Cannabisolja till salu \u2013 K\u00f6p Tahoe OG Olja Online","og_description":"K\u00f6p Tahoe OG cannabisolja online fr\u00e5n Ograsmarknad. Tahoe OG-olja till salu som ger avslappnande indica-cannabisextrakteffekter.","og_url":"https:\/\/ograsmarknad.com\/tr\/product\/tahoe-og-cannabis-oil\/","og_site_name":"Ogras Marknad","article_modified_time":"2026-03-16T10:49:01+00:00","og_image":[{"width":700,"height":700,"url":"https:\/\/ograsmarknad.com\/wp-content\/uploads\/2022\/08\/Bubble-Gum-Cannabis-Oil-2.jpg","type":"image\/jpeg"}],"twitter_card":"summary_large_image","twitter_misc":{"Tahmini okuma s\u00fcresi":"2 dakika"},"schema":{"@context":"https:\/\/schema.org","@graph":[{"@type":"WebPage","@id":"https:\/\/ograsmarknad.com\/product\/tahoe-og-cannabis-oil\/","url":"https:\/\/ograsmarknad.com\/product\/tahoe-og-cannabis-oil\/","name":"Sat\u0131l\u0131k Tahoe OG Kenevir Ya\u011f\u0131 \u2013 Tahoe OG Ya\u011f\u0131 Online Sat\u0131n Al\u0131n","isPartOf":{"@id":"https:\/\/ograsmarknad.com\/#website"},"primaryImageOfPage":{"@id":"https:\/\/ograsmarknad.com\/product\/tahoe-og-cannabis-oil\/#primaryimage"},"image":{"@id":"https:\/\/ograsmarknad.com\/product\/tahoe-og-cannabis-oil\/#primaryimage"},"thumbnailUrl":"https:\/\/ograsmarknad.com\/wp-content\/uploads\/2022\/08\/Bubble-Gum-Cannabis-Oil-2.jpg","datePublished":"2022-08-04T06:26:34+00:00","dateModified":"2026-03-16T10:49:01+00:00","description":"Ograsmarknad'dan Tahoe OG kenevir ya\u011f\u0131 online olarak sat\u0131n al\u0131n. Rahatlat\u0131c\u0131 indica kenevir \u00f6z\u00fc etkileri sa\u011flayan Tahoe OG ya\u011f\u0131 sat\u0131\u015fta.","breadcrumb":{"@id":"https:\/\/ograsmarknad.com\/product\/tahoe-og-cannabis-oil\/#breadcrumb"},"inLanguage":"tr","potentialAction":[{"@type":"ReadAction","target":["https:\/\/ograsmarknad.com\/product\/tahoe-og-cannabis-oil\/"]}]},{"@type":"ImageObject","inLanguage":"tr","@id":"https:\/\/ograsmarknad.com\/product\/tahoe-og-cannabis-oil\/#primaryimage","url":"https:\/\/ograsmarknad.com\/wp-content\/uploads\/2022\/08\/Bubble-Gum-Cannabis-Oil-2.jpg","contentUrl":"https:\/\/ograsmarknad.com\/wp-content\/uploads\/2022\/08\/Bubble-Gum-Cannabis-Oil-2.jpg","width":700,"height":700,"caption":"Bubble-Gum-Cannabis-Oil"},{"@type":"BreadcrumbList","@id":"https:\/\/ograsmarknad.com\/product\/tahoe-og-cannabis-oil\/#breadcrumb","itemListElement":[{"@type":"ListItem","position":1,"name":"Home","item":"https:\/\/ograsmarknad.com\/"},{"@type":"ListItem","position":2,"name":"Shop","item":"https:\/\/ograsmarknad.com\/shop\/"},{"@type":"ListItem","position":3,"name":"Tahoe OG Cannabis Oil"}]},{"@type":"WebSite","@id":"https:\/\/ograsmarknad.com\/#website","url":"https:\/\/ograsmarknad.com\/","name":"Ogras Marknad","description":"Ogras Marknad","potentialAction":[{"@type":"SearchAction","target":{"@type":"EntryPoint","urlTemplate":"https:\/\/ograsmarknad.com\/?s={search_term_string}"},"query-input":{"@type":"PropertyValueSpecification","valueRequired":true,"valueName":"search_term_string"}}],"inLanguage":"tr"}]}},"_links":{"self":[{"href":"https:\/\/ograsmarknad.com\/tr\/wp-json\/wp\/v2\/product\/10221","targetHints":{"allow":["GET"]}}],"collection":[{"href":"https:\/\/ograsmarknad.com\/tr\/wp-json\/wp\/v2\/product"}],"about":[{"href":"https:\/\/ograsmarknad.com\/tr\/wp-json\/wp\/v2\/types\/product"}],"replies":[{"embeddable":true,"href":"https:\/\/ograsmarknad.com\/tr\/wp-json\/wp\/v2\/comments?post=10221"}],"wp:featuredmedia":[{"embeddable":true,"href":"https:\/\/ograsmarknad.com\/tr\/wp-json\/wp\/v2\/media\/10230"}],"wp:attachment":[{"href":"https:\/\/ograsmarknad.com\/tr\/wp-json\/wp\/v2\/media?parent=10221"}],"wp:term":[{"taxonomy":"product_cat","embeddable":true,"href":"https:\/\/ograsmarknad.com\/tr\/wp-json\/wp\/v2\/product_cat?post=10221"},{"taxonomy":"product_tag","embeddable":true,"href":"https:\/\/ograsmarknad.com\/tr\/wp-json\/wp\/v2\/product_tag?post=10221"}],"curies":[{"name":"wp","href":"https:\/\/api.w.org\/{rel}","templated":true}]}}