{"id":10250,"date":"2022-08-04T06:45:21","date_gmt":"2022-08-04T06:45:21","guid":{"rendered":"https:\/\/ograsmarknad.com\/?post_type=product&#038;p=10250"},"modified":"2026-03-16T10:48:39","modified_gmt":"2026-03-16T10:48:39","slug":"cherry-pie-haschischol","status":"publish","type":"product","link":"https:\/\/ograsmarknad.com\/tr\/product\/cherry-pie-haschischol\/","title":{"rendered":"Cherry Pie Haschisch\u00f6l"},"content":{"rendered":"<p>Uyar\u0131!<\/p>\n<p><strong>Dosering:<\/strong> 6257mg<\/p>\n<p><strong>THC-procent:<\/strong> 75 %<\/p>\n<p><strong>CBD-procent:<\/strong> 3-5%<\/p>\n<p><strong>M\u00e4ngd:<\/strong> 10ml<\/p>\n<p>Cherry Pie Hash Oil, tad\u0131nda kiraz notalar\u0131 bar\u0131nd\u0131ran, i\u00e7imi ho\u015f ve yumu\u015fak bir \u00fcr\u00fcnd\u00fcr. Dokusu ve rengi koyu k\u0131rm\u0131z\u0131 tonlar\u0131nda biraz s\u0131v\u0131d\u0131r. Bu ya\u011f, kronik a\u011fr\u0131lar\u0131n, ba\u015f a\u011fr\u0131lar\u0131n\u0131n\/migrenlerin ve s\u0131rt a\u011fr\u0131lar\u0131n\u0131n giderilmesinde etkili olan iyi miktarda CBD i\u00e7erir. Ayr\u0131ca uykusuzlu\u011fa da yard\u0131mc\u0131 olur. THC seviyesi \u00e7ok y\u00fcksek de\u011fildir, CBD ile iyi bir dengeye sahiptir. Cherry Pie Oil, ak\u015fam\/gece kullan\u0131m\u0131 i\u00e7in idealdir. Cherry Pie Oil, en yayg\u0131n kenevir ya\u011f\u0131 t\u00fcrlerinden biridir. G\u00fc\u00e7l\u00fc t\u0131bbi \u00f6zellikleri nedeniyle, Cherry Pie Oil g\u0131da inf\u00fczyonu olarak, topikal uygulama i\u00e7in veya yak\u0131larak do\u011frudan t\u00fcketim i\u00e7in kullan\u0131labilir. Cherry Pie Oil, BHO gibi b\u00fctan yerine ,9 izopropanol ile \u00fcretilmi\u015ftir. Cherry Pie Oil, ona kiraz ad\u0131n\u0131 veren alt\u0131n\/k\u0131rm\u0131z\u0131ms\u0131 bir renge sahiptir. Bu ya\u011f ortalama -75 THC ve %3-5 CBD i\u00e7erir ve y\u00fcksek miktarda kanabinoid ve terpen i\u00e7erir; bu da ona g\u00fc\u00e7l\u00fc bir aroma ve y\u00fcksek t\u0131bbi de\u011fer kazand\u0131r\u0131r. Cherry Pie THC ya\u011f\u0131, g\u00fc\u00e7l\u00fc t\u0131bbi etkileri nedeniyle yemeklere kat\u0131larak, cilde uygulanarak veya do\u011frudan yak\u0131larak t\u00fcketilebilir.<\/p>","protected":false},"excerpt":{"rendered":"<p>F\u00f6r partihandel kontakta oss p\u00e5<br \/>\nWickr ID: @williamspro<br \/>\neller via Whatsapp<br \/>\n<img loading=\"lazy\" decoding=\"async\" class=\"size-full wp-image-10162 alignleft\" src=\"https:\/\/ograsmarknad.com\/wp-content\/uploads\/2021\/11\/trust.jpg\" alt=\"Trust German\" width=\"300\" height=\"129\" srcset=\"https:\/\/ograsmarknad.com\/wp-content\/uploads\/2021\/11\/trust.jpg 300w, https:\/\/ograsmarknad.com\/wp-content\/uploads\/2021\/11\/trust-18x8.jpg 18w\" sizes=\"auto, (max-width: 300px) 100vw, 300px\" \/><\/p>","protected":false},"featured_media":10254,"comment_status":"open","ping_status":"closed","template":"","meta":{"_joinchat":[]},"product_cat":[79],"product_tag":[],"class_list":{"0":"post-10250","1":"product","2":"type-product","3":"status-publish","4":"has-post-thumbnail","6":"product_cat-hascholjor","8":"first","9":"instock","10":"shipping-taxable","11":"purchasable","12":"product-type-variable"},"yoast_head":"<!-- This site is optimized with the Yoast SEO plugin v26.3 - https:\/\/yoast.com\/wordpress\/plugins\/seo\/ -->\n<title>Cherry Pie Hash Oil till salu \u2013 K\u00f6p Cherry Pie Hash Oil Online<\/title>\n<meta name=\"description\" content=\"K\u00f6p Cherry Pie hasholja online fr\u00e5n Ograsmarknad. Cherry Pie hasholja till salu med s\u00f6t k\u00f6rsb\u00e4rssmak och avslappnande cannabisextrakteffekter.\" \/>\n<meta name=\"robots\" content=\"index, follow, max-snippet:-1, max-image-preview:large, max-video-preview:-1\" \/>\n<link rel=\"canonical\" href=\"https:\/\/ograsmarknad.com\/tr\/product\/cherry-pie-haschischol\/\" \/>\n<meta property=\"og:locale\" content=\"tr_TR\" \/>\n<meta property=\"og:type\" content=\"article\" \/>\n<meta property=\"og:title\" content=\"Cherry Pie Hash Oil till salu \u2013 K\u00f6p Cherry Pie Hash Oil Online\" \/>\n<meta property=\"og:description\" content=\"K\u00f6p Cherry Pie hasholja online fr\u00e5n Ograsmarknad. Cherry Pie hasholja till salu med s\u00f6t k\u00f6rsb\u00e4rssmak och avslappnande cannabisextrakteffekter.\" \/>\n<meta property=\"og:url\" content=\"https:\/\/ograsmarknad.com\/tr\/product\/cherry-pie-haschischol\/\" \/>\n<meta property=\"og:site_name\" content=\"Ogras Marknad\" \/>\n<meta property=\"article:modified_time\" content=\"2026-03-16T10:48:39+00:00\" \/>\n<meta property=\"og:image\" content=\"https:\/\/ograsmarknad.com\/wp-content\/uploads\/2022\/08\/Cherry-Pie-THC-Hash-Oil.jpg\" \/>\n\t<meta property=\"og:image:width\" content=\"700\" \/>\n\t<meta property=\"og:image:height\" content=\"700\" \/>\n\t<meta property=\"og:image:type\" content=\"image\/jpeg\" \/>\n<meta name=\"twitter:card\" content=\"summary_large_image\" \/>\n<meta name=\"twitter:label1\" content=\"Tahmini okuma s\u00fcresi\" \/>\n\t<meta name=\"twitter:data1\" content=\"1 dakika\" \/>\n<!-- \/ Yoast SEO plugin. -->","yoast_head_json":{"title":"Kirazl\u0131 Turta Esrar\u0131 Ya\u011f\u0131 Sat\u0131l\u0131k - Kirazl\u0131 Turta Esrar\u0131 Ya\u011f\u0131n\u0131 Online Sat\u0131n Al\u0131n","description":"Ograsmarknad'dan Cherry Pie hash ya\u011f\u0131 online olarak sat\u0131n al\u0131n. Tatl\u0131 kiraz aromal\u0131 ve rahatlat\u0131c\u0131 kenevir \u00f6z\u00fc etkilerine sahip Cherry Pie hash ya\u011f\u0131 sat\u0131\u015fta.","robots":{"index":"index","follow":"follow","max-snippet":"max-snippet:-1","max-image-preview":"max-image-preview:large","max-video-preview":"max-video-preview:-1"},"canonical":"https:\/\/ograsmarknad.com\/tr\/product\/cherry-pie-haschischol\/","og_locale":"tr_TR","og_type":"article","og_title":"Cherry Pie Hash Oil till salu \u2013 K\u00f6p Cherry Pie Hash Oil Online","og_description":"K\u00f6p Cherry Pie hasholja online fr\u00e5n Ograsmarknad. Cherry Pie hasholja till salu med s\u00f6t k\u00f6rsb\u00e4rssmak och avslappnande cannabisextrakteffekter.","og_url":"https:\/\/ograsmarknad.com\/tr\/product\/cherry-pie-haschischol\/","og_site_name":"Ogras Marknad","article_modified_time":"2026-03-16T10:48:39+00:00","og_image":[{"width":700,"height":700,"url":"https:\/\/ograsmarknad.com\/wp-content\/uploads\/2022\/08\/Cherry-Pie-THC-Hash-Oil.jpg","type":"image\/jpeg"}],"twitter_card":"summary_large_image","twitter_misc":{"Tahmini okuma s\u00fcresi":"1 dakika"},"schema":{"@context":"https:\/\/schema.org","@graph":[{"@type":"WebPage","@id":"https:\/\/ograsmarknad.com\/product\/cherry-pie-haschischol\/","url":"https:\/\/ograsmarknad.com\/product\/cherry-pie-haschischol\/","name":"Kirazl\u0131 Turta Esrar\u0131 Ya\u011f\u0131 Sat\u0131l\u0131k - Kirazl\u0131 Turta Esrar\u0131 Ya\u011f\u0131n\u0131 Online Sat\u0131n Al\u0131n","isPartOf":{"@id":"https:\/\/ograsmarknad.com\/#website"},"primaryImageOfPage":{"@id":"https:\/\/ograsmarknad.com\/product\/cherry-pie-haschischol\/#primaryimage"},"image":{"@id":"https:\/\/ograsmarknad.com\/product\/cherry-pie-haschischol\/#primaryimage"},"thumbnailUrl":"https:\/\/ograsmarknad.com\/wp-content\/uploads\/2022\/08\/Cherry-Pie-THC-Hash-Oil.jpg","datePublished":"2022-08-04T06:45:21+00:00","dateModified":"2026-03-16T10:48:39+00:00","description":"Ograsmarknad'dan Cherry Pie hash ya\u011f\u0131 online olarak sat\u0131n al\u0131n. Tatl\u0131 kiraz aromal\u0131 ve rahatlat\u0131c\u0131 kenevir \u00f6z\u00fc etkilerine sahip Cherry Pie hash ya\u011f\u0131 sat\u0131\u015fta.","breadcrumb":{"@id":"https:\/\/ograsmarknad.com\/product\/cherry-pie-haschischol\/#breadcrumb"},"inLanguage":"tr","potentialAction":[{"@type":"ReadAction","target":["https:\/\/ograsmarknad.com\/product\/cherry-pie-haschischol\/"]}]},{"@type":"ImageObject","inLanguage":"tr","@id":"https:\/\/ograsmarknad.com\/product\/cherry-pie-haschischol\/#primaryimage","url":"https:\/\/ograsmarknad.com\/wp-content\/uploads\/2022\/08\/Cherry-Pie-THC-Hash-Oil.jpg","contentUrl":"https:\/\/ograsmarknad.com\/wp-content\/uploads\/2022\/08\/Cherry-Pie-THC-Hash-Oil.jpg","width":700,"height":700,"caption":"Cherry-Pie-THC-Hash-Oil"},{"@type":"BreadcrumbList","@id":"https:\/\/ograsmarknad.com\/product\/cherry-pie-haschischol\/#breadcrumb","itemListElement":[{"@type":"ListItem","position":1,"name":"Home","item":"https:\/\/ograsmarknad.com\/"},{"@type":"ListItem","position":2,"name":"Shop","item":"https:\/\/ograsmarknad.com\/shop\/"},{"@type":"ListItem","position":3,"name":"Cherry Pie Haschisch\u00f6l"}]},{"@type":"WebSite","@id":"https:\/\/ograsmarknad.com\/#website","url":"https:\/\/ograsmarknad.com\/","name":"Ogras Marknad","description":"Ogras Marknad","potentialAction":[{"@type":"SearchAction","target":{"@type":"EntryPoint","urlTemplate":"https:\/\/ograsmarknad.com\/?s={search_term_string}"},"query-input":{"@type":"PropertyValueSpecification","valueRequired":true,"valueName":"search_term_string"}}],"inLanguage":"tr"}]}},"_links":{"self":[{"href":"https:\/\/ograsmarknad.com\/tr\/wp-json\/wp\/v2\/product\/10250","targetHints":{"allow":["GET"]}}],"collection":[{"href":"https:\/\/ograsmarknad.com\/tr\/wp-json\/wp\/v2\/product"}],"about":[{"href":"https:\/\/ograsmarknad.com\/tr\/wp-json\/wp\/v2\/types\/product"}],"replies":[{"embeddable":true,"href":"https:\/\/ograsmarknad.com\/tr\/wp-json\/wp\/v2\/comments?post=10250"}],"wp:featuredmedia":[{"embeddable":true,"href":"https:\/\/ograsmarknad.com\/tr\/wp-json\/wp\/v2\/media\/10254"}],"wp:attachment":[{"href":"https:\/\/ograsmarknad.com\/tr\/wp-json\/wp\/v2\/media?parent=10250"}],"wp:term":[{"taxonomy":"product_cat","embeddable":true,"href":"https:\/\/ograsmarknad.com\/tr\/wp-json\/wp\/v2\/product_cat?post=10250"},{"taxonomy":"product_tag","embeddable":true,"href":"https:\/\/ograsmarknad.com\/tr\/wp-json\/wp\/v2\/product_tag?post=10250"}],"curies":[{"name":"wp","href":"https:\/\/api.w.org\/{rel}","templated":true}]}}