{"id":9740,"date":"2021-11-08T08:21:35","date_gmt":"2021-11-08T08:21:35","guid":{"rendered":"https:\/\/ograsmarknad.com\/?post_type=product&#038;p=9740"},"modified":"2026-03-14T06:51:15","modified_gmt":"2026-03-14T06:51:15","slug":"cherry-pie","status":"publish","type":"product","link":"https:\/\/ograsmarknad.com\/tr\/product\/cherry-pie\/","title":{"rendered":"Cherry Pie"},"content":{"rendered":"<h2 style=\"text-align: justify;\">Cherry Pie Su\u015funu \u0130sve\u00e7, Finlandiya, \u00c5land, Danimarka, Estonya, Norve\u00e7'ten Ogras Marknad'da uygun fiyatlarla sat\u0131n al\u0131n!<\/h2>\n<p style=\"text-align: justify;\"><a href=\"https:\/\/ograsmarknad.com\/tr\/product\/cherry-pie\/\">Sat\u0131l\u0131k Kirazl\u0131 Turta<\/a>, Durban Poison ve Granddaddy Purple melezi olup, olduk\u00e7a bask\u0131n bir indica (y\u00fczde 80'e kadar) melezidir. B\u00f6ylesine rock y\u0131ld\u0131z\u0131 ebeveynlere sahip bu t\u00fcr\u00fcn en y\u00fcksek kalitede olmas\u0131n\u0131 bekleyebilirsiniz ve do\u011fru kaynaktan sat\u0131n al\u0131rsan\u0131z hayal k\u0131r\u0131kl\u0131\u011f\u0131na u\u011framazs\u0131n\u0131z.<\/p>\n<p style=\"text-align: justify;\">Cherry Kush, soluk turuncu t\u00fcylere, g\u00fc\u00e7l\u00fc bir tomurcu\u011fa ve g\u00fc\u00e7l\u00fc bir aromaya sahiptir. Kal\u0131n kahverengi t\u00fcyler ve kristallerle \u00e7evrili koyu ye\u015fil bir merkeze sahip olan bu \u00e7i\u00e7ek, muhte\u015fem g\u00f6r\u00fcn\u00fcyor. Sadece bir tomurcu\u011fu k\u0131rd\u0131\u011f\u0131n\u0131zda \u0131\u015f\u0131kta parlayan yeni kristaller g\u00f6rebilirsiniz. <a href=\"https:\/\/ograsmarknad.com\/tr\/\">Bizimle ileti\u015fime ge\u00e7in<\/a> Avrupa'da, \u0130sve\u00e7, Finlandiya, \u00c5land, Danimarka, Estonya ve Norve\u00e7'te uygun fiyatlarla online olarak kirazl\u0131 turta sat\u0131n al\u0131n.<\/p>\n<h3 style=\"text-align: justify;\">Arka plan<\/h3>\n<p style=\"text-align: justify;\">Grand Daddy Purple, Durban Poison ile \u00e7aprazlanarak indica bask\u0131n bir melez olan Cherry Pie elde edildi. Ancak bu t\u0131bbi esrar t\u00fcr\u00fcn\u00fcn ger\u00e7ek \u00e7e\u015fidini bulmak zordur. Bunun en iyi t\u00fcr oldu\u011funu anlamak zor olmayacakt\u0131r. Turuncu t\u00fcyl\u00fc yo\u011fun tomurcuklar\u0131 ve hafif mor bir yap\u0131sal tonu vard\u0131r. Bu terap\u00f6tik esrar t\u00fcr\u00fcn\u00fcn ad\u0131 ilham kayna\u011f\u0131 olmu\u015ftur. Cherry Pie, kirazl\u0131 turta aromas\u0131na sahiptir. Travma sonras\u0131 stres bozuklu\u011fu, anksiyete, bipolar bozukluk, migren ve di\u011fer stres kaynakl\u0131 rahats\u0131zl\u0131klar\u0131n belirgin semptomlar\u0131 olan hastalar taraf\u0131ndan en \u00e7ok tercih edilen t\u00fcrd\u00fcr.<\/p>\n<p style=\"text-align: justify;\">Hasta taraf\u0131ndan kullan\u0131ld\u0131\u011f\u0131nda g\u00f6zlerde ve a\u011f\u0131zda kurulu\u011fa neden olabilir. Kendinizi iyi hissetmenize, v\u00fccudunuzu ve zihninizi rahatlatman\u0131za, duygular\u0131n\u0131z\u0131 y\u00fckseltmenize ve d\u00fc\u015f\u00fcncelerinizi odaklaman\u0131za yard\u0131mc\u0131 olabilir. Bu, kas sertli\u011fini ve beraberindeki rahats\u0131zl\u0131\u011f\u0131 hafifletmek isteyen hastalar i\u00e7in \u015f\u00fcphesiz kurtar\u0131c\u0131 g\u00fcc\u00fcn\u00fc kan\u0131tlayabilir. Sonu\u00e7 olarak, insanlar bu t\u00fcr t\u0131bbi a\u00e7\u0131dan faydal\u0131 esrar t\u00fcr\u00fcn\u00fc di\u011ferlerine tercih ediyor \u00e7\u00fcnk\u00fc yukar\u0131da bahsedilen sendromlar\u0131 en rahatlat\u0131c\u0131 \u015fekilde gideriyor ve yat\u0131\u015ft\u0131r\u0131c\u0131 etkisi tahri\u015fe neden olabilse de faydas\u0131 yads\u0131namaz.<\/p>\n<p style=\"text-align: justify;\">Cherry Pie t\u00fcr\u00fcn\u00fc online sat\u0131n almak istiyorsan\u0131z, sizin i\u00e7in en iyi yer biziz. Avrupa, \u0130sve\u00e7, Finlandiya, \u00c5land, Danimarka, Estonya ve Norve\u00e7'te sat\u0131\u015fta olan Cherry Pie t\u00fcr\u00fcyle ilgili sipari\u015f bilgilerinizi hemen payla\u015f\u0131n!<\/p>","protected":false},"excerpt":{"rendered":"<p>For Wholesale please contact us at<br \/>\nWickr ID: @williamspro<br \/>\nor via Whatsapp<br \/>\n<img loading=\"lazy\" decoding=\"async\" class=\"size-full wp-image-10162 alignleft\" src=\"https:\/\/ograsmarknad.com\/wp-content\/uploads\/2021\/11\/trust.jpg\" alt=\"Trust German\" width=\"300\" height=\"129\" srcset=\"https:\/\/ograsmarknad.com\/wp-content\/uploads\/2021\/11\/trust.jpg 300w, https:\/\/ograsmarknad.com\/wp-content\/uploads\/2021\/11\/trust-18x8.jpg 18w\" sizes=\"auto, (max-width: 300px) 100vw, 300px\" \/><\/p>","protected":false},"featured_media":9745,"comment_status":"open","ping_status":"closed","template":"","meta":{"_joinchat":[]},"product_cat":[71],"product_tag":[],"class_list":{"0":"post-9740","1":"product","2":"type-product","3":"status-publish","4":"has-post-thumbnail","6":"product_cat-gras-sw","8":"first","9":"instock","10":"shipping-taxable","11":"purchasable","12":"product-type-variable","13":"has-default-attributes"},"yoast_head":"<!-- This site is optimized with the Yoast SEO plugin v26.3 - https:\/\/yoast.com\/wordpress\/plugins\/seo\/ -->\n<title>Cherry Pie ogr\u00e4ssort till salu \u2013 K\u00f6p Cherry Pie online<\/title>\n<meta name=\"description\" content=\"K\u00f6p Cherry Pie ogr\u00e4ssort online fr\u00e5n Ograsmarknad. Cherry Pie till salu med s\u00f6t k\u00f6rsb\u00e4rssmak och balanserade avslappnande cannabiseffekter.\" \/>\n<meta name=\"robots\" content=\"index, follow, max-snippet:-1, max-image-preview:large, max-video-preview:-1\" \/>\n<link rel=\"canonical\" href=\"https:\/\/ograsmarknad.com\/tr\/product\/cherry-pie\/\" \/>\n<meta property=\"og:locale\" content=\"tr_TR\" \/>\n<meta property=\"og:type\" content=\"article\" \/>\n<meta property=\"og:title\" content=\"Cherry Pie ogr\u00e4ssort till salu \u2013 K\u00f6p Cherry Pie online\" \/>\n<meta property=\"og:description\" content=\"K\u00f6p Cherry Pie ogr\u00e4ssort online fr\u00e5n Ograsmarknad. Cherry Pie till salu med s\u00f6t k\u00f6rsb\u00e4rssmak och balanserade avslappnande cannabiseffekter.\" \/>\n<meta property=\"og:url\" content=\"https:\/\/ograsmarknad.com\/tr\/product\/cherry-pie\/\" \/>\n<meta property=\"og:site_name\" content=\"Ogras Marknad\" \/>\n<meta property=\"article:modified_time\" content=\"2026-03-14T06:51:15+00:00\" \/>\n<meta property=\"og:image\" content=\"https:\/\/ograsmarknad.com\/wp-content\/uploads\/2021\/11\/cheery-pie.jpg\" \/>\n\t<meta property=\"og:image:width\" content=\"600\" \/>\n\t<meta property=\"og:image:height\" content=\"600\" \/>\n\t<meta property=\"og:image:type\" content=\"image\/jpeg\" \/>\n<meta name=\"twitter:card\" content=\"summary_large_image\" \/>\n<meta name=\"twitter:label1\" content=\"Tahmini okuma s\u00fcresi\" \/>\n\t<meta name=\"twitter:data1\" content=\"2 dakika\" \/>\n<!-- \/ Yoast SEO plugin. -->","yoast_head_json":{"title":"Sat\u0131l\u0131k Cherry Pie esrar t\u00fcr\u00fc \u2013 Cherry Pie'\u0131 internetten sat\u0131n al\u0131n","description":"Cherry Pie esrar t\u00fcr\u00fcn\u00fc Ograsmarknad \u00fczerinden \u00e7evrimi\u00e7i sat\u0131n al\u0131n. Tatl\u0131 kiraz aromas\u0131 ve dengeli, rahatlat\u0131c\u0131 etkileriyle Cherry Pie sat\u0131\u015fta.","robots":{"index":"index","follow":"follow","max-snippet":"max-snippet:-1","max-image-preview":"max-image-preview:large","max-video-preview":"max-video-preview:-1"},"canonical":"https:\/\/ograsmarknad.com\/tr\/product\/cherry-pie\/","og_locale":"tr_TR","og_type":"article","og_title":"Cherry Pie ogr\u00e4ssort till salu \u2013 K\u00f6p Cherry Pie online","og_description":"K\u00f6p Cherry Pie ogr\u00e4ssort online fr\u00e5n Ograsmarknad. Cherry Pie till salu med s\u00f6t k\u00f6rsb\u00e4rssmak och balanserade avslappnande cannabiseffekter.","og_url":"https:\/\/ograsmarknad.com\/tr\/product\/cherry-pie\/","og_site_name":"Ogras Marknad","article_modified_time":"2026-03-14T06:51:15+00:00","og_image":[{"width":600,"height":600,"url":"https:\/\/ograsmarknad.com\/wp-content\/uploads\/2021\/11\/cheery-pie.jpg","type":"image\/jpeg"}],"twitter_card":"summary_large_image","twitter_misc":{"Tahmini okuma s\u00fcresi":"2 dakika"},"schema":{"@context":"https:\/\/schema.org","@graph":[{"@type":"WebPage","@id":"https:\/\/ograsmarknad.com\/product\/cherry-pie\/","url":"https:\/\/ograsmarknad.com\/product\/cherry-pie\/","name":"Sat\u0131l\u0131k Cherry Pie esrar t\u00fcr\u00fc \u2013 Cherry Pie'\u0131 internetten sat\u0131n al\u0131n","isPartOf":{"@id":"https:\/\/ograsmarknad.com\/#website"},"primaryImageOfPage":{"@id":"https:\/\/ograsmarknad.com\/product\/cherry-pie\/#primaryimage"},"image":{"@id":"https:\/\/ograsmarknad.com\/product\/cherry-pie\/#primaryimage"},"thumbnailUrl":"https:\/\/ograsmarknad.com\/wp-content\/uploads\/2021\/11\/cheery-pie.jpg","datePublished":"2021-11-08T08:21:35+00:00","dateModified":"2026-03-14T06:51:15+00:00","description":"Cherry Pie esrar t\u00fcr\u00fcn\u00fc Ograsmarknad \u00fczerinden \u00e7evrimi\u00e7i sat\u0131n al\u0131n. Tatl\u0131 kiraz aromas\u0131 ve dengeli, rahatlat\u0131c\u0131 etkileriyle Cherry Pie sat\u0131\u015fta.","breadcrumb":{"@id":"https:\/\/ograsmarknad.com\/product\/cherry-pie\/#breadcrumb"},"inLanguage":"tr","potentialAction":[{"@type":"ReadAction","target":["https:\/\/ograsmarknad.com\/product\/cherry-pie\/"]}]},{"@type":"ImageObject","inLanguage":"tr","@id":"https:\/\/ograsmarknad.com\/product\/cherry-pie\/#primaryimage","url":"https:\/\/ograsmarknad.com\/wp-content\/uploads\/2021\/11\/cheery-pie.jpg","contentUrl":"https:\/\/ograsmarknad.com\/wp-content\/uploads\/2021\/11\/cheery-pie.jpg","width":600,"height":600,"caption":"cheery-pie"},{"@type":"BreadcrumbList","@id":"https:\/\/ograsmarknad.com\/product\/cherry-pie\/#breadcrumb","itemListElement":[{"@type":"ListItem","position":1,"name":"Home","item":"https:\/\/ograsmarknad.com\/"},{"@type":"ListItem","position":2,"name":"Shop","item":"https:\/\/ograsmarknad.com\/shop\/"},{"@type":"ListItem","position":3,"name":"Cherry Pie"}]},{"@type":"WebSite","@id":"https:\/\/ograsmarknad.com\/#website","url":"https:\/\/ograsmarknad.com\/","name":"Ogras Marknad","description":"Ogras Marknad","potentialAction":[{"@type":"SearchAction","target":{"@type":"EntryPoint","urlTemplate":"https:\/\/ograsmarknad.com\/?s={search_term_string}"},"query-input":{"@type":"PropertyValueSpecification","valueRequired":true,"valueName":"search_term_string"}}],"inLanguage":"tr"}]}},"_links":{"self":[{"href":"https:\/\/ograsmarknad.com\/tr\/wp-json\/wp\/v2\/product\/9740","targetHints":{"allow":["GET"]}}],"collection":[{"href":"https:\/\/ograsmarknad.com\/tr\/wp-json\/wp\/v2\/product"}],"about":[{"href":"https:\/\/ograsmarknad.com\/tr\/wp-json\/wp\/v2\/types\/product"}],"replies":[{"embeddable":true,"href":"https:\/\/ograsmarknad.com\/tr\/wp-json\/wp\/v2\/comments?post=9740"}],"wp:featuredmedia":[{"embeddable":true,"href":"https:\/\/ograsmarknad.com\/tr\/wp-json\/wp\/v2\/media\/9745"}],"wp:attachment":[{"href":"https:\/\/ograsmarknad.com\/tr\/wp-json\/wp\/v2\/media?parent=9740"}],"wp:term":[{"taxonomy":"product_cat","embeddable":true,"href":"https:\/\/ograsmarknad.com\/tr\/wp-json\/wp\/v2\/product_cat?post=9740"},{"taxonomy":"product_tag","embeddable":true,"href":"https:\/\/ograsmarknad.com\/tr\/wp-json\/wp\/v2\/product_tag?post=9740"}],"curies":[{"name":"wp","href":"https:\/\/api.w.org\/{rel}","templated":true}]}}